{"id":9649,"date":"2022-05-26T16:32:36","date_gmt":"2022-05-26T13:32:36","guid":{"rendered":"https:\/\/www.baysalsaglik.com\/paediatrische-haematologie-und-onkologie\/"},"modified":"2022-05-26T20:44:25","modified_gmt":"2022-05-26T17:44:25","slug":"paediatrische-haematologie-und-onkologie","status":"publish","type":"page","link":"https:\/\/www.baysalsaglik.com\/de\/paediatrische-haematologie-und-onkologie\/","title":{"rendered":"P\u00e4diatrische H\u00e4matologie und Onkologie"},"content":{"rendered":"<div class=\"wpb-content-wrapper\"><p>[vc_row][vc_column][vc_column_text woodmart_inline=&#8221;no&#8221; text_larger=&#8221;no&#8221;]P\u00e4diatrische H\u00e4matologie und Onkologie umfasst die Prozesse der Diagnose und Entwicklung von Behandlungen f\u00fcr blut- und krebsbedingte Probleme von p\u00e4diatrischen Patienten. Das Hauptinteresse auf diesem Gebiet, das eine multidisziplin\u00e4re Wissenschaft ist, sind Blutkrankheiten und Krebs bei Kindern. Neben diesen Erkrankungen werden im Rahmen der P\u00e4diatrischen H\u00e4matologie und Onkologie auch Blutarmut, Leuk\u00e4mie, Gerinnungsst\u00f6rungen, Leuk\u00e4mie, Lymphome und solide Tumore untersucht.<\/p>\n<h2><strong>In der p\u00e4diatrischen H\u00e4matologie und Onkologie behandelte Krankheiten<\/strong><\/h2>\n<p>Im Rahmen des Studiums im Bereich P\u00e4diatrische H\u00e4matologie und Onkologie werden Diagnose- und Behandlungsprozesse f\u00fcr folgende Erkrankungen durchgef\u00fchrt.<\/p>\n<h3><strong>An\u00e4mie<\/strong><\/h3>\n<p>An\u00e4mie ist eine Krankheit, die auftritt, wenn Blutverlust und unzureichende Produktion roter Blutk\u00f6rperchen auftreten. Im Allgemeinen entwickeln Kinder mit B12-, Fols\u00e4ure- und Eisenmangel eine An\u00e4mie. Es ist m\u00f6glich, dass An\u00e4mie, eine h\u00e4ufige Erkrankung bei Kindern, durch Unterern\u00e4hrung in einem fr\u00fchen Alter verursacht wird. Aus diesem Grund m\u00fcssen Kinder w\u00e4hrend ihrer Wachstumsphase ausreichend ern\u00e4hrt werden.<\/p>\n<p>M\u00fcdigkeit, Schw\u00e4che und Bl\u00e4sse geh\u00f6ren zu den Hauptsymptomen dieser Krankheit. Appetitlosigkeit, Schluckbeschwerden und Entwicklungsverz\u00f6gerungen sind ebenfalls Symptome, die bei An\u00e4mieproblemen beobachtet werden k\u00f6nnen. Der Diagnose- und Behandlungsprozess beginnt mit den notwendigen Tests f\u00fcr An\u00e4mie. Die Diagnose einer An\u00e4mie kann sich aus der Familienanamnese oder der Ern\u00e4hrung des Kindes ergeben.<\/p>\n<h3><strong>H\u00e4mophilie<\/strong><\/h3>\n<p>H\u00e4mophilie, die zu den Blutkrankheiten geh\u00f6rt, ist eine der Anomalien, die bei der Blutgerinnung beobachtet werden. W\u00e4hrend bei gesunden Personen ein gewisses Ma\u00df an Blutgerinnung vorhanden ist, dauert die Blutung bei Patienten mit H\u00e4mophilie l\u00e4nger. Der Hauptgrund daf\u00fcr ist die unzureichende Gerinnung. H\u00e4mophilie, bekannt als Erbkrankheit; ab dem Zeitpunkt der Geburt der Kinder zu beachten. Die Diagnose und Behandlung von H\u00e4mophilie, deren Symptome ein \u00fcberm\u00e4\u00dfiger Blutfluss sind, wirkt sich positiv aus.<\/p>\n<h3><strong>Leuk\u00e4mie<\/strong><\/h3>\n<p>Leuk\u00e4mie gilt als eine der schwersten Blutkrankheiten. Es wird bei der Ausbreitung von Zellen auf andere Organe als Folge einer unkontrollierten Proliferation oder eines Funktionsverlusts von Stammzellen im Knochenmark beobachtet. Die Ursachen dieser Erkrankung, die im Alter zwischen 2 und 5 Jahren auftritt, sind nicht genau bekannt. Studien haben gezeigt, dass Strahlung, genetische Veranlagung, Chemikalien und Viruserkrankungen Leuk\u00e4mie verursachen k\u00f6nnen.<\/p>\n<p>Zu den Symptomen von Leuk\u00e4mie bei Kindern geh\u00f6ren An\u00e4mie, Appetitlosigkeit, Knochenschmerzen in den Beinen und Zahnfleischbluten. Bei der Diagnose, Behandlung und anderen Prozessen dieser Krankheit ist ein professioneller Ansatz erforderlich. W\u00e4hrend die Krankheit vollst\u00e4ndig geheilt ist, k\u00f6nnen auch negative Folgen auftreten.<\/p>\n<h3><strong>Mittelmeeran\u00e4mie \u2013 Thalass\u00e4mie<\/strong><\/h3>\n<p>Mediterrane An\u00e4mie ist eine Blutkrankheit, die vor allem in Mittelmeerl\u00e4ndern auftritt. Wenn man bedenkt, dass die T\u00fcrkei ein Mittelmeerland ist, leiden ungef\u00e4hr 4.500 Menschen an Mittelmeeran\u00e4mie. Die Zahl der Menschen, die Tr\u00e4ger sind, liegt bei etwa 1,5 Millionen. Mediterrane An\u00e4mie, eine Krankheit, die durch entsprechende Vorsichtsma\u00dfnahmen bek\u00e4mpft werden kann, ist eine Erbkrankheit. Bei Heirat zweier Tr\u00e4ger wird es an die Kinder weitergegeben.<\/p>\n<p>Mediterrane An\u00e4mie kann schwere Entwicklungsverz\u00f6gerungen verursachen. Dar\u00fcber hinaus werden h\u00e4ufig Knochenbr\u00fcchigkeit und Herz-Kreislauf-Erkrankungen beobachtet. Dunkler Urin, Gelbsucht und Appetitlosigkeit sind die schwerwiegendsten Symptome dieser Krankheit.<\/p>\n<h2><strong>P\u00e4diatrische h\u00e4matologische und onkologische Behandlungen<\/strong><\/h2>\n<p>Baysal Health bietet Behandlungsm\u00f6glichkeiten durch den Einsatz von Technologie f\u00fcr Blutkrankheiten bei Kindern. Ziel ist es, mit den vorgestellten Anwendungen im Rahmen der medizinischen Wissenschaft die besten Ergebnisse zu erzielen, um den Patienten zu heilen und wieder gesund zu machen. Andere Behandlungen, die in diesem Rahmen angeboten werden, sind wie folgt;<\/p>\n<ul>\n<li>An\u00e4mien<\/li>\n<li>Thrombozytopenien<\/li>\n<li>Blutungs- und Gerinnungsst\u00f6rungen<\/li>\n<li>Neutropenien\/Leukopenien<\/li>\n<li>Leuk\u00e4mie\/Lymphom<\/li>\n<li>Gehirntumore<\/li>\n<li>Solide Tumore<\/li>\n<li>H\u00e4mangiome und vaskul\u00e4re Fehlbildungen<\/li>\n<li>Knochenmarkmangel<\/li>\n<li>Lymphadenopathien<\/li>\n<li>Splenomegalie<\/li>\n<\/ul>\n<p>Wenden Sie sich an Baysal Health, um weitere Informationen zu Blutkrankheiten zu erhalten![\/vc_column_text][\/vc_column][\/vc_row]<\/p>\n<\/div>","protected":false},"excerpt":{"rendered":"<p>[vc_row][vc_column][vc_column_text woodmart_inline=&#8221;no&#8221; text_larger=&#8221;no&#8221;]P\u00e4diatrische H\u00e4matologie und Onkologie umfasst die Prozesse der Diagnose und Entwicklung von Behandlungen f\u00fcr blut- und krebsbedingte Probleme<\/p>\n","protected":false},"author":2,"featured_media":0,"parent":0,"menu_order":0,"comment_status":"closed","ping_status":"closed","template":"","meta":{"footnotes":""},"class_list":["post-9649","page","type-page","status-publish","hentry"],"_links":{"self":[{"href":"https:\/\/www.baysalsaglik.com\/de\/wp-json\/wp\/v2\/pages\/9649","targetHints":{"allow":["GET"]}}],"collection":[{"href":"https:\/\/www.baysalsaglik.com\/de\/wp-json\/wp\/v2\/pages"}],"about":[{"href":"https:\/\/www.baysalsaglik.com\/de\/wp-json\/wp\/v2\/types\/page"}],"author":[{"embeddable":true,"href":"https:\/\/www.baysalsaglik.com\/de\/wp-json\/wp\/v2\/users\/2"}],"replies":[{"embeddable":true,"href":"https:\/\/www.baysalsaglik.com\/de\/wp-json\/wp\/v2\/comments?post=9649"}],"version-history":[{"count":0,"href":"https:\/\/www.baysalsaglik.com\/de\/wp-json\/wp\/v2\/pages\/9649\/revisions"}],"wp:attachment":[{"href":"https:\/\/www.baysalsaglik.com\/de\/wp-json\/wp\/v2\/media?parent=9649"}],"curies":[{"name":"wp","href":"https:\/\/api.w.org\/{rel}","templated":true}]}}