{"id":9984,"date":"2022-05-26T16:42:55","date_gmt":"2022-05-26T13:42:55","guid":{"rendered":"https:\/\/www.baysalsaglik.com\/kinderimmunologie\/"},"modified":"2022-05-26T20:44:34","modified_gmt":"2022-05-26T17:44:34","slug":"kinderimmunologie","status":"publish","type":"page","link":"https:\/\/www.baysalsaglik.com\/de\/kinderimmunologie\/","title":{"rendered":"Kinderimmunologie"},"content":{"rendered":"<div class=\"wpb-content-wrapper\"><p>[vc_row][vc_column][vc_column_text woodmart_inline=&#8221;no&#8221; text_larger=&#8221;no&#8221;]Die Immunologie ist das medizinische Fachgebiet, das f\u00fcr das reibungslose Funktionieren unseres k\u00f6rpereigenen Abwehrsystems und das Erkennen von Fremdstoffen zu deren Bek\u00e4mpfung verantwortlich ist.<\/p>\n<p>Experten; Er erkl\u00e4rt, dass das Immunsystem aus einem komplexen Netzwerk von Mechanismen besteht, das Organe, Zellen, Gewebe und gegebenenfalls schnell wirkende biologische Prozesse umfasst. Dieser Bereich ist unter anderem zust\u00e4ndig f\u00fcr die Untersuchung einer Reihe weiterer Fragestellungen wie Immundefekte, Autoimmunerkrankungen, Allergien, Erforschung m\u00f6glicher Ursachen und L\u00f6sung des jeweiligen Problems.<\/p>\n<p>Klinische Immunologen f\u00fchren medizinische Bewertungen und Verfahren und Diagnosen durch, insbesondere Allergien wie Asthma, allergische Rhinitis, Nesselsucht, Dermatitis und schwere allergische Reaktionen, die als anaphylaktische Reaktionen bekannt sind.<\/p>\n<h2><strong>Immunologische Klassifikation<\/strong><\/h2>\n<p>Um diese Prozesse einfacher zu betrachten, kann eine Klassifikation aus zwei Perspektiven erstellt werden:<\/p>\n<ol>\n<li>Quantitativ: vermeintliche Krankheiten oder Immundefekte, die Infektionen erleichtern. Diese k\u00f6nnen angeboren oder erworben sein. Die bekannteste Krankheit in dieser letzten Gruppe ist das erworbene Immunschw\u00e4chesyndrom.<\/li>\n<li>Qualitativ: Krankheiten, die durch eine abnormale Immunantwort verursacht werden. Diese Gruppe wird unter zwei grundlegende Konzepte eingeteilt: \u00dcberempfindlichkeit und Autoimmunit\u00e4t.<\/li>\n<\/ol>\n<p>2.1 \u00dcberempfindlichkeit: Sie treten aufgrund einer \u00fcberm\u00e4\u00dfigen oder unkontrollierten Reaktion auf \u00e4u\u00dfere Faktoren auf. Das repr\u00e4sentativste Beispiel dieser Art sind allergische Erkrankungen.<\/p>\n<p>2.2 Autoimmunit\u00e4t: Sie entstehen als Reaktion auf k\u00f6rpereigene Bestandteile durch das Versagen eines Kontrollmechanismus namens \u201eSelbsttoleranz\u201c, der Immunantworten gegen unsere eigenen Zellen verhindert.<\/p>\n<p>&nbsp;<\/p>\n<p>Verschiedene Studien erkl\u00e4ren, dass Immunologen eine Reihe von Tests anbieten, die speziell zur Erg\u00e4nzung von Studien zu allergischen Erkrankungen der Atemwege entwickelt wurden. Die besagten Tests sind wie folgt.<\/p>\n<ul>\n<li>Hauttests<\/li>\n<li>Spirometrie<\/li>\n<li>Methacholin-Test<\/li>\n<li>\u00dcbungstest<\/li>\n<li>Fluss-Volumen-Kurve<\/li>\n<li>Gehtest<\/li>\n<li>\u00dcberwachung der Sauerstoffs\u00e4ttigung.<\/li>\n<\/ul>\n<p>Die Forscher sind f\u00fcr die Versorgung von Kindern mit ver\u00e4ndertem Immunsystem verantwortlich, das daf\u00fcr verantwortlich ist, den Organismus vor Infektionen zu sch\u00fctzen und seinen eigenen von fremden zu unterscheiden. Die klinische Immunologie widmet sich der Erforschung all dieser St\u00f6rungen des Immunsystems, die in drei gro\u00dfe Kategorien eingeteilt werden:<\/p>\n<h3><strong>Immunschw\u00e4che<\/strong><\/h3>\n<p>Das Immunsystem kann den K\u00f6rper nicht ausreichend vor verschiedenen Infektionserregern sch\u00fctzen, und bei Kindern treten wiederkehrende Infektionen und\/oder schwere Infektionen auf. Sie k\u00f6nnen prim\u00e4r (angeboren) oder sekund\u00e4r (erworben) sein.<\/p>\n<p><strong>Autoimmunit\u00e4t<\/strong><\/p>\n<p>Das Immunsystem ist sich dessen nicht bewusst und greift den K\u00f6rper selbst an, wie bei systemischem Lupus erythematodes und juveniler idiopathischer Arthritis.<\/p>\n<p><strong>Allergie<\/strong><\/p>\n<p>Das Immunsystem \u00fcberreagiert auf Substanzen wie Pollen, Unkraut, Lebensmittel, Medikamente und andere. Bei Kindern treten systemische Reaktionen wie Atemwegsallergien (Rhinitis und Asthma), Hautallergien (atopische Dermatitis, Urtikaria, Angio\u00f6dem), Nahrungsmittelallergien und Anaphylaxie auf.<\/p>\n<p>P\u00e4diatrische Immunologie ist ein Fachgebiet, das in Koordination mit anderen Fachgebieten der Medizin wie Dermatologie, Bronchopulmonale, HNO-Heilkunde, Gastroenterologie, Nephrologie, Infektionskrankheiten, Onkologie und Traumatologie arbeitet und an der Entwicklung klinischer Leitlinien beteiligt ist.<\/p>\n<p>[\/vc_column_text][\/vc_column][\/vc_row]<\/p>\n<\/div>","protected":false},"excerpt":{"rendered":"<p>[vc_row][vc_column][vc_column_text woodmart_inline=&#8221;no&#8221; text_larger=&#8221;no&#8221;]Die Immunologie ist das medizinische Fachgebiet, das f\u00fcr das reibungslose Funktionieren unseres k\u00f6rpereigenen Abwehrsystems und das Erkennen von<\/p>\n","protected":false},"author":2,"featured_media":0,"parent":0,"menu_order":0,"comment_status":"closed","ping_status":"closed","template":"","meta":{"footnotes":""},"class_list":["post-9984","page","type-page","status-publish","hentry"],"_links":{"self":[{"href":"https:\/\/www.baysalsaglik.com\/de\/wp-json\/wp\/v2\/pages\/9984","targetHints":{"allow":["GET"]}}],"collection":[{"href":"https:\/\/www.baysalsaglik.com\/de\/wp-json\/wp\/v2\/pages"}],"about":[{"href":"https:\/\/www.baysalsaglik.com\/de\/wp-json\/wp\/v2\/types\/page"}],"author":[{"embeddable":true,"href":"https:\/\/www.baysalsaglik.com\/de\/wp-json\/wp\/v2\/users\/2"}],"replies":[{"embeddable":true,"href":"https:\/\/www.baysalsaglik.com\/de\/wp-json\/wp\/v2\/comments?post=9984"}],"version-history":[{"count":0,"href":"https:\/\/www.baysalsaglik.com\/de\/wp-json\/wp\/v2\/pages\/9984\/revisions"}],"wp:attachment":[{"href":"https:\/\/www.baysalsaglik.com\/de\/wp-json\/wp\/v2\/media?parent=9984"}],"curies":[{"name":"wp","href":"https:\/\/api.w.org\/{rel}","templated":true}]}}