{"id":9985,"date":"2022-05-26T16:56:20","date_gmt":"2022-05-26T13:56:20","guid":{"rendered":"https:\/\/www.baysalsaglik.com\/kinderneurologie\/"},"modified":"2022-05-26T20:44:34","modified_gmt":"2022-05-26T17:44:34","slug":"kinderneurologie","status":"publish","type":"page","link":"https:\/\/www.baysalsaglik.com\/de\/kinderneurologie\/","title":{"rendered":"Kinderneurologie"},"content":{"rendered":"<div class=\"wpb-content-wrapper\"><p>[vc_row][vc_column][vc_column_text woodmart_inline=&#8221;no&#8221; text_larger=&#8221;no&#8221;]Es ist normal, dass Eltern hohe Erwartungen an die Entwicklung ihres Kindes haben, die normal und gesund ist, aber es gibt keine absolute Sicherheit, ebenso wie es keine M\u00f6glichkeit gibt, zu verhindern, dass ein Kind mit besonderen k\u00f6rperlichen oder geistigen Bed\u00fcrfnissen geboren wird. Er sagt, er entwickelt sich normal.<\/p>\n<p>Obwohl es in den ersten Lebensjahren sehr wichtig ist, gewarnt zu werden, sollten wir nicht vergessen, dass regelm\u00e4\u00dfige Kontrolluntersuchungen w\u00e4hrend der Schwangerschaft und Geburt wichtig sind. Kinderneurologen weisen darauf hin, dass es einige neurologische Erkrankungen gibt, bei denen die Fr\u00fcherkennung eine angemessenere Behandlung und eine bessere Prognose f\u00fcr die Zukunft und Entwicklung des Kindes bietet.<\/p>\n<p>Sie wird von der Kinderneurologie durchgef\u00fchrt, einem medizinischen Fachgebiet, das f\u00fcr die Vorbeugung, Diagnose und Behandlung aller Pathologien und St\u00f6rungen verantwortlich ist, die das zentrale Nervensystem und die peripheren Nerven (Gehirn, R\u00fcckenmark und alle peripheren Nerven) von der Schwangerschaft bis zur Pubert\u00e4t betreffen. In den meisten F\u00e4llen (aufgrund rechtzeitiger Diagnose) verhindert oder stoppt es das Fortschreiten neurologischer Sch\u00e4den.<\/p>\n<h2><strong>Welche Kinder sollten von einem Neurologen untersucht werden?<\/strong><\/h2>\n<ul>\n<li>Fr\u00fchgeborenes, weil dieses Kind einem h\u00f6heren neurologischen Risiko ausgesetzt ist.<\/li>\n<li>Kind bei der Geburt vorhanden: hypoxische isch\u00e4mische Enzephalopathie, neonatale Krampfanf\u00e4lle, Brachialparese, Fazialisparese, Apnoen oder angeborene Infektionen.<\/li>\n<li>Ein Kind mit verz\u00f6gerter psychomotorischer Entwicklung kann zum Beispiel mit drei Monaten den Kopf nicht halten, mit sechs Monaten nicht sitzen, mit 14 Monaten nicht gehen, nach dem ersten Lebensjahr keine Worte mehr sprechen oder einfache Befehle nicht verstehen.<\/li>\n<li>Das Kind, das kein geeignetes Schlafmuster finden kann.<\/li>\n<li>Ein Kind, das nicht gut kommuniziert oder emotionale Bindungen aufbaut, ist extrem reizbar.<\/li>\n<li>Ein Kind, das einige der Funktionen, die es in seiner Entwicklung erworben hat, verloren hat oder in seiner Entwicklung stehen geblieben ist.<\/li>\n<li>Sehr weiches Kind, das anormale K\u00f6rperhaltungen einnimmt.<\/li>\n<li>Ein Kind, das in Bezug auf Gewicht, Gr\u00f6\u00dfe und Kopfumfang kein angemessenes Wachstumsmuster aufweist.<\/li>\n<li>Ein Kind mit Sprachverz\u00f6gerung, schlechtem Vokabular, schlechter Aussprache und Schwierigkeiten, Befehle zu verstehen.<\/li>\n<li>Kind mit schlechten Schulleistungen, Schulverweigerung.<\/li>\n<li>Kind klagt \u00fcber Kopfschmerzen oder Schwindel.<\/li>\n<li>Das Kind mit Gangst\u00f6rungen st\u00fcrzt oft, wird sehr schnell m\u00fcde oder hat Muskelschw\u00e4che.<\/li>\n<li>Der tollpatschige Motorjunge, der Dinge fallen l\u00e4sst, h\u00e4ngt sich an nichts auf.<\/li>\n<li>Das verlorene Kind.<\/li>\n<li>Junge mit Ticks.<\/li>\n<li>Ein Kind mit einem fieberhaften oder nicht fieberhaften Krampf.<\/li>\n<li>Kind, das eine \u00c4nderung in seinem \u00fcblichen Verhalten zeigt.<\/li>\n<li>Kindertrage angeborener Fehlbildungen, genetischer Syndrome oder Stoffwechselerkrankungen.<\/li>\n<li>Kind mit Zerebralparese.<\/li>\n<\/ul>\n<h2>Studienrichtung P\u00e4diatrische Neurologie<\/h2>\n<ul>\n<li>Epilepsie<\/li>\n<li>Schlafst\u00f6rungen<\/li>\n<li>Kopfschmerzen<\/li>\n<li>Aufmerksamkeits-Defizit-Syndrom mit oder ohne Hyperaktivit\u00e4t<\/li>\n<li>neuromuskul\u00e4re Erkrankungen<\/li>\n<li>Zerebrovaskul\u00e4re Erkrankungen<\/li>\n<li>Psychomotorische und sprachliche Entwicklung<\/li>\n<li>Lerne die Schwierigkeiten<\/li>\n<li>Neurorehabilitation<\/li>\n<li>Kopfverletzungen<\/li>\n<li>Erkrankungen der Wirbels\u00e4ule und des R\u00fcckenmarks<\/li>\n<\/ul>\n<h3><strong>Diagnose und Behandlungsalternativen<\/strong><\/h3>\n<p>Die Betreuung beginnt mit einer neurologischen Diagnose und setzt sich fort mit der Nachverfolgung therapeutischer Ma\u00dfnahmen und der Familienorientierung mit dem Ziel, die besten Lebensbedingungen und die soziale Integration f\u00fcr den Patienten zu schaffen.<\/p>\n<p>Der Kinderneurologische Dienst stellt alle aktuellen Entwicklungen im Diagnoseprozess von Erkrankungen des Nervensystems, die zu den Entwicklungen in der Neurophysiologie, der Neuroimaging (statisch und funktionell), der Genetik, der Molekularbiologie und der Vertiefung des neurochemischen Wissens des Gehirns hinzukommen, in den Dienst Patientenversorgung. Es funktioniert mit einem umfassenden Ansatz f\u00fcr den Menschen und seine Familie.[\/vc_column_text][\/vc_column][\/vc_row]<\/p>\n<\/div>","protected":false},"excerpt":{"rendered":"<p>[vc_row][vc_column][vc_column_text woodmart_inline=&#8221;no&#8221; text_larger=&#8221;no&#8221;]Es ist normal, dass Eltern hohe Erwartungen an die Entwicklung ihres Kindes haben, die normal und gesund ist,<\/p>\n","protected":false},"author":2,"featured_media":0,"parent":0,"menu_order":0,"comment_status":"closed","ping_status":"closed","template":"","meta":{"footnotes":""},"class_list":["post-9985","page","type-page","status-publish","hentry"],"_links":{"self":[{"href":"https:\/\/www.baysalsaglik.com\/de\/wp-json\/wp\/v2\/pages\/9985","targetHints":{"allow":["GET"]}}],"collection":[{"href":"https:\/\/www.baysalsaglik.com\/de\/wp-json\/wp\/v2\/pages"}],"about":[{"href":"https:\/\/www.baysalsaglik.com\/de\/wp-json\/wp\/v2\/types\/page"}],"author":[{"embeddable":true,"href":"https:\/\/www.baysalsaglik.com\/de\/wp-json\/wp\/v2\/users\/2"}],"replies":[{"embeddable":true,"href":"https:\/\/www.baysalsaglik.com\/de\/wp-json\/wp\/v2\/comments?post=9985"}],"version-history":[{"count":0,"href":"https:\/\/www.baysalsaglik.com\/de\/wp-json\/wp\/v2\/pages\/9985\/revisions"}],"wp:attachment":[{"href":"https:\/\/www.baysalsaglik.com\/de\/wp-json\/wp\/v2\/media?parent=9985"}],"curies":[{"name":"wp","href":"https:\/\/api.w.org\/{rel}","templated":true}]}}