{"id":9986,"date":"2022-05-26T16:53:43","date_gmt":"2022-05-26T13:53:43","guid":{"rendered":"https:\/\/www.baysalsaglik.com\/paediatrische-endokrinologie\/"},"modified":"2022-05-26T20:44:34","modified_gmt":"2022-05-26T17:44:34","slug":"paediatrische-endokrinologie","status":"publish","type":"page","link":"https:\/\/www.baysalsaglik.com\/de\/paediatrische-endokrinologie\/","title":{"rendered":"P\u00e4diatrische Endokrinologie"},"content":{"rendered":"<div class=\"wpb-content-wrapper\"><p>[vc_row][vc_column][vc_column_text woodmart_inline=&#8221;no&#8221; text_larger=&#8221;no&#8221;]Wenn Ihr Kind an Wachstum, Pubert\u00e4t, Diabetes oder anderen Erkrankungen leidet, die mit Hormonen und den Dr\u00fcsen, die sie produzieren, zusammenh\u00e4ngen, kann ein p\u00e4diatrischer Endokrinologe Ihr Kind behandeln.<\/p>\n<p>Hormone sind Chemikalien, die die Funktionsweise anderer K\u00f6rperteile beeinflussen. Hormone entscheiden zum Beispiel dar\u00fcber, wie ein Kind w\u00e4chst und reift. Endokrine Dr\u00fcsen, wie die Hypophyse, setzen Hormone in den Blutkreislauf frei. Endokrinologie ist die Wissenschaft, die diese Dr\u00fcsen und die Wirkung von Hormonen untersucht.<\/p>\n<p>Die Probleme, die ein p\u00e4diatrischer Endokrinologe sieht, unterscheiden sich stark von denen, die normalerweise von einem Endokrinologen gesehen werden, der normalerweise Erwachsene sieht. Eine spezielle Ausbildung in p\u00e4diatrischen Bedingungen in Bezug auf Wachstum und Entwicklung ist wichtig. Hormonelle Probleme sind oft das ganze Leben lang vorhanden. P\u00e4diatrische Endokrinologen behandeln hormonelle St\u00f6rungen in allen Phasen des Kindes- und Jugendalters.<\/p>\n<h2><strong>Welche Arten von Behandlungen bieten p\u00e4diatrische Endokrinologen an?<\/strong><\/h2>\n<p>P\u00e4diatrische Endokrinologen sind verantwortlich f\u00fcr die Diagnose, Behandlung und \u00dcberwachung von Hormonst\u00f6rungen, einschlie\u00dflich:<\/p>\n<ul>\n<li>Wachstumsprobleme wie Kleinwuchs<\/li>\n<li>Fr\u00fche oder verz\u00f6gerte Pubert\u00e4t<\/li>\n<li>Vergr\u00f6\u00dferte Schilddr\u00fcse (Kropf)<\/li>\n<li>Unzureichende und \u00fcberaktive Schilddr\u00fcse<\/li>\n<li>Unterfunktion oder \u00dcberfunktion der Hypophyse<\/li>\n<li>Unterfunktion oder \u00dcberfunktion der Nebenniere<\/li>\n<li>Unbestimmte Genitalien\/Intersex<\/li>\n<li>Eierstock- und Hodenfunktionsst\u00f6rung<\/li>\n<li>Diabetes<\/li>\n<li>niedriger Blutzucker (Hypoglyk\u00e4mie)<\/li>\n<li>Fettleibigkeit<\/li>\n<li>Probleme mit Vitamin D (Rachitis, Hypokalz\u00e4mie)<\/li>\n<\/ul>\n<p><strong>P\u00e4diatrische Endokrinologen: Optimale Versorgung f\u00fcr Kinder<\/strong><\/p>\n<p>Kinder sind nicht nur kleine Erwachsene. Sie haben besondere Bed\u00fcrfnisse in Bezug auf ihr Wachstum und ihre Entwicklung als heranwachsende Individuen. Dar\u00fcber hinaus unterscheiden sich ihre psychologischen Bed\u00fcrfnisse von denen Erwachsener. Hormonelle Probleme, die das Wachstum oder die sexuelle Entwicklung beeintr\u00e4chtigen, k\u00f6nnen erhebliche Auswirkungen auf die k\u00f6rperliche und emotionale Gesundheit eines Kindes haben. P\u00e4diatrische Endokrinologen sind sensibel f\u00fcr diese Probleme.<\/p>\n<p>Ein Kinderendokrinologe betreut Ihr Kind in einem kind- und jugendgerechten Setting. Das Hilfspersonal, darunter Krankenschwestern, Psychologen, p\u00e4diatrische Diabetesberater und Ern\u00e4hrungswissenschaftler, passt sich den Bed\u00fcrfnissen von Kindern und Jugendlichen an.<\/p>\n<p>Bei Kindern mit besonderen Bed\u00fcrfnissen m\u00fcssen p\u00e4diatrische Endokrinologen eng mit Kinder\u00e4rzten der Grundversorgung zusammenarbeiten, um eine koordinierte und umfassende Versorgung zu gew\u00e4hrleisten. P\u00e4diatrische Endokrinologen verf\u00fcgen \u00fcber eine umfassende Ausbildung und Erfahrung in der Behandlung von Kindern und der Behandlung von Kindern mit endokrinen St\u00f6rungen und hormonellen Problemen. Wenn Ihr Kinderarzt Ihrem Kind empfiehlt, einen p\u00e4diatrischen Endokrinologen aufzusuchen, stellen Sie sicher, dass Ihr Kind die bestm\u00f6gliche medizinische Versorgung erh\u00e4lt.<\/p>\n<h2><strong>Bedeutung der p\u00e4diatrischen Endokrinologie<\/strong><\/h2>\n<p>Bei Kindern und Jugendlichen k\u00f6nnen bestimmte hormonelle Ver\u00e4nderungen ihr Wachstum und ihre Entwicklung beeintr\u00e4chtigen. Aus diesem Grund sollte vor den ersten Anzeichen der Pubert\u00e4t (ca. 8-9 Jahre) ein Facharzt aufgesucht werden, um zu sehen, ob alles in Ordnung ist. Eine sofortige \u00dcberweisung ist jedoch erforderlich, wenn der Kinderarzt oder seine Eltern fr\u00fchere Anomalien feststellen.<\/p>\n<p>F\u00fcr die Bewertung dieses Themas ist die p\u00e4diatrische Endokrinologie zust\u00e4ndig, die sich mit der Erforschung von Erkrankungen befasst, die durch Ver\u00e4nderungen der endokrinen Dr\u00fcsen (Hypophyse, Schilddr\u00fcse, Nebenniere usw.) verursacht werden.<\/p>\n<h3>Einige Anzeichen, auf die Sie achten sollten, sind wie folgt:<\/h3>\n<ul>\n<li>Kleinwuchs (unter dem 5. Perzentil f\u00fcr Gr\u00f6\u00dfe\/Alter), Kleinwuchs f\u00fcr die Gr\u00f6\u00dfe seiner Eltern, langsames Wachstum (Abfall der Wachstumskurve).<\/li>\n<li>\u00dcbersch\u00fcssige K\u00f6rperbehaarung.<\/li>\n<li>Brustentwicklung bei M\u00e4dchen oder Hodenentwicklung bei Jungen in einem unangemessenen Alter.<\/li>\n<li>Fettleibigkeit ist besonders wichtig, wenn sie die glyk\u00e4mische Kontrolle ver\u00e4ndern oder mit einem langsamen Wachstum einhergehen kann.<\/li>\n<li>Probleme mit dem Kohlenhydratstoffwechsel, wie z. B. Diabetes.<\/li>\n<li>Pathologie im Zusammenhang mit der Schilddr\u00fcse, wie Hypothyreose, Hyperthyreose, insbesondere wenn bei direkten Verwandten eine Schilddr\u00fcsenerkrankung in der Vorgeschichte vorliegt.<\/li>\n<\/ul>\n<p>Der Hauptgrund f\u00fcr die Beratung durch die Eltern h\u00e4ngt mit der Wachstumskurve ihres Kindes zusammen. Es besteht gro\u00dfe Besorgnis \u00fcber das Problem mit der Erwartung, dass sie gr\u00f6\u00dfer sind als sie sind.<\/p>\n<h4>Einige der Ursachen f\u00fcr Kleinwuchs k\u00f6nnen sein:<\/h4>\n<ul>\n<li>verz\u00f6gerte Pubert\u00e4t<\/li>\n<li>Wachstumshormonmangel<\/li>\n<li>Famili\u00e4rer Kleinwuchs oder struktureller Kleinwuchs (geringe Wachstumsrate). Unzureichendes Wachstum kann das erste Anzeichen einer Hypothyreose oder von Magen-Darm-Problemen wie Malabsorption sein.<\/li>\n<\/ul>\n<p>[\/vc_column_text][\/vc_column][\/vc_row]<\/p>\n<\/div>","protected":false},"excerpt":{"rendered":"<p>[vc_row][vc_column][vc_column_text woodmart_inline=&#8221;no&#8221; text_larger=&#8221;no&#8221;]Wenn Ihr Kind an Wachstum, Pubert\u00e4t, Diabetes oder anderen Erkrankungen leidet, die mit Hormonen und den Dr\u00fcsen, die<\/p>\n","protected":false},"author":2,"featured_media":0,"parent":0,"menu_order":0,"comment_status":"closed","ping_status":"closed","template":"","meta":{"footnotes":""},"class_list":["post-9986","page","type-page","status-publish","hentry"],"_links":{"self":[{"href":"https:\/\/www.baysalsaglik.com\/de\/wp-json\/wp\/v2\/pages\/9986","targetHints":{"allow":["GET"]}}],"collection":[{"href":"https:\/\/www.baysalsaglik.com\/de\/wp-json\/wp\/v2\/pages"}],"about":[{"href":"https:\/\/www.baysalsaglik.com\/de\/wp-json\/wp\/v2\/types\/page"}],"author":[{"embeddable":true,"href":"https:\/\/www.baysalsaglik.com\/de\/wp-json\/wp\/v2\/users\/2"}],"replies":[{"embeddable":true,"href":"https:\/\/www.baysalsaglik.com\/de\/wp-json\/wp\/v2\/comments?post=9986"}],"version-history":[{"count":0,"href":"https:\/\/www.baysalsaglik.com\/de\/wp-json\/wp\/v2\/pages\/9986\/revisions"}],"wp:attachment":[{"href":"https:\/\/www.baysalsaglik.com\/de\/wp-json\/wp\/v2\/media?parent=9986"}],"curies":[{"name":"wp","href":"https:\/\/api.w.org\/{rel}","templated":true}]}}