{"id":9989,"date":"2022-05-26T16:46:51","date_gmt":"2022-05-26T13:46:51","guid":{"rendered":"https:\/\/www.baysalsaglik.com\/augengesundheit-und-optische-dienstleistungen\/"},"modified":"2022-05-26T20:44:35","modified_gmt":"2022-05-26T17:44:35","slug":"augengesundheit-und-optische-dienstleistungen","status":"publish","type":"page","link":"https:\/\/www.baysalsaglik.com\/de\/augengesundheit-und-optische-dienstleistungen\/","title":{"rendered":"Augengesundheit und optische Dienstleistungen"},"content":{"rendered":"<div class=\"wpb-content-wrapper\"><p>[vc_row][vc_column][vc_column_text woodmart_inline=&#8221;no&#8221; text_larger=&#8221;no&#8221;]Eye Health and Optical Services ist die Behandlung von Augenerkrankungen. Augenkrankheiten sind Krankheiten, die unbehandelt viel gr\u00f6\u00dfere Probleme verursachen. Heutzutage k\u00f6nnen verschiedene Augenkrankheiten aus verschiedenen Gr\u00fcnden bei Einzelpersonen auftreten. Also, was sind heute die h\u00e4ufigsten Augenkrankheiten bei Menschen? Lassen Sie uns diese Krankheiten im Detail untersuchen.<\/p>\n<h2><strong>Was sind die h\u00e4ufigsten Augenkrankheiten?<\/strong><\/h2>\n<p>Es ist m\u00f6glich, die h\u00e4ufigsten Augenkrankheiten wie folgt aufzulisten.<\/p>\n<h3><strong>Altersbedingte Krankheiten<\/strong><\/h3>\n<ul>\n<li>Netzhautdegeneration<\/li>\n<li>Katarakt<\/li>\n<li>Augenerkrankungen durch Diabetes<\/li>\n<li>Augeninnendruck<\/li>\n<li>Gelbfleckenkrankheit<\/li>\n<\/ul>\n<h3><strong>Angeborene Augenkrankheiten<\/strong><\/h3>\n<ul>\n<li>Farbenblindheit<\/li>\n<li>faules Auge<\/li>\n<li>Schielen<\/li>\n<\/ul>\n<h3><strong>Augenkrankheiten, die bei Erkrankungen wie Allergien, Entz\u00fcndungen und Infektionen auftreten<\/strong><\/h3>\n<ul>\n<li>Schweinestall<\/li>\n<li>Bindehautentz\u00fcndung<\/li>\n<li>Entz\u00fcndung der Wimpernzunge<\/li>\n<li>Uveitis<\/li>\n<\/ul>\n<h3><strong>Krankheiten, die durch Umwelt- und genetische Faktoren verursacht werden<\/strong><\/h3>\n<ul>\n<li>Bahcet<\/li>\n<li>Augenlidprobleme<\/li>\n<li>Keratokonus<\/li>\n<li>Kurzsichtig<\/li>\n<li>Hypermetrop<\/li>\n<li>Astigmatismus<\/li>\n<\/ul>\n<h2><strong>Was sind die Symptome von Augenkrankheiten?<\/strong><\/h2>\n<p>Es gibt einige Symptome von Augenproblemen, die aus verschiedenen Gr\u00fcnden auftreten. Diese Symptome k\u00f6nnen je nach Krankheit variieren. Die allgemeinen Hinweise sind jedoch wie folgt.<\/p>\n<ul>\n<li>Schmerzen in den Augen<\/li>\n<li>Schwierigkeiten beim \u00d6ffnen und Schlie\u00dfen der Augenlider<\/li>\n<li>Gef\u00fchl, als ob ein Fremdk\u00f6rper im Auge stecken w\u00fcrde<\/li>\n<li>Augen tr\u00e4nen und weinen<\/li>\n<li>Tr\u00e4ne, Grat<\/li>\n<li>Auftreten einer gewissen Verengung und Sehbehinderung im Gesichtsfeld<\/li>\n<li>Herabh\u00e4ngendes Augenlid<\/li>\n<\/ul>\n<h2><strong>Diagnose von Augenkrankheiten <\/strong><\/h2>\n<p>Sehtests sind Tests, um festzustellen, ob ein Problem mit den Augen vorliegt. W\u00e4hrend einige Sehtests von \u00c4rzten durchgef\u00fchrt werden, k\u00f6nnen einige Sehtests von Einzelpersonen selbst durchgef\u00fchrt werden.<\/p>\n<p>Wenn Sie zu einem Augenarzt gehen, dauert die Augenuntersuchung etwa eine halbe Stunde. In diesem Fall werden Ihre Augen unter verschiedenen Aspekten getestet. Der Augenarzt bewertet die Sehsch\u00e4rfe, um Ihr Sehverm\u00f6gen mit Klarheit und feinen Details zu messen. Die Arten von Sehtests, die durchgef\u00fchrt werden, um Sehst\u00f6rungen zu verstehen, sind im Allgemeinen wie folgt.<\/p>\n<p><strong>Arten von Sehtests<\/strong><\/p>\n<h4><strong>Refraktionstest<\/strong><\/h4>\n<p>Der Refraktionstest, der zu den Sehtests geh\u00f6rt, zeigt, dass das Licht gebrochen wird und auf die Netzhaut f\u00e4llt. Mit dem Refraktionstest werden Augenprobleme wie Myopie, Astigmatismus und Hyperopie gemessen. Wenn diese Probleme, die zu den h\u00e4ufigsten Augenproblemen geh\u00f6ren, erkannt werden, wird ein separater Test durchgef\u00fchrt, um die Entfernung zu messen, die Sie sehen k\u00f6nnen.<\/p>\n<h4><strong>Snellen-Test<\/strong><\/h4>\n<p>Der Snellen-Test ist ein weiterer Test, der bei Menschen mit Augenproblemen angewendet wird. Der von Herman Snellen durchgef\u00fchrte Test besteht aus der sogenannten Sehtafel. Die fragliche Tabelle enth\u00e4lt Buchstaben aus dem lateinischen Alphabet, gro\u00df und klein. Dieser Test ist der am h\u00e4ufigsten durchgef\u00fchrte Test von Augen\u00e4rzten. Wenn Sie Schwierigkeiten haben, die Zahlen und Buchstaben in der Tabelle zu lesen, bedeutet dies, dass ein Problem mit Ihren Augen vorliegt.<\/p>\n<h4><strong>Farbenblindheitstest<\/strong><\/h4>\n<p>Der Farbenblindheitstest wird, wie der Name schon sagt, durchgef\u00fchrt, um festzustellen, ob Personen farbenblind sind. Es werden viele Tests durchgef\u00fchrt, um Farbenblindheit zu verstehen. Dieser Test, auch bekannt als Ishihara, Farnsworth Munsell D-15, Farnsworth Lantern Test, ist speziell vorbereitet. Innerhalb des Kreises befinden sich Zahlen in verschiedenen Farben. Diese Nummern werden gebeten, von Einzelpersonen gelesen zu werden. Menschen mit Farbenblindheit k\u00f6nnen keine Zahlen lesen. Weil er die Zahl und die Farbe um sich herum sieht.<\/p>\n<h4><strong>Amsler-Gittertest<\/strong><\/h4>\n<p>Der Amsler-Gitter-Test wird nicht in der routinem\u00e4\u00dfigen Augenuntersuchung verwendet. Es wird verwendet, um die altersbedingte Makuladegeneration zu diagnostizieren. Dieser Test, den Einzelpersonen zu Hause durchf\u00fchren k\u00f6nnen, ist f\u00fcr Personen \u00fcber 40 Jahren von gro\u00dfer Bedeutung.<\/p>\n<p>Die oben genannten Sehtests sind Tests, die sowohl von \u00c4rzten als auch von Einzelpersonen selbst durchgef\u00fchrt werden. An dieser Stelle k\u00f6nnen wir sagen, dass diese Tests extrem wichtig sind.<\/p>\n<h2><strong>Wie wird eine Augenbehandlung durchgef\u00fchrt?<\/strong><\/h2>\n<p>Um die Behandlungsmethode f\u00fcr Augenprobleme zu w\u00e4hlen, muss zun\u00e4chst das Problem im Auge diagnostiziert werden. Das Auftreten einer Verengung des Gesichtsfeldes oder das Vorhandensein eines unangenehmen Schmerzes im Auge beeinflusst das t\u00e4gliche Leben von Menschen tiefgreifend. Aus diesem Grund versuchen Augen\u00e4rzte, das Problem in den Augen so schnell wie m\u00f6glich im Rahmen der Untersuchung zu l\u00f6sen. Im Rahmen einer ausf\u00fchrlichen Augenuntersuchung k\u00f6nnen unter Anleitung des Arztes Brillen, chirurgische Eingriffe oder Medikamente eingesetzt werden.<\/p>\n<p>Die richtige Diagnose von Augenproblemen verhindert einen vor\u00fcbergehenden oder dauerhaften Augenverlust. Wenn Sie also das Gef\u00fchl haben, dass Ihre Augen etwas Au\u00dfergew\u00f6hnliches haben, sollten Sie nicht vergessen, sich von einem professionellen Augenarzt beraten zu lassen.<\/p>\n<p>Baysal Health unterst\u00fctzt Sie dabei, den besten Arzt und das beste Krankenhaus f\u00fcr die Behandlung von Augenkrankheiten zu finden. Sie k\u00f6nnen uns f\u00fcr weitere Informationen kontaktieren.[\/vc_column_text][\/vc_column][\/vc_row]<\/p>\n<\/div>","protected":false},"excerpt":{"rendered":"<p>[vc_row][vc_column][vc_column_text woodmart_inline=&#8221;no&#8221; text_larger=&#8221;no&#8221;]Eye Health and Optical Services ist die Behandlung von Augenerkrankungen. Augenkrankheiten sind Krankheiten, die unbehandelt viel gr\u00f6\u00dfere Probleme<\/p>\n","protected":false},"author":2,"featured_media":0,"parent":0,"menu_order":0,"comment_status":"closed","ping_status":"closed","template":"","meta":{"footnotes":""},"class_list":["post-9989","page","type-page","status-publish","hentry"],"_links":{"self":[{"href":"https:\/\/www.baysalsaglik.com\/de\/wp-json\/wp\/v2\/pages\/9989","targetHints":{"allow":["GET"]}}],"collection":[{"href":"https:\/\/www.baysalsaglik.com\/de\/wp-json\/wp\/v2\/pages"}],"about":[{"href":"https:\/\/www.baysalsaglik.com\/de\/wp-json\/wp\/v2\/types\/page"}],"author":[{"embeddable":true,"href":"https:\/\/www.baysalsaglik.com\/de\/wp-json\/wp\/v2\/users\/2"}],"replies":[{"embeddable":true,"href":"https:\/\/www.baysalsaglik.com\/de\/wp-json\/wp\/v2\/comments?post=9989"}],"version-history":[{"count":0,"href":"https:\/\/www.baysalsaglik.com\/de\/wp-json\/wp\/v2\/pages\/9989\/revisions"}],"wp:attachment":[{"href":"https:\/\/www.baysalsaglik.com\/de\/wp-json\/wp\/v2\/media?parent=9989"}],"curies":[{"name":"wp","href":"https:\/\/api.w.org\/{rel}","templated":true}]}}