{"id":10043,"date":"2022-05-26T16:42:55","date_gmt":"2022-05-26T13:42:55","guid":{"rendered":"https:\/\/www.baysalsaglik.com\/immunologie-de-lenfant\/"},"modified":"2022-05-26T21:22:49","modified_gmt":"2022-05-26T18:22:49","slug":"immunologie-de-lenfant","status":"publish","type":"page","link":"https:\/\/www.baysalsaglik.com\/fr\/immunologie-de-lenfant\/","title":{"rendered":"Immunologie de l&#8217;enfant"},"content":{"rendered":"<div class=\"wpb-content-wrapper\"><p>[vc_row][vc_column][vc_column_text woodmart_inline=&#8221;no&#8221; text_larger=&#8221;no&#8221;]L&#8217;immunologie est la sp\u00e9cialit\u00e9 m\u00e9dicale responsable du bon fonctionnement du syst\u00e8me de d\u00e9fense de notre corps et de la reconnaissance des substances \u00e9trang\u00e8res pour les combattre.<\/p>\n<p>Experts; Il explique que le syst\u00e8me immunitaire est constitu\u00e9 d&#8217;un r\u00e9seau complexe de m\u00e9canismes comprenant des organes, des cellules, des tissus et, si n\u00e9cessaire, des processus biologiques \u00e0 action rapide. Cette direction est charg\u00e9e d&#8217;examiner, entre autres, un certain nombre d&#8217;autres probl\u00e8mes tels que les immunod\u00e9ficiences, les maladies auto-immunes, les allergies, d&#8217;enqu\u00eater sur les causes possibles et les solutions au probl\u00e8me en question.<\/p>\n<p>Les immunologistes cliniques effectuent des \u00e9valuations m\u00e9dicales, des proc\u00e9dures et des diagnostics, en particulier des allergies telles que l&#8217;asthme, la rhinite allergique, l&#8217;urticaire, la dermatite et les r\u00e9actions allergiques graves appel\u00e9es r\u00e9actions anaphylactiques.<\/p>\n<h2><strong>Classification immunologique<\/strong><\/h2>\n<p>Pour avoir une vision plus simple de ces processus, une classification peut \u00eatre cr\u00e9\u00e9e \u00e0 partir de deux perspectives&nbsp;:<\/p>\n<ol>\n<li>Quantitatif : maladies putatives ou immunod\u00e9ficiences qui facilitent les infections. Celles-ci peuvent \u00eatre cong\u00e9nitales ou acquises. La maladie la plus connue de ce dernier groupe est le syndrome d&#8217;immunod\u00e9ficience acquise.<\/li>\n<li>Qualitatif : maladies caus\u00e9es par une r\u00e9ponse immunitaire anormale. Ce groupe est class\u00e9 sous deux concepts de base : l&#8217;hypersensibilit\u00e9 et l&#8217;auto-immunit\u00e9.<\/li>\n<\/ol>\n<p>2.1 Hypersensibilit\u00e9&nbsp;: elles surviennent en raison d&#8217;une r\u00e9action excessive ou incontr\u00f4l\u00e9e \u00e0 des facteurs externes. L&#8217;exemple le plus repr\u00e9sentatif de ce type est celui des maladies allergiques.<\/p>\n<p>2.2 Auto-immunit\u00e9&nbsp;: elles surviennent en r\u00e9ponse aux propres composants de l&#8217;organisme en raison de l&#8217;\u00e9chec d&#8217;un m\u00e9canisme de contr\u00f4le appel\u00e9 &#8220;auto-tol\u00e9rance&#8221;, qui emp\u00eache les r\u00e9ponses immunitaires contre nos propres cellules.<\/p>\n<p>&nbsp;<\/p>\n<p>Diverses \u00e9tudes expliquent que les immunologistes proposent une gamme de tests con\u00e7us sp\u00e9cifiquement pour compl\u00e9ter les \u00e9tudes sur les maladies respiratoires allergiques. Lesdits tests sont les suivants.<\/p>\n<ul>\n<li>Tests cutan\u00e9s<\/li>\n<li>Spirom\u00e9trie<\/li>\n<li>test \u00e0 la m\u00e9thacholine<\/li>\n<li>Test d&#8217;effort<\/li>\n<li>Courbe d\u00e9bit-volume<\/li>\n<li>test de marche<\/li>\n<li>Surveillance de la saturation en oxyg\u00e8ne.<\/li>\n<\/ul>\n<p>Les chercheurs sont charg\u00e9s de fournir des soins aux enfants dont le syst\u00e8me immunitaire est alt\u00e9r\u00e9, qui est charg\u00e9 de prot\u00e9ger l&#8217;organisme contre les infections et de distinguer le sien de l&#8217;\u00e9tranger. L&#8217;immunologie clinique est d\u00e9di\u00e9e \u00e0 l&#8217;\u00e9tude de tous ces troubles du syst\u00e8me immunitaire, qui sont class\u00e9s en trois grandes cat\u00e9gories :<\/p>\n<h3><strong>D\u00e9ficits immunitaires<\/strong><\/h3>\n<p>Le syst\u00e8me immunitaire ne peut pas assurer une protection ad\u00e9quate de l&#8217;organisme contre divers agents infectieux, et des infections r\u00e9currentes et\/ou des infections graves sont observ\u00e9es chez les enfants. Elles peuvent \u00eatre primaires (cong\u00e9nitales) ou secondaires (acquises).<\/p>\n<p><strong>auto-immunit\u00e9<\/strong><\/p>\n<p>Le syst\u00e8me immunitaire est inconscient et attaque le corps lui-m\u00eame, comme dans le lupus \u00e9ryth\u00e9mateux diss\u00e9min\u00e9 et l&#8217;arthrite juv\u00e9nile idiopathique.<\/p>\n<p><strong>Allergie<\/strong><\/p>\n<p>Le syst\u00e8me immunitaire r\u00e9agit de mani\u00e8re excessive \u00e0 des substances telles que le pollen, les mauvaises herbes, les aliments, les m\u00e9dicaments et autres. Chez l&#8217;enfant, il existe des r\u00e9actions syst\u00e9miques telles que les allergies respiratoires (rhinite et asthme), les allergies cutan\u00e9es (dermatite atopique, urticaire, \u0153d\u00e8me de Quincke), les allergies alimentaires et l&#8217;anaphylaxie.<\/p>\n<p>L&#8217;immunologie p\u00e9diatrique est une sp\u00e9cialit\u00e9 qui travaille en coordination avec d&#8217;autres domaines de la m\u00e9decine tels que la dermatologie, la broncho-pulmonaire, l&#8217;oto-rhino-laryngologie, la gastro-ent\u00e9rologie, la n\u00e9phrologie, les maladies infectieuses, l&#8217;oncologie et la traumatologie.Participe \u00e0 l&#8217;\u00e9laboration de directives cliniques.<\/p>\n<p>[\/vc_column_text][\/vc_column][\/vc_row]<\/p>\n<\/div>","protected":false},"excerpt":{"rendered":"<p>[vc_row][vc_column][vc_column_text woodmart_inline=&#8221;no&#8221; text_larger=&#8221;no&#8221;]L&#8217;immunologie est la sp\u00e9cialit\u00e9 m\u00e9dicale responsable du bon fonctionnement du syst\u00e8me de d\u00e9fense de notre corps et de<\/p>\n","protected":false},"author":2,"featured_media":0,"parent":0,"menu_order":0,"comment_status":"closed","ping_status":"closed","template":"","meta":{"footnotes":""},"class_list":["post-10043","page","type-page","status-publish","hentry"],"_links":{"self":[{"href":"https:\/\/www.baysalsaglik.com\/fr\/wp-json\/wp\/v2\/pages\/10043","targetHints":{"allow":["GET"]}}],"collection":[{"href":"https:\/\/www.baysalsaglik.com\/fr\/wp-json\/wp\/v2\/pages"}],"about":[{"href":"https:\/\/www.baysalsaglik.com\/fr\/wp-json\/wp\/v2\/types\/page"}],"author":[{"embeddable":true,"href":"https:\/\/www.baysalsaglik.com\/fr\/wp-json\/wp\/v2\/users\/2"}],"replies":[{"embeddable":true,"href":"https:\/\/www.baysalsaglik.com\/fr\/wp-json\/wp\/v2\/comments?post=10043"}],"version-history":[{"count":0,"href":"https:\/\/www.baysalsaglik.com\/fr\/wp-json\/wp\/v2\/pages\/10043\/revisions"}],"wp:attachment":[{"href":"https:\/\/www.baysalsaglik.com\/fr\/wp-json\/wp\/v2\/media?parent=10043"}],"curies":[{"name":"wp","href":"https:\/\/api.w.org\/{rel}","templated":true}]}}