{"id":10049,"date":"2022-05-26T16:56:20","date_gmt":"2022-05-26T13:56:20","guid":{"rendered":"https:\/\/www.baysalsaglik.com\/neurologie-de-lenfant\/"},"modified":"2022-05-26T21:22:51","modified_gmt":"2022-05-26T18:22:51","slug":"neurologie-de-lenfant","status":"publish","type":"page","link":"https:\/\/www.baysalsaglik.com\/fr\/neurologie-de-lenfant\/","title":{"rendered":"Neurologie de l&#8217;enfant"},"content":{"rendered":"<div class=\"wpb-content-wrapper\"><p>[vc_row][vc_column][vc_column_text woodmart_inline=&#8221;no&#8221; text_larger=&#8221;no&#8221;]Il est normal que les parents aient des attentes \u00e9lev\u00e9es pour le d\u00e9veloppement de leur enfant, qui est normal et sain, mais il n&#8217;y a pas de certitude absolue, tout comme il n&#8217;y a aucun moyen d&#8217;emp\u00eacher qu&#8217;un enfant naisse avec des besoins physiques ou mentaux particuliers. Il dit qu&#8217;il se d\u00e9veloppe normalement.<\/p>\n<p>Bien qu&#8217;il soit tr\u00e8s important d&#8217;\u00eatre pr\u00e9venu dans les premi\u00e8res ann\u00e9es de la vie, il ne faut pas oublier qu&#8217;il est important d&#8217;avoir des contr\u00f4les r\u00e9guliers pendant la grossesse et l&#8217;accouchement. Les neurologues pour enfants soulignent qu&#8217;il existe certaines conditions neurologiques o\u00f9 la d\u00e9tection pr\u00e9coce fournit un traitement plus appropri\u00e9 et un meilleur pronostic pour l&#8217;avenir et le d\u00e9veloppement de l&#8217;enfant.<\/p>\n<p>Elle se fait au travers de la Neurologie de l&#8217;Enfant, sp\u00e9cialit\u00e9 m\u00e9dicale charg\u00e9e de pr\u00e9venir, diagnostiquer et traiter toutes les pathologies et troubles affectant le syst\u00e8me nerveux central et les nerfs p\u00e9riph\u00e9riques (cerveau, moelle \u00e9pini\u00e8re et tous les nerfs p\u00e9riph\u00e9riques) de la grossesse \u00e0 l&#8217;adolescence. Dans la plupart des cas (en raison d&#8217;un diagnostic rapide), il pr\u00e9vient ou arr\u00eate la progression des l\u00e9sions neurologiques.<\/p>\n<h2><strong>Quels enfants devraient \u00eatre \u00e9valu\u00e9s par un neurologue&nbsp;?<\/strong><\/h2>\n<ul>\n<li>Enfant pr\u00e9matur\u00e9 car cet enfant pr\u00e9sente un risque neurologique plus \u00e9lev\u00e9.<\/li>\n<li>Enfant pr\u00e9sent \u00e0 la naissance&nbsp;: enc\u00e9phalopathie isch\u00e9mique hypoxique, convulsions n\u00e9onatales, paralysie brachiale, paralysie faciale, apn\u00e9es ou infections cong\u00e9nitales.<\/li>\n<li>Un enfant avec un d\u00e9veloppement psychomoteur retard\u00e9, par exemple, incapable de se tenir la t\u00eate \u00e0 trois mois, incapable de s&#8217;asseoir \u00e0 six mois, incapable de marcher \u00e0 14 mois, incapable de dire des mots ou de comprendre des commandes simples apr\u00e8s la premi\u00e8re ann\u00e9e de vie.<\/li>\n<li>L&#8217;enfant qui ne peut pas \u00e9tablir un rythme de sommeil appropri\u00e9.<\/li>\n<li>L&#8217;enfant qui ne communique pas bien ou qui n&#8217;\u00e9tablit pas de liens affectifs est extr\u00eamement irritable.<\/li>\n<li>Un enfant qui a perdu certaines des fonctions qu&#8217;il a acquises dans son d\u00e9veloppement ou qui s&#8217;est arr\u00eat\u00e9 dans son d\u00e9veloppement.<\/li>\n<li>Enfant tr\u00e8s doux qui prend des postures anormales.<\/li>\n<li>Un enfant qui ne montre pas un mod\u00e8le de croissance appropri\u00e9 en termes de poids, de taille et de circonf\u00e9rence de la t\u00eate.<\/li>\n<li>Un enfant avec un retard de langage, un vocabulaire pauvre, une mauvaise prononciation et des difficult\u00e9s \u00e0 comprendre les commandes.<\/li>\n<li>Enfant montrant de mauvais r\u00e9sultats scolaires, refus scolaire.<\/li>\n<li>Enfant se plaignant de maux de t\u00eate ou de vertiges.<\/li>\n<li>L&#8217;enfant qui a des troubles de la marche tombe souvent, se fatigue tr\u00e8s rapidement ou a une faiblesse musculaire.<\/li>\n<li>Le motard maladroit qui fait tomber des choses ne s&#8217;accroche \u00e0 rien.<\/li>\n<li>L&#8217;enfant perdu.<\/li>\n<li>Gar\u00e7on avec des tics.<\/li>\n<li>Un enfant avec une crise f\u00e9brile ou non f\u00e9brile.<\/li>\n<li>Enfant montrant un changement dans son comportement habituel.<\/li>\n<li>Enfant porteur de malformations cong\u00e9nitales, de syndromes g\u00e9n\u00e9tiques ou de maladies m\u00e9taboliques.<\/li>\n<li>Enfant atteint de paralysie c\u00e9r\u00e9brale.<\/li>\n<\/ul>\n<h2>Domaine d&#8217;\u00e9tudes en neurologie p\u00e9diatrique<\/h2>\n<ul>\n<li>\u00c9pilepsie<\/li>\n<li>Troubles du sommeil<\/li>\n<li>Mal de cr\u00e2ne<\/li>\n<li>Syndrome de d\u00e9ficit de l&#8217;attention avec ou sans hyperactivit\u00e9<\/li>\n<li>maladies neuromusculaires<\/li>\n<li>Maladies c\u00e9r\u00e9brovasculaires<\/li>\n<li>D\u00e9veloppement psychomoteur et langage<\/li>\n<li>apprendre les difficult\u00e9s<\/li>\n<li>neuror\u00e9habilitation<\/li>\n<li>blessures \u00e0 la t\u00eate<\/li>\n<li>Maladies de la colonne vert\u00e9brale et de la moelle \u00e9pini\u00e8re<\/li>\n<\/ul>\n<h3><strong>Alternatives de diagnostic et de traitement<\/strong><\/h3>\n<p>La prise en charge d\u00e9bute par un diagnostic neurologique et se poursuit par le suivi d&#8217;actions th\u00e9rapeutiques et d&#8217;orientation familiale visant \u00e0 cr\u00e9er les meilleures conditions de vie et d&#8217;int\u00e9gration sociale du patient.<\/p>\n<p>Le Service de Neurologie P\u00e9diatrique propose toutes les \u00e9volutions actuelles du processus de diagnostic des maladies du syst\u00e8me nerveux, qui s&#8217;ajoutent aux \u00e9volutions de la neurophysiologie, de la neuroimagerie (statique et fonctionnelle), de la g\u00e9n\u00e9tique, de la biologie mol\u00e9culaire et de l&#8217;approfondissement des connaissances neurochimiques du cerveau, au service de les soins aux patients. Il fonctionne avec une approche globale de la personne et de sa famille.[\/vc_column_text][\/vc_column][\/vc_row]<\/p>\n<\/div>","protected":false},"excerpt":{"rendered":"<p>[vc_row][vc_column][vc_column_text woodmart_inline=&#8221;no&#8221; text_larger=&#8221;no&#8221;]Il est normal que les parents aient des attentes \u00e9lev\u00e9es pour le d\u00e9veloppement de leur enfant, qui est<\/p>\n","protected":false},"author":2,"featured_media":0,"parent":0,"menu_order":0,"comment_status":"closed","ping_status":"closed","template":"","meta":{"footnotes":""},"class_list":["post-10049","page","type-page","status-publish","hentry"],"_links":{"self":[{"href":"https:\/\/www.baysalsaglik.com\/fr\/wp-json\/wp\/v2\/pages\/10049","targetHints":{"allow":["GET"]}}],"collection":[{"href":"https:\/\/www.baysalsaglik.com\/fr\/wp-json\/wp\/v2\/pages"}],"about":[{"href":"https:\/\/www.baysalsaglik.com\/fr\/wp-json\/wp\/v2\/types\/page"}],"author":[{"embeddable":true,"href":"https:\/\/www.baysalsaglik.com\/fr\/wp-json\/wp\/v2\/users\/2"}],"replies":[{"embeddable":true,"href":"https:\/\/www.baysalsaglik.com\/fr\/wp-json\/wp\/v2\/comments?post=10049"}],"version-history":[{"count":0,"href":"https:\/\/www.baysalsaglik.com\/fr\/wp-json\/wp\/v2\/pages\/10049\/revisions"}],"wp:attachment":[{"href":"https:\/\/www.baysalsaglik.com\/fr\/wp-json\/wp\/v2\/media?parent=10049"}],"curies":[{"name":"wp","href":"https:\/\/api.w.org\/{rel}","templated":true}]}}