{"id":10061,"date":"2022-05-26T16:53:43","date_gmt":"2022-05-26T13:53:43","guid":{"rendered":"https:\/\/www.baysalsaglik.com\/endocrinologie-pediatrique\/"},"modified":"2022-05-26T21:22:47","modified_gmt":"2022-05-26T18:22:47","slug":"endocrinologie-pediatrique","status":"publish","type":"page","link":"https:\/\/www.baysalsaglik.com\/fr\/endocrinologie-pediatrique\/","title":{"rendered":"Endocrinologie p\u00e9diatrique"},"content":{"rendered":"<div class=\"wpb-content-wrapper\"><p>[vc_row][vc_column][vc_column_text woodmart_inline=&#8221;no&#8221; text_larger=&#8221;no&#8221;]Si votre enfant souffre de croissance, de pubert\u00e9, de diab\u00e8te ou d&#8217;autres conditions li\u00e9es aux hormones et aux glandes qui les fabriquent, un endocrinologue p\u00e9diatrique peut traiter votre enfant.<\/p>\n<p>Les hormones sont des substances chimiques qui affectent le fonctionnement d&#8217;autres parties du corps. Par exemple, les hormones d\u00e9cident de la fa\u00e7on dont un enfant grandit et m\u00fbrit. Les glandes endocrines, comme l&#8217;hypophyse, lib\u00e8rent des hormones dans le sang. L&#8217;endocrinologie est la science qui \u00e9tudie ces glandes et les effets des hormones.<\/p>\n<p>Les probl\u00e8mes rencontr\u00e9s par un endocrinologue p\u00e9diatrique sont tr\u00e8s diff\u00e9rents de ceux couramment rencontr\u00e9s par un endocrinologue qui voit habituellement des adultes. Une \u00e9ducation sp\u00e9ciale dans les conditions p\u00e9diatriques concernant la croissance et le d\u00e9veloppement est importante. Les probl\u00e8mes hormonaux sont souvent pr\u00e9sents tout au long de la vie. Les endocrinologues p\u00e9diatres traitent les troubles hormonaux \u00e0 tous les stades de l&#8217;enfance et de l&#8217;adolescence.<\/p>\n<h2><strong>Quels types de traitements les endocrinologues p\u00e9diatriques fournissent-ils&nbsp;?<\/strong><\/h2>\n<p>Les endocrinologues p\u00e9diatres sont responsables du diagnostic, du traitement et du suivi des troubles hormonaux, notamment&nbsp;:<\/p>\n<ul>\n<li>Probl\u00e8mes de croissance tels qu&#8217;une petite taille<\/li>\n<li>Pubert\u00e9 pr\u00e9coce ou retard\u00e9e<\/li>\n<li>Glandes thyro\u00efdiennes hypertrophi\u00e9es (goitre)<\/li>\n<li>Glande thyro\u00efde insuffisante et hyperactive<\/li>\n<li>Hypofonction ou hyperfonction de l&#8217;hypophyse<\/li>\n<li>Hypofonction ou hyperfonction de la glande surr\u00e9nale<\/li>\n<li>Organes g\u00e9nitaux ind\u00e9termin\u00e9s\/intersexu\u00e9s<\/li>\n<li>Dysfonctionnement ovarien et testiculaire<\/li>\n<li>Diab\u00e8te<\/li>\n<li>faible taux de sucre dans le sang (hypoglyc\u00e9mie)<\/li>\n<li>Ob\u00e9sit\u00e9<\/li>\n<li>Probl\u00e8mes de vitamine D (rachitisme, hypocalc\u00e9mie)<\/li>\n<\/ul>\n<p><strong>Endocrinologues p\u00e9diatriques&nbsp;: soins optimaux pour les enfants<\/strong><\/p>\n<p>Les enfants ne sont pas que de petits adultes. Ils ont des besoins particuliers concernant leur croissance et leur d\u00e9veloppement en tant qu&#8217;individus en pleine croissance. De plus, leurs besoins psychologiques sont diff\u00e9rents de ceux des adultes. Les probl\u00e8mes hormonaux qui affectent la croissance ou le d\u00e9veloppement sexuel peuvent avoir des effets importants sur la sant\u00e9 physique et \u00e9motionnelle d&#8217;un enfant. Les endocrinologues p\u00e9diatres sont sensibles \u00e0 ces questions.<\/p>\n<p>Un endocrinologue p\u00e9diatrique prend en charge votre enfant dans un cadre adapt\u00e9 aux enfants et aux adolescents. Le personnel de soutien, y compris les infirmi\u00e8res, les psychologues, les \u00e9ducateurs p\u00e9diatriques en diab\u00e8te et les nutritionnistes, s&#8217;adapte aux besoins des enfants et des adolescents.<\/p>\n<p>Les enfants ayant des besoins sp\u00e9ciaux exigent que les endocrinologues p\u00e9diatriques travaillent en \u00e9troite collaboration avec les p\u00e9diatres de soins primaires pour fournir des soins coordonn\u00e9s et complets. Les endocrinologues p\u00e9diatres ont une formation et une exp\u00e9rience approfondies dans la prise en charge des enfants et le traitement des enfants souffrant de troubles endocriniens et de probl\u00e8mes hormonaux. Si votre p\u00e9diatre recommande que votre enfant consulte un endocrinologue p\u00e9diatrique, assurez-vous que votre enfant recevra les meilleurs soins m\u00e9dicaux possibles.<\/p>\n<h2><strong>Importance de l&#8217;endocrinologie p\u00e9diatrique<\/strong><\/h2>\n<p>Chez les enfants et les adolescents, certains changements hormonaux peuvent compromettre leur croissance et leur d\u00e9veloppement. Pour cette raison, avant l&#8217;apparition des premiers signes de pubert\u00e9 (environ 8-9 ans), il faut consulter un sp\u00e9cialiste pour voir si tout est en ordre. Cependant, une r\u00e9f\u00e9rence imm\u00e9diate est n\u00e9cessaire si le p\u00e9diatre ou ses parents d\u00e9tectent des anomalies ant\u00e9rieures.<\/p>\n<p>L&#8217;endocrinologie p\u00e9diatrique est le domaine charg\u00e9 d&#8217;\u00e9valuer cette question, qui traite de l&#8217;\u00e9tude des maladies caus\u00e9es par des modifications des glandes endocrines (hypophyse, thyro\u00efde, surr\u00e9nales, autres).<\/p>\n<h3>Certains signes \u00e0 surveiller sont les suivants :<\/h3>\n<ul>\n<li>Petite taille (inf\u00e9rieure au 5e centile pour la taille\/\u00e2ge), petite taille pour la taille de ses parents, croissance lente (baisse de la courbe de croissance).<\/li>\n<li>Exc\u00e8s de pilosit\u00e9 corporelle.<\/li>\n<li>D\u00e9veloppement mammaire chez les filles ou d\u00e9veloppement testiculaire chez les gar\u00e7ons \u00e0 un \u00e2ge inappropri\u00e9.<\/li>\n<li>L&#8217;ob\u00e9sit\u00e9 est particuli\u00e8rement importante lorsqu&#8217;elle peut alt\u00e9rer le contr\u00f4le glyc\u00e9mique ou \u00eatre associ\u00e9e \u00e0 une croissance lente.<\/li>\n<li>Probl\u00e8mes avec le m\u00e9tabolisme des glucides, comme le diab\u00e8te.<\/li>\n<li>Pathologie li\u00e9e \u00e0 la glande thyro\u00efde, comme l&#8217;hypothyro\u00efdie, l&#8217;hyperthyro\u00efdie, surtout s&#8217;il y a des ant\u00e9c\u00e9dents de maladie thyro\u00efdienne chez les parents directs.<\/li>\n<\/ul>\n<p>Le principal motif de consultation des parents est li\u00e9 \u00e0 la courbe de croissance de leur enfant. Il y a une grande inqui\u00e9tude au sujet du probl\u00e8me avec l&#8217;attente qu&#8217;ils sont plus grands qu&#8217;ils ne le sont.<\/p>\n<h4>Certaines des causes de la petite taille peuvent \u00eatre :<\/h4>\n<ul>\n<li>pubert\u00e9 retard\u00e9e<\/li>\n<li>d\u00e9ficit en hormone de croissance<\/li>\n<li>Petite taille familiale ou petite taille structurelle (faible taux de croissance). Une croissance insuffisante peut \u00eatre le premier signe d&#8217;hypothyro\u00efdie ou de probl\u00e8mes gastro-intestinaux tels que la malabsorption.<\/li>\n<\/ul>\n<p>[\/vc_column_text][\/vc_column][\/vc_row]<\/p>\n<\/div>","protected":false},"excerpt":{"rendered":"<p>[vc_row][vc_column][vc_column_text woodmart_inline=&#8221;no&#8221; text_larger=&#8221;no&#8221;]Si votre enfant souffre de croissance, de pubert\u00e9, de diab\u00e8te ou d&#8217;autres conditions li\u00e9es aux hormones et aux<\/p>\n","protected":false},"author":2,"featured_media":0,"parent":0,"menu_order":0,"comment_status":"closed","ping_status":"closed","template":"","meta":{"footnotes":""},"class_list":["post-10061","page","type-page","status-publish","hentry"],"_links":{"self":[{"href":"https:\/\/www.baysalsaglik.com\/fr\/wp-json\/wp\/v2\/pages\/10061","targetHints":{"allow":["GET"]}}],"collection":[{"href":"https:\/\/www.baysalsaglik.com\/fr\/wp-json\/wp\/v2\/pages"}],"about":[{"href":"https:\/\/www.baysalsaglik.com\/fr\/wp-json\/wp\/v2\/types\/page"}],"author":[{"embeddable":true,"href":"https:\/\/www.baysalsaglik.com\/fr\/wp-json\/wp\/v2\/users\/2"}],"replies":[{"embeddable":true,"href":"https:\/\/www.baysalsaglik.com\/fr\/wp-json\/wp\/v2\/comments?post=10061"}],"version-history":[{"count":0,"href":"https:\/\/www.baysalsaglik.com\/fr\/wp-json\/wp\/v2\/pages\/10061\/revisions"}],"wp:attachment":[{"href":"https:\/\/www.baysalsaglik.com\/fr\/wp-json\/wp\/v2\/media?parent=10061"}],"curies":[{"name":"wp","href":"https:\/\/api.w.org\/{rel}","templated":true}]}}