{"id":10067,"date":"2022-05-26T16:46:51","date_gmt":"2022-05-26T13:46:51","guid":{"rendered":"https:\/\/www.baysalsaglik.com\/services-de-sante-oculaire-et-doptique\/"},"modified":"2022-05-26T21:22:53","modified_gmt":"2022-05-26T18:22:53","slug":"services-de-sante-oculaire-et-doptique","status":"publish","type":"page","link":"https:\/\/www.baysalsaglik.com\/fr\/services-de-sante-oculaire-et-doptique\/","title":{"rendered":"Services de sant\u00e9 oculaire et d&#8217;optique"},"content":{"rendered":"<div class=\"wpb-content-wrapper\"><p>[vc_row][vc_column][vc_column_text woodmart_inline=&#8221;no&#8221; text_larger=&#8221;no&#8221;]Les services de sant\u00e9 oculaire et optique sont le traitement des maladies qui surviennent dans les yeux. Les maladies oculaires sont des maladies qui causent des probl\u00e8mes beaucoup plus importants si elles ne sont pas trait\u00e9es. Aujourd&#8217;hui, diff\u00e9rentes maladies oculaires peuvent survenir chez les individus pour diverses raisons. Alors, quelles sont les maladies oculaires les plus courantes chez les individus aujourd&#8217;hui&nbsp;? Examinons ces maladies en d\u00e9tail.<\/p>\n<h2><strong>Quelles sont les maladies oculaires les plus courantes&nbsp;?<\/strong><\/h2>\n<p>Il est possible de lister les maladies oculaires les plus courantes comme suit.<\/p>\n<h3><strong>Maladies li\u00e9es \u00e0 l&#8217;\u00e2ge<\/strong><\/h3>\n<ul>\n<li>d\u00e9g\u00e9n\u00e9rescence r\u00e9tinienne<\/li>\n<li>Cataracte<\/li>\n<li>Maladies oculaires dues au diab\u00e8te<\/li>\n<li>Pression oculaire<\/li>\n<li>maladie des points jaunes<\/li>\n<\/ul>\n<h3><strong>Maladies oculaires cong\u00e9nitales<\/strong><\/h3>\n<ul>\n<li>daltonisme<\/li>\n<li>oeil paresseux<\/li>\n<li>Strabisme<\/li>\n<\/ul>\n<h3><strong>Maladies oculaires survenant dans des conditions telles que l&#8217;allergie, l&#8217;inflammation et l&#8217;infection<\/strong><\/h3>\n<ul>\n<li>Orgelet<\/li>\n<li>Conjonctivite<\/li>\n<li>Inflammation de la langue des cils<\/li>\n<li>uv\u00e9ite<\/li>\n<\/ul>\n<h3><strong>Maladies caus\u00e9es par des facteurs environnementaux et g\u00e9n\u00e9tiques<\/strong><\/h3>\n<ul>\n<li>Bah\u00e7et<\/li>\n<li>probl\u00e8mes de paupi\u00e8res<\/li>\n<li>K\u00e9ratoc\u00f4ne<\/li>\n<li>Myope<\/li>\n<li>Hyperm\u00e9trope<\/li>\n<li>astigmatisme<\/li>\n<\/ul>\n<h2><strong>Quels sont les sympt\u00f4mes des maladies oculaires ?<\/strong><\/h2>\n<p>Certains sympt\u00f4mes de probl\u00e8mes oculaires surviennent pour diverses raisons. Ces sympt\u00f4mes peuvent varier selon certaines maladies. Cependant, les indications g\u00e9n\u00e9rales sont les suivantes.<\/p>\n<ul>\n<li>douleur dans les yeux<\/li>\n<li>Difficult\u00e9 \u00e0 ouvrir et fermer les paupi\u00e8res<\/li>\n<li>Sensation d&#8217;avoir un corps \u00e9tranger coinc\u00e9 dans l&#8217;\u0153il<\/li>\n<li>Larmes aux yeux et pleurs<\/li>\n<li>larme, bavures<\/li>\n<li>Apparition d&#8217;un certain r\u00e9tr\u00e9cissement et d&#8217;une basse vision dans le champ visuel<\/li>\n<li>Paupi\u00e8re tombante<\/li>\n<\/ul>\n<h2><strong>Diagnostic des maladies oculaires <\/strong><\/h2>\n<p>Les tests oculaires sont des tests pour voir s&#8217;il y a un probl\u00e8me avec les yeux. Alors que certains tests oculaires sont effectu\u00e9s par des m\u00e9decins, certains tests oculaires peuvent \u00eatre effectu\u00e9s par les individus eux-m\u00eames.<\/p>\n<p>Si vous allez chez un ophtalmologiste, l&#8217;examen de la vue dure environ une demi-heure. Dans ce cas, vos yeux sont test\u00e9s sous diff\u00e9rents aspects. L&#8217;ophtalmologiste \u00e9value l&#8217;acuit\u00e9 visuelle pour mesurer votre vision avec clart\u00e9 et finesse des d\u00e9tails. Les types de tests oculaires effectu\u00e9s pour comprendre les troubles visuels sont g\u00e9n\u00e9ralement les suivants.<\/p>\n<p><strong>Types de tests oculaires<\/strong><\/p>\n<h4><strong>Essai de r\u00e9fraction<\/strong><\/h4>\n<p>Le test de r\u00e9fraction, qui fait partie des tests oculaires, montre que la lumi\u00e8re est r\u00e9fract\u00e9e et tombe sur la r\u00e9tine. Avec le test de r\u00e9fraction, les probl\u00e8mes oculaires tels que la myopie, l&#8217;astigmatisme et l&#8217;hyperm\u00e9tropie sont mesur\u00e9s. Si ces probl\u00e8mes, qui comptent parmi les probl\u00e8mes oculaires les plus courants, sont d\u00e9tect\u00e9s, un test s\u00e9par\u00e9 est effectu\u00e9 pour mesurer la distance \u00e0 laquelle vous pouvez voir.<\/p>\n<h4><strong>Test de Snellen<\/strong><\/h4>\n<p>Le test de Snellen est un autre test appliqu\u00e9 aux personnes ayant des probl\u00e8mes oculaires. Le test effectu\u00e9 par Herman Snellen consiste en ce qu&#8217;on appelle le tableau des yeux. Le tableau en question contient des lettres de l&#8217;alphabet latin, grandes et petites. Ce test est le test le plus fr\u00e9quemment pratiqu\u00e9 par les ophtalmologistes. Si vous avez des difficult\u00e9s \u00e0 lire les chiffres et les lettres du tableau, cela signifie qu&#8217;il y a un probl\u00e8me avec vos yeux.<\/p>\n<h4><strong>Test de daltonisme<\/strong><\/h4>\n<p>Le test de daltonisme, comme son nom l&#8217;indique, est effectu\u00e9 pour d\u00e9terminer si les individus sont daltoniens. De nombreux tests sont effectu\u00e9s pour comprendre le daltonisme. Ce test, \u00e9galement connu sous le nom de test Ishihara, Farnsworth Munsell D-15, Farnsworth Lantern, est sp\u00e9cialement pr\u00e9par\u00e9. Il y a des chiffres \u00e0 l&#8217;int\u00e9rieur du cercle de diff\u00e9rentes couleurs. Ces num\u00e9ros sont demand\u00e9s \u00e0 \u00eatre lus par des particuliers. Les personnes daltoniennes ne savent pas lire les chiffres. Parce qu&#8217;il voit le nombre et la couleur autour de lui.<\/p>\n<h4><strong>Test de la grille d&#8217;Amsler<\/strong><\/h4>\n<p>Le test de la grille d&#8217;Amsler n&#8217;est pas utilis\u00e9 dans les examens oculaires de routine. Il est utilis\u00e9 pour diagnostiquer la d\u00e9g\u00e9n\u00e9rescence maculaire li\u00e9e \u00e0 l&#8217;\u00e2ge. Ce test, que les particuliers peuvent appliquer \u00e0 domicile, est extr\u00eamement important pour les personnes de plus de 40 ans.<\/p>\n<p>Les tests de vision mentionn\u00e9s ci-dessus sont des tests effectu\u00e9s par les m\u00e9decins et les individus eux-m\u00eames. \u00c0 ce stade, nous pouvons dire que ces tests sont extr\u00eamement importants.<\/p>\n<h2><strong>Comment se d\u00e9roule le traitement des yeux&nbsp;?<\/strong><\/h2>\n<p>Afin de choisir la m\u00e9thode de traitement des probl\u00e8mes oculaires, tout d&#8217;abord, le probl\u00e8me oculaire doit \u00eatre diagnostiqu\u00e9. La survenue d&#8217;un r\u00e9tr\u00e9cissement du champ visuel ou la pr\u00e9sence d&#8217;une douleur inconfortable dans l&#8217;\u0153il affecte profond\u00e9ment la vie quotidienne des individus. Pour cette raison, les ophtalmologistes essaient de r\u00e9soudre le probl\u00e8me dans les yeux d\u00e8s que possible en fonction de l&#8217;examen. Conform\u00e9ment \u00e0 un examen oculaire d\u00e9taill\u00e9, l&#8217;utilisation de lunettes, une intervention chirurgicale ou des m\u00e9dicaments peuvent \u00eatre appliqu\u00e9s sous la direction du m\u00e9decin.<\/p>\n<p>Un diagnostic correct des probl\u00e8mes oculaires pr\u00e9vient la perte temporaire ou permanente des yeux. Pour cette raison, si vous sentez qu&#8217;il y a quelque chose d&#8217;inhabituel dans vos yeux, vous ne devez pas oublier que vous devez demander l&#8217;aide d&#8217;un ophtalmologiste professionnel.<\/p>\n<p>Baysal Health vous aide \u00e0 trouver le meilleur m\u00e9decin et h\u00f4pital pour le traitement des maladies oculaires. Vous pouvez nous contacter pour plus d&#8217;informations.[\/vc_column_text][\/vc_column][\/vc_row]<\/p>\n<\/div>","protected":false},"excerpt":{"rendered":"<p>[vc_row][vc_column][vc_column_text woodmart_inline=&#8221;no&#8221; text_larger=&#8221;no&#8221;]Les services de sant\u00e9 oculaire et optique sont le traitement des maladies qui surviennent dans les yeux. Les<\/p>\n","protected":false},"author":2,"featured_media":0,"parent":0,"menu_order":0,"comment_status":"closed","ping_status":"closed","template":"","meta":{"footnotes":""},"class_list":["post-10067","page","type-page","status-publish","hentry"],"_links":{"self":[{"href":"https:\/\/www.baysalsaglik.com\/fr\/wp-json\/wp\/v2\/pages\/10067","targetHints":{"allow":["GET"]}}],"collection":[{"href":"https:\/\/www.baysalsaglik.com\/fr\/wp-json\/wp\/v2\/pages"}],"about":[{"href":"https:\/\/www.baysalsaglik.com\/fr\/wp-json\/wp\/v2\/types\/page"}],"author":[{"embeddable":true,"href":"https:\/\/www.baysalsaglik.com\/fr\/wp-json\/wp\/v2\/users\/2"}],"replies":[{"embeddable":true,"href":"https:\/\/www.baysalsaglik.com\/fr\/wp-json\/wp\/v2\/comments?post=10067"}],"version-history":[{"count":0,"href":"https:\/\/www.baysalsaglik.com\/fr\/wp-json\/wp\/v2\/pages\/10067\/revisions"}],"wp:attachment":[{"href":"https:\/\/www.baysalsaglik.com\/fr\/wp-json\/wp\/v2\/media?parent=10067"}],"curies":[{"name":"wp","href":"https:\/\/api.w.org\/{rel}","templated":true}]}}