{"id":10231,"date":"2022-05-26T23:06:43","date_gmt":"2022-05-26T20:06:43","guid":{"rendered":"https:\/\/www.baysalsaglik.com\/agiz-dis-ve-cene-sagligi\/"},"modified":"2022-05-27T16:44:49","modified_gmt":"2022-05-27T13:44:49","slug":"sante-bucco-dentaire-et-de-la-machoire","status":"publish","type":"page","link":"https:\/\/www.baysalsaglik.com\/fr\/sante-bucco-dentaire-et-de-la-machoire\/","title":{"rendered":"Sant\u00e9 bucco-dentaire et de la m\u00e2choire"},"content":{"rendered":"<div class=\"wpb-content-wrapper\"><p>[vc_row][vc_column][vc_column_text woodmart_inline=&#8221;no&#8221; text_larger=&#8221;no&#8221;]Chirurgie buccale, dentaire et maxillo-faciale\u00a0; En plus des tissus mous de la bouche, il joue un r\u00f4le dans l&#8217;\u00e9limination de tous les troubles li\u00e9s aux dents, \u00e0 la m\u00e2choire et aux articulations de la m\u00e2choire. Dans ce contexte, le diagnostic et le traitement des maladies li\u00e9es \u00e0 la structure de la bouche et des dents sont effectu\u00e9s dans ce domaine. L&#8217;objectif de la chirurgie buccale, dentaire et maxillo-faciale, o\u00f9 les processus de traitement sont tr\u00e8s divers, est d&#8217;am\u00e9liorer la sant\u00e9 des patients.<\/p>\n<p>Traitements appliqu\u00e9s dans le cadre de la sant\u00e9 bucco-dentaire et de la m\u00e2choire<\/p>\n<p>Lorsque les patients s&#8217;adressent au Baysal Health Center pour des plaintes concernant la sant\u00e9 bucco-dentaire, les traitements et applications suivants sont appliqu\u00e9s. Ces pratiques sont essentielles pour \u00eatre \u00e0 l&#8217;aise et en bonne sant\u00e9 au sens de base.<\/p>\n<p>extraction dentaire int\u00e9gr\u00e9e,<br \/>\nApplications d&#8217;implants dentaires,<br \/>\nfabrication de proth\u00e8ses,<br \/>\nTraitement des inflammations du menton et du visage,<br \/>\nTraitement des fractures des dents et de la m\u00e2choire,<br \/>\nTraitements des troubles de l&#8217;articulation temporo-mandibulaire,<br \/>\nReconstruction des os de la m\u00e2choire et des tissus mous autour de l&#8217;os,<br \/>\nChirurgie implantaire.<\/p>\n<p>En plus des traitements et pratiques \u00e9num\u00e9r\u00e9s ci-dessus, de nombreux traitements pour la sant\u00e9 bucco-dentaire sont \u00e9galement propos\u00e9s par Baysal Health. Toutes les applications sont r\u00e9alis\u00e9es dans des conditions hygi\u00e9niques en termes de structure dentaire saine et d&#8217;ouverture de la porte \u00e0 la vie.<\/p>\n<p>Qu&#8217;est-ce qu&#8217;un implant dentaire? A qui s&#8217;applique-t-il ?<\/p>\n<p>L&#8217;implant dentaire est l&#8217;une des applications les plus privil\u00e9gi\u00e9es dans le cadre de la sant\u00e9 bucco-dentaire et maxillo-faciale. Il est pr\u00e9f\u00e9rable de compenser la perte de dents due \u00e0 des probl\u00e8mes survenant pour diverses raisons. Tout en offrant une dent naturelle, saine et durable, il peut \u00eatre appliqu\u00e9 sur plus d&#8217;une dent. Le but des implants dentaires, dont la p\u00e9riode de traitement se poursuit pendant 3 \u00e0 6 mois, est d&#8217;\u00e9liminer la carence dentaire du patient. Dans ce cadre, des applications professionnelles sont r\u00e9alis\u00e9es.<\/p>\n<p>Extraction dentaire<\/p>\n<p>Avec l&#8217;apparition de structures devenues inutilisables pour diverses raisons ou appel\u00e9es dents incluses dans la bouche, des services d&#8217;extraction dentaire sont appliqu\u00e9s. Avec l&#8217;extraction dentaire, les dents malsaines qui peuvent endommager d&#8217;autres dents sont retir\u00e9es de la bouche. De plus, les pr\u00e9parations pr\u00e9liminaires pour une structure dentaire plus saine sont termin\u00e9es.<\/p>\n<p>Traitement de blanchiment des dents<\/p>\n<p>Bien que les dents aient des couleurs naturelles entre le blanc et le jaune, les changements qui se produisent avec le temps entra\u00eenent de s\u00e9rieuses diff\u00e9rences dans les couleurs des dents. \u00c0 cet \u00e9gard, il est n\u00e9cessaire de mentionner la grande influence des facteurs environnementaux et des habitudes alimentaires. En fait, dans les changements de couleur observ\u00e9s dans les dents, il y a des couleurs qui changent \u00e0 l&#8217;int\u00e9rieur ou \u00e0 l&#8217;ext\u00e9rieur. Nos sp\u00e9cialistes, qui effectuent le blanchiment des dents en r\u00e9ponse \u00e0 de telles n\u00e9gativit\u00e9s, vous permettent d&#8217;avoir des dents plus saines et naturelles. Bien que nous blanchissions vos dents avec des applications naturelles, nous vous permettons \u00e9galement d&#8217;avoir un sourire plus confiant.<\/p>\n<p>Processus dans les traitements de sant\u00e9 bucco-dentaire et maxillo-faciale<\/p>\n<p>Afin d&#8217;amener la sant\u00e9 bucco-dentaire \u00e0 un niveau id\u00e9al, les patients doivent \u00eatre trait\u00e9s \u00e0 intervalles r\u00e9guliers. En effet, le fait que les dents soient constamment associ\u00e9es \u00e0 la nourriture fait partie des facteurs les plus importants qui d\u00e9clencheront la formation de bact\u00e9ries. De plus, en cas de carence nutritionnelle et de diff\u00e9renciation des facteurs environnementaux, diff\u00e9rentes situations se pr\u00e9sentent en mati\u00e8re de sant\u00e9 bucco-dentaire. Par cons\u00e9quent, le processus de traitement n&#8217;est pas le m\u00eame pour tous les patients.<\/p>\n<p>Dans le cadre des contr\u00f4les pr\u00e9liminaires effectu\u00e9s par les experts de Baysal Health, les applications les plus id\u00e9ales sont d\u00e9termin\u00e9es pour le patient. Une fois les d\u00e9terminations n\u00e9cessaires effectu\u00e9es, le processus de traitement dentaire est effectu\u00e9. \u00c0 ce stade, le point le plus important est que le patient soit en bonne sant\u00e9 et se d\u00e9barrasse de tous les probl\u00e8mes li\u00e9s \u00e0 la sant\u00e9 dentaire.[\/vc_column_text][\/vc_column][\/vc_row]<\/p>\n<\/div>","protected":false},"excerpt":{"rendered":"<p>[vc_row][vc_column][vc_column_text woodmart_inline=&#8221;no&#8221; text_larger=&#8221;no&#8221;]Chirurgie buccale, dentaire et maxillo-faciale\u00a0; En plus des tissus mous de la bouche, il joue un r\u00f4le dans<\/p>\n","protected":false},"author":2,"featured_media":0,"parent":0,"menu_order":0,"comment_status":"closed","ping_status":"closed","template":"","meta":{"footnotes":""},"class_list":["post-10231","page","type-page","status-publish","hentry"],"_links":{"self":[{"href":"https:\/\/www.baysalsaglik.com\/fr\/wp-json\/wp\/v2\/pages\/10231","targetHints":{"allow":["GET"]}}],"collection":[{"href":"https:\/\/www.baysalsaglik.com\/fr\/wp-json\/wp\/v2\/pages"}],"about":[{"href":"https:\/\/www.baysalsaglik.com\/fr\/wp-json\/wp\/v2\/types\/page"}],"author":[{"embeddable":true,"href":"https:\/\/www.baysalsaglik.com\/fr\/wp-json\/wp\/v2\/users\/2"}],"replies":[{"embeddable":true,"href":"https:\/\/www.baysalsaglik.com\/fr\/wp-json\/wp\/v2\/comments?post=10231"}],"version-history":[{"count":0,"href":"https:\/\/www.baysalsaglik.com\/fr\/wp-json\/wp\/v2\/pages\/10231\/revisions"}],"wp:attachment":[{"href":"https:\/\/www.baysalsaglik.com\/fr\/wp-json\/wp\/v2\/media?parent=10231"}],"curies":[{"name":"wp","href":"https:\/\/api.w.org\/{rel}","templated":true}]}}