{"id":10244,"date":"2022-05-26T23:08:57","date_gmt":"2022-05-26T20:08:57","guid":{"rendered":"https:\/\/www.baysalsaglik.com\/beyin-cerrahisi\/"},"modified":"2022-05-27T18:55:06","modified_gmt":"2022-05-27T15:55:06","slug":"chirurgie-du-cerveau","status":"publish","type":"page","link":"https:\/\/www.baysalsaglik.com\/fr\/chirurgie-du-cerveau\/","title":{"rendered":"Chirurgie Du Cerveau"},"content":{"rendered":"<div class=\"wpb-content-wrapper\"><p>[vc_row][vc_column][vc_column_text woodmart_inline=&#8221;no&#8221; text_larger=&#8221;no&#8221;]La neurochirurgie s&#8217;occupe du diagnostic et du traitement de tous les troubles li\u00e9s au cerveau, \u00e0 la moelle \u00e9pini\u00e8re et au syst\u00e8me nerveux.<\/p>\n<ul>\n<li>Diagnostic et traitement des tumeurs au cerveau et \u00e0 la moelle \u00e9pini\u00e8re<\/li>\n<li>Diagnostic et traitement de la constriction dans les vaisseaux du cerveau et de la moelle \u00e9pini\u00e8re<\/li>\n<li>Diagnostic et traitement de l&#8217;an\u00e9vrisme dans les vaisseaux du cerveau et de la moelle \u00e9pini\u00e8re<\/li>\n<li>Diagnostic et traitement de l&#8217;augmentation de la quantit\u00e9 de liquide c\u00e9r\u00e9bral<\/li>\n<li>Anomalies cong\u00e9nitales et traitements<\/li>\n<li>Diagnostic et traitement des saignements c\u00e9r\u00e9braux<\/li>\n<li>Diagnostic et traitement de l&#8217;occlusion vasculaire c\u00e9r\u00e9brale<\/li>\n<li>Diagnostic et traitement de la hernie du cou<\/li>\n<li>Diagnostic et traitement de la hernie lombaire<\/li>\n<li>Diagnostic et traitement des maladies neurologiques<\/li>\n<li>Compression et traitement des nerfs des bras et des jambes<\/li>\n<li>Diagnostic chirurgical et traitement des maladies des tics<\/li>\n<li>Diagnostic et traitement de la chirurgie du cancer<\/li>\n<li>Gamma Knife (traitement non chirurgical des tumeurs c\u00e9r\u00e9brales)<\/li>\n<li>Traitement non chirurgical de l&#8217;occlusion c\u00e9r\u00e9brovasculaire<\/li>\n<li>Hydroc\u00e9phalie<\/li>\n<li>Tumeur de l&#8217;hypophyse<\/li>\n<li>Scoliose<\/li>\n<\/ul>\n<h2>Privil\u00e8ges de sant\u00e9 Baysal<\/h2>\n<p>Avec les privil\u00e8ges de Baysal Health, vous pouvez trouver les meilleurs m\u00e9decins et les meilleurs h\u00f4pitaux dans le domaine de la neurochirurgie. Si vous souhaitez avoir les informations les plus d\u00e9taill\u00e9es sur nos services et nos zones de service, vous \u00eates \u00e0 la bonne adresse. Vous pouvez avoir des informations parfaites en nous contactant \u00e0 partir de nos informations de contact sur notre site Web.[\/vc_column_text][\/vc_column][\/vc_row]<\/p>\n<\/div>","protected":false},"excerpt":{"rendered":"<p>[vc_row][vc_column][vc_column_text woodmart_inline=&#8221;no&#8221; text_larger=&#8221;no&#8221;]La neurochirurgie s&#8217;occupe du diagnostic et du traitement de tous les troubles li\u00e9s au cerveau, \u00e0 la moelle<\/p>\n","protected":false},"author":2,"featured_media":0,"parent":0,"menu_order":0,"comment_status":"closed","ping_status":"closed","template":"","meta":{"footnotes":""},"class_list":["post-10244","page","type-page","status-publish","hentry"],"_links":{"self":[{"href":"https:\/\/www.baysalsaglik.com\/fr\/wp-json\/wp\/v2\/pages\/10244","targetHints":{"allow":["GET"]}}],"collection":[{"href":"https:\/\/www.baysalsaglik.com\/fr\/wp-json\/wp\/v2\/pages"}],"about":[{"href":"https:\/\/www.baysalsaglik.com\/fr\/wp-json\/wp\/v2\/types\/page"}],"author":[{"embeddable":true,"href":"https:\/\/www.baysalsaglik.com\/fr\/wp-json\/wp\/v2\/users\/2"}],"replies":[{"embeddable":true,"href":"https:\/\/www.baysalsaglik.com\/fr\/wp-json\/wp\/v2\/comments?post=10244"}],"version-history":[{"count":0,"href":"https:\/\/www.baysalsaglik.com\/fr\/wp-json\/wp\/v2\/pages\/10244\/revisions"}],"wp:attachment":[{"href":"https:\/\/www.baysalsaglik.com\/fr\/wp-json\/wp\/v2\/media?parent=10244"}],"curies":[{"name":"wp","href":"https:\/\/api.w.org\/{rel}","templated":true}]}}