{"id":10256,"date":"2022-05-26T23:10:40","date_gmt":"2022-05-26T20:10:40","guid":{"rendered":"https:\/\/www.baysalsaglik.com\/cocuk-kardiyolojisi-cerrahi\/"},"modified":"2022-05-27T18:51:33","modified_gmt":"2022-05-27T15:51:33","slug":"cardiologie-pediatrique-chirurgie","status":"publish","type":"page","link":"https:\/\/www.baysalsaglik.com\/fr\/cardiologie-pediatrique-chirurgie\/","title":{"rendered":"Cardiologie P\u00e9diatrique \/ Chirurgie"},"content":{"rendered":"<div class=\"wpb-content-wrapper\"><p>[vc_row][vc_column][vc_column_text woodmart_inline=&#8221;hay\u0131r&#8221; text_larger=&#8221;hay\u0131r&#8221;]<\/p>\n<h2>Qu&#8217;est-ce que la chirurgie p\u00e9diatrique ?<\/h2>\n<p>La chirurgie p\u00e9diatrique, \u00e9galement connue sous le nom de chirurgie p\u00e9diatrique, est l&#8217;une des branches importantes de la m\u00e9decine. Si votre enfant souffre d&#8217;une maladie, d&#8217;une blessure ou d&#8217;un \u00e9tat n\u00e9cessitant une intervention chirurgicale, un chirurgien p\u00e9diatrique poss\u00e8de l&#8217;exp\u00e9rience et les qualifications n\u00e9cessaires pour traiter votre enfant. Les probl\u00e8mes chirurgicaux que voient les chirurgiens p\u00e9diatriques sont souvent tr\u00e8s diff\u00e9rents de ceux que voient les chirurgiens g\u00e9n\u00e9ralistes ou adultes. L&#8217;\u00e9ducation sp\u00e9cialis\u00e9e est importante en chirurgie p\u00e9diatrique.<\/p>\n<p>Les chirurgiens p\u00e9diatres traitent les enfants de la naissance \u00e0 l&#8217;adolescence. Ils ont choisi la p\u00e9diatrie comme centre de leur pratique m\u00e9dicale et, gr\u00e2ce \u00e0 une formation avanc\u00e9e et \u00e0 une exp\u00e9rience pratique, ils ont appris la nature unique des soins m\u00e9dicaux et chirurgicaux pour les enfants. Consid\u00e9rant que les enfants ont une structure diff\u00e9rente de celle des adultes, nous pouvons clairement affirmer qu&#8217;ils sont d&#8217;une grande importance.<\/p>\n<h3>Quels types de traitements les chirurgiens p\u00e9diatriques proposent-ils\u00a0?<\/h3>\n<p>Les chirurgiens p\u00e9diatres diagnostiquent, traitent et g\u00e8rent les besoins chirurgicaux des enfants tels que\u00a0:<\/p>\n<p>R\u00e9paration chirurgicale des malformations cong\u00e9nitales<br \/>\nBlessures graves n\u00e9cessitant une intervention chirurgicale (comme une rupture du foie, des coups de couteau ou des blessures par balle)<br \/>\nDiagnostic et prise en charge chirurgicale des tumeurs<br \/>\nop\u00e9rations de transplantation<br \/>\nProc\u00e9dures d&#8217;endoscopie (bronchoscopie, endoscopie digestive haute, coloscopie)<br \/>\nToutes les autres interventions chirurgicales pour les enfants<br \/>\nChirurgiens p\u00e9diatriques\u00a0: les meilleurs soins pour les enfants<\/p>\n<p>Les enfants ne sont pas que de petits adultes. Ils ne peuvent pas toujours dire ce qui les tracasse ou r\u00e9pondre \u00e0 des questions m\u00e9dicales. Ils ne sont pas toujours patients et coop\u00e9ratifs lors d&#8217;un examen m\u00e9dical. Les chirurgiens p\u00e9diatres savent examiner et traiter les enfants de mani\u00e8re rassurante et coop\u00e9rative. De plus, les chirurgiens p\u00e9diatriques utilisent du mat\u00e9riel sp\u00e9cialement con\u00e7u pour les enfants. La plupart des cabinets de chirurgiens p\u00e9diatriques sont con\u00e7us et d\u00e9cor\u00e9s en pensant aux enfants. Des jouets, des vid\u00e9os et du mat\u00e9riel de lecture pour enfants peuvent \u00eatre disponibles dans les salles d&#8217;examen et les salles d&#8217;attente. Cela aide \u00e0 cr\u00e9er un environnement sans stress et amusant pour votre enfant.<\/p>\n<p>Si votre p\u00e9diatre vous recommande d&#8217;emmener votre enfant chez un chirurgien p\u00e9diatrique, vous pouvez \u00eatre assur\u00e9 que votre enfant b\u00e9n\u00e9ficiera de la gamme de traitements la plus large possible, de la formation la plus compl\u00e8te et de l&#8217;exp\u00e9rience la plus \u00e9tendue avec les enfants et le traitement des troubles chirurgicaux.[\/vc_column_text][\/vc_column][\/vc_row][vc_row][vc_column][vc_column_text][\/vc_column_text][\/vc_column][\/vc_row]<\/p>\n<\/div>","protected":false},"excerpt":{"rendered":"<p>[vc_row][vc_column][vc_column_text woodmart_inline=&#8221;hay\u0131r&#8221; text_larger=&#8221;hay\u0131r&#8221;] Qu&#8217;est-ce que la chirurgie p\u00e9diatrique ? La chirurgie p\u00e9diatrique, \u00e9galement connue sous le nom de chirurgie p\u00e9diatrique,<\/p>\n","protected":false},"author":2,"featured_media":0,"parent":0,"menu_order":0,"comment_status":"closed","ping_status":"closed","template":"","meta":{"footnotes":""},"class_list":["post-10256","page","type-page","status-publish","hentry"],"_links":{"self":[{"href":"https:\/\/www.baysalsaglik.com\/fr\/wp-json\/wp\/v2\/pages\/10256","targetHints":{"allow":["GET"]}}],"collection":[{"href":"https:\/\/www.baysalsaglik.com\/fr\/wp-json\/wp\/v2\/pages"}],"about":[{"href":"https:\/\/www.baysalsaglik.com\/fr\/wp-json\/wp\/v2\/types\/page"}],"author":[{"embeddable":true,"href":"https:\/\/www.baysalsaglik.com\/fr\/wp-json\/wp\/v2\/users\/2"}],"replies":[{"embeddable":true,"href":"https:\/\/www.baysalsaglik.com\/fr\/wp-json\/wp\/v2\/comments?post=10256"}],"version-history":[{"count":0,"href":"https:\/\/www.baysalsaglik.com\/fr\/wp-json\/wp\/v2\/pages\/10256\/revisions"}],"wp:attachment":[{"href":"https:\/\/www.baysalsaglik.com\/fr\/wp-json\/wp\/v2\/media?parent=10256"}],"curies":[{"name":"wp","href":"https:\/\/api.w.org\/{rel}","templated":true}]}}