{"id":10276,"date":"2022-05-26T23:13:27","date_gmt":"2022-05-26T20:13:27","guid":{"rendered":"https:\/\/www.baysalsaglik.com\/dahiliye-ic-hastaliklari\/"},"modified":"2022-05-28T13:49:01","modified_gmt":"2022-05-28T10:49:01","slug":"medecine-interne","status":"publish","type":"page","link":"https:\/\/www.baysalsaglik.com\/fr\/medecine-interne\/","title":{"rendered":"M\u00e9decine interne"},"content":{"rendered":"<div class=\"wpb-content-wrapper\"><p>[vc_row][vc_column][vc_column_text woodmart_inline=&#8221;no&#8221; text_larger=&#8221;no&#8221;]Toutes les maladies internes sont diagnostiqu\u00e9es et trait\u00e9es dans notre service de m\u00e9decine interne.<\/p>\n<p>En tant que sous-unit\u00e9s du service des maladies internes\u00a0;<br \/>\ngastro-ent\u00e9rologie<br \/>\nn\u00e9phrologie<br \/>\nRhumatologie<br \/>\nH\u00e9matologie<br \/>\nOncologie m\u00e9dicale<br \/>\ngastro-ent\u00e9rologie<br \/>\nLes maladies d&#8217;endochronologie et du m\u00e9tabolisme peuvent \u00eatre compt\u00e9es.<\/p>\n<p>Dans l&#8217;unit\u00e9 de gastro-ent\u00e9rologie, qui dispose du plus important laboratoire d&#8217;endoscopie de la r\u00e9gion, les troubles du syst\u00e8me digestif sont d\u00e9tect\u00e9s et trait\u00e9s \u00e0 la lumi\u00e8re des \u00e9volutions technologiques. Les applications de gastroscopie et de coloscopie sont r\u00e9alis\u00e9es sous anesth\u00e9sie.<\/p>\n<p>ulc\u00e8re peptique<br \/>\ngastrite<br \/>\nTroubles h\u00e9patiques et biliaires<br \/>\nC\u00f4lon spastique<\/p>\n<p>Le diagnostic de nombreuses maladies, telles que les saignements dans le syst\u00e8me digestif, est facile \u00e0 \u00e9tablir et les patients obtiennent leur traitement en peu de temps. En plus des examens endoscopiques sup\u00e9rieurs et inf\u00e9rieurs du syst\u00e8me digestif, le diagnostic est confirm\u00e9 par des examens \u00e9chographiques et, si n\u00e9cessaire, le diagnostic des maladies est clarifi\u00e9 par des \u00e9tudes tomographiques.[\/vc_column_text][\/vc_column][\/vc_row]<\/p>\n<\/div>","protected":false},"excerpt":{"rendered":"<p>[vc_row][vc_column][vc_column_text woodmart_inline=&#8221;no&#8221; text_larger=&#8221;no&#8221;]Toutes les maladies internes sont diagnostiqu\u00e9es et trait\u00e9es dans notre service de m\u00e9decine interne. En tant que sous-unit\u00e9s<\/p>\n","protected":false},"author":2,"featured_media":0,"parent":0,"menu_order":0,"comment_status":"closed","ping_status":"closed","template":"","meta":{"footnotes":""},"class_list":["post-10276","page","type-page","status-publish","hentry"],"_links":{"self":[{"href":"https:\/\/www.baysalsaglik.com\/fr\/wp-json\/wp\/v2\/pages\/10276","targetHints":{"allow":["GET"]}}],"collection":[{"href":"https:\/\/www.baysalsaglik.com\/fr\/wp-json\/wp\/v2\/pages"}],"about":[{"href":"https:\/\/www.baysalsaglik.com\/fr\/wp-json\/wp\/v2\/types\/page"}],"author":[{"embeddable":true,"href":"https:\/\/www.baysalsaglik.com\/fr\/wp-json\/wp\/v2\/users\/2"}],"replies":[{"embeddable":true,"href":"https:\/\/www.baysalsaglik.com\/fr\/wp-json\/wp\/v2\/comments?post=10276"}],"version-history":[{"count":0,"href":"https:\/\/www.baysalsaglik.com\/fr\/wp-json\/wp\/v2\/pages\/10276\/revisions"}],"wp:attachment":[{"href":"https:\/\/www.baysalsaglik.com\/fr\/wp-json\/wp\/v2\/media?parent=10276"}],"curies":[{"name":"wp","href":"https:\/\/api.w.org\/{rel}","templated":true}]}}