{"id":10290,"date":"2022-05-27T12:30:47","date_gmt":"2022-05-27T09:30:47","guid":{"rendered":"https:\/\/www.baysalsaglik.com\/estetik-operasyonlar\/"},"modified":"2022-05-28T13:44:58","modified_gmt":"2022-05-28T10:44:58","slug":"operations-esthetiques","status":"publish","type":"page","link":"https:\/\/www.baysalsaglik.com\/fr\/operations-esthetiques\/","title":{"rendered":"Op\u00e9rations esth\u00e9tiques"},"content":{"rendered":"<div class=\"wpb-content-wrapper\"><p>[vc_row][vc_column][vc_column_text woodmart_inline=&#8221;no&#8221; text_larger=&#8221;no&#8221;]Esth\u00e9tique; C&#8217;est une branche de la science connue sous le nom de chirurgie plastique, reconstructive et esth\u00e9tique. C&#8217;est le domaine utilis\u00e9 dans le traitement des troubles cong\u00e9nitaux ou acquis. Les esth\u00e9ticiennes assurent l&#8217;\u00e9limination des troubles visuo-fonctionnels du visage, des l\u00e8vres, du menton, des seins et de tous les autres organes. Dans ce cadre, il est possible d&#8217;avoir un plus bel aspect et un r\u00e9sultat de meilleure qualit\u00e9. En tant que Baysal Health, nous nous soucions de votre sant\u00e9 avec de nombreuses applications dans le domaine de l&#8217;esth\u00e9tique.<\/p>\n<h2>Esth\u00e9tique du nez<\/h2>\n<p>Les applications esth\u00e9tiques nasales sont appliqu\u00e9es afin d&#8217;\u00e9liminer les d\u00e9fauts de la structure du nez et d&#8217;obtenir un r\u00e9sultat de meilleure qualit\u00e9. Dans ce contexte, les proc\u00e9dures n\u00e9cessaires sont effectu\u00e9es pour que le nez atteigne un point plus id\u00e9al \u00e0 la fois structurellement et fonctionnellement. Gr\u00e2ce \u00e0 la rhinoplastie r\u00e9alis\u00e9e par un chirurgien plasticien sp\u00e9cialis\u00e9, il est tr\u00e8s facile pour le patient d&#8217;obtenir le r\u00e9sultat souhait\u00e9.<\/p>\n<h2>Esth\u00e9tique des seins<\/h2>\n<p>Des probl\u00e8mes dans la structure mammaire des femmes font que diverses op\u00e9rations sont pr\u00e9f\u00e9r\u00e9es. La r\u00e9duction mammaire, l&#8217;augmentation et le lifting font partie des applications les plus appr\u00e9ci\u00e9es \u00e0 cet \u00e9gard. Vous pouvez \u00e9galement pr\u00e9f\u00e9rer obtenir un r\u00e9sultat de qualit\u00e9 concernant l&#8217;esth\u00e9tique des seins, ce qui est tr\u00e8s pr\u00e9cieux pour obtenir une apparence plus r\u00e9ussie des seins. Des r\u00e9sultats r\u00e9ussis seront possibles gr\u00e2ce aux applications qui seront pr\u00e9sent\u00e9es par les experts de Baysal Health !<\/p>\n<h2>liposuccion<\/h2>\n<p>Si les applications esth\u00e9tiques doivent \u00eatre mentionn\u00e9es, la liposuccion est l&#8217;une des plus pr\u00e9f\u00e9r\u00e9es \u00e0 cet \u00e9gard. Il est particuli\u00e8rement important pour \u00e9liminer la graisse accumul\u00e9e dans certaines parties du corps et obtenir une apparence de meilleure qualit\u00e9. Il faut pr\u00e9ciser qu&#8217;il est tr\u00e8s appr\u00e9ciable de choisir la liposuccion pour ceux qui veulent faire face aux graisses tenaces.<\/p>\n<h2>Op\u00e9rations d&#8217;\u00e9tirement<\/h2>\n<p>L&#8217;une des applications les plus pr\u00e9f\u00e9r\u00e9es dans le domaine de la chirurgie esth\u00e9tique est l&#8217;op\u00e9ration d&#8217;\u00e9tirement. Le but des op\u00e9rations d&#8217;\u00e9tirement, qui sont pr\u00e9f\u00e9r\u00e9es dans les bras, les jambes, l&#8217;abdomen et d&#8217;autres parties du corps, est de s&#8217;assurer que le corps compl\u00e8tement affaiss\u00e9 atteint un niveau visuel plus r\u00e9ussi. Pendant que les op\u00e9rations d&#8217;\u00e9tirement sont effectu\u00e9es, toutes les proc\u00e9dures n\u00e9cessaires pour un corps tendu sont effectu\u00e9es tout en supprimant l&#8217;affaissement. Il est g\u00e9n\u00e9ralement accept\u00e9 comme une alternative de qualit\u00e9 pr\u00e9f\u00e9r\u00e9e pour ceux qui veulent para\u00eetre plus jeunes. Le fait que les op\u00e9rations d&#8217;\u00e9tirage seront appliqu\u00e9es dans diff\u00e9rentes r\u00e9gions permet d&#8217;\u00e9tirer dans plus d&#8217;une r\u00e9gion \u00e0 la fois.<\/p>\n<h2>Applications de lifting des sourcils<\/h2>\n<p>Le sourcil est l&#8217;un des \u00e9l\u00e9ments importants qui donnent une apparence esth\u00e9tique au visage humain. Pour cette raison, il est utile d&#8217;agir afin d&#8217;obtenir une apparence plus r\u00e9ussie en cas de sourcils bas. Il est possible pour les patients ayant des probl\u00e8mes de position li\u00e9s \u00e0 leurs sourcils d&#8217;obtenir de bons r\u00e9sultats en choisissant des applications de lifting des sourcils. Il est possible d&#8217;obtenir le r\u00e9sultat escompt\u00e9 avec des op\u00e9rations chirurgicales r\u00e9alis\u00e9es par les sp\u00e9cialistes esth\u00e9tiques de Baysal Health.<\/p>\n<h2>Injections de graisse<\/h2>\n<p>L&#8217;apparition d&#8217;un aspect effondr\u00e9 dans diff\u00e9rentes parties du corps humain est esth\u00e9tiquement d\u00e9rangeante. Afin d&#8217;\u00e9liminer la mauvaise apparence, il est souhaitable d&#8217;obtenir un r\u00e9sultat r\u00e9ussi en effectuant une injection d&#8217;huile sur le visage et de nombreuses autres zones. \u00c9tant donn\u00e9 que les huiles utilis\u00e9es lors des injections d&#8217;huile proviennent du corps humain, cela n&#8217;a pas d&#8217;effet n\u00e9gatif. Au contraire, il offre un aspect plus naturel et de qualit\u00e9.<\/p>\n<h2>Applications d&#8217;esth\u00e9tique de l&#8217;oreille<\/h2>\n<p>L&#8217;oreille, qui est l&#8217;une des parties importantes de l&#8217;aspect esth\u00e9tique, devient un organe qui n\u00e9cessite dans certains cas une intervention de chirurgie esth\u00e9tique. Dans ce cas, les chirurgiens esth\u00e9tiques, qui planifient ce qui doit \u00eatre fait, r\u00e9alisent une esth\u00e9tique de l&#8217;oreille r\u00e9ussie apr\u00e8s avoir inform\u00e9 le patient avant l&#8217;application. Pour que le patient ait une structure d&#8217;oreille plus r\u00e9ussie \u00e0 la fois visuellement et fonctionnellement, les applications esth\u00e9tiques de l&#8217;oreille ont un grand effet.<\/p>\n<p>Vous pouvez obtenir des informations sur tous ces processus et bien plus encore en contactant Baysal Health.[\/vc_column_text][\/vc_column][\/vc_row]<\/p>\n<\/div>","protected":false},"excerpt":{"rendered":"<p>[vc_row][vc_column][vc_column_text woodmart_inline=&#8221;no&#8221; text_larger=&#8221;no&#8221;]Esth\u00e9tique; C&#8217;est une branche de la science connue sous le nom de chirurgie plastique, reconstructive et esth\u00e9tique. C&#8217;est<\/p>\n","protected":false},"author":2,"featured_media":0,"parent":0,"menu_order":0,"comment_status":"closed","ping_status":"closed","template":"","meta":{"footnotes":""},"class_list":["post-10290","page","type-page","status-publish","hentry"],"_links":{"self":[{"href":"https:\/\/www.baysalsaglik.com\/fr\/wp-json\/wp\/v2\/pages\/10290","targetHints":{"allow":["GET"]}}],"collection":[{"href":"https:\/\/www.baysalsaglik.com\/fr\/wp-json\/wp\/v2\/pages"}],"about":[{"href":"https:\/\/www.baysalsaglik.com\/fr\/wp-json\/wp\/v2\/types\/page"}],"author":[{"embeddable":true,"href":"https:\/\/www.baysalsaglik.com\/fr\/wp-json\/wp\/v2\/users\/2"}],"replies":[{"embeddable":true,"href":"https:\/\/www.baysalsaglik.com\/fr\/wp-json\/wp\/v2\/comments?post=10290"}],"version-history":[{"count":0,"href":"https:\/\/www.baysalsaglik.com\/fr\/wp-json\/wp\/v2\/pages\/10290\/revisions"}],"wp:attachment":[{"href":"https:\/\/www.baysalsaglik.com\/fr\/wp-json\/wp\/v2\/media?parent=10290"}],"curies":[{"name":"wp","href":"https:\/\/api.w.org\/{rel}","templated":true}]}}