{"id":10303,"date":"2022-05-27T12:33:03","date_gmt":"2022-05-27T09:33:03","guid":{"rendered":"https:\/\/www.baysalsaglik.com\/genel-cerrahi\/"},"modified":"2022-05-27T18:38:03","modified_gmt":"2022-05-27T15:38:03","slug":"chirurgie-generale","status":"publish","type":"page","link":"https:\/\/www.baysalsaglik.com\/fr\/chirurgie-generale\/","title":{"rendered":"Chirurgie G\u00e9n\u00e9rale"},"content":{"rendered":"<div class=\"wpb-content-wrapper\"><p>[vc_row][vc_column][vc_column_text woodmart_inline=&#8221;no&#8221; text_larger=&#8221;no&#8221;]La chirurgie g\u00e9n\u00e9rale est en fait une sp\u00e9cialit\u00e9 chirurgicale. Les chirurgiens g\u00e9n\u00e9ralistes effectuent non seulement des interventions chirurgicales pour une grande vari\u00e9t\u00e9 de maladies courantes, mais sont \u00e9galement responsables des soins aux patients avant, pendant et apr\u00e8s la chirurgie. Tous les chirurgiens devraient commencer leur formation en chirurgie g\u00e9n\u00e9rale ; beaucoup se concentrent ensuite sur une autre sp\u00e9cialisation. chirurgie g\u00e9n\u00e9rale; C&#8217;est une science m\u00e9dicale qui effectue diverses proc\u00e9dures pour \u00e9liminer les maladies qui ne peuvent \u00eatre trait\u00e9es avec des m\u00e9dicaments ou d&#8217;autres m\u00e9thodes m\u00e9dicales, par chirurgie, pour enlever et gu\u00e9rir un organe. chirurgie g\u00e9n\u00e9rale; Il coop\u00e8re avec diverses sp\u00e9cialit\u00e9s telles que l&#8217;endocrinologie, l&#8217;oncologie, la traumatologie. La chirurgie g\u00e9n\u00e9rale, qui offre aux patients une vie saine avec des applications de nouvelle g\u00e9n\u00e9ration, est une science m\u00e9dicale dans laquelle la technologie robotique est utilis\u00e9e de mani\u00e8re intensive.<\/p>\n<h2>Que couvre la chirurgie g\u00e9n\u00e9rale\u00a0?<\/h2>\n<p>La port\u00e9e de la chirurgie g\u00e9n\u00e9rale peut \u00eatre exprim\u00e9e comme suit.<\/p>\n<ul>\n<li>Syst\u00e8me digestif<\/li>\n<li>Abdominal<\/li>\n<li>Syst\u00e8me digestif<\/li>\n<li>Chirurgie de la peau et des tissus mous<\/li>\n<li>Maladies du sein<\/li>\n<li>Syst\u00e8me endocrinien<\/li>\n<li>Oncologie chirurgicale<\/li>\n<li>Soins intensifs chirurgicaux<\/li>\n<li>Traumatologie<\/li>\n<li>Chirurgie vasculaire<\/li>\n<li>Chirurgie de transplantation<\/li>\n<li>Chirurgie cardiaque<\/li>\n<li>La chirurgie p\u00e9diatrique<\/li>\n<li>Chirurgie cardiovasculaire p\u00e9diatrique<\/li>\n<li>Chirurgie thoracique<\/li>\n<li>Chirurgie esthetique<\/li>\n<li>Chirurgie Plastique et Reconstructrice<\/li>\n<li>Orthop\u00e9die et Traumatologie<\/li>\n<\/ul>\n<p>Les chirurgiens qui pratiquent la chirurgie g\u00e9n\u00e9rale sont des chirurgiens hautement qualifi\u00e9s qui travaillent g\u00e9n\u00e9ralement sur des probl\u00e8mes abdominaux courants, notamment l&#8217;appendicite, les hernies, les chirurgies de la v\u00e9sicule biliaire et les probl\u00e8mes d&#8217;estomac et d&#8217;intestin. La chirurgie g\u00e9n\u00e9rale n\u00e9cessite un chirurgien capable d&#8217;effectuer des interventions sur plusieurs zones du corps. Par exemple, un chirurgien sp\u00e9cialis\u00e9 dans ce domaine est requis pour le traitement du cancer ou des br\u00fblures.<\/p>\n<p>Il est d\u00e9termin\u00e9 qui effectuera la chirurgie en fonction des organes ou des syst\u00e8mes sur lesquels les chirurgies seront effectu\u00e9es. \u00c0 ce stade, il est possible d&#8217;affirmer clairement que la chirurgie g\u00e9n\u00e9rale travaille avec plus d&#8217;un service.<\/p>\n<h2>Quelles maladies sont trait\u00e9es par la chirurgie g\u00e9n\u00e9rale\u00a0?<\/h2>\n<p>Les organes dans lesquels les interventions chirurgicales seront effectu\u00e9es et les syst\u00e8mes auxquels ces organes sont connect\u00e9s rel\u00e8vent du domaine de la chirurgie g\u00e9n\u00e9rale. A ce stade, il est possible d&#8217;associer les organes et syst\u00e8mes en question \u00e0 diff\u00e9rentes branches de la chirurgie g\u00e9n\u00e9rale. Par exemple, les chirurgies de la glande thyro\u00efde sont le domaine d&#8217;int\u00e9r\u00eat du service d&#8217;endocrinologie. Par cons\u00e9quent, la chirurgie g\u00e9n\u00e9rale peut travailler avec plus d&#8217;un d\u00e9partement. Les maladies du syst\u00e8me digestif, la chirurgie de la v\u00e9sicule biliaire sont pratiqu\u00e9es par des chirurgiens g\u00e9n\u00e9ralistes. Ces chirurgies, qui peuvent \u00eatre r\u00e9alis\u00e9es de deux mani\u00e8res, ouverte et ferm\u00e9e, comprennent des techniques endoscopiques et laparoscopiques.<\/p>\n<h3>Nous pouvons \u00e9num\u00e9rer les maladies qui peuvent \u00eatre trait\u00e9es dans le cadre de la chirurgie g\u00e9n\u00e9rale comme suit.<\/h3>\n<ul>\n<li>Maladies thyro\u00efdiennes,<\/li>\n<li>Appendicite,<\/li>\n<li>Douleur, gonflement, raideur ou douleur dans le sein<\/li>\n<li>Douleur ou gonflement de l&#8217;abdomen<\/li>\n<li>probl\u00e8mes orthop\u00e9diques<\/li>\n<li>Les h\u00e9morro\u00efdes<\/li>\n<li>Les poils incarn\u00e9s<\/li>\n<li>Probl\u00e8mes de l&#8217;intestin gr\u00eale et du gros intestin<\/li>\n<li>Probl\u00e8mes de foie<\/li>\n<li>Estomac<\/li>\n<li>Probl\u00e8mes de peau<\/li>\n<li>Selles sanglantes<\/li>\n<li>Probl\u00e8mes de v\u00e9sicule biliaire<\/li>\n<li>Probl\u00e8mes de pancr\u00e9as,<\/li>\n<li>Kystes<\/li>\n<\/ul>\n<h2>Privil\u00e8ges de sant\u00e9 Baysal<\/h2>\n<p>Baysal Health vous aide \u00e0 trouver le meilleur m\u00e9decin et h\u00f4pital pour le traitement des maladies de chirurgie g\u00e9n\u00e9rale. Vous pouvez nous contacter pour plus d&#8217;informations. Avec Baysal Health, qui fournit des services professionnels de la plus haute qualit\u00e9 aux particuliers depuis sa cr\u00e9ation, vous pouvez trouver l&#8217;h\u00f4pital de qualit\u00e9 et le m\u00e9decin professionnel que vous recherchez. Pour des informations d\u00e9taill\u00e9es, agissez maintenant et contactez-nous.[\/vc_column_text][\/vc_column][\/vc_row]<\/p>\n<\/div>","protected":false},"excerpt":{"rendered":"<p>[vc_row][vc_column][vc_column_text woodmart_inline=&#8221;no&#8221; text_larger=&#8221;no&#8221;]La chirurgie g\u00e9n\u00e9rale est en fait une sp\u00e9cialit\u00e9 chirurgicale. Les chirurgiens g\u00e9n\u00e9ralistes effectuent non seulement des interventions chirurgicales<\/p>\n","protected":false},"author":2,"featured_media":0,"parent":0,"menu_order":0,"comment_status":"closed","ping_status":"closed","template":"","meta":{"footnotes":""},"class_list":["post-10303","page","type-page","status-publish","hentry"],"_links":{"self":[{"href":"https:\/\/www.baysalsaglik.com\/fr\/wp-json\/wp\/v2\/pages\/10303","targetHints":{"allow":["GET"]}}],"collection":[{"href":"https:\/\/www.baysalsaglik.com\/fr\/wp-json\/wp\/v2\/pages"}],"about":[{"href":"https:\/\/www.baysalsaglik.com\/fr\/wp-json\/wp\/v2\/types\/page"}],"author":[{"embeddable":true,"href":"https:\/\/www.baysalsaglik.com\/fr\/wp-json\/wp\/v2\/users\/2"}],"replies":[{"embeddable":true,"href":"https:\/\/www.baysalsaglik.com\/fr\/wp-json\/wp\/v2\/comments?post=10303"}],"version-history":[{"count":0,"href":"https:\/\/www.baysalsaglik.com\/fr\/wp-json\/wp\/v2\/pages\/10303\/revisions"}],"wp:attachment":[{"href":"https:\/\/www.baysalsaglik.com\/fr\/wp-json\/wp\/v2\/media?parent=10303"}],"curies":[{"name":"wp","href":"https:\/\/api.w.org\/{rel}","templated":true}]}}