{"id":10316,"date":"2022-05-27T12:36:15","date_gmt":"2022-05-27T09:36:15","guid":{"rendered":"https:\/\/www.baysalsaglik.com\/kardiyoloji\/"},"modified":"2022-05-27T18:34:38","modified_gmt":"2022-05-27T15:34:38","slug":"cardiologie","status":"publish","type":"page","link":"https:\/\/www.baysalsaglik.com\/fr\/cardiologie\/","title":{"rendered":"Cardiologie"},"content":{"rendered":"<div class=\"wpb-content-wrapper\"><p>[vc_row][vc_column][vc_column_text woodmart_inline=&#8221;no&#8221; text_larger=&#8221;no&#8221;]La cardiologie est l&#8217;unit\u00e9 m\u00e9dicale qui s&#8217;occupe de l&#8217;ensemble du syst\u00e8me cardiaque et circulatoire.<\/p>\n<ul>\n<li>Diagnostic et traitement des maladies des valves cardiaques<\/li>\n<li>Diagnostic et traitement de l&#8217;insuffisance cardiaque<\/li>\n<li>Diagnostic et traitement des cardiopathies cong\u00e9nitales<\/li>\n<li>Diagnostic et traitement des troubles du rythme cardiaque et de la conduction<\/li>\n<li>Diagnostic et traitement des maladies vasculaires aortiques<\/li>\n<li>Diagnostic et traitement de l&#8217;an\u00e9vrisme de l&#8217;aorte<\/li>\n<li>Diagnostic et traitement des maladies vasculaires p\u00e9riph\u00e9riques<\/li>\n<li>Diagnostic et traitement de l&#8217;hypercholest\u00e9rol\u00e9mie<\/li>\n<li>Diagnostic et traitement de l&#8217;hypertension<\/li>\n<li>Angio radiale<\/li>\n<li>Stent\/Ballon<\/li>\n<li>\u00c9lectrophysiologie de l&#8217;ablation<\/li>\n<li>Ath\u00e9roscl\u00e9rose (ath\u00e9roscl\u00e9rose)<\/li>\n<li>EVAR\/TEVAR<\/li>\n<\/ul>\n<h2>Privil\u00e8ges de sant\u00e9 Baysal<\/h2>\n<p>Avec les privil\u00e8ges de Baysal Health, vous pouvez trouver les meilleurs m\u00e9decins et les meilleurs h\u00f4pitaux dans le domaine de la cardiologie. Si vous souhaitez avoir les informations les plus d\u00e9taill\u00e9es sur nos services et nos zones de service, vous \u00eates \u00e0 la bonne adresse. Vous pouvez avoir des informations parfaites en nous contactant \u00e0 partir de nos informations de contact sur notre site Web.[\/vc_column_text][\/vc_column][\/vc_row]<\/p>\n<\/div>","protected":false},"excerpt":{"rendered":"<p>[vc_row][vc_column][vc_column_text woodmart_inline=&#8221;no&#8221; text_larger=&#8221;no&#8221;]La cardiologie est l&#8217;unit\u00e9 m\u00e9dicale qui s&#8217;occupe de l&#8217;ensemble du syst\u00e8me cardiaque et circulatoire. Diagnostic et traitement des<\/p>\n","protected":false},"author":2,"featured_media":0,"parent":0,"menu_order":0,"comment_status":"closed","ping_status":"closed","template":"","meta":{"footnotes":""},"class_list":["post-10316","page","type-page","status-publish","hentry"],"_links":{"self":[{"href":"https:\/\/www.baysalsaglik.com\/fr\/wp-json\/wp\/v2\/pages\/10316","targetHints":{"allow":["GET"]}}],"collection":[{"href":"https:\/\/www.baysalsaglik.com\/fr\/wp-json\/wp\/v2\/pages"}],"about":[{"href":"https:\/\/www.baysalsaglik.com\/fr\/wp-json\/wp\/v2\/types\/page"}],"author":[{"embeddable":true,"href":"https:\/\/www.baysalsaglik.com\/fr\/wp-json\/wp\/v2\/users\/2"}],"replies":[{"embeddable":true,"href":"https:\/\/www.baysalsaglik.com\/fr\/wp-json\/wp\/v2\/comments?post=10316"}],"version-history":[{"count":0,"href":"https:\/\/www.baysalsaglik.com\/fr\/wp-json\/wp\/v2\/pages\/10316\/revisions"}],"wp:attachment":[{"href":"https:\/\/www.baysalsaglik.com\/fr\/wp-json\/wp\/v2\/media?parent=10316"}],"curies":[{"name":"wp","href":"https:\/\/api.w.org\/{rel}","templated":true}]}}