{"id":10330,"date":"2022-05-27T12:38:41","date_gmt":"2022-05-27T09:38:41","guid":{"rendered":"https:\/\/www.baysalsaglik.com\/onkoloji\/"},"modified":"2022-05-27T18:31:31","modified_gmt":"2022-05-27T15:31:31","slug":"oncologie","status":"publish","type":"page","link":"https:\/\/www.baysalsaglik.com\/fr\/oncologie\/","title":{"rendered":"Oncologie"},"content":{"rendered":"<div class=\"wpb-content-wrapper\"><p>[vc_row][vc_column][vc_column_text woodmart_inline=&#8221;no&#8221; text_larger=&#8221;no&#8221;]L&#8217;oncologie est la branche de la m\u00e9decine qui \u00e9tudie, identifie et traite le cancer. Un m\u00e9decin travaillant dans le domaine de l&#8217;oncologie s&#8217;appelle un oncologue.<\/p>\n<p>Les oncologues doivent g\u00e9n\u00e9ralement diagnostiquer un cancer par biopsie, endoscopie, radiographie, tomodensitom\u00e9trie, IRM, TEP, \u00e9chographie ou autres m\u00e9thodes radiologiques. La m\u00e9decine nucl\u00e9aire peut \u00e9galement \u00eatre utilis\u00e9e pour diagnostiquer le cancer, comme des tests sanguins ou des marqueurs tumoraux. L&#8217;oncologie est g\u00e9n\u00e9ralement associ\u00e9e \u00e0 l&#8217;h\u00e9matologie, qui est la branche de la m\u00e9decine qui traite du sang et des troubles li\u00e9s au sang.<\/p>\n<p>L&#8217;oncologie p\u00e9diatrique est la sp\u00e9cialit\u00e9 m\u00e9dicale qui se concentre sur les soins contre le cancer chez les enfants. L&#8217;oncologie p\u00e9diatrique est un domaine m\u00e9dical important qui traite tous les types de cancer p\u00e9diatrique, y compris la leuc\u00e9mie lympho\u00efde aigu\u00eb, le neuroblastome, le cerveau et d&#8217;autres tumeurs du syst\u00e8me nerveux central. Le traitement est souvent diff\u00e9rent de l&#8217;oncologie adulte. Le traitement en oncologie p\u00e9diatrique peut comprendre la chirurgie, la chimioth\u00e9rapie, la radioth\u00e9rapie, l&#8217;immunoth\u00e9rapie et\/ou la greffe de cellules souches.<\/p>\n<h2>Traitement dans le domaine de l&#8217;oncologie<\/h2>\n<p>Apr\u00e8s le diagnostic, l&#8217;oncologue discute du stade de la maladie avec le patient. La stadification d\u00e9terminera le traitement du cancer. En plus de la chimioth\u00e9rapie, qui est d\u00e9finie comme la destruction des cellules canc\u00e9reuses, la radioth\u00e9rapie peut \u00e9galement \u00eatre utilis\u00e9e. La chirurgie est utilis\u00e9e pour enlever les tumeurs. L&#8217;hormonoth\u00e9rapie est utilis\u00e9e pour traiter certains types de cancer, et les th\u00e9rapies par anticorps monoclonaux gagnent en popularit\u00e9. Les recherches se poursuivent sur les vaccins anticanc\u00e9reux et les immunoth\u00e9rapies. Les soins palliatifs en oncologie traitent la douleur et les autres sympt\u00f4mes du cancer.<\/p>\n<p>Le cancer est g\u00e9n\u00e9ralement trait\u00e9 en \u00e9quipe avec au moins deux ou trois types d&#8217;oncologues, y compris m\u00e9dicaux, chirurgicaux ou radiologues. L&#8217;\u00e9quipe de traitement en oncologie peut \u00e9galement comprendre un pathologiste, un radiologue diagnostiqueur ou une infirmi\u00e8re en oncologie. Dans le cas d&#8217;un cancer nouveau ou difficile \u00e0 traiter, l&#8217;\u00e9quipe de soins en oncologie peut consulter un comit\u00e9 des tumeurs compos\u00e9 de divers professionnels de la sant\u00e9 de toutes les disciplines pertinentes. Il examine la tumeur dans un \u00e9tat \u00e9tabli et recommande de commencer un traitement contre le cancer pour le patient.<\/p>\n<h2>Quelles maladies le sp\u00e9cialiste en oncologie traite-t-il\u00a0?<\/h2>\n<p>La sp\u00e9cialit\u00e9 de l&#8217;oncologue est les cellules canc\u00e9reuses. L&#8217;oncologie, qui tient une place extr\u00eamement importante, s&#8217;int\u00e9resse de pr\u00e8s au traitement et au diagnostic de nombreuses maladies. \u00c0 ce stade, les sp\u00e9cialistes en oncologie traitent la leuc\u00e9mie, le cancer du rein, le cancer des os, le cancer du foie et divers autres types de cancer. Ces sp\u00e9cialistes, \u00e9galement appel\u00e9s oncologues, sont charg\u00e9s de d\u00e9marrer le processus de traitement apr\u00e8s avoir pos\u00e9 un diagnostic. A ce stade, on peut affirmer que toutes les \u00e9tapes de la cellule canc\u00e9reuse sont suivies par le sp\u00e9cialiste en question.<\/p>\n<h3>Sous-branches de l&#8217;oncologie<\/h3>\n<p>Oncologie gyn\u00e9cologique : Elle traite du type de cancer trouv\u00e9 dans les organes reproducteurs des femmes.<\/p>\n<p>Oncologie m\u00e9dicale : C&#8217;est la branche de l&#8217;oncologie qui s&#8217;occupe des m\u00e9dicaments des patients atteints de cancer.<\/p>\n<p>Oncologie p\u00e9diatrique : Sp\u00e9cialis\u00e9e dans le diagnostic et le traitement du cancer chez les enfants.<\/p>\n<p>Radio-oncologie : Sp\u00e9cialis\u00e9 dans le domaine de la radioth\u00e9rapie.<\/p>\n<p>Oncologie chirurgicale: Elle traite de la biopsie, de l&#8217;ablation de la tumeur et de diverses op\u00e9rations chirurgicales.<\/p>\n<h2>Privil\u00e8ges de sant\u00e9 Baysal<\/h2>\n<p>Avec les privil\u00e8ges de Baysal Health, vous pouvez trouver les meilleurs m\u00e9decins et les meilleurs h\u00f4pitaux dans le domaine de l&#8217;oncologie. Si vous souhaitez avoir les informations les plus d\u00e9taill\u00e9es sur nos services et nos zones de service, vous \u00eates \u00e0 la bonne adresse. Vous pouvez avoir des informations parfaites en nous contactant \u00e0 partir de nos informations de contact sur notre site Web.[\/vc_column_text][\/vc_column][\/vc_row]<\/p>\n<\/div>","protected":false},"excerpt":{"rendered":"<p>[vc_row][vc_column][vc_column_text woodmart_inline=&#8221;no&#8221; text_larger=&#8221;no&#8221;]L&#8217;oncologie est la branche de la m\u00e9decine qui \u00e9tudie, identifie et traite le cancer. Un m\u00e9decin travaillant dans<\/p>\n","protected":false},"author":2,"featured_media":0,"parent":0,"menu_order":0,"comment_status":"closed","ping_status":"closed","template":"","meta":{"footnotes":""},"class_list":["post-10330","page","type-page","status-publish","hentry"],"_links":{"self":[{"href":"https:\/\/www.baysalsaglik.com\/fr\/wp-json\/wp\/v2\/pages\/10330","targetHints":{"allow":["GET"]}}],"collection":[{"href":"https:\/\/www.baysalsaglik.com\/fr\/wp-json\/wp\/v2\/pages"}],"about":[{"href":"https:\/\/www.baysalsaglik.com\/fr\/wp-json\/wp\/v2\/types\/page"}],"author":[{"embeddable":true,"href":"https:\/\/www.baysalsaglik.com\/fr\/wp-json\/wp\/v2\/users\/2"}],"replies":[{"embeddable":true,"href":"https:\/\/www.baysalsaglik.com\/fr\/wp-json\/wp\/v2\/comments?post=10330"}],"version-history":[{"count":0,"href":"https:\/\/www.baysalsaglik.com\/fr\/wp-json\/wp\/v2\/pages\/10330\/revisions"}],"wp:attachment":[{"href":"https:\/\/www.baysalsaglik.com\/fr\/wp-json\/wp\/v2\/media?parent=10330"}],"curies":[{"name":"wp","href":"https:\/\/api.w.org\/{rel}","templated":true}]}}