{"id":10346,"date":"2022-05-27T12:45:20","date_gmt":"2022-05-27T09:45:20","guid":{"rendered":"https:\/\/www.baysalsaglik.com\/ortopedi-ve-travmatoloji\/"},"modified":"2022-05-27T18:23:42","modified_gmt":"2022-05-27T15:23:42","slug":"orthopedie-et-traumatologie","status":"publish","type":"page","link":"https:\/\/www.baysalsaglik.com\/fr\/orthopedie-et-traumatologie\/","title":{"rendered":"Orthop\u00e9die et Traumatologie"},"content":{"rendered":"<div class=\"wpb-content-wrapper\"><p>[vc_row][vc_column][vc_column_text woodmart_inline=&#8221;no&#8221; text_larger=&#8221;no&#8221;]L&#8217;orthop\u00e9die est le domaine de la m\u00e9decine qui se concentre sur la chirurgie ou la manipulation musculo-squelettique. La sp\u00e9cialit\u00e9 chirurgicale \u00e9tait \u00e0 l&#8217;origine ax\u00e9e sur les malformations du d\u00e9veloppement et les effets de la poliomy\u00e9lite chez les enfants, mais s&#8217;est maintenant consid\u00e9rablement \u00e9largie pour traiter toutes les conditions et maladies qui affectent le syst\u00e8me musculo-squelettique chez les individus de tous \u00e2ges.<\/p>\n<p>Les affections orthop\u00e9diques peuvent \u00eatre trait\u00e9es de mani\u00e8re op\u00e9ratoire et non chirurgicale avec des m\u00e9dicaments, de la physioth\u00e9rapie, de l&#8217;exercice, des th\u00e9rapies alternatives ou une gamme d&#8217;interventions chirurgicales, y compris celles qui sont peu invasives et donc moins traumatisantes pour le corps que la chirurgie ouverte traditionnelle. Le but g\u00e9n\u00e9ral des traitements orthop\u00e9diques est de pr\u00e9server ou de restaurer le syst\u00e8me musculo-squelettique.<\/p>\n<p>L&#8217;orthop\u00e9die traite les handicaps cong\u00e9nitaux ou acquis. C&#8217;est l&#8217;une des branches m\u00e9dicales les plus demand\u00e9es au monde et dans notre pays. En raison des conditions de vie et de l&#8217;intensit\u00e9 de la vie au travail, il est in\u00e9vitable que certaines maladies et douleurs surviennent. Les gens essaient de se d\u00e9barrasser de leur douleur en appliquant diff\u00e9rentes m\u00e9thodes de traitement afin de soulager ces douleurs. Le probl\u00e8me est que les gens ne sont pas tr\u00e8s dou\u00e9s pour choisir le m\u00e9decin qui soignera leur douleur. \u00c9tant donn\u00e9 que ces conditions et des conditions similaires sont en cause dans notre pays, la branche de l&#8217;orthop\u00e9die est le d\u00e9partement avec la plus forte densit\u00e9.<\/p>\n<h2>Traitement orthop\u00e9dique<\/h2>\n<p>Les m\u00e9decins dont la pratique est ax\u00e9e sur l&#8217;orthop\u00e9die sont appel\u00e9s chirurgiens orthop\u00e9distes, m\u00eame s&#8217;ils ne pratiquent pas tous la chirurgie. Si un probl\u00e8me orthop\u00e9dique survient, les chirurgiens orthop\u00e9distes doivent intervenir. Un chirurgien orthop\u00e9dique est qualifi\u00e9 pour diagnostiquer et g\u00e9rer ou traiter les probl\u00e8mes musculo-squelettiques qui affectent les os et les tissus mous (ligaments, tendons) du corps. De plus, un orthop\u00e9diste peut recommander des m\u00e9thodes de r\u00e9\u00e9ducation susceptibles d&#8217;augmenter l&#8217;efficacit\u00e9 de leur traitement. Il peut \u00e9galement fournir aux patients une formation orthop\u00e9dique efficace et des conseils sur la pr\u00e9vention des blessures et des maladies orthop\u00e9diques.<\/p>\n<p>Les chercheurs en sciences cliniques et fondamentales du monde entier continuent d&#8217;enrichir les connaissances sur les traitements orthop\u00e9diques existants et nouveaux pour traiter les probl\u00e8mes musculo-squelettiques et aider les patients \u00e0 retrouver des niveaux d&#8217;activit\u00e9 et un mode de vie normaux.<\/p>\n<p>Dans le cadre d&#8217;un traitement orthop\u00e9dique, il est possible de traiter \u00e0 la fois les troubles du d\u00e9veloppement et les maladies cong\u00e9nitales telles que le pied bot, la courbure de la taille, la luxation de la hanche. De plus, les maladies qui surviennent \u00e0 la suite d&#8217;activit\u00e9s sportives telles que le m\u00e9nisque, l&#8217;entorse et l&#8217;\u00e9crasement peuvent \u00e9galement \u00eatre r\u00e9solues par un traitement orthop\u00e9dique. Des m\u00e9decins orthop\u00e9distes doivent \u00eatre consult\u00e9s en cas de probl\u00e8mes tels que rupture de tendon, fracture, luxation.<\/p>\n<h2>Privil\u00e8ges de sant\u00e9 Baysal<\/h2>\n<p>Baysal Health est l&#8217;une des rares organisations qui pense \u00e0 votre sant\u00e9 en travaillant avec des m\u00e9decins experts dans le domaine des services de sant\u00e9. Pour Baysal Health, qui est un pionnier au service de ses patients, la cible principale est la sant\u00e9 et la vie humaines, car la sant\u00e9 n&#8217;est pas quelque chose \u00e0 n\u00e9gliger. Notre politique de prix est d&#8217;\u00eatre la plus abordable du march\u00e9 et de fournir la meilleure qualit\u00e9 de service. Afin de b\u00e9n\u00e9ficier de ces services de sant\u00e9 de qualit\u00e9, fiables et abordables, contactez-nous imm\u00e9diatement sur notre site internet ou autres canaux de communication et s\u00e9curisez votre sant\u00e9.<\/p>\n<p>&nbsp;<\/p>\n<p>Baysal Health fournit \u00e0 ses clients des services professionnels de la plus haute qualit\u00e9 depuis sa cr\u00e9ation. Vous pouvez \u00e9galement b\u00e9n\u00e9ficier des privil\u00e8ges de Baysal Health pour trouver les meilleurs m\u00e9decins et h\u00f4pitaux dans le domaine de l&#8217;orthop\u00e9die. Vous pouvez nous contacter imm\u00e9diatement pour avoir des informations d\u00e9taill\u00e9es sur nos services.[\/vc_column_text][\/vc_column][\/vc_row]<\/p>\n<\/div>","protected":false},"excerpt":{"rendered":"<p>[vc_row][vc_column][vc_column_text woodmart_inline=&#8221;no&#8221; text_larger=&#8221;no&#8221;]L&#8217;orthop\u00e9die est le domaine de la m\u00e9decine qui se concentre sur la chirurgie ou la manipulation musculo-squelettique. La<\/p>\n","protected":false},"author":2,"featured_media":0,"parent":0,"menu_order":0,"comment_status":"closed","ping_status":"closed","template":"","meta":{"footnotes":""},"class_list":["post-10346","page","type-page","status-publish","hentry"],"_links":{"self":[{"href":"https:\/\/www.baysalsaglik.com\/fr\/wp-json\/wp\/v2\/pages\/10346","targetHints":{"allow":["GET"]}}],"collection":[{"href":"https:\/\/www.baysalsaglik.com\/fr\/wp-json\/wp\/v2\/pages"}],"about":[{"href":"https:\/\/www.baysalsaglik.com\/fr\/wp-json\/wp\/v2\/types\/page"}],"author":[{"embeddable":true,"href":"https:\/\/www.baysalsaglik.com\/fr\/wp-json\/wp\/v2\/users\/2"}],"replies":[{"embeddable":true,"href":"https:\/\/www.baysalsaglik.com\/fr\/wp-json\/wp\/v2\/comments?post=10346"}],"version-history":[{"count":0,"href":"https:\/\/www.baysalsaglik.com\/fr\/wp-json\/wp\/v2\/pages\/10346\/revisions"}],"wp:attachment":[{"href":"https:\/\/www.baysalsaglik.com\/fr\/wp-json\/wp\/v2\/media?parent=10346"}],"curies":[{"name":"wp","href":"https:\/\/api.w.org\/{rel}","templated":true}]}}