{"id":10356,"date":"2022-05-27T12:42:18","date_gmt":"2022-05-27T09:42:18","guid":{"rendered":"https:\/\/www.baysalsaglik.com\/organ-nakli\/"},"modified":"2022-05-27T18:27:08","modified_gmt":"2022-05-27T15:27:08","slug":"transplantation","status":"publish","type":"page","link":"https:\/\/www.baysalsaglik.com\/fr\/transplantation\/","title":{"rendered":"Transplantation"},"content":{"rendered":"<div class=\"wpb-content-wrapper\"><p>[vc_row][vc_column][vc_column_text woodmart_inline=&#8221;no&#8221; text_larger=&#8221;no&#8221;]C&#8217;est le nom donn\u00e9 \u00e0 la transplantation de cet organe au patient en pr\u00e9levant un organe sur un cadavre ou une personne vivante en raison de maladies qui ne peuvent \u00eatre trait\u00e9es ou d&#8217;organes qui ne fonctionnent pas suffisamment.<\/p>\n<ul>\n<li>Greffe du rein<\/li>\n<li>Greffe du foie<\/li>\n<li>Transplantation cardiaque<\/li>\n<li>Greffe de corn\u00e9e<\/li>\n<li>Une greffe de moelle osseuse<\/li>\n<li>Greffe osseuse<\/li>\n<li>Greffe de pancr\u00e9as<\/li>\n<\/ul>\n<h2>Privil\u00e8ges de sant\u00e9 Baysal<\/h2>\n<p>Baysal Health fournit \u00e0 ses clients des services professionnels de la plus haute qualit\u00e9 depuis sa cr\u00e9ation. Vous pouvez \u00e9galement b\u00e9n\u00e9ficier des privil\u00e8ges de Baysal Health pour trouver les meilleurs m\u00e9decins et h\u00f4pitaux dans le domaine de l&#8217;orthop\u00e9die. Vous pouvez nous contacter imm\u00e9diatement pour avoir des informations d\u00e9taill\u00e9es sur nos services.[\/vc_column_text][\/vc_column][\/vc_row]<\/p>\n<\/div>","protected":false},"excerpt":{"rendered":"<p>[vc_row][vc_column][vc_column_text woodmart_inline=&#8221;no&#8221; text_larger=&#8221;no&#8221;]C&#8217;est le nom donn\u00e9 \u00e0 la transplantation de cet organe au patient en pr\u00e9levant un organe sur un<\/p>\n","protected":false},"author":2,"featured_media":0,"parent":0,"menu_order":0,"comment_status":"closed","ping_status":"closed","template":"","meta":{"footnotes":""},"class_list":["post-10356","page","type-page","status-publish","hentry"],"_links":{"self":[{"href":"https:\/\/www.baysalsaglik.com\/fr\/wp-json\/wp\/v2\/pages\/10356","targetHints":{"allow":["GET"]}}],"collection":[{"href":"https:\/\/www.baysalsaglik.com\/fr\/wp-json\/wp\/v2\/pages"}],"about":[{"href":"https:\/\/www.baysalsaglik.com\/fr\/wp-json\/wp\/v2\/types\/page"}],"author":[{"embeddable":true,"href":"https:\/\/www.baysalsaglik.com\/fr\/wp-json\/wp\/v2\/users\/2"}],"replies":[{"embeddable":true,"href":"https:\/\/www.baysalsaglik.com\/fr\/wp-json\/wp\/v2\/comments?post=10356"}],"version-history":[{"count":0,"href":"https:\/\/www.baysalsaglik.com\/fr\/wp-json\/wp\/v2\/pages\/10356\/revisions"}],"wp:attachment":[{"href":"https:\/\/www.baysalsaglik.com\/fr\/wp-json\/wp\/v2\/media?parent=10356"}],"curies":[{"name":"wp","href":"https:\/\/api.w.org\/{rel}","templated":true}]}}