{"id":10382,"date":"2022-05-27T12:55:21","date_gmt":"2022-05-27T09:55:21","guid":{"rendered":"https:\/\/www.baysalsaglik.com\/tup-bebek\/"},"modified":"2022-05-27T18:20:30","modified_gmt":"2022-05-27T15:20:30","slug":"fiv","status":"publish","type":"page","link":"https:\/\/www.baysalsaglik.com\/fr\/fiv\/","title":{"rendered":"FIV"},"content":{"rendered":"<div class=\"wpb-content-wrapper\"><p>[vc_row][vc_column][vc_column_text woodmart_inline=&#8221;no&#8221; text_larger=&#8221;no&#8221;]La f\u00e9condation in vitro est le traitement de procr\u00e9ation assist\u00e9e le plus couramment utilis\u00e9 aujourd&#8217;hui.<\/p>\n<p>FIV<br \/>\nFIV sans m\u00e9dicament<br \/>\nFIV confortable<br \/>\nFIV naturelle<br \/>\nPilule FIV<br \/>\nmicroinjection<br \/>\nPrivil\u00e8ges de sant\u00e9 Baysal<\/p>\n<p>Baysal Health est l&#8217;une des rares organisations qui pense \u00e0 votre sant\u00e9 en travaillant avec des m\u00e9decins experts dans le domaine des services de sant\u00e9. Pour Baysal Health, qui est un pionnier au service de ses patients, la cible principale est la sant\u00e9 et la vie humaines, car la sant\u00e9 n&#8217;est pas quelque chose \u00e0 n\u00e9gliger. Notre politique de prix est d&#8217;\u00eatre la plus abordable du march\u00e9 et de fournir la meilleure qualit\u00e9 de service. Afin de b\u00e9n\u00e9ficier de ces services de sant\u00e9 de qualit\u00e9, fiables et abordables, contactez-nous imm\u00e9diatement sur notre site internet ou autres canaux de communication et s\u00e9curisez votre sant\u00e9.<\/p>\n<p>Baysal Health fournit \u00e0 ses clients des services professionnels de la plus haute qualit\u00e9 depuis sa cr\u00e9ation. Vous pouvez \u00e9galement b\u00e9n\u00e9ficier des privil\u00e8ges de Baysal Health pour trouver les meilleurs m\u00e9decins et h\u00f4pitaux dans le domaine de l&#8217;orthop\u00e9die. Vous pouvez nous contacter imm\u00e9diatement pour avoir des informations d\u00e9taill\u00e9es sur nos services.[\/vc_column_text][\/vc_column][\/vc_row]<\/p>\n<\/div>","protected":false},"excerpt":{"rendered":"<p>[vc_row][vc_column][vc_column_text woodmart_inline=&#8221;no&#8221; text_larger=&#8221;no&#8221;]La f\u00e9condation in vitro est le traitement de procr\u00e9ation assist\u00e9e le plus couramment utilis\u00e9 aujourd&#8217;hui. FIV FIV sans<\/p>\n","protected":false},"author":2,"featured_media":0,"parent":0,"menu_order":0,"comment_status":"closed","ping_status":"closed","template":"","meta":{"footnotes":""},"class_list":["post-10382","page","type-page","status-publish","hentry"],"_links":{"self":[{"href":"https:\/\/www.baysalsaglik.com\/fr\/wp-json\/wp\/v2\/pages\/10382","targetHints":{"allow":["GET"]}}],"collection":[{"href":"https:\/\/www.baysalsaglik.com\/fr\/wp-json\/wp\/v2\/pages"}],"about":[{"href":"https:\/\/www.baysalsaglik.com\/fr\/wp-json\/wp\/v2\/types\/page"}],"author":[{"embeddable":true,"href":"https:\/\/www.baysalsaglik.com\/fr\/wp-json\/wp\/v2\/users\/2"}],"replies":[{"embeddable":true,"href":"https:\/\/www.baysalsaglik.com\/fr\/wp-json\/wp\/v2\/comments?post=10382"}],"version-history":[{"count":0,"href":"https:\/\/www.baysalsaglik.com\/fr\/wp-json\/wp\/v2\/pages\/10382\/revisions"}],"wp:attachment":[{"href":"https:\/\/www.baysalsaglik.com\/fr\/wp-json\/wp\/v2\/media?parent=10382"}],"curies":[{"name":"wp","href":"https:\/\/api.w.org\/{rel}","templated":true}]}}