{"id":10957,"date":"2022-10-25T03:11:20","date_gmt":"2022-10-25T00:11:20","guid":{"rendered":"https:\/\/www.baysalsaglik.com\/?page_id=10957"},"modified":"2022-10-25T03:23:00","modified_gmt":"2022-10-25T00:23:00","slug":"contrat-de-vente-a-distance","status":"publish","type":"page","link":"https:\/\/www.baysalsaglik.com\/fr\/contrat-de-vente-a-distance\/","title":{"rendered":"Contrat De Vente \u00e0 Distance"},"content":{"rendered":"<p>1.c\u00f4t\u00e9<\/p>\n<p>Le pr\u00e9sent Accord a \u00e9t\u00e9 sign\u00e9 entre les parties suivantes dans le cadre des termes et conditions \u00e9nonc\u00e9s ci-dessous. Dec.<\/p>\n<p>&#8220;ACHETEUR&#8221;; (ci-apr\u00e8s d\u00e9nomm\u00e9 &#8220;ACHETEUR&#8221; dans le contrat)<\/p>\n<p>NOM-PR\u00c9NOM:<br \/>\nadresse:<\/p>\n<p>&#8220;BAYSAL TRAVEL AGENCIES TOURISM FOOD CLEANING COMMUNICATION TRANSPORT INDUSTRY AND TRADE LIMITED COMPANY&#8221;; (ci-apr\u00e8s d\u00e9nomm\u00e9 le \u201cVENDEUR\u201d dans le contrat)<\/p>\n<p>NOM-PR\u00c9NOM: BAYSAL AGENCES DE VOYAGES TOURISME ALIMENTATION NETTOYAGE CONTACT TRANSPORT INDUSTRIE ET COMMERCE SOCI\u00c9T\u00c9 ANONYME<br \/>\nADRESSE: Nailbey Mah. Gazi Cad. No:43 \/ P5 Centre \/ ELAZIG<\/p>\n<p>En acceptant cet accord, objet du contrat, l&#8217;acheteur approuve la commande, si le prix de la commande et les \u00e9ventuels frais d&#8217;exp\u00e9dition, tels que les taxes, qui seraient sous l&#8217;obligation de payer les frais suppl\u00e9mentaires sp\u00e9cifi\u00e9s sur cette question en sont inform\u00e9s et l&#8217;acceptent.<\/p>\n<p>2. DIAGNOSTIQUER<\/p>\n<p>Dans l&#8217;application et l&#8217;interpr\u00e9tation du pr\u00e9sent accord, les termes \u00e9crits ci-dessous exprimeront les explications \u00e9crites \u00e0 leur encontre.<\/p>\n<p>MINISTRE: Ministre des Douanes et du Commerce,<\/p>\n<p>MINIST\u00c8RE: Minist\u00e8re des Douanes et du Commerce,<\/p>\n<p>LOI: Loi n \u00b0 6502 sur la Protection des Consommateurs,<\/p>\n<p>R\u00c8GLEMENT: R\u00e8glement sur les contrats \u00e0 distance (JOURNAL OFFICIEL: 27.11.2014 \/ 29188)<\/p>\n<p>SERVICE : L&#8217;objet de toute transaction de consommateur autre que la fourniture de biens effectu\u00e9s ou engag\u00e9s \u00e0 \u00eatre effectu\u00e9s en \u00e9change d&#8217;une redevance ou d&#8217;un avantage ,<\/p>\n<p>VENDEUR : Une entreprise qui propose des biens au consommateur dans le cadre de ses activit\u00e9s commerciales ou professionnelles, ou agit pour le compte ou pour le compte de l&#8217;offre de biens,<\/p>\n<p>ACHETEUR : Personne physique ou morale qui acquiert, utilise ou b\u00e9n\u00e9ficie d&#8217;un bien ou d&#8217;un service \u00e0 des fins commerciales ou non professionnelles,<\/p>\n<p>SITE : Le site du VENDEUR,<\/p>\n<p>PERSONNE QUI COMMANDE: Une personne physique ou morale qui demande un produit ou un service via le site Web du VENDEUR,<\/p>\n<p>PARTIES: VENDEUR et ACHETEUR,<\/p>\n<p>CONTRAT: Ce contrat conclu entre le VENDEUR et l&#8217;ACHETEUR d\u00e9finit de mani\u00e8re d\u00e9cisive le,<\/p>\n<p>BIENS : D\u00e9signe les biens meubles qui font l&#8217;objet d&#8217;achats et de logiciels, audio, vid\u00e9o et autres biens incorporels similaires pr\u00e9par\u00e9s pour une utilisation dans un environnement \u00e9lectronique.<\/p>\n<p>3.sujet<\/p>\n<p>Le pr\u00e9sent Contrat r\u00e9git les droits et obligations des parties conform\u00e9ment aux dispositions de la Loi sur la Protection du consommateur n \u00b0 6502 et du R\u00e8glement sur les Contrats \u00e0 distance concernant la vente et la livraison du produit, dont les qualit\u00e9s et le prix de vente sont pr\u00e9cis\u00e9s ci-dessous, que l&#8217;ACHETEUR a command\u00e9 par voie \u00e9lectronique via le site Web du VENDEUR.<\/p>\n<p>Les prix indiqu\u00e9s et annonc\u00e9s sur le site sont le prix de vente. Les prix annonc\u00e9s et les promesses sont valables jusqu&#8217;\u00e0 ce que la mise \u00e0 jour soit faite et modifi\u00e9e. Les prix annonc\u00e9s pour une p\u00e9riode de temps sont valables jusqu&#8217;\u00e0 la fin de la p\u00e9riode sp\u00e9cifi\u00e9e.<\/p>\n<p>4. INFORMATIONS SUR LE VENDEUR<\/p>\n<p>BAYSAL AGENCES DE VOYAGES TOURISME ALIMENTATION NETTOYAGE CONTACT TRANSPORT INDUSTRIE ET COMMERCE SOCI\u00c9T\u00c9 ANONYME<br \/>\nNailbey Mah. Gazi Cad. No:43 \/ P5 Centre \/ ELAZIG<br \/>\n00850 304 09 23<br \/>\ninfo@baysalsaglik.com<\/p>\n<p>5. INFORMATIONS SUR L&#8217;ACHETEUR<\/p>\n<p>La personne \u00e0 livrer<br \/>\nAdresse De Livraison<br \/>\nT\u00e9l\u00e9phone<br \/>\nT\u00e9l\u00e9copie<br \/>\nEmail \/ nom d&#8217;utilisateur<\/p>\n<p>6. INFORMATIONS SUR LA PERSONNE QUI COMMANDE<\/p>\n<p>Nom \/ Pr\u00e9nom \/ Titre<\/p>\n<p>Adresse<br \/>\nT\u00e9l\u00e9phone<br \/>\nT\u00e9l\u00e9copie<br \/>\nEmail \/ nom d&#8217;utilisateur<\/p>\n<p>7. INFORMATIONS SUR LES PRODUITS \/ PRODUITS FAISANT L&#8217;OBJET DU CONTRAT<\/p>\n<p>1.\u00a0Les caract\u00e9ristiques de base des Biens \/ Produits \/ Produits \/ Services (type, quantit\u00e9, marque \/ mod\u00e8le, couleur, quantit\u00e9) sont publi\u00e9es sur le site Web du VENDEUR. Si une campagne a \u00e9t\u00e9 organis\u00e9e par le vendeur, vous pouvez consulter les principales caract\u00e9ristiques du produit concern\u00e9 pendant la campagne. Valable jusqu&#8217;\u00e0 la date de la campagne.<\/p>\n<p>7.2.\u00a0Les prix indiqu\u00e9s et annonc\u00e9s sur le site sont le prix de vente. Les prix annonc\u00e9s et les promesses sont valables jusqu&#8217;\u00e0 ce que la mise \u00e0 jour soit faite et modifi\u00e9e. Les prix annonc\u00e9s pour une p\u00e9riode de temps sont valables jusqu&#8217;\u00e0 la fin de la p\u00e9riode sp\u00e9cifi\u00e9e.<\/p>\n<p>7.3.\u00a0Le prix de vente des biens ou services faisant l&#8217;objet du contrat, toutes taxes comprises, est indiqu\u00e9 ci-dessous.<\/p>\n<p>Description du Produit<\/p>\n<p>&nbsp;<\/p>\n<p>Pi\u00e8ce<\/p>\n<p>&nbsp;<\/p>\n<p>Prix Unitaire<\/p>\n<p>&nbsp;<\/p>\n<p>Sous-Total D\u00e9c<br \/>\n(TVA incluse)<\/p>\n<p>&nbsp;<\/p>\n<p>&nbsp;<\/p>\n<p>&nbsp;<\/p>\n<p>Montant de l&#8217;Exp\u00e9dition<\/p>\n<p>&nbsp;<\/p>\n<p>&nbsp;<\/p>\n<p>Total :<\/p>\n<p>&nbsp;<\/p>\n<p>M\u00e9thode de Paiement et Calendrier<\/p>\n<p>Adresse De Livraison<\/p>\n<p>La personne \u00e0 livrer<\/p>\n<p>Adresse de Facturation<\/p>\n<p>Date de Commande<\/p>\n<p>Date de livraison<\/p>\n<p>Mode de livraison<\/p>\n<p>7.4.\u00a0 Les frais d&#8217;exp\u00e9dition, qui sont les frais d&#8217;exp\u00e9dition du produit, seront \u00e0 la charge de l&#8217;ACHETEUR.<\/p>\n<p>8. INFORMATIONS DE FACTURATION<\/p>\n<p>Nom \/ Pr\u00e9nom \/ Titre<\/p>\n<p>Adresse<br \/>\nT\u00e9l\u00e9phone<br \/>\nT\u00e9l\u00e9copie<br \/>\nEmail \/ nom d&#8217;utilisateur<br \/>\nLivraison de la facture : La facture est envoy\u00e9e \u00e0 l&#8217;adresse de facturation avec la commande lors de la livraison de la commande<br \/>\nil sera livr\u00e9.<\/p>\n<p>9. DISPOSITIONS G\u00c9N\u00c9RALES<\/p>\n<p>9.1.\u00a0L&#8217;ACHETEUR accepte, d\u00e9clare et s&#8217;engage \u00e0 lire les caract\u00e9ristiques de base du produit objet du contrat, le prix de vente et le mode de paiement et les informations pr\u00e9liminaires sur la livraison sur le site Web du VENDEUR, \u00e0 avoir des informations, \u00e0 donner la confirmation n\u00e9cessaire par voie \u00e9lectronique. Destinataire; Informations pr\u00e9liminaires par voie \u00e9lectronique pour v\u00e9rifier avant l&#8217;\u00e9tablissement du contrat de vente \u00e0 distance par le vendeur, l&#8217;acheteur\u2019 ou l&#8217;adresse sur la commande des produits requis pour les caract\u00e9ristiques de base du prix du produit, y compris les taxes, les informations de paiement et de livraison qui est acquise est accept\u00e9e comme correcte et compl\u00e8te.<\/p>\n<p>9.2.\u00a0Chaque produit faisant l&#8217;objet du contrat est livr\u00e9 \u00e0 l&#8217;ACHETEUR ou \u00e0 la personne et \/ ou \u00e0 l&#8217;organisation \u00e0 l&#8217;adresse indiqu\u00e9e par l&#8217;ACHETEUR pendant la p\u00e9riode sp\u00e9cifi\u00e9e dans la section informations pr\u00e9liminaires du site Web, en fonction de la distance du lieu de r\u00e9sidence de l&#8217;ACHETEUR, \u00e0 condition qu&#8217;il ne d\u00e9passe pas le d\u00e9lai l\u00e9gal de 30 jours. Dans le cas o\u00f9 le produit ne peut \u00eatre livr\u00e9 \u00e0 l&#8217;ACHETEUR dans ce d\u00e9lai, l&#8217;ACHETEUR se r\u00e9serve le droit de r\u00e9silier le contrat.<\/p>\n<p>9.3.\u00a0Le vendeur doit compl\u00e9ter le produit soumis au contrat, les qualifications appropri\u00e9es dans l&#8217;ordre, et, le cas \u00e9ch\u00e9ant, les documents de garantie, les manuels d&#8217;utilisation pour fournir les informations et les documents fondamentaux pour les affaires, comme vous appelez tout produit conform\u00e9ment aux exigences de la l\u00e9gislation solide, dans les principes d&#8217;honn\u00eatet\u00e9 et d&#8217;exactitude conform\u00e9ment aux normes pour effectuer la mise \u00e0 niveau lors de l&#8217;ex\u00e9cution des travaux et en gardant la qualit\u00e9 de service n\u00e9cessaire pour faire preuve de soin et d&#8217;attention, pour agir avec prudence et pr\u00e9voyance est accept\u00e9e.<\/p>\n<p>9.4.\u00a0Le VENDEUR peut fournir un produit diff\u00e9rent de qualit\u00e9 et de prix \u00e9gaux en informant l&#8217;ACHETEUR et en obtenant explicitement son approbation avant l&#8217;expiration de l&#8217;obligation d&#8217;ex\u00e9cution d\u00e9coulant du contrat.<\/p>\n<p>9.5.\u00a0Vendeur, produit ou service en cas d&#8217;accomplissement des imkansizlasmas, ne remplit pas les obligations contractuelles, cette situation informera le consommateur par \u00e9crit dans les 3 jours \u00e0 compter de la date de connaissance, dans un d\u00e9lai de 14 jours, nous rembourserons le co\u00fbt total \u00e0 l&#8217;acheteur s&#8217;engage \u00e0 accepter cela.<\/p>\n<p>9.6.\u00a0L&#8217;ACHETEUR accepte, d\u00e9clare et s&#8217;engage \u00e0 confirmer cet Accord par voie \u00e9lectronique pour la livraison du produit contract\u00e9, et si le prix du produit contract\u00e9 n&#8217;est pas pay\u00e9 pour quelque raison que ce soit et \/ ou annul\u00e9 dans les registres bancaires, l&#8217;obligation du VENDEUR de livrer le produit contract\u00e9 prendra fin.<\/p>\n<p>9.7.\u00a0L&#8217;ACHETEUR accepte, d\u00e9clare et s&#8217;engage que si le produit objet du contrat n&#8217;est pas pay\u00e9 au VENDEUR par la banque ou l&#8217;institution financi\u00e8re concern\u00e9e \u00e0 la suite de l&#8217;utilisation d\u00e9loyale de la carte de cr\u00e9dit appartenant \u00e0 l&#8217;ACHETEUR par des personnes non autoris\u00e9es apr\u00e8s la livraison du produit objet du Contrat \u00e0 l&#8217;ACHETEUR ou \u00e0 la personne et \/ ou \u00e0 l&#8217;organisation indiqu\u00e9e par l&#8217;ACHETEUR, l&#8217;ACHETEUR retournera le produit objet du Contrat au VENDEUR dans les 3 jours, de sorte que les frais d&#8217;exp\u00e9dition appartiennent au VENDEUR.<\/p>\n<p>9.8.\u00a0Au-del\u00e0 du contr\u00f4le des parties vendeuses, les impr\u00e9vus et les dettes des parties remplissent des cas de blocage et \/ ou de force majeure, tels que retard d\u00fb \u00e0 la formation du produit objet du contrat s&#8217;il ne livre pas dans le d\u00e9lai de l&#8217;acheteur \u00e0 notifier accepte, d\u00e9clare et s&#8217;engage. L&#8217;ACHETEUR a \u00e9galement le droit de demander l&#8217;annulation de la commande, le remplacement du produit objet du contrat avec son homologue, le cas \u00e9ch\u00e9ant, et \/ ou le report du d\u00e9lai de livraison jusqu&#8217;\u00e0 l&#8217;\u00e9limination de la situation de blocage du VENDEUR. En cas d&#8217;annulation de la commande par l&#8217;ACHETEUR, le montant du produit sera vers\u00e9 \u00e0 l&#8217;ACHETEUR en esp\u00e8ces et \u00e0 l&#8217;avance dans un d\u00e9lai de 14 jours pour les paiements effectu\u00e9s par l&#8217;ACHETEUR en esp\u00e8ces. Dans le cas de paiements effectu\u00e9s par l&#8217;ACHETEUR avec une carte de cr\u00e9dit, le montant du produit est retourn\u00e9 \u00e0 la banque concern\u00e9e dans les 14 jours suivant l&#8217;annulation de la commande par l&#8217;ACHETEUR. Acheteur, vendeur, le montant \u00e0 rembourser par carte bancaire sur le compte de l&#8217;acheteur par la banque pour le processus \u00e0 refl\u00e9ter en moyenne 2 \u00e0 3 semaines vous pourriez retrouver ce montant \u00e0 la banque apr\u00e8s le retour des destinataires puisque la r\u00e9flexion est enti\u00e8rement li\u00e9e aux comptes bancaires pour traiter la transaction, l&#8217;acheteur s&#8217;engage \u00e0 accepter que vous ne puissiez pas tenir le vendeur responsable d&#8217;\u00e9ventuels retards.<\/p>\n<p>9.9.\u00a0Le VENDEUR a le droit de contacter l&#8217;ACHETEUR par lettre, e-mail, SMS, appel t\u00e9l\u00e9phonique et autres moyens de communication, marketing, notification et autres via l&#8217;adresse, l&#8217;adresse e-mail, les lignes t\u00e9l\u00e9phoniques fixes et mobiles et autres coordonn\u00e9es sp\u00e9cifi\u00e9es par l&#8217;ACHETEUR dans le formulaire d&#8217;inscription sur le site ou mises \u00e0 jour par lui ult\u00e9rieurement. En acceptant le pr\u00e9sent contrat, l&#8217;ACHETEUR accepte et d\u00e9clare que le VENDEUR peut s&#8217;engager dans les activit\u00e9s de communication susmentionn\u00e9es qui lui sont adress\u00e9es.<\/p>\n<p>9.10.\u00a0L&#8217;ACHETEUR inspectera les biens \/ services faisant l&#8217;objet du contrat avant de recevoir la livraison; bosses, emballages cass\u00e9s, d\u00e9chir\u00e9s, etc. les biens \/ services endommag\u00e9s et d\u00e9fectueux ne seront pas livr\u00e9s par la soci\u00e9t\u00e9 de fret. Les biens \/ services re\u00e7us seront consid\u00e9r\u00e9s comme intacts et intacts. Le devoir de protection minutieuse des biens \/ services apr\u00e8s la livraison appartient \u00e0 l&#8217;ACHETEUR. Si le droit de r\u00e9tractation doit \u00eatre utilis\u00e9, les biens \/ services ne doivent pas \u00eatre utilis\u00e9s. La facture doit \u00eatre retourn\u00e9e.<\/p>\n<p>9.11.\u00a0Qui a \u00e9t\u00e9 utilis\u00e9 lors de votre commande avec le titulaire de la carte de cr\u00e9dit, l&#8217;acheteur n&#8217;est pas la m\u00eame personne, ou avant la soumission du produit \u00e0 l&#8217;acheteur, la commande en relation avec la carte de cr\u00e9dit qui a \u00e9t\u00e9 utilis\u00e9e pour la d\u00e9tection de vuln\u00e9rabilit\u00e9 dans le cas du vendeur, l&#8217;identit\u00e9 du titulaire de la carte de cr\u00e9dit et les coordonn\u00e9es de la carte de cr\u00e9dit utilis\u00e9e dans la commande qui figuraient sur le relev\u00e9 du mois pr\u00e9c\u00e9dent de la banque ou du titulaire de la carte peuvent demander au destinataire de soumettre l&#8217;article qui poss\u00e8de une carte de cr\u00e9dit. La commande sera gel\u00e9e pendant un certain temps jusqu&#8217;\u00e0 ce que l&#8217;ACHETEUR fournisse les informations \/ documents soumis \u00e0 la demande, et si les demandes susmentionn\u00e9es ne sont pas satisfaites dans les 24 heures de juillet, le VENDEUR a le droit d&#8217;annuler la commande.<\/p>\n<p>&nbsp;<\/p>\n","protected":false},"excerpt":{"rendered":"<p>1.c\u00f4t\u00e9 Le pr\u00e9sent Accord a \u00e9t\u00e9 sign\u00e9 entre les parties suivantes dans le cadre des termes et conditions \u00e9nonc\u00e9s ci-dessous.<\/p>\n","protected":false},"author":2,"featured_media":0,"parent":0,"menu_order":0,"comment_status":"closed","ping_status":"closed","template":"","meta":{"footnotes":""},"class_list":["post-10957","page","type-page","status-publish","hentry"],"_links":{"self":[{"href":"https:\/\/www.baysalsaglik.com\/fr\/wp-json\/wp\/v2\/pages\/10957","targetHints":{"allow":["GET"]}}],"collection":[{"href":"https:\/\/www.baysalsaglik.com\/fr\/wp-json\/wp\/v2\/pages"}],"about":[{"href":"https:\/\/www.baysalsaglik.com\/fr\/wp-json\/wp\/v2\/types\/page"}],"author":[{"embeddable":true,"href":"https:\/\/www.baysalsaglik.com\/fr\/wp-json\/wp\/v2\/users\/2"}],"replies":[{"embeddable":true,"href":"https:\/\/www.baysalsaglik.com\/fr\/wp-json\/wp\/v2\/comments?post=10957"}],"version-history":[{"count":0,"href":"https:\/\/www.baysalsaglik.com\/fr\/wp-json\/wp\/v2\/pages\/10957\/revisions"}],"wp:attachment":[{"href":"https:\/\/www.baysalsaglik.com\/fr\/wp-json\/wp\/v2\/media?parent=10957"}],"curies":[{"name":"wp","href":"https:\/\/api.w.org\/{rel}","templated":true}]}}