{"id":10989,"date":"2022-10-25T03:30:04","date_gmt":"2022-10-25T00:30:04","guid":{"rendered":"https:\/\/www.baysalsaglik.com\/?page_id=10989"},"modified":"2022-10-25T03:41:59","modified_gmt":"2022-10-25T00:41:59","slug":"confidentialite-et-securite-de-la-paie","status":"publish","type":"page","link":"https:\/\/www.baysalsaglik.com\/fr\/confidentialite-et-securite-de-la-paie\/","title":{"rendered":"Confidentialit\u00e9 et S\u00e9curit\u00e9 de la Paie"},"content":{"rendered":"<p>Cher BAYSAL AGENCES DE VOYAGES TOURISME ALIMENTATION NETTOYAGE CONTACT TRANSPORT INDUSTRIE ET COMMERCE SOCI\u00c9T\u00c9 \u00c0 RESPONSABILIT\u00c9 LIMIT\u00c9E (www.baysalsaglik.com ) Membre,<\/p>\n<p>BAYSAL AGENCES DE VOYAGES TOURISME ALIMENTAIRE NETTOYAGE CONTACT TRANSPORT INDUSTRIE ET COMMERCE SOCI\u00c9T\u00c9 \u00c0 RESPONSABILIT\u00c9 LIMIT\u00c9E, afin de fournir un meilleur service \u00e0 ses clients, certaines de vos informations personnelles (nom, \u00e2ge, int\u00e9r\u00eats, e-mail, etc.).) exige de vous.<\/p>\n<p>Agences de voyages BAYSAL, tourisme, alimentation, transport nettoyage de la bo\u00eete de dialogue, industrie et commerce les serveurs de la soci\u00e9t\u00e9 anonyme de ces informations sont collect\u00e9es lors de campagnes publiques, d&#8217;activit\u00e9s promotionnelles pour les profils des clients et de conception personnalis\u00e9e de redirection de courrier \u00e9lectronique non sollicit\u00e9 pour les travaux de \u201cclassification\u201d des clients.Les agences de voyages BAYSAL, tourisme, alimentation, transport nettoyage de la bo\u00eete de dialogue sont utilis\u00e9es au sein de la soci\u00e9t\u00e9 anonyme de l&#8217;industrie et du commerce.<\/p>\n<p>BAYSAL AGENCES DE VOYAGES TOURISME ALIMENTATION NETTOYAGE COMMUNICATION TRANSPORT INDUSTRIE ET COMMERCE SOCI\u00c9T\u00c9 \u00c0 RESPONSABILIT\u00c9 LIMIT\u00c9E ne partage absolument pas les informations collect\u00e9es \u00e0 partir des formulaires d&#8217;adh\u00e9sion avec des tiers \u00e0 l&#8217;insu ou non du membre en question, n&#8217;utilise pas et ne vend pas \u00e0 des fins commerciales pour une raison non op\u00e9rationnelle.<\/p>\n<p>BAYSAL AGENCES DE VOYAGES TOURISME ALIMENTATION NETTOYAGE COMMUNICATION TRANSPORT INDUSTRIE ET COMMERCE SOCI\u00c9T\u00c9 ANONYME analyse et interpr\u00e8te les mouvements et pr\u00e9f\u00e9rences des visiteurs qu&#8217;elle surveille lors de l&#8217;utilisation du site, \u00e0 l&#8217;exception des informations personnelles qu&#8217;elle demande dans les adresses e-mail et les formulaires d&#8217;adh\u00e9sion.<\/p>\n<p>Ces donn\u00e9es statistiques, qui ne contiennent pas d&#8217;informations personnelles, peuvent \u00eatre partag\u00e9es avec les partenaires commerciaux de BAYSAL TRAVEL AGENCIES TOURISM FOOD CLEANING COMMUNICATION TRANSPORTATION INDUSTRY AND TRADE LIMITED COMPANY afin de fournir une exp\u00e9rience d&#8217;achat plus sp\u00e9ciale et plus efficace aux clients de BAYSAL TRAVEL AGENCIES TOURISM FOOD CLEANING COMMUNICATION TRANSPORTATION INDUSTRY AND TRADE LIMITED COMPANY.<\/p>\n<p>Les informations client ne seront divulgu\u00e9es aux autorit\u00e9s officielles que si ces informations sont demand\u00e9es par les autorit\u00e9s officielles du d\u00e9partement proc\u00e9dural et dans les cas o\u00f9 il est n\u00e9cessaire de faire une d\u00e9claration aux autorit\u00e9s officielles conform\u00e9ment aux dispositions de la l\u00e9gislation obligatoire en vigueur. Seul le Client peut acc\u00e9der \u00e0 toutes les informations qu&#8217;il saisit dans le syst\u00e8me, et seul le Client peut modifier ces informations. Il n&#8217;est pas possible pour quelqu&#8217;un d&#8217;autre d&#8217;acc\u00e9der \u00e0 ces informations et de les modifier.<\/p>\n<p>Les informations de votre carte de cr\u00e9dit demand\u00e9es sur la page de paiement ne sont pas conserv\u00e9es sur les serveurs de BAYSAL AGENCES DE VOYAGES TOURISME ALIMENTATION NETTOYAGE COMMUNICATION TRANSPORT INDUSTRIE ET COMMERCE SOCI\u00c9T\u00c9 ANONYME ou les entreprises qui la servent afin de maintenir la s\u00e9curit\u00e9 de nos pr\u00e9cieux clients faisant leurs achats sur le site au plus haut niveau de quelque mani\u00e8re que ce soit. De cette fa\u00e7on, toutes les transactions de paiement sont assur\u00e9es d&#8217;avoir lieu entre la banque et votre ordinateur via l&#8217;interface de BAYSAL AGENCES DE VOYAGES TOURISME NETTOYAGE ALIMENTAIRE COMMUNICATION INDUSTRIE DES TRANSPORTS ET D\u00e9mant\u00e8lement SOCI\u00c9T\u00c9 \u00c0 RESPONSABILIT\u00c9 LIMIT\u00c9E.<\/p>\n<p>Nos membres, BAYSAL AGENCES DE VOYAGES TOURISME ALIMENTAIRE NETTOYAGE COMMUNICATION TRANSPORT INDUSTRIE ET COMMERCE SOCI\u00c9T\u00c9 \u00c0 RESPONSABILIT\u00c9 LIMIT\u00c9E en postulant \u00e0;<\/p>\n<p>Pour savoir si les donn\u00e9es personnelles sont trait\u00e9es ou non,<br \/>\nSi des donn\u00e9es personnelles ont \u00e9t\u00e9 trait\u00e9es, demandez des informations \u00e0 ce sujet,<br \/>\nPour conna\u00eetre la finalit\u00e9 du traitement des donn\u00e9es personnelles et savoir si elles sont utilis\u00e9es conform\u00e9ment \u00e0 la finalit\u00e9,<br \/>\nConna\u00eetre les tiers auxquels les donn\u00e9es personnelles sont transf\u00e9r\u00e9es dans le pays ou \u00e0 l&#8217;\u00e9tranger,<br \/>\nDemander la correction des donn\u00e9es personnelles en cas de traitement incomplet ou incorrect,<br \/>\nDemander la suppression ou la destruction de donn\u00e9es \u00e0 caract\u00e8re personnel dans le cadre des conditions stipul\u00e9es dans la l\u00e9gislation applicable,<br \/>\nDemander la notification de la correction, de la suppression et de la destruction des donn\u00e9es personnelles effectu\u00e9es conform\u00e9ment \u00e0 la l\u00e9gislation pertinente aux tiers auxquels les donn\u00e9es personnelles sont transf\u00e9r\u00e9es,<br \/>\nEn analysant les donn\u00e9es trait\u00e9es exclusivement \u00e0 travers des syst\u00e8mes automatis\u00e9s, on ne discute pas avec l&#8217;\u00e9mergence d&#8217;un r\u00e9sultat contre soi-m\u00eame,<br \/>\nDemander l&#8217;indemnisation du pr\u00e9judice en cas de dommage caus\u00e9 en raison du traitement illicite de donn\u00e9es \u00e0 caract\u00e8re personnel,<br \/>\nil a ses droits.<\/p>\n<p>BAYSAL AGENCES DE VOYAGES TOURISME ALIMENTAIRE NETTOYAGE COMMUNICATION TRANSPORT INDUSTRIE ET COMMERCE LA SOCI\u00c9T\u00c9 \u00c0 RESPONSABILIT\u00c9 LIMIT\u00c9E peut apporter une r\u00e9ponse positive \/ n\u00e9gative motiv\u00e9e par \u00e9crit ou par voie num\u00e9rique conform\u00e9ment aux demandes ci-dessus. Si les transactions faisant l&#8217;objet de la demande n\u00e9cessitent un co\u00fbt, le Conseil de la Protection des Donn\u00e9es Personnelles d\u00e9terminera si la Loi sur la Protection des Donn\u00e9es Personnelles n \u00b0 6698 exige 13. Il est possible de facturer des frais bas\u00e9s sur le tarif d\u00e9termin\u00e9 selon l&#8217;article.<\/p>\n","protected":false},"excerpt":{"rendered":"<p>Cher BAYSAL AGENCES DE VOYAGES TOURISME ALIMENTATION NETTOYAGE CONTACT TRANSPORT INDUSTRIE ET COMMERCE SOCI\u00c9T\u00c9 \u00c0 RESPONSABILIT\u00c9 LIMIT\u00c9E (www.baysalsaglik.com ) Membre,<\/p>\n","protected":false},"author":2,"featured_media":0,"parent":0,"menu_order":0,"comment_status":"closed","ping_status":"closed","template":"","meta":{"footnotes":""},"class_list":["post-10989","page","type-page","status-publish","hentry"],"_links":{"self":[{"href":"https:\/\/www.baysalsaglik.com\/fr\/wp-json\/wp\/v2\/pages\/10989","targetHints":{"allow":["GET"]}}],"collection":[{"href":"https:\/\/www.baysalsaglik.com\/fr\/wp-json\/wp\/v2\/pages"}],"about":[{"href":"https:\/\/www.baysalsaglik.com\/fr\/wp-json\/wp\/v2\/types\/page"}],"author":[{"embeddable":true,"href":"https:\/\/www.baysalsaglik.com\/fr\/wp-json\/wp\/v2\/users\/2"}],"replies":[{"embeddable":true,"href":"https:\/\/www.baysalsaglik.com\/fr\/wp-json\/wp\/v2\/comments?post=10989"}],"version-history":[{"count":0,"href":"https:\/\/www.baysalsaglik.com\/fr\/wp-json\/wp\/v2\/pages\/10989\/revisions"}],"wp:attachment":[{"href":"https:\/\/www.baysalsaglik.com\/fr\/wp-json\/wp\/v2\/media?parent=10989"}],"curies":[{"name":"wp","href":"https:\/\/api.w.org\/{rel}","templated":true}]}}