{"id":8446,"date":"2022-05-25T16:24:12","date_gmt":"2022-05-25T13:24:12","guid":{"rendered":"https:\/\/www.baysalsaglik.com\/a-propos-de-nous\/"},"modified":"2022-05-26T21:22:44","modified_gmt":"2022-05-26T18:22:44","slug":"a-propos-de-nous","status":"publish","type":"page","link":"https:\/\/www.baysalsaglik.com\/fr\/a-propos-de-nous\/","title":{"rendered":"\u00e0 propos de nous"},"content":{"rendered":"<div class=\"wpb-content-wrapper\"><p>[vc_row][vc_column][vc_column_text woodmart_inline=&#8221;no&#8221; text_larger=&#8221;no&#8221;]<\/p>\n<p style=\"text-align: justify;\"><img loading=\"lazy\" decoding=\"async\" class=\"wp-image-7626 size-full alignleft\" src=\"https:\/\/www.baysalsaglik.com\/wp-content\/uploads\/2022\/05\/hakkimizda_logo.jpg\" alt=\"\" width=\"300\" height=\"180\" title=\"\" srcset=\"https:\/\/www.baysalsaglik.com\/wp-content\/uploads\/2022\/05\/hakkimizda_logo.jpg 300w, https:\/\/www.baysalsaglik.com\/wp-content\/uploads\/2022\/05\/hakkimizda_logo-150x90.jpg 150w\" sizes=\"auto, (max-width: 300px) 100vw, 300px\" \/>Baysal Health &amp; Tourism a commenc\u00e9 ses activit\u00e9s en 2015 avec une compr\u00e9hension qui fera la diff\u00e9rence dans le domaine des services de sant\u00e9. Agissant avec les principaux \u00e9tablissements de sant\u00e9 de Turquie conform\u00e9ment \u00e0 des accords et collaborations sp\u00e9ciaux, Baysal Health propose des solutions efficaces et permanentes aux besoins de traitement des patients, tant dans le pays qu&#8217;\u00e0 l&#8217;\u00e9tranger. Tout en portant les normes de service au meilleur niveau, il ne n\u00e9glige pas de b\u00e9n\u00e9ficier de la technologie au sens maximum. Dans ce contexte, il accompagne les patients pour avoir un processus sain avec des services rapides, de haute qualit\u00e9 et durables.<\/p>\n<p style=\"text-align: justify;\">Une approche d&#8217;accompagnement est adopt\u00e9e \u00e0 chaque \u00e9tape, de la planification des voyages en Turquie des patients venant de l&#8217;\u00e9tranger au choix d&#8217;un h\u00f4pital\/m\u00e9decin et des processus post-traitement. Dans ce sens, il est souhait\u00e9 de mener \u00e0 bien le processus de traitement et d&#8217;\u00eatre satisfait du service de sant\u00e9 avec les services auxiliaires fournis. En tant que Baysal Health, tout en r\u00e9pondant aux besoins des patients domestiques, il agit avec des approches de \u00ab qualit\u00e9 \u00bb, \u00ab confiance \u00bb et \u00ab bon service \u00bb.<\/p>\n<p style=\"text-align: justify;\">Alors que Baysal Health &amp; Tourism vous propose des dizaines de traitements et des centaines d&#8217;alternatives m\u00e9dicales, cela vous donne l&#8217;impression que vous n&#8217;avez pas \u00e0 choisir parmi des options limit\u00e9es. Bien que vous n&#8217;ayez pas \u00e0 faire des choix que vous ne voulez pas, il vise \u00e0 compl\u00e9ter chaque \u00e9tape du processus de traitement de mani\u00e8re transparente et de haute qualit\u00e9. Avec les certificats TURSAB et International Health Tourism Intermediary Institution, vous pouvez ouvrir la porte \u00e0 des d\u00e9marches rassurantes gr\u00e2ce \u00e0 Baysal Health.<\/p>\n<p>[\/vc_column_text][vc_row_inner][vc_column_inner width=&#8221;1\/2&#8243;][vc_column_text woodmart_inline=&#8221;no&#8221; text_larger=&#8221;no&#8221;]<em><strong>Nous aimons donner confiance, car<\/strong><\/em><\/p>\n<p style=\"text-align: justify;\">Notre plus grand gain, le fondement de notre culture d&#8217;entreprise, c&#8217;est la confiance. Tout d&#8217;abord, nous nous faisons confiance, nous nous faisons confiance, nous vous faisons confiance et nous aimons donner confiance.<\/p>\n<p><em><strong>Nous aimons faire preuve d&#8217;empathie parce que<\/strong><\/em><\/p>\n<p style=\"text-align: justify;\">Nous sommes conscients que les obstacles et les probl\u00e8mes les plus importants peuvent \u00eatre surmont\u00e9s avec empathie. Dans notre aventure d&#8217;un quart de si\u00e8cle, notre objectif a toujours \u00e9t\u00e9 l&#8217;empathie.<\/p>\n<p><em><strong>Nous aimons plaire, car<\/strong><\/em><\/p>\n<p style=\"text-align: justify;\">Lorsque vous souriez, vous faites in\u00e9vitablement sourire l&#8217;autre personne, et nous savons que sourire prolongera la vie humaine. Avec chaque service que vous recevez de nous, vous continuerez \u00e0 vivre heureux et en paix.<\/p>\n<p><em><strong>Nous aimons plaire, car<\/strong><\/em><\/p>\n<p style=\"text-align: justify;\">Nous savons que la chose la plus importante dans le monde et dans d&#8217;autres vies selon les religions est le droit d&#8217;utiliser. Notre philosophie n&#8217;est pas d&#8217;emp\u00eacher la libert\u00e9 et les droits de quiconque. Au contraire, nous sommes plus heureux que nos droits soient transmis \u00e0 nos clients.<\/p>\n<p><em><strong>Nous aimons l&#8217;unit\u00e9 et la convivialit\u00e9, car<\/strong><\/em><\/p>\n<p style=\"text-align: justify;\">Nous sommes une entreprise familiale depuis des ann\u00e9es et maintenant nous continuons nos services sous la direction de notre deuxi\u00e8me g\u00e9n\u00e9ration. Nous croyons au pouvoir de l&#8217;unit\u00e9 et de la solidarit\u00e9. Nous savons tr\u00e8s bien que le pain gagn\u00e9 est d\u00e9licieux lorsqu&#8217;il est divis\u00e9.<\/p>\n<p>[\/vc_column_text][\/vc_column_inner][vc_column_inner width=&#8221;1\/2&#8243;][vc_single_image image=&#8221;8275&#8243; img_size=&#8221;586&#215;582&#8243; alignment=&#8221;center&#8221; woodmart_inline=&#8221;no&#8221; parallax_scroll=&#8221;no&#8221;][\/vc_column_inner][\/vc_row_inner][\/vc_column][\/vc_row]<\/p>\n<\/div>","protected":false},"excerpt":{"rendered":"<p>[vc_row][vc_column][vc_column_text woodmart_inline=&#8221;no&#8221; text_larger=&#8221;no&#8221;] Baysal Health &amp; Tourism a commenc\u00e9 ses activit\u00e9s en 2015 avec une compr\u00e9hension qui fera la diff\u00e9rence<\/p>\n","protected":false},"author":2,"featured_media":0,"parent":0,"menu_order":0,"comment_status":"closed","ping_status":"closed","template":"","meta":{"footnotes":""},"class_list":["post-8446","page","type-page","status-publish","hentry"],"_links":{"self":[{"href":"https:\/\/www.baysalsaglik.com\/fr\/wp-json\/wp\/v2\/pages\/8446","targetHints":{"allow":["GET"]}}],"collection":[{"href":"https:\/\/www.baysalsaglik.com\/fr\/wp-json\/wp\/v2\/pages"}],"about":[{"href":"https:\/\/www.baysalsaglik.com\/fr\/wp-json\/wp\/v2\/types\/page"}],"author":[{"embeddable":true,"href":"https:\/\/www.baysalsaglik.com\/fr\/wp-json\/wp\/v2\/users\/2"}],"replies":[{"embeddable":true,"href":"https:\/\/www.baysalsaglik.com\/fr\/wp-json\/wp\/v2\/comments?post=8446"}],"version-history":[{"count":0,"href":"https:\/\/www.baysalsaglik.com\/fr\/wp-json\/wp\/v2\/pages\/8446\/revisions"}],"wp:attachment":[{"href":"https:\/\/www.baysalsaglik.com\/fr\/wp-json\/wp\/v2\/media?parent=8446"}],"curies":[{"name":"wp","href":"https:\/\/api.w.org\/{rel}","templated":true}]}}