{"id":8465,"date":"2022-05-26T11:25:15","date_gmt":"2022-05-26T08:25:15","guid":{"rendered":"https:\/\/www.baysalsaglik.com\/confidentialite-et-securite\/"},"modified":"2022-05-28T13:27:47","modified_gmt":"2022-05-28T10:27:47","slug":"les-politiques-de-confidentialite","status":"publish","type":"page","link":"https:\/\/www.baysalsaglik.com\/fr\/les-politiques-de-confidentialite\/","title":{"rendered":"Les politiques de confidentialit\u00e9"},"content":{"rendered":"<div class=\"wpb-content-wrapper\"><p>[vc_row][vc_column][vc_column_text woodmart_inline=&#8221;no&#8221; text_larger=&#8221;no&#8221;]<\/p>\n<p style=\"text-align: justify;\"><em><strong><img loading=\"lazy\" decoding=\"async\" class=\"alignright wp-image-7747 size-medium\" src=\"https:\/\/www.baysalsaglik.com\/wp-content\/uploads\/2022\/05\/gizlilik_guvenlik_baysal_saglik-300x298.jpg\" alt=\"\" width=\"300\" height=\"298\" title=\"\" srcset=\"https:\/\/www.baysalsaglik.com\/wp-content\/uploads\/2022\/05\/gizlilik_guvenlik_baysal_saglik-300x298.jpg 300w, https:\/\/www.baysalsaglik.com\/wp-content\/uploads\/2022\/05\/gizlilik_guvenlik_baysal_saglik-150x149.jpg 150w, https:\/\/www.baysalsaglik.com\/wp-content\/uploads\/2022\/05\/gizlilik_guvenlik_baysal_saglik.jpg 586w\" sizes=\"auto, (max-width: 300px) 100vw, 300px\" \/>Cette politique de confidentialit\u00e9 contient des informations sur la protection et l&#8217;utilisation des informations personnelles partag\u00e9es avec https:\/\/www.baysalsaglik.com (&#8220;Site Web&#8221;).<\/strong><\/em><\/p>\n<p><strong>Coordonn\u00e9es personnelles<\/strong><\/p>\n<p style=\"text-align: justify;\">Les commandes ne peuvent pas \u00eatre pass\u00e9es via le site Web. Pour cette raison, aucune information de contact personnelle n&#8217;est collect\u00e9e par le site Web et aucune action n&#8217;est entreprise par nous \u00e0 cet \u00e9gard. Lorsque vous nous envoyez un message avec le formulaire de contact, vos nom et pr\u00e9nom, num\u00e9ro de t\u00e9l\u00e9phone portable, adresse e-mail et informations de localisation que vous avez transmises avec votre message seront utilis\u00e9s par nous pour vous r\u00e9pondre.<\/p>\n<p><strong>Informations de navigation et de clic<\/strong><\/p>\n<p style=\"text-align: justify;\">Pendant que les utilisateurs naviguent sur le site Web, des informations telles que les informations de navigation et de clic sur les pages qu&#8217;ils parcourent et les boutons et liens sur lesquels ils cliquent, les pages qu&#8217;ils visitent, le temps qu&#8217;ils restent sur une page, l&#8217;heure \u00e0 laquelle ils passent une commande sont stock\u00e9es. Ces informations ne r\u00e9v\u00e8lent pas l&#8217;identit\u00e9 de l&#8217;utilisateur ou ne sont pas directement associ\u00e9es \u00e0 la personne concern\u00e9e et ne sont utilis\u00e9es que pour compl\u00e9ter, analyser et am\u00e9liorer les commandes pass\u00e9es via le site Web, pour augmenter l&#8217;utilisation du site Web et pour fournir des informations lorsque l\u00e9galement obligatoire. Ces informations peuvent \u00eatre partag\u00e9es avec nos employ\u00e9s ou des tiers concern\u00e9s, si n\u00e9cessaire, afin de transmettre la commande \u00e0 l&#8217;utilisateur.<\/p>\n<p><strong>Informations sur nos services<\/strong><\/p>\n<p style=\"text-align: justify;\">Nous visons \u00e0 fournir un service de haute qualit\u00e9 \u00e0 nos utilisateurs. Afin d&#8217;atteindre cet objectif, nous pouvons envoyer de temps \u00e0 autre des e-mails sur les produits, services, remises, promotions et campagnes que nous pensons susceptibles d&#8217;int\u00e9resser les utilisateurs, en obtenant l&#8217;autorisation de nos utilisateurs. Les utilisateurs peuvent toujours refuser de recevoir des messages marketing li\u00e9s \u00e0 nos campagnes et promotions et nous en informer par e-mail, ou ils peuvent se d\u00e9sabonner de cette liste en cliquant sur le lien correspondant par e-mail.<\/p>\n<p><strong>Biscuits<\/strong><\/p>\n<p style=\"text-align: justify;\">Les cookies sont de petits fichiers texte qui enregistrent vos pr\u00e9f\u00e9rences sur votre ordinateur lorsque vous visitez le site Web. Nous utilisons des cookies pour fournir un service de la plus haute qualit\u00e9 \u00e0 l&#8217;utilisateur dans des processus tels que la m\u00e9morisation des produits qui se trouvent dans votre panier, le site Web reconnaissant l&#8217;utilisateur lorsque vous vous reconnectez au site Web et la publication de publicit\u00e9s et de publicit\u00e9s qui peuvent vous int\u00e9resser sur les pages les plus visit\u00e9es. Les cookies ne contiennent aucune information personnelle ou priv\u00e9e et n&#8217;endommagent pas votre ordinateur.<\/p>\n<p style=\"text-align: justify;\">Pour que les utilisateurs puissent passer des commandes via le site Web, ils doivent autoriser les cookies dans les param\u00e8tres de leur navigateur. Si vous le souhaitez, vous pouvez supprimer ou bloquer ult\u00e9rieurement ces cookies de votre ordinateur.<\/p>\n<p style=\"text-align: justify;\">Les cookies peuvent \u00eatre utilis\u00e9s pour vous identifier et pour maintenir les param\u00e8tres pertinents apr\u00e8s la connexion au site Web. La plupart des cookies sont des &#8220;cookies de session&#8221; et sont supprim\u00e9s de l&#8217;ordinateur une fois que l&#8217;utilisateur a termin\u00e9 sa visite. Selon les param\u00e8tres du navigateur Internet, les utilisateurs peuvent ne pas accepter les cookies. Des cookies de tiers avec des publicit\u00e9s sur le site Web peuvent \u00eatre rencontr\u00e9s, mais ils ne sont pas sous le contr\u00f4le du site Web.<\/p>\n<p style=\"text-align: justify;\">Afin de mesurer le taux de r\u00e9ussite des publicit\u00e9s, des cookies et des balises ou des technologies similaires peuvent \u00eatre utilis\u00e9s pour renvoyer un contenu publicitaire personnalis\u00e9 sur le site Web ou sur des sites Web. Les utilisateurs peuvent modifier leurs param\u00e8tres de cookies \u00e0 partir des options de leurs navigateurs. Les informations collect\u00e9es par des tiers via les cookies sont anonymes et ne contiennent pas d&#8217;informations personnelles.<\/p>\n<p><strong>Sites Web tiers<\/strong><\/p>\n<p style=\"text-align: justify;\">Le site Web peut contenir des publicit\u00e9s ou des publicit\u00e9s contenant des liens (liens) vers des sites Web tiers. Le site Web https:\/\/www.baysalsaglik.com n&#8217;est pas responsable du contenu et des politiques de confidentialit\u00e9 des sites Web tiers auxquels les utilisateurs se connectent via le site Web.<\/p>\n<p>[\/vc_column_text][\/vc_column][\/vc_row]<\/p>\n<\/div>","protected":false},"excerpt":{"rendered":"<p>[vc_row][vc_column][vc_column_text woodmart_inline=&#8221;no&#8221; text_larger=&#8221;no&#8221;] Cette politique de confidentialit\u00e9 contient des informations sur la protection et l&#8217;utilisation des informations personnelles partag\u00e9es avec<\/p>\n","protected":false},"author":2,"featured_media":0,"parent":0,"menu_order":0,"comment_status":"closed","ping_status":"closed","template":"","meta":{"footnotes":""},"class_list":["post-8465","page","type-page","status-publish","hentry"],"_links":{"self":[{"href":"https:\/\/www.baysalsaglik.com\/fr\/wp-json\/wp\/v2\/pages\/8465","targetHints":{"allow":["GET"]}}],"collection":[{"href":"https:\/\/www.baysalsaglik.com\/fr\/wp-json\/wp\/v2\/pages"}],"about":[{"href":"https:\/\/www.baysalsaglik.com\/fr\/wp-json\/wp\/v2\/types\/page"}],"author":[{"embeddable":true,"href":"https:\/\/www.baysalsaglik.com\/fr\/wp-json\/wp\/v2\/users\/2"}],"replies":[{"embeddable":true,"href":"https:\/\/www.baysalsaglik.com\/fr\/wp-json\/wp\/v2\/comments?post=8465"}],"version-history":[{"count":0,"href":"https:\/\/www.baysalsaglik.com\/fr\/wp-json\/wp\/v2\/pages\/8465\/revisions"}],"wp:attachment":[{"href":"https:\/\/www.baysalsaglik.com\/fr\/wp-json\/wp\/v2\/media?parent=8465"}],"curies":[{"name":"wp","href":"https:\/\/api.w.org\/{rel}","templated":true}]}}