{"id":8573,"date":"2022-05-26T14:30:18","date_gmt":"2022-05-26T11:30:18","guid":{"rendered":"https:\/\/www.baysalsaglik.com\/esthetique-de-loreille\/"},"modified":"2022-05-26T21:22:47","modified_gmt":"2022-05-26T18:22:47","slug":"esthetique-de-loreille","status":"publish","type":"page","link":"https:\/\/www.baysalsaglik.com\/fr\/esthetique-de-loreille\/","title":{"rendered":"Esth\u00e9tique de l&#8217;oreille"},"content":{"rendered":"<div class=\"wpb-content-wrapper\"><p>[vc_row][vc_column][vc_column_text woodmart_inline=&#8221;no&#8221; text_larger=&#8221;no&#8221;]<strong>Oreille pro\u00e9minente <\/strong><\/p>\n<p>L&#8217;oreille pro\u00e9minente est l&#8217;un des probl\u00e8mes les plus courants que les gens rencontrent avec leurs structures auriculaires. Ce probl\u00e8me, qui n&#8217;affecte pas les oreilles au sens sensoriel, fait g\u00e9n\u00e9ralement l&#8217;objet d&#8217;une intervention chirurgicale en raison de probl\u00e8mes visuels. En tant que Baysal Health, nous \u00e9liminons \u00e0 la fois vos pr\u00e9occupations esth\u00e9tiques et vos obsessions concernant vos oreilles, gr\u00e2ce \u00e0 des solutions sp\u00e9ciales.<\/p>\n<p>Vous n&#8217;aurez plus de probl\u00e8mes dans votre vie sociale gr\u00e2ce \u00e0 nos solutions d&#8217;oreille de premier plan que nous avons r\u00e9unies avec vous afin de fournir un service de qualit\u00e9 et des solutions parfaites. Ce rel\u00e2chement du cartilage, qui cause des difficult\u00e9s surtout chez les enfants dans leur environnement social, peut survenir pour des raisons g\u00e9n\u00e9tiques et environnementales. Afin d&#8217;\u00e9liminer ce probl\u00e8me, qui peut entra\u00eener une perte de confiance en soi et d&#8217;autres probl\u00e8mes psychologiques, vous pouvez recourir \u00e0 des interventions chirurgicales \u00e0 la diff\u00e9rence de XXX.<\/p>\n<p><strong>Comment se d\u00e9roule la chirurgie de l&#8217;oreille pro\u00e9minente?<\/strong><\/p>\n<p>Il vise \u00e0 obtenir les r\u00e9sultats les plus r\u00e9ussis avec une chirurgie de l&#8217;oreille pro\u00e9minente, qui est r\u00e9alis\u00e9e par les meilleurs chirurgiens plasticiens op\u00e9rant au sein de Baysal Health. Gr\u00e2ce aux \u00e9volutions technologiques, cette chirurgie, qui donne des r\u00e9sultats de tr\u00e8s haute qualit\u00e9, ne pr\u00e9sente pas de risques tr\u00e8s graves. Une projection est faite sur le type d&#8217;image qui sera obtenue avec la planification qui a lieu avant la chirurgie. Apr\u00e8s l&#8217;op\u00e9ration, qui dure entre 45 et 90 minutes, les oreilles sont amen\u00e9es \u00e0 la forme souhait\u00e9e.<\/p>\n<p>Il n&#8217;est pas n\u00e9cessaire de rester \u00e0 l&#8217;h\u00f4pital apr\u00e8s une chirurgie de l&#8217;oreille pro\u00e9minente. Il est recommand\u00e9 d&#8217;utiliser des bandes sp\u00e9ciales pendant une p\u00e9riode de 1 \u00e0 2 semaines apr\u00e8s la chirurgie, qui vise \u00e0 am\u00e9liorer la structure du cartilage. L&#8217;utilisation de ruban adh\u00e9sif sous la supervision d&#8217;experts de Baysal Health doit \u00eatre supprim\u00e9e avec l&#8217;avis d&#8217;un m\u00e9decin. Pendant l&#8217;op\u00e9ration, une application qui causera des dommages sensoriels \u00e0 l&#8217;oreille n&#8217;est pas appliqu\u00e9e. Par cons\u00e9quent, il n&#8217;y a pas de perte de capacit\u00e9 auditive.<\/p>\n<p><strong>Temps de r\u00e9cup\u00e9ration post-op\u00e9ration<\/strong><\/p>\n<p>Le processus de r\u00e9cup\u00e9ration de la chirurgie de l&#8217;oreille pro\u00e9minente, qui est plus rapide que de nombreuses interventions chirurgicales, varie g\u00e9n\u00e9ralement entre 1 et 2 semaines. Les patients qui doivent attendre un maximum de 15 jours pour une r\u00e9cup\u00e9ration compl\u00e8te n&#8217;ont pas besoin d&#8217;attendre aussi longtemps pour mener \u00e0 bien leur routine quotidienne. Les patients qui peuvent effectuer leurs activit\u00e9s normales dans les 1 \u00e0 2 jours suivant l&#8217;op\u00e9ration doivent prot\u00e9ger leurs oreilles des chocs et autres effets. Apr\u00e8s l&#8217;application, au cours de laquelle des r\u00e9sultats d\u00e9finitifs sont obtenus lors de l&#8217;\u00e9limination du scoop dans les oreilles, les r\u00e9sultats sont sous la garantie de Baysal Health.<\/p>\n<p>Les patients qui pr\u00eatent attention aux suggestions et aux avertissements de nos chirurgiens plasticiens experts quittent notre clinique avec des r\u00e9sultats d\u00e9finitifs.<\/p>\n<p><strong>Oreille pro\u00e9minente chez les enfants<\/strong><\/p>\n<p>Afin d&#8217;\u00e9liminer ce probl\u00e8me observ\u00e9 chez les enfants, tout d&#8217;abord, l&#8217;application de ruban adh\u00e9sif est appliqu\u00e9e. Si aucun r\u00e9sultat n&#8217;est obtenu avec l&#8217;application de bande, des applications chirurgicales sont appliqu\u00e9es en compagnie de p\u00e9diatres sp\u00e9cialis\u00e9s. \u00c9tant donn\u00e9 que les proc\u00e9dures chirurgicales \u00e0 appliquer aux enfants sont diff\u00e9rentes de celles des adultes, des examens d\u00e9taill\u00e9s et de haute qualit\u00e9 sont effectu\u00e9s sous l&#8217;\u00e9gide de XXX. De cette fa\u00e7on, il est possible d&#8217;obtenir des r\u00e9sultats parfaits.<\/p>\n<p><strong>Foire aux questions sur l&#8217;oreille pro\u00e9minente<\/strong><\/p>\n<p><strong>Existe-t-il des restrictions d&#8217;\u00e2ge pour les applications sur les oreilles pro\u00e9minentes&nbsp;?<\/strong><\/p>\n<p>Il n&#8217;y a pas de limite d&#8217;\u00e2ge li\u00e9e \u00e0 la chirurgie. Par cons\u00e9quent, quel que soit votre \u00e2ge, il est possible d&#8217;\u00e9liminer le probl\u00e8me de vos oreilles.<\/p>\n<p><strong>Le scoop dans l&#8217;oreille se r\u00e9p\u00e8te-t-il&nbsp;?<\/strong><\/p>\n<p>Il n&#8217;est pas possible que le probl\u00e8me se reproduise apr\u00e8s une chirurgie de l&#8217;oreille pro\u00e9minente. Par cons\u00e9quent, il est possible d&#8217;\u00e9liminer le probl\u00e8me imm\u00e9diatement.<\/p>\n<p><strong>Y aura-t-il des cicatrices apr\u00e8s l&#8217;op\u00e9ration ?<\/strong><\/p>\n<p>M\u00eame s&#8217;il y a une cicatrice apr\u00e8s la chirurgie, il n&#8217;y a pas d&#8217;apparence g\u00eanante car les incisions sont faites dans des endroits invisibles.[\/vc_column_text][\/vc_column][\/vc_row]<\/p>\n<\/div>","protected":false},"excerpt":{"rendered":"<p>[vc_row][vc_column][vc_column_text woodmart_inline=&#8221;no&#8221; text_larger=&#8221;no&#8221;]Oreille pro\u00e9minente L&#8217;oreille pro\u00e9minente est l&#8217;un des probl\u00e8mes les plus courants que les gens rencontrent avec leurs structures<\/p>\n","protected":false},"author":2,"featured_media":0,"parent":0,"menu_order":0,"comment_status":"closed","ping_status":"closed","template":"","meta":{"footnotes":""},"class_list":["post-8573","page","type-page","status-publish","hentry"],"_links":{"self":[{"href":"https:\/\/www.baysalsaglik.com\/fr\/wp-json\/wp\/v2\/pages\/8573","targetHints":{"allow":["GET"]}}],"collection":[{"href":"https:\/\/www.baysalsaglik.com\/fr\/wp-json\/wp\/v2\/pages"}],"about":[{"href":"https:\/\/www.baysalsaglik.com\/fr\/wp-json\/wp\/v2\/types\/page"}],"author":[{"embeddable":true,"href":"https:\/\/www.baysalsaglik.com\/fr\/wp-json\/wp\/v2\/users\/2"}],"replies":[{"embeddable":true,"href":"https:\/\/www.baysalsaglik.com\/fr\/wp-json\/wp\/v2\/comments?post=8573"}],"version-history":[{"count":0,"href":"https:\/\/www.baysalsaglik.com\/fr\/wp-json\/wp\/v2\/pages\/8573\/revisions"}],"wp:attachment":[{"href":"https:\/\/www.baysalsaglik.com\/fr\/wp-json\/wp\/v2\/media?parent=8573"}],"curies":[{"name":"wp","href":"https:\/\/api.w.org\/{rel}","templated":true}]}}