{"id":8574,"date":"2022-05-26T14:32:55","date_gmt":"2022-05-26T11:32:55","guid":{"rendered":"https:\/\/www.baysalsaglik.com\/abdominoplastie\/"},"modified":"2022-05-26T21:22:44","modified_gmt":"2022-05-26T18:22:44","slug":"abdominoplastie","status":"publish","type":"page","link":"https:\/\/www.baysalsaglik.com\/fr\/abdominoplastie\/","title":{"rendered":"Abdominoplastie"},"content":{"rendered":"<div class=\"wpb-content-wrapper\"><p>[vc_row][vc_column][vc_column_text woodmart_inline=&#8221;no&#8221; text_larger=&#8221;no&#8221;]<strong>Abdominoplastie<\/strong><\/p>\n<p>abdominoplastie; C&#8217;est l&#8217;une des applications chirurgicales qui \u00e9limine les probl\u00e8mes qui surviennent dans la r\u00e9gion abdominale en raison de l&#8217;exc\u00e8s de graisse, de l&#8217;affaissement et de certains autres probl\u00e8mes. Il est possible de se d\u00e9barrasser de l&#8217;aspect l\u00e2che gr\u00e2ce aux applications de plastie abdominale, qui apportent des solutions aux probl\u00e8mes rencontr\u00e9s aussi bien chez les femmes que chez les hommes. Il vise \u00e0 \u00e9liminer les fissures apr\u00e8s l&#8217;intervention de plastie abdominale, qui est r\u00e9alis\u00e9e dans le cadre d&#8217;une application o\u00f9 les pr\u00e9occupations esth\u00e9tiques sont au premier plan.<\/p>\n<p><strong>Qu&#8217;est-ce que l&#8217;abdominoplastie&nbsp;?<\/strong><\/p>\n<p>L&#8217;abdominoplastie, appel\u00e9e abdominoplastie dans la litt\u00e9rature m\u00e9dicale, fait partie des applications de la chirurgie esth\u00e9tique. Tout en apportant des solutions de qualit\u00e9 aux probl\u00e8mes rencontr\u00e9s dans la r\u00e9gion abdominale, il joue un r\u00f4le important dans l&#8217;\u00e9limination des d\u00e9formations et des images n\u00e9gatives.<\/p>\n<p>Lorsque l&#8217;affaissement de l&#8217;abdomen, la protrusion vers l&#8217;avant, les fissures, l&#8217;exc\u00e8s de graisse et d&#8217;autres probl\u00e8mes sont \u00e9valu\u00e9s, il convient de mentionner que la plastie abdominale offre des solutions tr\u00e8s s\u00e9rieuses. Il est \u00e9galement possible pour le patient d&#8217;avoir un corps plus sain dans le cadre de cette application, qui parvient \u00e0 r\u00e9soudre tous les probl\u00e8mes de la r\u00e9gion abdominale en une seule op\u00e9ration. Il est possible d&#8217;obtenir des r\u00e9sultats conformes aux attentes avec des abdominoplasties r\u00e9alis\u00e9es sous le contr\u00f4le d&#8217;un m\u00e9decin et dans le cadre d&#8217;une planification minutieuse pour chaque patient. Dans ce cadre, l&#8217;objectif est d&#8217;obtenir des r\u00e9sultats tout \u00e0 fait de qualit\u00e9.<\/p>\n<p><strong>Quel est le processus d&#8217;op\u00e9ration d&#8217;abdominoplastie?<\/strong><\/p>\n<p>Les probl\u00e8mes visuels rencontr\u00e9s dans l&#8217;abdomen, qui est l&#8217;un des points importants du corps humain, affectent la vie sociale de nombreux individus. Afin d&#8217;\u00e9liminer cet effet et d&#8217;obtenir une image plus saine, le traitement d&#8217;abdominoplastie est effectu\u00e9 sous le contr\u00f4le d&#8217;un m\u00e9decin. Le processus de traitement commence par l&#8217;examen et le contr\u00f4le d&#8217;un m\u00e9decin. L&#8217;affaissement, les fissures, l&#8217;exc\u00e8s d&#8217;huile et tous les autres probl\u00e8mes sont d\u00e9termin\u00e9s et une solution est planifi\u00e9e en cons\u00e9quence.<\/p>\n<p>Les r\u00e9sultats souhait\u00e9s sont obtenus avec une abdominoplastie, qui est r\u00e9alis\u00e9e sous le contr\u00f4le du m\u00e9decin et en fonction de la planification effectu\u00e9e avant l&#8217;op\u00e9ration. L&#8217;important ici est de s&#8217;en tenir \u00e0 la planification et d&#8217;adopter une approche conforme aux attentes. Il est possible d&#8217;obtenir un r\u00e9sultat de qualit\u00e9 dans le cadre des applications de plastie abdominale, ce qui rendra l&#8217;abdomen plus serr\u00e9 et plus beau.<\/p>\n<p>L&#8217;abdominoplastie a un effet \u00e0 long terme si l&#8217;individu m\u00e8ne une vie saine et active. Cependant, la grossesse, le surpoids et une alimentation d\u00e9s\u00e9quilibr\u00e9e peuvent faire dispara\u00eetre les effets de la plastie abdominale.<\/p>\n<p><strong>Combien de temps dure une abdominoplastie ?<\/strong><\/p>\n<p>L&#8217;abdominoplastie n&#8217;indique pas des processus similaires pour chaque patient. Car l&#8217;\u00e9tat d&#8217;affaissement du patient ou le taux d&#8217;exc\u00e8s de graisse vont aussi profond\u00e9ment impacter la feuille de route de la plastie abdominale. Dans ce cas, il faut savoir qu&#8217;une planification diff\u00e9rente est n\u00e9cessaire pour chaque patient. La dur\u00e9e moyenne d&#8217;un traitement d&#8217;abdominoplastie varie entre 3 et 3,5 heures. Cependant, dans les cas o\u00f9 l&#8217;affaissement et le tissu adipeux sont importants, la p\u00e9riode peut s&#8217;\u00e9tendre jusqu&#8217;\u00e0 4 heures.<\/p>\n<p>Gr\u00e2ce \u00e0 l&#8217;op\u00e9ration r\u00e9alis\u00e9e sous le contr\u00f4le du m\u00e9decin, il est possible de capturer l&#8217;image souhait\u00e9e par le patient. Surtout pour ceux qui veulent obtenir une apparence saine, cette m\u00e9thode de traitement offre un grand privil\u00e8ge.<\/p>\n<p><strong>Processus de gu\u00e9rison apr\u00e8s abdominoplastie<\/strong><\/p>\n<p>Le processus de r\u00e9cup\u00e9ration apr\u00e8s une abdominoplastie peut varier en fonction du m\u00e9tabolisme du patient. Dans ce contexte, le patient sort apr\u00e8s 1 \u00e0 2 jours d&#8217;hospitalisation suivant l&#8217;op\u00e9ration. Il est possible d&#8217;acc\u00e9l\u00e9rer la r\u00e9cup\u00e9ration gr\u00e2ce au corset qui sera port\u00e9 environ 1 mois apr\u00e8s l&#8217;op\u00e9ration.<\/p>\n<p>Les sutures des patients qui peuvent \u00eatre veuves 2-3 jours apr\u00e8s l&#8217;op\u00e9ration chirurgicale sont retir\u00e9es apr\u00e8s 7 jours. Il est possible de reprendre une vie normale dans un d\u00e9lai de 7 \u00e0 10 semaines pour les patients qui respectent les mises en garde et ne forcent pas leur corps pendant la p\u00e9riode de r\u00e9cup\u00e9ration. Seuls les m\u00e9dicaments recommand\u00e9s par le m\u00e9decin doivent \u00eatre utilis\u00e9s pour la douleur et les douleurs ressenties pendant le processus de gu\u00e9rison.<\/p>\n<p>En tant que Baysal Health, nous vous accompagnons tout au long du processus et vous promettons le meilleur service.[\/vc_column_text][\/vc_column][\/vc_row]<\/p>\n<\/div>","protected":false},"excerpt":{"rendered":"<p>[vc_row][vc_column][vc_column_text woodmart_inline=&#8221;no&#8221; text_larger=&#8221;no&#8221;]Abdominoplastie abdominoplastie; C&#8217;est l&#8217;une des applications chirurgicales qui \u00e9limine les probl\u00e8mes qui surviennent dans la r\u00e9gion abdominale en<\/p>\n","protected":false},"author":2,"featured_media":0,"parent":0,"menu_order":0,"comment_status":"closed","ping_status":"closed","template":"","meta":{"footnotes":""},"class_list":["post-8574","page","type-page","status-publish","hentry"],"_links":{"self":[{"href":"https:\/\/www.baysalsaglik.com\/fr\/wp-json\/wp\/v2\/pages\/8574","targetHints":{"allow":["GET"]}}],"collection":[{"href":"https:\/\/www.baysalsaglik.com\/fr\/wp-json\/wp\/v2\/pages"}],"about":[{"href":"https:\/\/www.baysalsaglik.com\/fr\/wp-json\/wp\/v2\/types\/page"}],"author":[{"embeddable":true,"href":"https:\/\/www.baysalsaglik.com\/fr\/wp-json\/wp\/v2\/users\/2"}],"replies":[{"embeddable":true,"href":"https:\/\/www.baysalsaglik.com\/fr\/wp-json\/wp\/v2\/comments?post=8574"}],"version-history":[{"count":0,"href":"https:\/\/www.baysalsaglik.com\/fr\/wp-json\/wp\/v2\/pages\/8574\/revisions"}],"wp:attachment":[{"href":"https:\/\/www.baysalsaglik.com\/fr\/wp-json\/wp\/v2\/media?parent=8574"}],"curies":[{"name":"wp","href":"https:\/\/api.w.org\/{rel}","templated":true}]}}