{"id":8582,"date":"2022-05-26T14:33:56","date_gmt":"2022-05-26T11:33:56","guid":{"rendered":"https:\/\/www.baysalsaglik.com\/lifting-des-fesses\/"},"modified":"2022-05-26T21:22:49","modified_gmt":"2022-05-26T18:22:49","slug":"lifting-des-fesses","status":"publish","type":"page","link":"https:\/\/www.baysalsaglik.com\/fr\/lifting-des-fesses\/","title":{"rendered":"Lifting des fesses"},"content":{"rendered":"<div class=\"wpb-content-wrapper\"><p>[vc_row][vc_column][vc_column_text woodmart_inline=&#8221;no&#8221; text_larger=&#8221;no&#8221;]<strong>Lifting des fesses<\/strong><\/p>\n<p>Le lifting des fesses est consid\u00e9r\u00e9 comme l&#8217;une des applications esth\u00e9tiques pr\u00e9f\u00e9r\u00e9es des femmes. L&#8217;application de lifting des fesses pr\u00e9f\u00e9r\u00e9e est \u00e9galement appel\u00e9e lifting br\u00e9silien des fesses afin d&#8217;obtenir une belle apparence et de s&#8217;assurer que les hanches sont proportionnelles au corps. En plus d&#8217;\u00eatre une application r\u00e9pandue ces derni\u00e8res ann\u00e9es, l&#8217;op\u00e9ration de lifting des fesses est importante en termes de perfection visuelle. En tant que Baysal Health, nous aidons les patients \u00e0 obtenir une apparence plus saine avec cette op\u00e9ration.<\/p>\n<p><strong>\u00c0 qui s&#8217;adresse le lifting br\u00e9silien des fesses (BBL) ?<\/strong><\/p>\n<p>L&#8217;application de lifting des fesses est g\u00e9n\u00e9ralement une option pr\u00e9f\u00e9r\u00e9e par les femmes. Dans ce contexte, il convient de mentionner que les patients qui souhaitent obtenir une apparence plus saine avec BBL pr\u00e9sentent g\u00e9n\u00e9ralement les caract\u00e9ristiques suivantes. Les caract\u00e9ristiques g\u00e9n\u00e9rales des patients qui ont demand\u00e9 ou devraient demander le BBL peuvent \u00eatre mentionn\u00e9es ci-dessous.<\/p>\n<ul>\n<li>Lorsque les femmes faibles et aux fesses plates portent des pantalons, une mauvaise image \u00e9merge. Le BBL est privil\u00e9gi\u00e9 pour \u00e9liminer cette image n\u00e9gative v\u00e9cue par les personnes faibles.<\/li>\n<li>Les femmes qui ont des probl\u00e8mes de gain et de perte de poids sont susceptibles d&#8217;avoir un aplatissement de la structure des fesses apr\u00e8s un certain temps. De plus, l&#8217;apparition d&#8217;un affaissement est consid\u00e9r\u00e9e comme un facteur important pour le BBL.<\/li>\n<li>Il est n\u00e9cessaire d&#8217;appliquer une application de lifting des fesses pour les d\u00e9formations qui se produisent dans la structure des fesses et de la taille en raison de facteurs g\u00e9n\u00e9tiques. Ainsi, une apparence plus saine et de meilleure qualit\u00e9 \u00e9merge.<\/li>\n<\/ul>\n<p>Outre les d\u00e9tails mentionn\u00e9s ci-dessus, le d\u00e9sir d&#8217;avoir un plus gros cul de temps en temps est \u00e9galement accept\u00e9 comme raison de l&#8217;application BBL. Dans ce cadre, les techniques \u00e0 utiliser sont d\u00e9termin\u00e9es et la forme id\u00e9ale de la crosse est assur\u00e9e.<\/p>\n<p><strong>Que sont les techniques de lifting des fesses ?<\/strong><\/p>\n<p>Les m\u00e9thodes BBL varient en fonction de la structure physique du patient et de la solution demand\u00e9e. \u00c0 ce stade, l&#8217;important est d&#8217;atteindre le r\u00e9sultat id\u00e9al le plus rapidement possible. Les m\u00e9thodes \u00e9num\u00e9r\u00e9es ci-dessous sont l&#8217;une des conditions sine qua non pour un lifting des fesses plus sain.<\/p>\n<p><strong>Lifting des fesses avec points de suture<\/strong><\/p>\n<p>Le lifting des fesses effectu\u00e9 \u00e0 l&#8217;aide d&#8217;une application de suture attire l&#8217;attention en raison de son effet temporaire. Bien qu&#8217;elle soit pr\u00e9f\u00e9r\u00e9e par certains patients, la disparition de l&#8217;effet du lifting des fesses avec des points de suture en peu de temps comme 3 mois conduit \u00e0 diff\u00e9rentes alternatives.<\/p>\n<p><strong>Lifting des fesses avec proth\u00e8se fessi\u00e8re en silicone<\/strong><\/p>\n<p>S&#8217;il y a un d\u00e9gonflage s\u00e9rieux dans la structure de la crosse, un soul\u00e8vement de la crosse doit \u00eatre appliqu\u00e9. Cette technique cr\u00e9e des effets plus permanents pour presque tous ceux qui souhaitent atteindre visuellement une structure de meilleure qualit\u00e9. S&#8217;agissant d&#8217;une application chirurgicale, il convient de consid\u00e9rer que le processus de gu\u00e9rison et le retour \u00e0 la vie sociale sont gravement affect\u00e9s. Cependant, l&#8217;avantage de cette op\u00e9ration est que l&#8217;effet dure plus longtemps et que la structure de la crosse est plus belle que souhait\u00e9e.<\/p>\n<p>Avec la proth\u00e8se de fesses r\u00e9alis\u00e9e dans le cadre d&#8217;une moyenne de 3 heures d&#8217;op\u00e9ration, un effet permanent est obtenu gr\u00e2ce au BBL.<\/p>\n<p><strong>Modelage des fesses avec injection de graisse<\/strong><\/p>\n<p>L&#8217;injection de graisse est l&#8217;une des alternatives les plus id\u00e9ales en termes de permanence parmi les applications de mise en forme des fesses. Avoir une moyenne d&#8217;effet de 1 \u00e0 1,5 ans et \u00eatre une m\u00e9thode naturelle offre un avantage pour les patients. En injectant \u00e0 nouveau la graisse pr\u00e9lev\u00e9e sur le corps du patient dans le corps, le risque de complications est tr\u00e8s faible. Avec l&#8217;injection de graisse, o\u00f9 la p\u00e9riode de r\u00e9cup\u00e9ration dure en moyenne 4 semaines, le retour \u00e0 la vie sociale dans l&#8217;augmentation des fesses est de 5 jours.<\/p>\n<p>En tant que Baysal Health, nous vous soutenons dans les proc\u00e9dures de lifting des fesses. Tout en vous aidant \u00e0 atteindre le service que vous souhaitez recevoir, nous nous soucions autant que vous d&#8217;avoir une apparence plus saine et plus belle.[\/vc_column_text][\/vc_column][\/vc_row]<\/p>\n<\/div>","protected":false},"excerpt":{"rendered":"<p>[vc_row][vc_column][vc_column_text woodmart_inline=&#8221;no&#8221; text_larger=&#8221;no&#8221;]Lifting des fesses Le lifting des fesses est consid\u00e9r\u00e9 comme l&#8217;une des applications esth\u00e9tiques pr\u00e9f\u00e9r\u00e9es des femmes. L&#8217;application<\/p>\n","protected":false},"author":2,"featured_media":0,"parent":0,"menu_order":0,"comment_status":"closed","ping_status":"closed","template":"","meta":{"footnotes":""},"class_list":["post-8582","page","type-page","status-publish","hentry"],"_links":{"self":[{"href":"https:\/\/www.baysalsaglik.com\/fr\/wp-json\/wp\/v2\/pages\/8582","targetHints":{"allow":["GET"]}}],"collection":[{"href":"https:\/\/www.baysalsaglik.com\/fr\/wp-json\/wp\/v2\/pages"}],"about":[{"href":"https:\/\/www.baysalsaglik.com\/fr\/wp-json\/wp\/v2\/types\/page"}],"author":[{"embeddable":true,"href":"https:\/\/www.baysalsaglik.com\/fr\/wp-json\/wp\/v2\/users\/2"}],"replies":[{"embeddable":true,"href":"https:\/\/www.baysalsaglik.com\/fr\/wp-json\/wp\/v2\/comments?post=8582"}],"version-history":[{"count":0,"href":"https:\/\/www.baysalsaglik.com\/fr\/wp-json\/wp\/v2\/pages\/8582\/revisions"}],"wp:attachment":[{"href":"https:\/\/www.baysalsaglik.com\/fr\/wp-json\/wp\/v2\/media?parent=8582"}],"curies":[{"name":"wp","href":"https:\/\/api.w.org\/{rel}","templated":true}]}}