{"id":8588,"date":"2022-05-26T14:26:12","date_gmt":"2022-05-26T11:26:12","guid":{"rendered":"https:\/\/www.baysalsaglik.com\/lifting-des-paupieres\/"},"modified":"2022-05-26T21:22:50","modified_gmt":"2022-05-26T18:22:50","slug":"lifting-des-paupieres","status":"publish","type":"page","link":"https:\/\/www.baysalsaglik.com\/fr\/lifting-des-paupieres\/","title":{"rendered":"Lifting des paupi\u00e8res"},"content":{"rendered":"<div class=\"wpb-content-wrapper\"><p>[vc_row][vc_column][vc_column_text woodmart_inline=&#8221;no&#8221; text_larger=&#8221;no&#8221;]<strong>Esth\u00e9tique des paupi\u00e8res<\/strong><\/p>\n<p>Il est appliqu\u00e9 sur les paupi\u00e8res sup\u00e9rieures des yeux dans le cadre de l&#8217;op\u00e9ration connue sous le nom d&#8217;esth\u00e9tique des paupi\u00e8res ou bl\u00e9pharoplastie. Dans l&#8217;op\u00e9ration effectu\u00e9e en enlevant la peau affaiss\u00e9e et l&#8217;exc\u00e8s de tissu adipeux, les tissus autour des yeux sont \u00e9galement \u00e9tir\u00e9s. L&#8217;affaissement des paupi\u00e8res sup\u00e9rieures se produit g\u00e9n\u00e9ralement \u00e0 la suite de la progression de la pierre.<\/p>\n<p>Un affaissement s\u00e9v\u00e8re se produit dans la peau des paupi\u00e8res sup\u00e9rieures qui succombent \u00e0 la gravit\u00e9. En plus de ceux-ci, des probl\u00e8mes tels que des poches dans les yeux, un rel\u00e2chement de la peau, un rel\u00e2chement, des rides et des changements de couleur peuvent survenir. En plus du vieillissement, un affaissement de la paupi\u00e8re sup\u00e9rieure peut \u00e9galement survenir avec l&#8217;exposition au soleil, un sommeil irr\u00e9gulier, la pollution de l&#8217;air, l&#8217;alcool et le tabagisme.<\/p>\n<p><strong>Quand l&#8217;esth\u00e9tique des paupi\u00e8res est-elle effectu\u00e9e&nbsp;?<\/strong><\/p>\n<p>La chirurgie des paupi\u00e8res sup\u00e9rieures est g\u00e9n\u00e9ralement appliqu\u00e9e aux personnes de plus de 35 ans. Car les signes de l&#8217;\u00e2ge sur les paupi\u00e8res apparaissent g\u00e9n\u00e9ralement apr\u00e8s 35 ans. Cependant, m\u00e9dicalement, il est possible de subir une chirurgie des paupi\u00e8res sup\u00e9rieures \u00e0 tout \u00e2ge. La chirurgie n&#8217;est pas efficace pour arr\u00eater le vieillissement des paupi\u00e8res. Cependant, il peut pr\u00e9venir les effets du vieillissement pendant 7 \u00e0 8 ans.<\/p>\n<p><strong>Que faut-il consid\u00e9rer avant l&#8217;esth\u00e9tique des paupi\u00e8res&nbsp;?<\/strong><\/p>\n<p>Il y a quelques points importants \u00e0 consid\u00e9rer avant l&#8217;esth\u00e9tique des paupi\u00e8res sup\u00e9rieures. Ces points sont g\u00e9n\u00e9ralement les suivants.<\/p>\n<ul>\n<li>Des saignements se produiront pendant la chirurgie. Pour \u00e9viter que ce saignement ne devienne trop intense et inarr\u00eatable, vous devez arr\u00eater d&#8217;utiliser des anticoagulants. Dans le m\u00eame temps, vous devez arr\u00eater d&#8217;utiliser des m\u00e9dicaments tels que l&#8217;aspirine et les antibiotiques avant l&#8217;op\u00e9ration.<\/li>\n<li>Le tabagisme et la consommation d&#8217;alcool prolongent \u00e9galement le processus de cicatrisation des plaies. Pour cette raison, il est n\u00e9cessaire d&#8217;arr\u00eater de fumer et de consommer de l&#8217;alcool avant et apr\u00e8s l&#8217;op\u00e9ration.<\/li>\n<li>Si vous utilisez des suppl\u00e9ments \u00e0 base de plantes car ils peuvent provoquer divers effets inattendus, vous devez arr\u00eater de les utiliser pendant un certain temps avant l&#8217;op\u00e9ration.<\/li>\n<\/ul>\n<p><strong>Comment se d\u00e9roule l&#8217;esth\u00e9tique des paupi\u00e8res ?<\/strong><\/p>\n<p>La chirurgie esth\u00e9tique de l&#8217;\u0153il sup\u00e9rieur, \u00e9galement appel\u00e9e chirurgie des paupi\u00e8res tombantes, consiste \u00e0 \u00e9liminer l&#8217;exc\u00e8s de peau et de tissu musculaire dans la r\u00e9gion. De petites incisions sont faites dans la zone et l&#8217;exc\u00e8s de peau sur la paupi\u00e8re sup\u00e9rieure est enlev\u00e9. Les incisions sont faites \u00e0 partir de la ligne de pli de la paupi\u00e8re afin que la cicatrice chirurgicale laisse un minimum de cicatrices et que la cicatrice ne soit pas visible. Les meilleurs r\u00e9sultats sont obtenus s&#8217;il est effectu\u00e9 en m\u00eame temps que le lifting des sourcils et le lifting du front.<\/p>\n<p><strong>Processus de gu\u00e9rison apr\u00e8s l&#8217;esth\u00e9tique des paupi\u00e8res<\/strong><\/p>\n<p>Les patients n&#8217;ont pas besoin de rester \u00e0 l&#8217;h\u00f4pital apr\u00e8s l&#8217;esth\u00e9tique des paupi\u00e8res sup\u00e9rieures. Les patients qui peuvent sortir le jour m\u00eame peuvent reprendre leur vie sociale 1 jour apr\u00e8s cette op\u00e9ration tr\u00e8s simple. Il est possible pour les patients venant de l&#8217;\u00e9tranger de regagner leur domicile apr\u00e8s le contr\u00f4le apr\u00e8s 1 semaine.<\/p>\n<p>Un gonflement peut survenir autour des yeux pendant 2 \u00e0 3 jours apr\u00e8s la chirurgie des paupi\u00e8res. Il est possible de minimiser le gonflement en question avec la m\u00e9thode de traitement de la glace. Le gonflement sera bient\u00f4t remplac\u00e9 par des ecchymoses. Cependant, il est possible de dire que ces ecchymoses passeront en peu de temps. Puisqu&#8217;il n&#8217;y a pas de retrait de suture apr\u00e8s l&#8217;op\u00e9ration, aucune intervention suppl\u00e9mentaire n&#8217;est requise pour les patients. En environ 4 semaines, les paupi\u00e8res sont compl\u00e8tement cicatris\u00e9es.<\/p>\n<p><strong>Que faut-il consid\u00e9rer apr\u00e8s l&#8217;esth\u00e9tique des paupi\u00e8res?<\/strong><\/p>\n<p>Divers d\u00e9tails doivent \u00eatre pris en compte apr\u00e8s l&#8217;esth\u00e9tique des paupi\u00e8res. Il est possible de lister ces d\u00e9tails en g\u00e9n\u00e9ral comme suit.<\/p>\n<ul>\n<li>Les patients qui ont une esth\u00e9tique des paupi\u00e8res ne doivent en aucun cas nuire au contour des yeux au cours de la premi\u00e8re semaine suivant l&#8217;op\u00e9ration. Dans le m\u00eame temps, les patients doivent \u00e9viter les exercices qui nuisent au contour des yeux.<\/li>\n<li>Il est n\u00e9cessaire d&#8217;utiliser les m\u00e9dicaments recommand\u00e9s par votre m\u00e9decin contre divers probl\u00e8mes tels que les picotements et la s\u00e9cheresse des yeux.<\/li>\n<li>Les patients doivent dormir \u00e0 l&#8217;envers pendant la premi\u00e8re semaine.<\/li>\n<\/ul>\n<p>Il est n\u00e9cessaire de porter des lunettes de soleil \u00e0 l&#8217;ext\u00e9rieur pendant quelques semaines apr\u00e8s l&#8217;op\u00e9ration des paupi\u00e8res sup\u00e9rieures.[\/vc_column_text][\/vc_column][\/vc_row]<\/p>\n<\/div>","protected":false},"excerpt":{"rendered":"<p>[vc_row][vc_column][vc_column_text woodmart_inline=&#8221;no&#8221; text_larger=&#8221;no&#8221;]Esth\u00e9tique des paupi\u00e8res Il est appliqu\u00e9 sur les paupi\u00e8res sup\u00e9rieures des yeux dans le cadre de l&#8217;op\u00e9ration connue<\/p>\n","protected":false},"author":2,"featured_media":0,"parent":0,"menu_order":0,"comment_status":"closed","ping_status":"closed","template":"","meta":{"footnotes":""},"class_list":["post-8588","page","type-page","status-publish","hentry"],"_links":{"self":[{"href":"https:\/\/www.baysalsaglik.com\/fr\/wp-json\/wp\/v2\/pages\/8588","targetHints":{"allow":["GET"]}}],"collection":[{"href":"https:\/\/www.baysalsaglik.com\/fr\/wp-json\/wp\/v2\/pages"}],"about":[{"href":"https:\/\/www.baysalsaglik.com\/fr\/wp-json\/wp\/v2\/types\/page"}],"author":[{"embeddable":true,"href":"https:\/\/www.baysalsaglik.com\/fr\/wp-json\/wp\/v2\/users\/2"}],"replies":[{"embeddable":true,"href":"https:\/\/www.baysalsaglik.com\/fr\/wp-json\/wp\/v2\/comments?post=8588"}],"version-history":[{"count":0,"href":"https:\/\/www.baysalsaglik.com\/fr\/wp-json\/wp\/v2\/pages\/8588\/revisions"}],"wp:attachment":[{"href":"https:\/\/www.baysalsaglik.com\/fr\/wp-json\/wp\/v2\/media?parent=8588"}],"curies":[{"name":"wp","href":"https:\/\/api.w.org\/{rel}","templated":true}]}}