{"id":8590,"date":"2022-05-26T14:22:18","date_gmt":"2022-05-26T11:22:18","guid":{"rendered":"https:\/\/www.baysalsaglik.com\/esthetique-du-nez\/"},"modified":"2022-05-26T21:22:47","modified_gmt":"2022-05-26T18:22:47","slug":"esthetique-du-nez","status":"publish","type":"page","link":"https:\/\/www.baysalsaglik.com\/fr\/esthetique-du-nez\/","title":{"rendered":"Esth\u00e9tique du nez"},"content":{"rendered":"<div class=\"wpb-content-wrapper\"><p>[vc_row][vc_column][vc_column_text woodmart_inline=&#8221;no&#8221; text_larger=&#8221;no&#8221;]La rhinoplastie fait partie des op\u00e9rations esth\u00e9tiques pr\u00e9f\u00e9r\u00e9es des personnes qui ne sont pas satisfaites de la structure de leur nez. Le but principal de la rhinoplastie, \u00e9galement appel\u00e9e rhinoplastie dans le langage m\u00e9dical, est de corriger les d\u00e9fauts de la structure du nez. L&#8217;op\u00e9ration de rhinoplastie, dans laquelle l&#8217;apparence actuelle du nez est corrig\u00e9e, doit \u00eatre effectu\u00e9e par des chirurgiens plasticiens experts et professionnels dans ce domaine.<\/p>\n<p>Le nez est situ\u00e9 au milieu du visage et attire le plus l&#8217;attention. De plus, le nez couvre 1\/3 du visage. Le nez, qui est un organe extr\u00eamement important lorsque l&#8217;on examine ses fonctions et d&#8217;un point de vue esth\u00e9tique, permet \u00e9galement d&#8217;augmenter la confiance en soi des personnes en ayant une forme unique.<\/p>\n<p><strong>Pourquoi l&#8217;esth\u00e9tique du nez est-elle effectu\u00e9e&nbsp;?<\/strong><\/p>\n<p>Un type de chirurgie plastique connu sous le nom de rhinoplastie est largement pratiqu\u00e9 dans le monde entier pour corriger les d\u00e9formations nasales. La rhinoplastie est pratiqu\u00e9e non seulement pour les d\u00e9formations, mais aussi pour corriger les courbures osseuses ou cartilagineuses qui rendent la respiration difficile et emp\u00eachent de respirer. Le but principal de la rhinoplastie est de rendre le nez, qui n&#8217;est pas compatible avec la structure faciale du patient, compatible avec la structure faciale, lisse et fonctionnel. La rhinoplastie est valable pour les patients qui ont termin\u00e9 le d\u00e9veloppement corporel et osseux. Les personnes qui n&#8217;ont pas termin\u00e9 leur d\u00e9veloppement corporel et osseux ne peuvent pas modifier la forme de leur nez et de leur visage. Par cons\u00e9quent, ces personnes n&#8217;effectuent pas l&#8217;op\u00e9ration. Aujourd&#8217;hui, la rhinoplastie est pratiqu\u00e9e pour une apparence plus belle et esth\u00e9tique qu&#8217;\u00e0 des fins m\u00e9dicales.<\/p>\n<p><strong>M\u00e9thodes d&#8217;esth\u00e9tique du nez<\/strong><\/p>\n<p>Avant la rhinoplastie, les m\u00e9decins \u00e9valuent et recherchent pourquoi le patient souhaite subir une rhinoplastie. Si l&#8217;on pense que le patient a subi une chirurgie de rhinoplastie, certains tests sont appliqu\u00e9s au patient. Deux techniques diff\u00e9rentes sont utilis\u00e9es en rhinoplastie. La rhinoplastie se fait de deux mani\u00e8res, ferm\u00e9e et ouverte.<\/p>\n<p><strong>Rhinoplastie ferm\u00e9e<\/strong><\/p>\n<p>Dans la rhinoplastie r\u00e9alis\u00e9e selon la technique ferm\u00e9e, 2 incisions sont pratiqu\u00e9es dans la partie inf\u00e9rieure du nez et la peau du nez est retir\u00e9e. En enlevant la peau, l&#8217;os nasal est atteint et la correction du nez est effectu\u00e9e en cons\u00e9quence. L&#8217;avantage le plus important de la rhinoplastie ferm\u00e9e est moins d&#8217;\u0153d\u00e8me apr\u00e8s la chirurgie et une p\u00e9riode de r\u00e9cup\u00e9ration plus courte. Aucun tampon ou pansement n&#8217;est utilis\u00e9 dans la technique de rhinoplastie ferm\u00e9e. Le nez est prot\u00e9g\u00e9 contre les dommages avec des attelles sp\u00e9ciales et des bandes plac\u00e9es sur le nez.<\/p>\n<p><strong>Rhinoplastie ouverte<\/strong><\/p>\n<p>Dans la rhinoplastie ouverte, des incisions sont faites entre les narines et ainsi des corrections sont apport\u00e9es. Apr\u00e8s l&#8217;op\u00e9ration de cette technique, il n&#8217;y a pas de cicatrices sur le nez. Cependant, cette technique est plus difficile que la technique ferm\u00e9e, et le m\u00e9decin doit \u00eatre exp\u00e9riment\u00e9 pour cette technique.<\/p>\n<p><strong>Quelle m\u00e9thode peut obtenir des r\u00e9sultats plus r\u00e9ussis&nbsp;?<\/strong><\/p>\n<p>La m\u00e9thode de rhinoplastie n&#8217;est pas importante. Parce que les deux techniques ont leurs avantages. Le choix de ces techniques d\u00e9pend de l&#8217;exp\u00e9rience du m\u00e9decin et de la forme du nez \u00e0 traiter. L&#8217;\u00e9valuation et la d\u00e9cision du m\u00e9decin avant l&#8217;op\u00e9ration affecteront le r\u00e9sultat du traitement. Si vous avez d\u00e9cid\u00e9 de subir une rhinoplastie, vous recherchez tout de suite le meilleur chirurgien.<\/p>\n<p><strong>Processus de r\u00e9cup\u00e9ration de rhinoplastie<\/strong><\/p>\n<p>La dur\u00e9e et la complexit\u00e9 de la p\u00e9riode de r\u00e9cup\u00e9ration en rhinoplastie d\u00e9pendent de la technique utilis\u00e9e par votre m\u00e9decin. Les m\u00e9decins sp\u00e9cialistes de notre clinique choisiront pour vous la technique de chirurgie du nez la plus adapt\u00e9e. Un gonflement et des ecchymoses peuvent survenir apr\u00e8s une chirurgie du nez. Cependant, ces ecchymoses et gonflements passent en peu de temps. Dans les cas o\u00f9 le gonflement ne dispara\u00eet pas, le gonflement peut \u00eatre trait\u00e9 avec des compresses froides. Le processus de gu\u00e9rison est termin\u00e9 en 1 mois.<\/p>\n<p><strong>Choses \u00e0 consid\u00e9rer avant et apr\u00e8s l&#8217;esth\u00e9tique du nez<\/strong><\/p>\n<p>La chirurgie du nez est une op\u00e9ration tr\u00e8s d\u00e9licate. Par cons\u00e9quent, il y a quelques questions \u00e0 consid\u00e9rer avant ces chirurgies. Vous devez arr\u00eater d&#8217;utiliser des anticoagulants avant la chirurgie du nez. Vous devriez \u00e9galement faire une pause dans l&#8217;alcool et le tabagisme. Vous devrez peut-\u00eatre arr\u00eater de prendre d&#8217;autres m\u00e9dicaments si votre m\u00e9decin le juge n\u00e9cessaire. De plus, le processus de r\u00e9cup\u00e9ration de la chirurgie du nez est tr\u00e8s important.<\/p>\n<p>Bien que le processus de gu\u00e9rison varie selon la technique utilis\u00e9e, il est n\u00e9cessaire d&#8217;\u00eatre prudent dans chaque technique. Apr\u00e8s la rhinoplastie, un \u00e9coulement ros\u00e2tre peut provenir du nez. Ces flux sont tout \u00e0 fait normaux et ne pr\u00e9sentent aucun danger. Le point le plus important \u00e0 consid\u00e9rer apr\u00e8s une chirurgie du nez est d&#8217;\u00e9viter de se cogner le nez. Un \u00e9ventuel coup sur le nez peut avoir des cons\u00e9quences tr\u00e8s graves. Vous pouvez r\u00e9duire votre douleur en utilisant des analg\u00e9siques contre d&#8217;\u00e9ventuelles douleurs et \u0153d\u00e8mes.[\/vc_column_text][\/vc_column][\/vc_row]<\/p>\n<\/div>","protected":false},"excerpt":{"rendered":"<p>[vc_row][vc_column][vc_column_text woodmart_inline=&#8221;no&#8221; text_larger=&#8221;no&#8221;]La rhinoplastie fait partie des op\u00e9rations esth\u00e9tiques pr\u00e9f\u00e9r\u00e9es des personnes qui ne sont pas satisfaites de la structure<\/p>\n","protected":false},"author":2,"featured_media":0,"parent":0,"menu_order":0,"comment_status":"closed","ping_status":"closed","template":"","meta":{"footnotes":""},"class_list":["post-8590","page","type-page","status-publish","hentry"],"_links":{"self":[{"href":"https:\/\/www.baysalsaglik.com\/fr\/wp-json\/wp\/v2\/pages\/8590","targetHints":{"allow":["GET"]}}],"collection":[{"href":"https:\/\/www.baysalsaglik.com\/fr\/wp-json\/wp\/v2\/pages"}],"about":[{"href":"https:\/\/www.baysalsaglik.com\/fr\/wp-json\/wp\/v2\/types\/page"}],"author":[{"embeddable":true,"href":"https:\/\/www.baysalsaglik.com\/fr\/wp-json\/wp\/v2\/users\/2"}],"replies":[{"embeddable":true,"href":"https:\/\/www.baysalsaglik.com\/fr\/wp-json\/wp\/v2\/comments?post=8590"}],"version-history":[{"count":0,"href":"https:\/\/www.baysalsaglik.com\/fr\/wp-json\/wp\/v2\/pages\/8590\/revisions"}],"wp:attachment":[{"href":"https:\/\/www.baysalsaglik.com\/fr\/wp-json\/wp\/v2\/media?parent=8590"}],"curies":[{"name":"wp","href":"https:\/\/api.w.org\/{rel}","templated":true}]}}