{"id":8596,"date":"2022-05-26T14:25:06","date_gmt":"2022-05-26T11:25:06","guid":{"rendered":"https:\/\/www.baysalsaglik.com\/lifting-des-sourcils\/"},"modified":"2022-05-26T21:22:50","modified_gmt":"2022-05-26T18:22:50","slug":"lifting-des-sourcils","status":"publish","type":"page","link":"https:\/\/www.baysalsaglik.com\/fr\/lifting-des-sourcils\/","title":{"rendered":"Lifting des sourcils"},"content":{"rendered":"<div class=\"wpb-content-wrapper\"><p>[vc_row][vc_column][vc_column_text woodmart_inline=&#8221;no&#8221; text_larger=&#8221;no&#8221;]Qu&#8217;est-ce que la chirurgie du lifting facial ?<\/p>\n<p>La chirurgie de lifting est une op\u00e9ration esth\u00e9tique qui cr\u00e9e plus de changements que toutes les op\u00e9rations esth\u00e9tiques. Parce que cela change directement le visage de la personne. La peau du visage peut s&#8217;affaisser et se d\u00e9former en raison de l&#8217;\u00e2ge, du stress et des \u00e9v\u00e9nements psychologiques. Les personnes g\u00ean\u00e9es par ces d\u00e9formations du visage recourent \u00e0 des m\u00e9thodes esth\u00e9tiques. Dans les op\u00e9rations de lifting, diff\u00e9rentes techniques sont utilis\u00e9es selon la gravit\u00e9 de la d\u00e9formation sur le visage de la personne. Les m\u00e9decins sp\u00e9cialistes de Baysal Health peuvent d\u00e9cider quelle m\u00e9thode convient \u00e0 chaque patient et atteindre le r\u00e9sultat souhait\u00e9 pour les patients. Le but des op\u00e9rations de lifting est d&#8217;\u00e9liminer la confusion et les fosses autour des yeux, de corriger l&#8217;affaissement des tissus faciaux, d&#8217;\u00e9tirer la lubrification et l&#8217;affaissement du cou.<\/p>\n<p>Temps de fonctionnement : 4-5 heures<\/p>\n<p>Anesth\u00e9sie&nbsp;: anesth\u00e9sie locale-g\u00e9n\u00e9rale<\/p>\n<p>S\u00e9jour \u00e0 l&#8217;h\u00f4pital : Aucun<\/p>\n<p>Retour \u00e0 la vie sociale : 3-4 jours<\/p>\n<p>Comment se d\u00e9roule l&#8217;op\u00e9ration de lifting facial ? Que sont les techniques de lifting facial ?<\/p>\n<p>Les chirurgies de lifting sont r\u00e9alis\u00e9es avec deux techniques diff\u00e9rentes. Il s&#8217;agit de la technique classique du lifting facial et de la technique endoscopique.<\/p>\n<p>Technique de lifting classique; Il s&#8217;applique aux patients dont la peau est tr\u00e8s d\u00e9form\u00e9e, les rides et le rel\u00e2chement sont intenses. En chirurgie de lifting classique, l&#8217;op\u00e9ration d\u00e9bute par une incision partant des favoris et se poursuivant jusqu&#8217;\u00e0 l&#8217;arri\u00e8re de l&#8217;oreille. Avec l&#8217;aide de ces incisions, les tissus de la peau sont \u00e9galement \u00e9tir\u00e9s. Aucune tension n&#8217;est laiss\u00e9e sur la peau. Avec cette technique, des r\u00e9sultats \u00e0 long terme sont obtenus.<\/p>\n<p>Les cam\u00e9ras chirurgicales de 4 mm sont utilis\u00e9es dans les chirurgies de lifting avec la m\u00e9thode endoscopique. Dans la technique endoscopique, des incisions sont pratiqu\u00e9es sur le cuir chevelu et gr\u00e2ce \u00e0 ces incisions, le tissu cutan\u00e9 est tir\u00e9 vers le haut et \u00e9tir\u00e9. Cette technique est appliqu\u00e9e aux personnes qui n&#8217;ont pas trop de d\u00e9formation sur leur visage.<\/p>\n<p>Processus de gu\u00e9rison apr\u00e8s une op\u00e9ration de lifting<\/p>\n<p>Selon l&#8217;\u00e9tat du patient et la d\u00e9formation de son visage, les m\u00e9decins de Baysal Health peuvent avoir besoin de passer la nuit pour le patient. \u00c9tant donn\u00e9 que les points de suture du patient sont des points sp\u00e9ciaux de Zurich, les points se dissolvent sans qu&#8217;il soit n\u00e9cessaire de les retirer. Il y aura un gonflement et des ecchymoses sur le visage le lendemain de l&#8217;op\u00e9ration. Au cours de la premi\u00e8re semaine, votre gonflement et vos ecchymoses seront \u00e0 un niveau \u00e9lev\u00e9 et apr\u00e8s 1 semaine, ils commenceront progressivement \u00e0 s&#8217;am\u00e9liorer. Vous pouvez prendre une douche apr\u00e8s la premi\u00e8re semaine. Apr\u00e8s quelques semaines, vous serez compl\u00e8tement d\u00e9barrass\u00e9 de votre gonflement et de vos ecchymoses. Vous pouvez commencer \u00e0 faire du sport et vous maquiller.<\/p>\n<p>\u00c9l\u00e9ments \u00e0 prendre en compte apr\u00e8s une op\u00e9ration de lifting<\/p>\n<ul>\n<li>Vous pouvez avoir des douleurs apr\u00e8s cette op\u00e9ration. Vous pouvez utiliser des analg\u00e9siques recommand\u00e9s par les m\u00e9decins de Baysal Health pour votre douleur.<\/li>\n<li>Apr\u00e8s l&#8217;op\u00e9ration de lifting, votre m\u00e9decin peut vous recommander des antibiotiques car un gonflement et un \u0153d\u00e8me se produiront sur votre visage. Vous pouvez minimiser votre \u0153d\u00e8me en utilisant l&#8217;antibiotique recommand\u00e9 par votre m\u00e9decin.<\/li>\n<li>Apr\u00e8s l&#8217;op\u00e9ration, vous devez prot\u00e9ger votre visage contre d&#8217;\u00e9ventuels chocs et effets externes.<\/li>\n<li>Vous ne devriez pas prendre de douche pendant la premi\u00e8re semaine.<\/li>\n<li>Vous devrez peut-\u00eatre utiliser une minerve pendant un certain temps. Votre m\u00e9decin vous guidera \u00e0 cet \u00e9gard.<\/li>\n<\/ul>\n<p>FAQ<\/p>\n<p>Les chirurgies de lifting du visage sont-elles permanentes ?<\/p>\n<p>Oui, les r\u00e9sultats de cette chirurgie sont permanents.<\/p>\n<p>Y aura-t-il des cicatrices sur mon visage apr\u00e8s l&#8217;op\u00e9ration de lifting ?<\/p>\n<p>Il peut \u00e9galement y avoir de petites cicatrices sur votre cuir chevelu devant et derri\u00e8re votre oreille. Cette cicatrice prendra une couleur de peau au bout de quelques semaines et dispara\u00eetra avec le temps.<\/p>\n<p>Aurai-je mal pendant l&#8217;op\u00e9ration de lifting ?<\/p>\n<p>La douleur n&#8217;est pas ressentie pendant l&#8217;op\u00e9ration, mais la douleur peut survenir apr\u00e8s l&#8217;op\u00e9ration. Vous pouvez minimiser ces douleurs avec des analg\u00e9siques.<\/p>\n<p>Est-il n\u00e9cessaire de r\u00e9p\u00e9ter l&#8217;op\u00e9ration de lifting ?<\/p>\n<p>Vous devrez peut-\u00eatre le refaire environ 10 ans apr\u00e8s l&#8217;op\u00e9ration de lifting.[\/vc_column_text][\/vc_column][\/vc_row]<\/p>\n<\/div>","protected":false},"excerpt":{"rendered":"<p>[vc_row][vc_column][vc_column_text woodmart_inline=&#8221;no&#8221; text_larger=&#8221;no&#8221;]Qu&#8217;est-ce que la chirurgie du lifting facial ? La chirurgie de lifting est une op\u00e9ration esth\u00e9tique qui cr\u00e9e<\/p>\n","protected":false},"author":2,"featured_media":0,"parent":0,"menu_order":0,"comment_status":"closed","ping_status":"closed","template":"","meta":{"footnotes":""},"class_list":["post-8596","page","type-page","status-publish","hentry"],"_links":{"self":[{"href":"https:\/\/www.baysalsaglik.com\/fr\/wp-json\/wp\/v2\/pages\/8596","targetHints":{"allow":["GET"]}}],"collection":[{"href":"https:\/\/www.baysalsaglik.com\/fr\/wp-json\/wp\/v2\/pages"}],"about":[{"href":"https:\/\/www.baysalsaglik.com\/fr\/wp-json\/wp\/v2\/types\/page"}],"author":[{"embeddable":true,"href":"https:\/\/www.baysalsaglik.com\/fr\/wp-json\/wp\/v2\/users\/2"}],"replies":[{"embeddable":true,"href":"https:\/\/www.baysalsaglik.com\/fr\/wp-json\/wp\/v2\/comments?post=8596"}],"version-history":[{"count":0,"href":"https:\/\/www.baysalsaglik.com\/fr\/wp-json\/wp\/v2\/pages\/8596\/revisions"}],"wp:attachment":[{"href":"https:\/\/www.baysalsaglik.com\/fr\/wp-json\/wp\/v2\/media?parent=8596"}],"curies":[{"name":"wp","href":"https:\/\/api.w.org\/{rel}","templated":true}]}}