{"id":8599,"date":"2022-05-26T14:31:42","date_gmt":"2022-05-26T11:31:42","guid":{"rendered":"https:\/\/www.baysalsaglik.com\/liposuccion\/"},"modified":"2022-05-28T13:56:03","modified_gmt":"2022-05-28T10:56:03","slug":"liposuccion","status":"publish","type":"page","link":"https:\/\/www.baysalsaglik.com\/fr\/liposuccion\/","title":{"rendered":"Liposuccion"},"content":{"rendered":"<div class=\"wpb-content-wrapper\"><p>[vc_row][vc_column][vc_column_text woodmart_inline=&#8221;no&#8221; text_larger=&#8221;no&#8221;]<strong>Qu&#8217;est-ce que la liposuccion ?<\/strong><\/p>\n<p>La liposuccion est pr\u00e9f\u00e9r\u00e9e pour offrir une solution plus puissante contre les graisses tenaces qui ne peuvent pas \u00eatre \u00e9limin\u00e9es du corps humain pour diverses raisons. L&#8217;amincissement r\u00e9gional est possible gr\u00e2ce \u00e0 la liposuccion, qui permet d&#8217;\u00e9liminer les graisses du corps par des m\u00e9thodes chirurgicales. Avec la liposuccion, qui est l&#8217;une des applications les plus pr\u00e9f\u00e9r\u00e9es pour fa\u00e7onner le corps, elle permet d&#8217;amincir les hanches, les hanches, l&#8217;abdomen, la taille, les genoux et de nombreux autres domaines.<\/p>\n<p>Lors de l&#8217;\u00e9valuation des techniques utilis\u00e9es, ce mode de traitement, qui apporte de la diversit\u00e9, est consid\u00e9r\u00e9 parmi les applications de la chirurgie esth\u00e9tique. En favorisant un amincissement sain dans le corps du patient, il met \u00e9galement en \u00e9vidence des r\u00e9sultats visuellement satisfaisants.<\/p>\n<p><strong>\u00c0 qui la liposuccion est-elle pratiqu\u00e9e\u00a0?<\/strong><\/p>\n<p>Les contr\u00f4les pr\u00e9liminaires li\u00e9s \u00e0 la liposuccion, qui est pr\u00e9f\u00e9r\u00e9e pour se d\u00e9barrasser de la graisse tenace dans le corps et avoir un corps sain, sont les plus importants. L&#8217;amincissement r\u00e9gional qui se produit \u00e0 la suite d&#8217;une application chirurgicale n&#8217;est certainement pas utilis\u00e9 comme m\u00e9thode de perte de poids. Parce que l&#8217;on pense que les personnes qui postuleront pour cette application ne devraient pas pouvoir perdre le poids n\u00e9cessaire avec le sport et l&#8217;alimentation.<\/p>\n<p>Il est possible pour tout le monde de b\u00e9n\u00e9ficier d&#8217;une liposuccion, \u00e0 condition qu&#8217;elle n&#8217;ait pas de probl\u00e8me de sant\u00e9, qu&#8217;elle ne soit pas enceinte ou qu&#8217;elle vienne d&#8217;accoucher. \u00c0 la suite des contr\u00f4les pr\u00e9liminaires \u00e0 effectuer par le m\u00e9decin, la demande est d\u00e9cid\u00e9e et le processus d&#8217;\u00e9claircissage r\u00e9gional commence.<\/p>\n<p><strong>Dans quelles situations la liposuccion n&#8217;a-t-elle aucun effet ?<\/strong><\/p>\n<p>\u00c9tant donn\u00e9 que la liposuccion n&#8217;est pas une application de perte de poids, le patient est susceptible de r\u00e9cup\u00e9rer la graisse perdue. Pour cette raison, il est recommand\u00e9 aux personnes qui demandent une liposuccion de modifier leur mode de vie, leur r\u00e9gime alimentaire et leur exercice afin de ne pas revenir \u00e0 leurs anciennes habitudes. Sinon, il est possible de revenir \u00e0 la p\u00e9riode pr\u00e9-liposuccion.<\/p>\n<p>On pense que dans cette application, o\u00f9 l&#8217;on souhaite supprimer la lubrification locale, des mesures peuvent \u00e9galement \u00eatre prises contre le rel\u00e2chement cutan\u00e9. Cependant, il n&#8217;est pas possible d&#8217;\u00e9liminer l&#8217;affaissement. De m\u00eame, l&#8217;application de la liposuccion n&#8217;a pas d&#8217;effet positif sur la lutte contre la cellulite.<\/p>\n<p><strong>Processus de gu\u00e9rison apr\u00e8s liposuccion<\/strong><\/p>\n<p>Bien que la liposuccion soit consid\u00e9r\u00e9e comme une option d&#8217;intervention importante pour le corps, il est n\u00e9cessaire d&#8217;\u00eatre tr\u00e8s m\u00e9ticuleux apr\u00e8s l&#8217;op\u00e9ration. Car une bonne gestion du processus de cicatrisation permettra au r\u00e9sultat d&#8217;\u00eatre encore plus sain. Dans ce contexte, il est n\u00e9cessaire d&#8217;utiliser le corset recommand\u00e9 suite \u00e0 une liposuccion. L&#8217;utilisation de ce corset pendant 4 \u00e0 8 semaines en moyenne permet au corps de r\u00e9cup\u00e9rer.<\/p>\n<p>Apr\u00e8s la liposuccion, les \u0153d\u00e8mes et les ecchymoses sont consid\u00e9r\u00e9s comme un r\u00e9flexe naturel de l&#8217;organisme. Les points de suture seront retir\u00e9s dans la semaine suivant la proc\u00e9dure. Apr\u00e8s 3-4 semaines, il est possible de reprendre une vie normale.<\/p>\n<p><strong>Quelles sont les diff\u00e9rences entre la lipolyse laser et la liposuccion ?<\/strong><\/p>\n<p>La lipolyse laser et la liposuccion sont des applications diff\u00e9rentes. Pour faire une comparaison dans ce contexte, la lipolyse laser est bas\u00e9e sur l&#8217;\u00e9clatement des membranes des cellules graisseuses dans le cadre de l&#8217;application du laser \u00e0 diode. La lipolyse au laser, qui cr\u00e9e un effet similaire aux applications d&#8217;\u00e9limination des graisses\u00a0; Il est consid\u00e9r\u00e9 comme un facteur tr\u00e8s important dans l&#8217;\u00e9limination de l&#8217;affaissement du visage et du menton. Il est possible de produire une solution au probl\u00e8me de la transpiration excessive avec cette m\u00e9thode, qui est surtout utilis\u00e9e chez les personnes ayant des probl\u00e8mes de transpiration.<\/p>\n<p>La diff\u00e9rence la plus \u00e9vidente entre la lipolyse au laser et la liposuccion est la fa\u00e7on dont les tissus adipeux sont retir\u00e9s du corps. Dans l&#8217;application de la liposuccion, les canules sont pr\u00e9f\u00e9r\u00e9es pour la graisse pr\u00e9lev\u00e9e sur le corps, tandis que dans la lipolyse au laser, il y a excr\u00e9tion urinaire. Pour cette raison, s&#8217;il est entendu que le tissu adipeux du patient ne peut pas \u00eatre excr\u00e9t\u00e9 dans l&#8217;urine \u00e0 la suite d&#8217;une lipolyse au laser, la m\u00e9thode de liposuccion est appliqu\u00e9e.[\/vc_column_text][\/vc_column][\/vc_row]<\/p>\n<\/div>","protected":false},"excerpt":{"rendered":"<p>[vc_row][vc_column][vc_column_text woodmart_inline=&#8221;no&#8221; text_larger=&#8221;no&#8221;]Qu&#8217;est-ce que la liposuccion ? La liposuccion est pr\u00e9f\u00e9r\u00e9e pour offrir une solution plus puissante contre les graisses<\/p>\n","protected":false},"author":2,"featured_media":0,"parent":0,"menu_order":0,"comment_status":"closed","ping_status":"closed","template":"","meta":{"footnotes":""},"class_list":["post-8599","page","type-page","status-publish","hentry"],"_links":{"self":[{"href":"https:\/\/www.baysalsaglik.com\/fr\/wp-json\/wp\/v2\/pages\/8599","targetHints":{"allow":["GET"]}}],"collection":[{"href":"https:\/\/www.baysalsaglik.com\/fr\/wp-json\/wp\/v2\/pages"}],"about":[{"href":"https:\/\/www.baysalsaglik.com\/fr\/wp-json\/wp\/v2\/types\/page"}],"author":[{"embeddable":true,"href":"https:\/\/www.baysalsaglik.com\/fr\/wp-json\/wp\/v2\/users\/2"}],"replies":[{"embeddable":true,"href":"https:\/\/www.baysalsaglik.com\/fr\/wp-json\/wp\/v2\/comments?post=8599"}],"version-history":[{"count":0,"href":"https:\/\/www.baysalsaglik.com\/fr\/wp-json\/wp\/v2\/pages\/8599\/revisions"}],"wp:attachment":[{"href":"https:\/\/www.baysalsaglik.com\/fr\/wp-json\/wp\/v2\/media?parent=8599"}],"curies":[{"name":"wp","href":"https:\/\/api.w.org\/{rel}","templated":true}]}}