{"id":8631,"date":"2022-05-26T12:12:10","date_gmt":"2022-05-26T09:12:10","guid":{"rendered":"https:\/\/www.baysalsaglik.com\/texte-declairage-kvkk\/"},"modified":"2022-05-28T13:27:22","modified_gmt":"2022-05-28T10:27:22","slug":"texte-dinformation-rgpd","status":"publish","type":"page","link":"https:\/\/www.baysalsaglik.com\/fr\/texte-dinformation-rgpd\/","title":{"rendered":"Texte d&#8217;information RGPD"},"content":{"rendered":"<div class=\"wpb-content-wrapper\"><p>[vc_row][vc_column]\n\t\t<div id=\"wd-628f449376a48\" class=\"title-wrapper wd-wpb wd-set-mb reset-last-child  wd-rs-628f449376a48 wd-title-color-default wd-title-style-default text-center  wd-underline-colored\">\n\t\t\t\n\t\t\t<div class=\"liner-continer\">\n\t\t\t\t<h4 class=\"woodmart-title-container title  wd-font-weight- wd-fontsize-xl\" >Traitement du texte de clarification des donn\u00e9es personnelles<\/h4>\n\t\t\t\t\t\t\t<\/div>\n\t\t\t\n\t\t\t\n\t\t\t\n\t\t<\/div>\n\t\t\n\t\t[vc_column_text woodmart_inline=&#8221;no&#8221; text_larger=&#8221;no&#8221;]<\/p>\n<p style=\"text-align: justify;\">Dans le texte ci-dessous, Baysalsaglik.com | Baysal Health Tourism Ltd. Sti. ci-apr\u00e8s d\u00e9nomm\u00e9e SOCIETE.<\/p>\n<p style=\"text-align: justify;\">En tant qu&#8217;entreprise, nous faisons preuve d&#8217;une sensibilit\u00e9 maximale \u00e0 la s\u00e9curit\u00e9 de vos donn\u00e9es personnelles. Forts de cette prise de conscience, nous attachons une grande importance au traitement et \u00e0 la conservation de toutes les donn\u00e9es personnelles appartenant \u00e0 toutes les personnes li\u00e9es \u00e0 la Soci\u00e9t\u00e9, y compris celles qui b\u00e9n\u00e9ficient de nos produits et services, conform\u00e9ment \u00e0 la loi sur la protection des donn\u00e9es personnelles n\u00b0 6698 (&#8220;Loi RGPD&#8221;). Avec une pleine compr\u00e9hension de cette responsabilit\u00e9, nous, en tant que contr\u00f4leur de donn\u00e9es, traitons vos donn\u00e9es personnelles comme expliqu\u00e9 ci-dessous et dans les limites ordonn\u00e9es par la l\u00e9gislation. Nous vous informons que vous pouvez nous joindre via l&#8217;adresse e-mail info@baysalsaglik.com.<\/p>\n<p><strong>Collecte, traitement et finalit\u00e9s de traitement des donn\u00e9es personnelles<\/strong><\/p>\n<p style=\"text-align: justify;\">Vos donn\u00e9es personnelles\u00a0; Elles peuvent \u00eatre collect\u00e9es verbalement, par \u00e9crit ou \u00e9lectroniquement par des m\u00e9thodes automatiques ou non automatiques, des enregistrements audio et vid\u00e9o, des enregistrements biom\u00e9triques, des logiciels, des sites Web et des moyens similaires. Tant que votre travail avec notre soci\u00e9t\u00e9, vos relations contractuelles et les d\u00e9lais l\u00e9gaux stipul\u00e9s dans la l\u00e9gislation ne sont pas expir\u00e9s, vos donn\u00e9es personnelles seront mises \u00e0 jour, trait\u00e9es et stock\u00e9es.<\/p>\n<p style=\"text-align: justify;\">Vos donn\u00e9es personnelles collect\u00e9es, assurant la s\u00e9curit\u00e9 juridique et commerciale de notre Soci\u00e9t\u00e9 et des personnes en relation d&#8217;affaires avec notre Soci\u00e9t\u00e9 (Op\u00e9rations administratives de communication r\u00e9alis\u00e9es par notre Soci\u00e9t\u00e9, assurant la s\u00e9curit\u00e9 physique et le contr\u00f4le des lieux de la Soci\u00e9t\u00e9, partenaire commercial\/client \/processus d&#8217;\u00e9valuation des fournisseurs (agr\u00e9\u00e9s ou employ\u00e9s), processus de conformit\u00e9 l\u00e9gale, affaires financi\u00e8res, etc.), aux fins de d\u00e9terminer et de mettre en \u0153uvre les strat\u00e9gies commerciales et commerciales de notre entreprise et d&#8217;ex\u00e9cuter les politiques de ressources humaines de notre entreprise, d&#8217;assurer la s\u00e9curit\u00e9 et la s\u00fbret\u00e9 du lieu de travail, la pertinence du travail , l&#8217;augmentation de la productivit\u00e9 ou l&#8217;ex\u00e9cution du contrat, dans les articles 5 et 6 de la loi RGPD. Elles seront trait\u00e9es dans les conditions et les finalit\u00e9s de traitement des donn\u00e9es personnelles sp\u00e9cifi\u00e9es.<\/p>\n<p><strong>\u00c0 qui les donn\u00e9es personnelles trait\u00e9es peuvent \u00eatre transf\u00e9r\u00e9es et dans quel but<\/strong><\/p>\n<p style=\"text-align: justify;\">Vos donn\u00e9es personnelles collect\u00e9es ; Assurer la s\u00e9curit\u00e9 juridique et commerciale de notre entreprise et des personnes qui entretiennent une relation d&#8217;affaires avec notre entreprise (op\u00e9rations administratives de communication r\u00e9alis\u00e9es par notre entreprise, assurer la s\u00e9curit\u00e9 physique et le contr\u00f4le des lieux de l&#8217;entreprise, partenaire commercial\/client\/fournisseur ( autoris\u00e9s ou employ\u00e9s), processus d&#8217;\u00e9valuation, processus de conformit\u00e9 l\u00e9gale, travaux financiers, etc.), \u00e0 nos partenaires commerciaux, fournisseurs, actionnaires, sous-traitants, entreprises dont nous recevons des services d&#8217;assistance, \u00e0 nos partenaires commerciaux, fournisseurs, actionnaires, sous-traitants, public l\u00e9galement autoris\u00e9 institutions, afin de d\u00e9terminer et de mettre en \u0153uvre les strat\u00e9gies commerciales et d&#8217;affaires de notre entreprise, d&#8217;assurer l&#8217;ex\u00e9cution des politiques de ressources humaines de notre entreprise, de remplir les obligations l\u00e9gales de notification des institutions et des particuliers, 8. et Elles peuvent \u00eatre transf\u00e9r\u00e9es dans le cadre des conditions et des finalit\u00e9s de traitement des donn\u00e9es personnelles pr\u00e9cis\u00e9es \u00e0 l&#8217;article 9.<\/p>\n<p><strong>M\u00e9thode et raison l\u00e9gale de la collecte des donn\u00e9es personnelles<\/strong><\/p>\n<p style=\"text-align: justify;\">Vos donn\u00e9es personnelles sont obtenues sur tous types de supports verbaux, \u00e9crits ou \u00e9lectroniques, conform\u00e9ment aux finalit\u00e9s susmentionn\u00e9es, afin que notre Soci\u00e9t\u00e9 remplisse pleinement et avec pr\u00e9cision ses responsabilit\u00e9s contractuelles et l\u00e9gales. Vos donn\u00e9es personnelles collect\u00e9es pour cette raison l\u00e9gale sont soumises \u00e0 la loi RGPD. 5. et Dans le cadre des conditions et des finalit\u00e9s de traitement des donn\u00e9es \u00e0 caract\u00e8re personnel pr\u00e9cis\u00e9es aux articles 6, elles peuvent \u00e9galement \u00eatre trait\u00e9es et transf\u00e9r\u00e9es pour les finalit\u00e9s pr\u00e9cis\u00e9es aux articles (1) et (2) du pr\u00e9sent texte.<\/p>\n<p><strong>11 de la loi RGPD sur le propri\u00e9taire des donn\u00e9es personnelles. Droits \u00e9num\u00e9r\u00e9s \u00e0 l&#8217;article<\/strong><\/p>\n<p style=\"text-align: justify;\">En tant que propri\u00e9taires de donn\u00e9es personnelles, si vous soumettez vos demandes concernant vos droits \u00e0 notre Soci\u00e9t\u00e9 par les modalit\u00e9s d\u00e9crites ci-dessous dans le pr\u00e9sent Texte de clarification, notre Soci\u00e9t\u00e9 conclura la demande gratuitement dans un d\u00e9lai de trente jours au plus tard, selon la nature de la demande. . Toutefois, si une redevance est stipul\u00e9e par la Commission de protection des donn\u00e9es personnelles, la redevance figurant dans le tarif d\u00e9termin\u00e9 par notre Soci\u00e9t\u00e9 sera factur\u00e9e. Dans ce contexte, les propri\u00e9taires de donn\u00e9es personnelles\u00a0;<\/p>\n<ul style=\"text-align: justify;\">\n<li>Savoir si des donn\u00e9es personnelles sont trait\u00e9es ou non,<\/li>\n<li>Si des donn\u00e9es personnelles ont \u00e9t\u00e9 trait\u00e9es, demander des informations \u00e0 ce sujet,<\/li>\n<li>Conna\u00eetre la finalit\u00e9 du traitement des donn\u00e9es personnelles et savoir si elles sont utilis\u00e9es conform\u00e9ment \u00e0 la finalit\u00e9,<\/li>\n<li>Conna\u00eetre les tiers auxquels les donn\u00e9es personnelles sont transf\u00e9r\u00e9es dans le pays ou \u00e0 l&#8217;\u00e9tranger,<\/li>\n<li>Demander la correction des donn\u00e9es personnelles en cas de traitement incomplet ou incorrect et demander la notification de la transaction effectu\u00e9e dans ce cadre aux tiers auxquels les donn\u00e9es personnelles ont \u00e9t\u00e9 transf\u00e9r\u00e9es,<\/li>\n<li>Demander la suppression ou la destruction de donn\u00e9es personnelles dans le cas o\u00f9 les raisons n\u00e9cessitant leur traitement ont disparu, bien qu&#8217;elles aient \u00e9t\u00e9 trait\u00e9es conform\u00e9ment aux dispositions de la loi RGPD et d&#8217;autres lois pertinentes, et demander la notification de la transaction effectu\u00e9e dans ce cadre aux tiers auxquels les donn\u00e9es personnelles ont \u00e9t\u00e9 transf\u00e9r\u00e9es,<\/li>\n<li>S&#8217;opposer \u00e0 l&#8217;apparition d&#8217;un r\u00e9sultat contre la personne elle-m\u00eame en analysant les donn\u00e9es trait\u00e9es exclusivement par le biais de syst\u00e8mes automatis\u00e9s,<\/li>\n<li>Dans le cas o\u00f9 des donn\u00e9es personnelles sont endommag\u00e9es en raison d&#8217;un traitement illicite, il a le droit d&#8217;exiger la r\u00e9paration du dommage.<\/li>\n<\/ul>\n<p style=\"text-align: justify;\">13 de la loi RGPD. 1 de l&#8217;article. Conform\u00e9ment au paragraphe, vous pouvez adresser votre demande concernant l&#8217;exercice de vos droits mentionn\u00e9s ci-dessus \u00e0 notre Soci\u00e9t\u00e9 par \u00e9crit ou par d&#8217;autres moyens d\u00e9termin\u00e9s par la Commission de protection des donn\u00e9es personnelles. \u00c9tant donn\u00e9 que le Conseil de protection des donn\u00e9es personnelles n&#8217;a d\u00e9termin\u00e9 aucune m\u00e9thode \u00e0 ce stade, vous devez soumettre votre demande par \u00e9crit \u00e0 notre soci\u00e9t\u00e9 conform\u00e9ment \u00e0 la loi RGPD. Dans ce contexte, notre entreprise est soumise \u00e0 l&#8217;article 11 de la loi RGPD. Les canaux et proc\u00e9dures par lesquels vous soumettrez votre candidature par \u00e9crit sont expliqu\u00e9s ci-dessous.<\/p>\n<p style=\"text-align: justify;\">Afin d&#8217;exercer vos droits susmentionn\u00e9s, les informations n\u00e9cessaires identifiant votre identit\u00e9 et l&#8217;article 11 de la loi RGPD. Il contient votre demande, qui comprend vos explications concernant votre droit que vous demandez d&#8217;exercer parmi les droits sp\u00e9cifi\u00e9s dans l&#8217;article, et vous pouvez personnellement envoyer une copie sign\u00e9e \u00e0 Nailbey Mahallesi, Valifahribey Caddesi, Yenice Sokak, No:10, \u00c7akmak 3 Plaza , K9\/35, 23100, Merkez\/ELAZI\u011e, avec des documents identifiant votre identit\u00e9. , par l&#8217;interm\u00e9diaire d&#8217;un notaire public ou d&#8217;autres m\u00e9thodes sp\u00e9cifi\u00e9es dans la loi RGPD, ou vous pouvez transmettre la demande correspondante \u00e0 l&#8217;adresse e-mail info@baysalsaglik.com.<\/p>\n<p>[\/vc_column_text][\/vc_column][\/vc_row]<\/p>\n<\/div>","protected":false},"excerpt":{"rendered":"<p>[vc_row][vc_column][vc_column_text woodmart_inline=&#8221;no&#8221; text_larger=&#8221;no&#8221;] Dans le texte ci-dessous, Baysalsaglik.com | Baysal Health Tourism Ltd. Sti. ci-apr\u00e8s d\u00e9nomm\u00e9e SOCIETE. En tant qu&#8217;entreprise,<\/p>\n","protected":false},"author":2,"featured_media":0,"parent":0,"menu_order":0,"comment_status":"closed","ping_status":"closed","template":"","meta":{"footnotes":""},"class_list":["post-8631","page","type-page","status-publish","hentry"],"_links":{"self":[{"href":"https:\/\/www.baysalsaglik.com\/fr\/wp-json\/wp\/v2\/pages\/8631","targetHints":{"allow":["GET"]}}],"collection":[{"href":"https:\/\/www.baysalsaglik.com\/fr\/wp-json\/wp\/v2\/pages"}],"about":[{"href":"https:\/\/www.baysalsaglik.com\/fr\/wp-json\/wp\/v2\/types\/page"}],"author":[{"embeddable":true,"href":"https:\/\/www.baysalsaglik.com\/fr\/wp-json\/wp\/v2\/users\/2"}],"replies":[{"embeddable":true,"href":"https:\/\/www.baysalsaglik.com\/fr\/wp-json\/wp\/v2\/comments?post=8631"}],"version-history":[{"count":0,"href":"https:\/\/www.baysalsaglik.com\/fr\/wp-json\/wp\/v2\/pages\/8631\/revisions"}],"wp:attachment":[{"href":"https:\/\/www.baysalsaglik.com\/fr\/wp-json\/wp\/v2\/media?parent=8631"}],"curies":[{"name":"wp","href":"https:\/\/api.w.org\/{rel}","templated":true}]}}