{"id":8940,"date":"2022-05-26T14:45:34","date_gmt":"2022-05-26T11:45:34","guid":{"rendered":"https:\/\/www.baysalsaglik.com\/augmentation-mammaire\/"},"modified":"2022-05-26T21:22:45","modified_gmt":"2022-05-26T18:22:45","slug":"augmentation-mammaire","status":"publish","type":"page","link":"https:\/\/www.baysalsaglik.com\/fr\/augmentation-mammaire\/","title":{"rendered":"Augmentation mammaire"},"content":{"rendered":"<div class=\"wpb-content-wrapper\"><p>[vc_row][vc_column][vc_column_text woodmart_inline=&#8221;no&#8221; text_larger=&#8221;no&#8221;]<strong>Augmentation mammaire<\/strong><\/p>\n<p>L&#8217;augmentation mammaire est une op\u00e9ration de chirurgie esth\u00e9tique qui est devenue le sauveur des femmes qui trouvent leurs seins petits. Si vous trouvez vos seins petits et que vous souhaitez avoir des seins plus gros, vous \u00eates \u00e0 la bonne adresse. Nous apportons vos seins \u00e0 la taille que vous souhaitez avec nos m\u00e9decins experts et exp\u00e9riment\u00e9s dans le domaine de l&#8217;augmentation mammaire et vous aidons \u00e0 retrouver confiance en vous.<\/p>\n<p>Vos seins peuvent avoir une petite structure d\u00e8s la naissance ou peuvent avoir r\u00e9tr\u00e9ci apr\u00e8s diverses d\u00e9formations. Donner naissance ou perdre trop de poids peut faire en sorte que les seins aient une structure plus petite que leur forme normale. Dans ce contexte, nous rencontrons la chirurgie d&#8217;augmentation mammaire. Le service de chirurgie d&#8217;augmentation mammaire propos\u00e9 par des m\u00e9decins sp\u00e9cialistes pour les femmes aux petits seins est fourni avec succ\u00e8s, et la taille des seins est d\u00e9termin\u00e9e avec le m\u00e9decin en fonction des besoins et des souhaits des personnes.<\/p>\n<p><strong>Comment se d\u00e9roule la chirurgie d&#8217;augmentation mammaire ?<\/strong><\/p>\n<p>L&#8217;augmentation mammaire est g\u00e9n\u00e9ralement r\u00e9alis\u00e9e avec deux m\u00e9thodes diff\u00e9rentes. Ce sont les suivants.<\/p>\n<p><strong>Augmentation mammaire \u00e0 l&#8217;aide du tissu adipeux de la patiente<\/strong><\/p>\n<p>Dans cette m\u00e9thode, comme son nom l&#8217;indique, le tissu adipeux du patient est utilis\u00e9. Par exemple, s&#8217;il y a un exc\u00e8s de tissu adipeux dans la jambe de la patiente et que ce tissu convient \u00e0 une injection dans le sein, cette m\u00e9thode peut \u00eatre utilis\u00e9e. Cette op\u00e9ration est r\u00e9alis\u00e9e de mani\u00e8re int\u00e9gr\u00e9e \u00e0 l&#8217;op\u00e9ration de liposuccion. Cette m\u00e9thode ne peut pas \u00eatre appliqu\u00e9e si le corps de la personne n&#8217;a pas de place pour absorber l&#8217;exc\u00e8s de graisse.<\/p>\n<p><strong>Augmentation avec proth\u00e8se mammaire<\/strong><\/p>\n<p>Des r\u00e9sultats positifs peuvent \u00eatre obtenus avec la m\u00e9thode de proth\u00e8se mammaire utilis\u00e9e dans les cas o\u00f9 le tissu adipeux de la personne ne peut pas \u00eatre utilis\u00e9. Dans les deux m\u00e9thodes, des incisions en forme de T invers\u00e9 sont pratiqu\u00e9es \u00e0 partir de la partie inf\u00e9rieure de la poitrine et le tissu adipeux ou le sein proth\u00e9tique est plac\u00e9 \u00e0 l&#8217;int\u00e9rieur de la poitrine. La proth\u00e8se mammaire est g\u00e9n\u00e9ralement plac\u00e9e sous le muscle pectoral ou dans la r\u00e9gion inf\u00e9rieure du tissu mammaire. Conform\u00e9ment \u00e0 ces proc\u00e9dures, les seins que la patiente d\u00e9sire et dans lesquels une apparence en proportion directe avec son corps est obtenue sont r\u00e9v\u00e9l\u00e9s. Les patients peuvent g\u00e9n\u00e9ralement \u00eatre lib\u00e9r\u00e9s apr\u00e8s 1 jour d&#8217;observation.<\/p>\n<p><strong>Ce qu&#8217;il faut savoir apr\u00e8s une augmentation mammaire<\/strong><\/p>\n<p>Tous les d\u00e9tails qui doivent \u00eatre connus apr\u00e8s l&#8217;op\u00e9ration d&#8217;augmentation mammaire sont les suivants.<\/p>\n<ul>\n<li>Vous devrez peut-\u00eatre rester \u00e0 l&#8217;h\u00f4pital pendant 1 nuit apr\u00e8s l&#8217;op\u00e9ration d&#8217;augmentation mammaire. Des dispositifs appel\u00e9s drains sont fix\u00e9s aux seins qui permettent au sang d&#8217;\u00eatre expuls\u00e9 de la r\u00e9gion. Il n&#8217;est pas possible de sortir de l&#8217;h\u00f4pital sans retirer les instruments en question.<\/li>\n<li>Une sensation de tension, de pl\u00e9nitude et de pression peut survenir. Vous pouvez utiliser des analg\u00e9siques pour minimiser ces sensations.<\/li>\n<li>La douleur qui survient apr\u00e8s l&#8217;op\u00e9ration commence \u00e0 diminuer \u00e0 partir du troisi\u00e8me jour.<\/li>\n<li>Le pansement est ouvert le 4\u00e8me jour apr\u00e8s l&#8217;op\u00e9ration. Cependant, ce d\u00e9lai diff\u00e8re selon le m\u00e9decin pratiquant l&#8217;intervention.<\/li>\n<li>Une fois le pansement ouvert, vous pouvez voir un gonflement et des ecchymoses sur votre poitrine. Ces gonflements et ecchymoses passeront en peu de temps. Pour cette raison, vous ne devriez pas vous soucier de l&#8217;enflure et des ecchymoses.<\/li>\n<li>Apr\u00e8s l&#8217;op\u00e9ration, un soutien-gorge m\u00e9dical doit \u00eatre ajout\u00e9. Ce soutien-gorge permet aux seins de cicatriser plus rapidement.<\/li>\n<\/ul>\n<p><strong>Questions fr\u00e9quemment pos\u00e9es<\/strong><\/p>\n<p>Combien de temps dure une augmentation mammaire ?<\/p>\n<p>L&#8217;op\u00e9ration dure environ 1 \u00e0 2 heures. Cependant, la dur\u00e9e de l&#8217;op\u00e9ration varie selon la technique utilis\u00e9e et la personne. Pour cette raison, il n&#8217;est pas possible de d\u00e9terminer une p\u00e9riode claire pour l&#8217;op\u00e9ration.<\/p>\n<p>Les seins laisseront-ils des cicatrices apr\u00e8s une chirurgie d&#8217;augmentation mammaire ?<\/p>\n<p>Apr\u00e8s l&#8217;op\u00e9ration, de petites cicatrices restent sur les sites d&#8217;incision. Cependant, ces cicatrices s&#8217;estompent ou deviennent moins visibles en prenant la couleur de la peau avec le temps. Les traces ne sont pas visibles de fa\u00e7on d\u00e9rangeante.<\/p>\n<p>Et si je n&#8217;aime pas la taille des seins ?<\/p>\n<p>La taille des seins est d\u00e9termin\u00e9e en consultation avec votre m\u00e9decin. Cependant, si vous n&#8217;aimez toujours pas les seins plus gros ou plus petits que pr\u00e9vu, une op\u00e9ration r\u00e9vis\u00e9e peut \u00eatre effectu\u00e9e.<\/p>\n<p>Y aura-t-il des douleurs dans les seins apr\u00e8s l&#8217;op\u00e9ration ?<\/p>\n<p>Apr\u00e8s l&#8217;op\u00e9ration, des douleurs peuvent survenir dans les seins. Cependant, des analg\u00e9siques peuvent \u00eatre utilis\u00e9s pour la douleur susmentionn\u00e9e.<\/p>\n<p>Quand peut-on prendre une douche apr\u00e8s l&#8217;op\u00e9ration ?<\/p>\n<p>Vous ne devez pas prendre de douche pendant 4 \u00e0 5 jours apr\u00e8s l&#8217;op\u00e9ration d&#8217;augmentation mammaire. Vous pouvez prendre une douche apr\u00e8s que votre m\u00e9decin ait effectu\u00e9 le contr\u00f4le final.<\/p>\n<p>Dois-je retirer les points de suture apr\u00e8s l&#8217;op\u00e9ration ?<\/p>\n<p>Vous n&#8217;avez pas besoin de retirer vos points de suture apr\u00e8s l&#8217;op\u00e9ration. Parce que des points esth\u00e9tiques sp\u00e9ciaux sont appliqu\u00e9s par xxx. Ces points se dissolvent et disparaissent avec le temps.[\/vc_column_text][\/vc_column][\/vc_row]<\/p>\n<\/div>","protected":false},"excerpt":{"rendered":"<p>[vc_row][vc_column][vc_column_text woodmart_inline=&#8221;no&#8221; text_larger=&#8221;no&#8221;]Augmentation mammaire L&#8217;augmentation mammaire est une op\u00e9ration de chirurgie esth\u00e9tique qui est devenue le sauveur des femmes qui<\/p>\n","protected":false},"author":2,"featured_media":0,"parent":0,"menu_order":0,"comment_status":"closed","ping_status":"closed","template":"","meta":{"footnotes":""},"class_list":["post-8940","page","type-page","status-publish","hentry"],"_links":{"self":[{"href":"https:\/\/www.baysalsaglik.com\/fr\/wp-json\/wp\/v2\/pages\/8940","targetHints":{"allow":["GET"]}}],"collection":[{"href":"https:\/\/www.baysalsaglik.com\/fr\/wp-json\/wp\/v2\/pages"}],"about":[{"href":"https:\/\/www.baysalsaglik.com\/fr\/wp-json\/wp\/v2\/types\/page"}],"author":[{"embeddable":true,"href":"https:\/\/www.baysalsaglik.com\/fr\/wp-json\/wp\/v2\/users\/2"}],"replies":[{"embeddable":true,"href":"https:\/\/www.baysalsaglik.com\/fr\/wp-json\/wp\/v2\/comments?post=8940"}],"version-history":[{"count":0,"href":"https:\/\/www.baysalsaglik.com\/fr\/wp-json\/wp\/v2\/pages\/8940\/revisions"}],"wp:attachment":[{"href":"https:\/\/www.baysalsaglik.com\/fr\/wp-json\/wp\/v2\/media?parent=8940"}],"curies":[{"name":"wp","href":"https:\/\/api.w.org\/{rel}","templated":true}]}}