{"id":8942,"date":"2022-05-26T15:05:10","date_gmt":"2022-05-26T12:05:10","guid":{"rendered":"https:\/\/www.baysalsaglik.com\/gynecomastie\/"},"modified":"2022-05-28T13:56:37","modified_gmt":"2022-05-28T10:56:37","slug":"gynecomastie","status":"publish","type":"page","link":"https:\/\/www.baysalsaglik.com\/fr\/gynecomastie\/","title":{"rendered":"Gyn\u00e9comastie"},"content":{"rendered":"<div class=\"wpb-content-wrapper\"><p>[vc_row][vc_column][vc_column_text woodmart_inline=&#8221;no&#8221; text_larger=&#8221;no&#8221;]La gyn\u00e9comastie est la croissance incontr\u00f4l\u00e9e et disproportionn\u00e9e des tissus mammaires des hommes. Lorsqu&#8217;une intervention chirurgicale est pratiqu\u00e9e sur les excroissances en cause, cette chirurgie est qualifi\u00e9e de chirurgie de la gyn\u00e9comastie. Comme on le sait, l&#8217;anatomie des hommes est diff\u00e9rente de celle des femmes. Pour cette raison, le gros tissu mammaire chez les hommes est une condition ind\u00e9sirable. Les hommes qui ont des probl\u00e8mes dans leur vie sociale en raison de cette taille de poitrine demandent une op\u00e9ration de gyn\u00e9comastie.<\/p>\n<p>La gyn\u00e9comastie est une intervention chirurgicale con\u00e7ue pour enlever le tissu mammaire hypertrophi\u00e9. L&#8217;exc\u00e8s de graisse dans les seins masculins peut emp\u00eacher les hommes d&#8217;obtenir les seins fermes et toniques qu&#8217;ils d\u00e9sirent. La chirurgie de la gyn\u00e9comastie \u00e9limine l&#8217;exc\u00e8s de tissu adipeux pour cr\u00e9er des lignes mammaires plus attrayantes. C&#8217;est l&#8217;une des chirurgies plastiques les plus courantes pratiqu\u00e9es chez les hommes.<\/p>\n<p>Les caract\u00e9ristiques communes de la gyn\u00e9comastie sont\u00a0:<\/p>\n<ul>\n<li>D\u00e9p\u00f4ts de graisse localis\u00e9s dans la r\u00e9gion de la poitrine<\/li>\n<li>tissu glandulaire excessif<\/li>\n<li>Exc\u00e8s de peau du sein<\/li>\n<\/ul>\n<p><strong>Qu&#8217;est-ce qui cause la gyn\u00e9comastie?<\/strong><\/p>\n<p>La gyn\u00e9comastie est le d\u00e9veloppement anormal de la glande mammaire chez l&#8217;homme. La gyn\u00e9comastie peut affecter un ou les deux seins. Bien que dans la plupart des cas la cause soit inconnue, certains m\u00e9dicaments ou m\u00e9dicaments et certains troubles hormonaux peuvent la d\u00e9clencher.<\/p>\n<p>Un d\u00e9s\u00e9quilibre hormonal au cours du d\u00e9veloppement pubertaire peut entra\u00eener une augmentation temporaire du tissu mammaire \u00e0 l&#8217;adolescence. Cependant, cette condition se r\u00e9sout g\u00e9n\u00e9ralement spontan\u00e9ment. \u00c0 l&#8217;\u00e2ge adulte, les niveaux de testost\u00e9rone diminuent avec l&#8217;\u00e2ge. Cela provoque le d\u00e9veloppement du tissu mammaire. La gyn\u00e9comastie est \u00e9galement li\u00e9e \u00e0 certaines maladies r\u00e9nales, thyro\u00efdiennes ou hypophysaires. L&#8217;abus de certaines substances comme l&#8217;alcool, les anabolisants ou les corticost\u00e9ro\u00efdes stimule le d\u00e9veloppement mammaire chez l&#8217;homme.<\/p>\n<p>&nbsp;<\/p>\n<p>Les personnes ayant des probl\u00e8mes de gyn\u00e9comastie peuvent \u00e9prouver un s\u00e9rieux changement dans leur estime de soi. \u00c0 ce stade, les individus peuvent avoir tendance \u00e0 \u00e9viter certaines situations sociales qui impliquent d&#8217;exposer leur corps. Les relations \u00e9troites ou partenaires peuvent \u00eatre affect\u00e9es en raison de l&#8217;ins\u00e9curit\u00e9 cr\u00e9\u00e9e par les seins d&#8217;apparence f\u00e9minine. Ils \u00e9vitent les v\u00eatements qui collent au corps pour ne pas marquer leurs d\u00e9fauts. Cette faible s\u00e9curit\u00e9 personnelle est d&#8217;autant plus perceptible que le patient est jeune.<\/p>\n<p><strong>Comment se d\u00e9roule la chirurgie de la gyn\u00e9comastie ?<\/strong><\/p>\n<p>Lorsque la gyn\u00e9comastie est principalement le r\u00e9sultat d&#8217;un exc\u00e8s de tissu adipeux au niveau de la poitrine, une liposuccion est g\u00e9n\u00e9ralement pratiqu\u00e9e pour \u00e9liminer d\u00e9finitivement ces cellules graisseuses. Apr\u00e8s de petites incisions dans les plis sous les seins, une canule est ins\u00e9r\u00e9e sous la peau pour absorber les d\u00e9p\u00f4ts de graisse ind\u00e9sirables. Lorsque la gyn\u00e9comastie est plus fr\u00e9quente, la peau du sein et le tissu glandulaire peuvent \u00e9galement \u00eatre enlev\u00e9s.<\/p>\n<p>Une autre m\u00e9thode utilis\u00e9e dans la chirurgie de la gyn\u00e9comastie est la m\u00e9thode ouverte. La graisse dans le tissu mammaire du patient est retir\u00e9e de la zone avec des incisions. La m\u00e9thode ouverte, qui est beaucoup moins exigeante que la m\u00e9thode de liposuccion, a \u00e9galement un long temps de r\u00e9cup\u00e9ration. Dans ce sens, la possibilit\u00e9 de laisser des cicatrices sur le corps est \u00e9galement extr\u00eamement \u00e9lev\u00e9e.<\/p>\n<p><strong>Processus de r\u00e9cup\u00e9ration apr\u00e8s la gyn\u00e9comastie<\/strong><\/p>\n<p>Apr\u00e8s l&#8217;op\u00e9ration de gyn\u00e9comastie, les patients sont envelopp\u00e9s d&#8217;un pansement serr\u00e9 pour \u00e9viter les saignements internes. Le pansement en question n&#8217;est pas enlev\u00e9 pendant 2 jours. Pendant l&#8217;op\u00e9ration, une suture sp\u00e9ciale est utilis\u00e9e. Par cons\u00e9quent, il n&#8217;est pas n\u00e9cessaire de retirer les sutures apr\u00e8s l&#8217;op\u00e9ration. Les fils se dissoudront d&#8217;eux-m\u00eames.<\/p>\n<p>Un gonflement et des ecchymoses peuvent survenir dans la r\u00e9gion apr\u00e8s l&#8217;op\u00e9ration. Ces gonflements et ecchymoses varient en fonction de l&#8217;\u00e2ge des patients, du tissu adipeux retir\u00e9 et de la technique pr\u00e9f\u00e9r\u00e9e. Des cicatrices l\u00e9g\u00e8res sont susceptibles de rester dans la r\u00e9gion apr\u00e8s l&#8217;op\u00e9ration de gyn\u00e9comastie. Ces cicatrices dispara\u00eetront en 1 \u00e0 2 mois.[\/vc_column_text][\/vc_column][\/vc_row]<\/p>\n<\/div>","protected":false},"excerpt":{"rendered":"<p>[vc_row][vc_column][vc_column_text woodmart_inline=&#8221;no&#8221; text_larger=&#8221;no&#8221;]La gyn\u00e9comastie est la croissance incontr\u00f4l\u00e9e et disproportionn\u00e9e des tissus mammaires des hommes. Lorsqu&#8217;une intervention chirurgicale est pratiqu\u00e9e<\/p>\n","protected":false},"author":2,"featured_media":0,"parent":0,"menu_order":0,"comment_status":"closed","ping_status":"closed","template":"","meta":{"footnotes":""},"class_list":["post-8942","page","type-page","status-publish","hentry"],"_links":{"self":[{"href":"https:\/\/www.baysalsaglik.com\/fr\/wp-json\/wp\/v2\/pages\/8942","targetHints":{"allow":["GET"]}}],"collection":[{"href":"https:\/\/www.baysalsaglik.com\/fr\/wp-json\/wp\/v2\/pages"}],"about":[{"href":"https:\/\/www.baysalsaglik.com\/fr\/wp-json\/wp\/v2\/types\/page"}],"author":[{"embeddable":true,"href":"https:\/\/www.baysalsaglik.com\/fr\/wp-json\/wp\/v2\/users\/2"}],"replies":[{"embeddable":true,"href":"https:\/\/www.baysalsaglik.com\/fr\/wp-json\/wp\/v2\/comments?post=8942"}],"version-history":[{"count":0,"href":"https:\/\/www.baysalsaglik.com\/fr\/wp-json\/wp\/v2\/pages\/8942\/revisions"}],"wp:attachment":[{"href":"https:\/\/www.baysalsaglik.com\/fr\/wp-json\/wp\/v2\/media?parent=8942"}],"curies":[{"name":"wp","href":"https:\/\/api.w.org\/{rel}","templated":true}]}}