{"id":8944,"date":"2022-05-26T14:36:04","date_gmt":"2022-05-26T11:36:04","guid":{"rendered":"https:\/\/www.baysalsaglik.com\/lifting-des-bras\/"},"modified":"2022-05-26T21:22:49","modified_gmt":"2022-05-26T18:22:49","slug":"lifting-des-bras","status":"publish","type":"page","link":"https:\/\/www.baysalsaglik.com\/fr\/lifting-des-bras\/","title":{"rendered":"Lifting des bras"},"content":{"rendered":"<div class=\"wpb-content-wrapper\"><p>[vc_row][vc_column][vc_column_text woodmart_inline=&#8221;no&#8221; text_larger=&#8221;no&#8221;]Lifting des bras<\/p>\n<p>L&#8217;\u00e9tirement des bras est une op\u00e9ration esth\u00e9tique effectu\u00e9e pour \u00e9liminer l&#8217;affaissement des bras. Vous pouvez vous d\u00e9barrasser de l&#8217;affaissement de vos bras de la meilleure fa\u00e7on avec l&#8217;op\u00e9ration de levage des bras, qui a \u00e9t\u00e9 tr\u00e8s demand\u00e9e r\u00e9cemment.<\/p>\n<p>L&#8217;affaissement des bras peut survenir pour diverses raisons. En particulier, l&#8217;\u00e2ge avanc\u00e9 et la perte de poids provoquent un affaissement des bras. Dans ce sens, il est possible d&#8217;\u00e9liminer facilement l&#8217;affaissement des bras caus\u00e9 par diverses raisons. Le but principal de l&#8217;op\u00e9ration d&#8217;\u00e9tirement des bras, comme son nom l&#8217;indique, est d&#8217;\u00e9liminer l&#8217;affaissement des bras et de s&#8217;assurer que le bras a une apparence tendue. De cette fa\u00e7on, il est possible d&#8217;avoir des bras avec un aspect extr\u00eamement serr\u00e9 et serr\u00e9.<\/p>\n<p>Comment se d\u00e9roule l&#8217;op\u00e9ration de levage des bras&nbsp;?<\/p>\n<p>L&#8217;op\u00e9ration de lifting des bras est r\u00e9alis\u00e9e sous anesth\u00e9sie g\u00e9n\u00e9rale. Une fois l&#8217;anesth\u00e9sie appliqu\u00e9e au patient, le processus op\u00e9ratoire commence par des incisions en forme de L. Apr\u00e8s l&#8217;incision en question, l&#8217;exc\u00e8s de tissu adipeux dans le bras est retir\u00e9. Cependant, dans certains cas, le bras du patient ne pr\u00e9sente pas de tissu adipeux en exc\u00e8s. Dans ce cas, l&#8217;exc\u00e8s de peau est retir\u00e9 de la zone sans toucher le tissu adipeux.<\/p>\n<p>Pour que le bras ait un aspect tendu et serr\u00e9, un liposhaping est appliqu\u00e9. Apr\u00e8s avoir retir\u00e9 l&#8217;exc\u00e8s de tissu et effectu\u00e9 toutes les proc\u00e9dures, des points de suture esth\u00e9tiques sont appliqu\u00e9s sur la zone. Les sutures esth\u00e9tiques n&#8217;ont pas besoin d&#8217;\u00eatre enlev\u00e9es. Il a une structure auto-fondante. Apr\u00e8s l&#8217;op\u00e9ration, un drain est plac\u00e9 pour emp\u00eacher la zone de collecter du liquide et pour pr\u00e9venir les saignements internes. Apr\u00e8s avoir \u00e9t\u00e9 plac\u00e9 dans les drains, la zone est habill\u00e9e. Apr\u00e8s cette \u00e9tape, tous les processus sont termin\u00e9s. Si le patient n&#8217;a aucun probl\u00e8me, les proc\u00e9dures de sortie sont initi\u00e9es.<\/p>\n<p>\u00c9l\u00e9ments \u00e0 prendre en compte avant l&#8217;op\u00e9ration de levage des bras<\/p>\n<p>Certains d\u00e9tails doivent \u00eatre pris en compte avant l&#8217;op\u00e9ration de levage des bras. Ces d\u00e9tails sont tr\u00e8s importants pour la sant\u00e9 des individus. Les choses \u00e0 consid\u00e9rer en g\u00e9n\u00e9ral sont les suivantes.<\/p>\n<p>Avant l&#8217;op\u00e9ration de lifting des bras, vous devez absolument informer votre m\u00e9decin des m\u00e9dicaments que vous utilisez et de vos maladies chroniques. Si les m\u00e9decins le jugent n\u00e9cessaire, les m\u00e9dicaments en question doivent \u00eatre arr\u00eat\u00e9s. De plus, avant l&#8217;op\u00e9ration en question, vous devriez faire une pause dans vos mauvaises habitudes telles que le tabagisme et l&#8217;alcool pendant un certain temps. Parce que l&#8217;alcool et les cigarettes ont des effets anticoagulants. Vous ne devez pas non plus utiliser d&#8217;anticoagulants. Ces drogues, l&#8217;alcool, le tabagisme provoquent la liqu\u00e9faction du sang pendant l&#8217;intervention chirurgicale et provoquent un flux sanguin intense.<\/p>\n<p>\u00c9l\u00e9ments \u00e0 prendre en compte apr\u00e8s l&#8217;op\u00e9ration de levage des bras<\/p>\n<ul>\n<li>Apr\u00e8s l&#8217;esth\u00e9tique des bras, les gens ne doivent pas faire de mouvements compulsifs pendant au moins une semaine.<\/li>\n<li>Les mouvements brusques des bras doivent \u00eatre \u00e9vit\u00e9s pendant les premi\u00e8res semaines.<\/li>\n<li>Vous devez attendre 2-3 semaines pour nager. \u00c9tant donn\u00e9 que la zone o\u00f9 la chirurgie est effectu\u00e9e est tr\u00e8s sensible, elle peut \u00eatre endommag\u00e9e par le temps de baignade et cela peut avoir de mauvais r\u00e9sultats.<\/li>\n<li>Des ecchymoses, des gonflements et des rougeurs peuvent survenir apr\u00e8s la chirurgie. Ces bleus dispara\u00eetront en quelques semaines.<\/li>\n<li>Vous pouvez utiliser l&#8217;analg\u00e9sique recommand\u00e9 par votre m\u00e9decin pour les douleurs post-op\u00e9ratoires.<\/li>\n<\/ul>\n<p>Processus de r\u00e9cup\u00e9ration apr\u00e8s l&#8217;op\u00e9ration de levage des bras<\/p>\n<p>Il est possible pour les patients de reprendre leur vie sociale imm\u00e9diatement apr\u00e8s la chirurgie de lifting des bras. Un gonflement et des ecchymoses surviennent g\u00e9n\u00e9ralement dans les premiers jours. Afin de pr\u00e9venir ces situations, les patients doivent porter un bandage anti-gonflement. Dans les jours qui suivent l&#8217;op\u00e9ration, le bras doit \u00eatre maintenu sur\u00e9lev\u00e9. De cette fa\u00e7on, le processus de gu\u00e9rison sera beaucoup plus rapide. Dans ce processus, les analg\u00e9siques doivent \u00eatre utilis\u00e9s selon les recommandations de votre m\u00e9decin.<\/p>\n<p>L&#8217;op\u00e9ration de levage des bras est-elle combin\u00e9e avec d&#8217;autres op\u00e9rations&nbsp;?<\/p>\n<p>L&#8217;op\u00e9ration de lifting des bras est souvent pr\u00e9f\u00e9r\u00e9e, en particulier avec la liposuccion. Les personnes aux bras \u00e9pais et celles qui veulent que leurs bras soient fins appliquent la liposuccion. \u00c9tant donn\u00e9 que l&#8217;exc\u00e8s de peau se produira apr\u00e8s la liposuccion, l&#8217;exc\u00e8s de peau est retir\u00e9 par une op\u00e9ration de lifting des bras. De plus, l&#8217;esth\u00e9tique du lifting des bras peut \u00eatre r\u00e9alis\u00e9e en combinaison avec des op\u00e9rations dans diff\u00e9rentes parties du corps.<\/p>\n<p>Questions fr\u00e9quemment pos\u00e9es<\/p>\n<p>Combien de temps dure la chirurgie?<\/p>\n<p>Cela prend entre 1 et 3 heures.<\/p>\n<p>L&#8217;esth\u00e9tique du lifting des bras est-elle permanente?<\/p>\n<p>Tant que les individus ne prennent pas ou ne perdent pas de poids, on peut dire que l&#8217;op\u00e9ration de lifting des bras sera efficace pendant longtemps.<\/p>\n<p>Est-il acceptable de prendre une douche apr\u00e8s une op\u00e9ration de lifting des bras ?<\/p>\n<p>Une fois les drains retir\u00e9s, une douche est prise. Cela signifie une p\u00e9riode de 2-3 jours.<\/p>\n<p>Les points de suture sont-ils retir\u00e9s apr\u00e8s l&#8217;op\u00e9ration&nbsp;?<\/p>\n<p>Non. Les points se dissolvent d&#8217;eux-m\u00eames.[\/vc_column_text][\/vc_column][\/vc_row]<\/p>\n<\/div>","protected":false},"excerpt":{"rendered":"<p>[vc_row][vc_column][vc_column_text woodmart_inline=&#8221;no&#8221; text_larger=&#8221;no&#8221;]Lifting des bras L&#8217;\u00e9tirement des bras est une op\u00e9ration esth\u00e9tique effectu\u00e9e pour \u00e9liminer l&#8217;affaissement des bras. Vous pouvez<\/p>\n","protected":false},"author":2,"featured_media":0,"parent":0,"menu_order":0,"comment_status":"closed","ping_status":"closed","template":"","meta":{"footnotes":""},"class_list":["post-8944","page","type-page","status-publish","hentry"],"_links":{"self":[{"href":"https:\/\/www.baysalsaglik.com\/fr\/wp-json\/wp\/v2\/pages\/8944","targetHints":{"allow":["GET"]}}],"collection":[{"href":"https:\/\/www.baysalsaglik.com\/fr\/wp-json\/wp\/v2\/pages"}],"about":[{"href":"https:\/\/www.baysalsaglik.com\/fr\/wp-json\/wp\/v2\/types\/page"}],"author":[{"embeddable":true,"href":"https:\/\/www.baysalsaglik.com\/fr\/wp-json\/wp\/v2\/users\/2"}],"replies":[{"embeddable":true,"href":"https:\/\/www.baysalsaglik.com\/fr\/wp-json\/wp\/v2\/comments?post=8944"}],"version-history":[{"count":0,"href":"https:\/\/www.baysalsaglik.com\/fr\/wp-json\/wp\/v2\/pages\/8944\/revisions"}],"wp:attachment":[{"href":"https:\/\/www.baysalsaglik.com\/fr\/wp-json\/wp\/v2\/media?parent=8944"}],"curies":[{"name":"wp","href":"https:\/\/api.w.org\/{rel}","templated":true}]}}