{"id":8959,"date":"2022-05-26T15:06:19","date_gmt":"2022-05-26T12:06:19","guid":{"rendered":"https:\/\/www.baysalsaglik.com\/greffe-de-cheveux-fue\/"},"modified":"2022-05-26T21:22:48","modified_gmt":"2022-05-26T18:22:48","slug":"greffe-de-cheveux-fue","status":"publish","type":"page","link":"https:\/\/www.baysalsaglik.com\/fr\/greffe-de-cheveux-fue\/","title":{"rendered":"Greffe de cheveux FUE"},"content":{"rendered":"<div class=\"wpb-content-wrapper\"><p>[vc_row][vc_column][vc_column_text woodmart_inline=&#8221;no&#8221; text_larger=&#8221;no&#8221;]La greffe de cheveux FUE est l&#8217;abr\u00e9viation de la pratique connue sous le nom d&#8217;extraction d&#8217;unit\u00e9s folliculaires. Il est possible d&#8217;obtenir des r\u00e9sultats positifs gr\u00e2ce \u00e0 la FUE, qui est la m\u00e9thode la plus importante qui vient \u00e0 l&#8217;esprit dans les op\u00e9rations de greffe de cheveux. De ce point de vue, la FUE est la m\u00e9thode la plus pr\u00e9cieuse pr\u00e9f\u00e9r\u00e9e par les individus lorsqu&#8217;ils souhaitent avoir des cheveux naturels.<\/p>\n<p><strong>Greffe de cheveux avec la m\u00e9thode FUE<\/strong><\/p>\n<p>Le premier choix de presque tous ceux qui souhaitent faire une demande de greffe de cheveux est la technique FUE. L&#8217;absence d&#8217;incision et l&#8217;absence de toute cicatrice dans la zone de greffe de cheveux sont consid\u00e9r\u00e9es comme les raisons de pr\u00e9f\u00e9rer cette technique. De plus, le succ\u00e8s des r\u00e9sultats obtenus apr\u00e8s la greffe de cheveux est consid\u00e9r\u00e9 comme l&#8217;un des facteurs les plus importants dans le choix de la technique FUE.<\/p>\n<p>Dans les proc\u00e9dures de greffe de cheveux, qui sont r\u00e9alis\u00e9es en choisissant la technique FUE, le sp\u00e9cialiste de la greffe de cheveux proc\u00e8de \u00e0 des examens pr\u00e9liminaires. Dans ce contexte, une planification est faite sur la fa\u00e7on dont une op\u00e9ration sera effectu\u00e9e. Un rendez-vous est alors pris pour l&#8217;op\u00e9ration.<\/p>\n<p><strong>Comment se d\u00e9roule la greffe de cheveux FUE ?<\/strong><\/p>\n<p>Bien que l&#8217;objectif soit d&#8217;obtenir les r\u00e9sultats les plus id\u00e9aux avec les applications de greffe de cheveux FUE, le professionnalisme doit \u00eatre au premier plan. \u00c0 ce stade, l&#8217;exp\u00e9rience et le succ\u00e8s du sp\u00e9cialiste de la greffe de cheveux deviennent importants.<\/p>\n<p>Dans les proc\u00e9dures de greffe de cheveux FUE, le patient est principalement pr\u00e9par\u00e9 pour la greffe de cheveux sous anesth\u00e9sie locale. Apr\u00e8s les proc\u00e9dures d&#8217;anesth\u00e9sie, les follicules pileux sont pr\u00e9lev\u00e9s dans la zone donneuse \u00e0 l&#8217;aide d&#8217;un stylo \u00e0 pointe fine. Le pr\u00e9l\u00e8vement des follicules pileux, appel\u00e9s greffons, se fait un par un. Ceci est tr\u00e8s pr\u00e9cieux pour la r\u00e9alisation d&#8217;un processus de greffe de cheveux r\u00e9ussi.<\/p>\n<p>Les greffons pr\u00e9lev\u00e9s dans la nuque sont transplant\u00e9s dans la zone sans poils pour obtenir un aspect naturel en peu de temps. De cette fa\u00e7on, il vise \u00e0 obtenir des r\u00e9sultats positifs.<\/p>\n<p><strong>Points \u00e0 consid\u00e9rer avant la greffe de cheveux FUE<\/strong><\/p>\n<p>Avant la greffe de cheveux, les individus doivent pr\u00eater attention aux conseils et aux avertissements avec une sensibilit\u00e9 maximale. Parce que le processus de gu\u00e9rison et le processus op\u00e9ratoire des patients qui ne pr\u00eatent pas attention aux avertissements ne donnent pas les r\u00e9sultats souhait\u00e9s. Dans ce contexte, si vous envisagez de faire une demande de greffe de cheveux, il est utile de prendre en compte les probl\u00e8mes \u00e9num\u00e9r\u00e9s ci-dessous.<\/p>\n<ul>\n<li>Vous devez arr\u00eater les mauvaises habitudes telles que le tabagisme et l&#8217;alcool au moins 1 semaine avant l&#8217;op\u00e9ration,<\/li>\n<li>Vous devez d\u00e9placer le processus de gu\u00e9rison vers un point plus r\u00e9ussi en \u00e9vitant le caf\u00e9 et les autres aliments contenant de la caf\u00e9ine,<\/li>\n<li>Vous devez arr\u00eater la consommation de th\u00e9 vert 1 \u00e0 2 semaines avant l&#8217;op\u00e9ration,<\/li>\n<li>Vous devez informer votre sp\u00e9cialiste de la greffe de cheveux de vos maladies chroniques et des m\u00e9dicaments que vous utilisez,<\/li>\n<li>Vous devez arr\u00eater d&#8217;utiliser des m\u00e9dicaments ayant des propri\u00e9t\u00e9s anticoagulantes au moins 1 semaine avant l&#8217;op\u00e9ration,<\/li>\n<li>Vous ne devez pas utiliser de cr\u00e8mes et de lotions qui modifieraient les propri\u00e9t\u00e9s de votre cuir chevelu,<\/li>\n<li>Avant l&#8217;op\u00e9ration, vous devez vous assurer que vos cheveux sont propres et qu&#8217;ils ne sont en contact avec aucune substance telle que de la gel\u00e9e,<\/li>\n<li>Selon le temps d&#8217;op\u00e9ration, vous devez remplir votre estomac d&#8217;aliments l\u00e9gers,<\/li>\n<li>Apr\u00e8s l&#8217;op\u00e9ration, il faut pr\u00e9f\u00e9rer ceux avec des boutons ou des fermetures \u00e9clair au lieu des v\u00eatements qui feront frotter vos cheveux,<\/li>\n<li>\u00c9tant donn\u00e9 que vous ne pourrez pas conduire apr\u00e8s la greffe de cheveux, vous ne devez pas venir seul ou pr\u00e9f\u00e9rer un taxi.<\/li>\n<\/ul>\n<p><strong>\u00c9l\u00e9ments \u00e0 prendre en compte apr\u00e8s la greffe de cheveux FUE<\/strong><\/p>\n<p>L&#8217;un des d\u00e9tails les plus importants \u00e0 prendre en compte apr\u00e8s la greffe de cheveux est de faire attention apr\u00e8s l&#8217;op\u00e9ration. Parce que chaque d\u00e9tail qui peut affecter n\u00e9gativement le processus de gu\u00e9rison est un probl\u00e8me s\u00e9rieux pour vous.<\/p>\n<ul>\n<li>Vous devez garder la p\u00e9riode de repos aussi longtemps que possible,<\/li>\n<li>Vous devez pr\u00e9venir les coups qui peuvent venir \u00e0 la zone transplant\u00e9e,<\/li>\n<li>Vous devez vous assurer que vos cheveux ne sont pas expos\u00e9s \u00e0 la lumi\u00e8re directe du soleil,<\/li>\n<li>Vous devriez boire beaucoup de liquides,<\/li>\n<li>Vous devez \u00e9viter l&#8217;alcool, le tabagisme et les rapports sexuels,<\/li>\n<li>Vous devriez faire une pause dans le sport pendant un certain temps,<\/li>\n<li>Avant toute proc\u00e9dure \u00e0 appliquer sur vos cheveux, vous devez en informer votre sp\u00e9cialiste de la greffe de cheveux,<\/li>\n<li>Vous devez utiliser les m\u00e9dicaments recommand\u00e9s par votre sp\u00e9cialiste pour la douleur qui surviendra pendant le processus de gu\u00e9rison.<\/li>\n<\/ul>\n<p>[\/vc_column_text][\/vc_column][\/vc_row]<\/p>\n<\/div>","protected":false},"excerpt":{"rendered":"<p>[vc_row][vc_column][vc_column_text woodmart_inline=&#8221;no&#8221; text_larger=&#8221;no&#8221;]La greffe de cheveux FUE est l&#8217;abr\u00e9viation de la pratique connue sous le nom d&#8217;extraction d&#8217;unit\u00e9s folliculaires. Il<\/p>\n","protected":false},"author":2,"featured_media":0,"parent":0,"menu_order":0,"comment_status":"closed","ping_status":"closed","template":"","meta":{"footnotes":""},"class_list":["post-8959","page","type-page","status-publish","hentry"],"_links":{"self":[{"href":"https:\/\/www.baysalsaglik.com\/fr\/wp-json\/wp\/v2\/pages\/8959","targetHints":{"allow":["GET"]}}],"collection":[{"href":"https:\/\/www.baysalsaglik.com\/fr\/wp-json\/wp\/v2\/pages"}],"about":[{"href":"https:\/\/www.baysalsaglik.com\/fr\/wp-json\/wp\/v2\/types\/page"}],"author":[{"embeddable":true,"href":"https:\/\/www.baysalsaglik.com\/fr\/wp-json\/wp\/v2\/users\/2"}],"replies":[{"embeddable":true,"href":"https:\/\/www.baysalsaglik.com\/fr\/wp-json\/wp\/v2\/comments?post=8959"}],"version-history":[{"count":0,"href":"https:\/\/www.baysalsaglik.com\/fr\/wp-json\/wp\/v2\/pages\/8959\/revisions"}],"wp:attachment":[{"href":"https:\/\/www.baysalsaglik.com\/fr\/wp-json\/wp\/v2\/media?parent=8959"}],"curies":[{"name":"wp","href":"https:\/\/api.w.org\/{rel}","templated":true}]}}