{"id":8965,"date":"2022-05-26T14:44:12","date_gmt":"2022-05-26T11:44:12","guid":{"rendered":"https:\/\/www.baysalsaglik.com\/lifting-des-jambes\/"},"modified":"2022-05-26T21:22:49","modified_gmt":"2022-05-26T18:22:49","slug":"lifting-des-jambes","status":"publish","type":"page","link":"https:\/\/www.baysalsaglik.com\/fr\/lifting-des-jambes\/","title":{"rendered":"Lifting des jambes"},"content":{"rendered":"<div class=\"wpb-content-wrapper\"><p>[vc_row][vc_column][vc_column_text woodmart_inline=&#8221;no&#8221; text_larger=&#8221;no&#8221;]En raison de la perte d&#8217;\u00e9lasticit\u00e9 de la peau et de la diminution du tissu adipeux sous-cutan\u00e9 pour des raisons telles que le vieillissement, l&#8217;accouchement, la prise et la perte de poids, un affaissement des jambes peut survenir. De plus, en raison de la forte perte de poids, de nombreuses femmes peuvent \u00eatre confront\u00e9es au probl\u00e8me du rel\u00e2chement et de l&#8217;affaissement, en particulier du c\u00f4t\u00e9 int\u00e9rieur de leurs jambes. La r\u00e9gion des jambes de la hanche au genou s&#8217;appelle la cuisse, et les fluctuations et l&#8217;affaissement de la peau dans cette zone sont l&#8217;un des probl\u00e8mes les plus inqui\u00e9tants. \u00c0 ce stade, les personnes qui souhaitent augmenter leur confort de vie et se d\u00e9barrasser de leurs soucis esth\u00e9tiques pr\u00e9f\u00e8rent la chirurgie esth\u00e9tique d&#8217;\u00e9tirement des jambes.<\/p>\n<p>Sur les parties sup\u00e9rieures des jambes&nbsp;; Il y a une perte de tension due \u00e0 des raisons telles que le vieillissement, la naissance, le gain et la perte de poids. En cons\u00e9quence, un rel\u00e2chement et un affaissement se produisent dans les parties internes des cuisses. Une perte de tension cutan\u00e9e, un amincissement du tissu adipeux sous-cutan\u00e9 se produit; Habituellement, la peau de la jambe sur la partie interne de la cuisse pend et des piles se produisent vers le milieu de la cuisse ou du genou. Vous pouvez nous choisir pour vous d\u00e9barrasser de ces affaissements et irr\u00e9gularit\u00e9s.<\/p>\n<p>En raison des effets du vieillissement et de la gravit\u00e9, de la perte progressive d&#8217;\u00e9lasticit\u00e9 de la peau et de la diminution du tissu adipeux sous-cutan\u00e9, la peau des jambes, en particulier dans la partie interne de la cuisse, peut pendre de l&#8217;aine. En fonction de facteurs tels que la prise de poids, l&#8217;inactivit\u00e9, l&#8217;accouchement et le vieillissement, la relaxation dans ce domaine peut s&#8217;acc\u00e9l\u00e9rer. Cependant, ces probl\u00e8mes peuvent \u00eatre \u00e9limin\u00e9s en appliquant des op\u00e9rations esth\u00e9tiques de lev\u00e9e de jambe. Avec les op\u00e9rations esth\u00e9tiques d&#8217;\u00e9tirement des jambes, on essaie d&#8217;\u00e9liminer le probl\u00e8me du rel\u00e2chement et de l&#8217;affaissement de la peau dans la r\u00e9gion de la cuisse du corps.<\/p>\n<p>Bien que la marche puisse \u00eatre commenc\u00e9e environ une semaine apr\u00e8s les op\u00e9rations esth\u00e9tiques de lifting des jambes, les sports et les activit\u00e9s physiques intenses doivent \u00eatre \u00e9vit\u00e9s pendant environ 4 semaines. Arr\u00eater de fumer joue \u00e9galement un r\u00f4le important dans l&#8217;acc\u00e9l\u00e9ration du processus de gu\u00e9rison. Au cours de la premi\u00e8re semaine, il faut veiller \u00e0 maintenir la hauteur des jambes au niveau du c\u0153ur pendant que le patient est allong\u00e9 et assis. Dans les op\u00e9rations d&#8217;\u00e9tirement de l&#8217;int\u00e9rieur de la jambe, les mouvements des cuisses doivent \u00eatre limit\u00e9s pendant 1 mois afin d&#8217;\u00e9viter l&#8217;\u00e9largissement de la cicatrice apr\u00e8s l&#8217;op\u00e9ration. Bien qu&#8217;une certaine douleur puisse \u00eatre ressentie apr\u00e8s les op\u00e9rations esth\u00e9tiques de lifting des jambes, la douleur peut \u00eatre contr\u00f4l\u00e9e avec les analg\u00e9siques prescrits par le m\u00e9decin. De l\u00e9g\u00e8res ecchymoses et un gonflement peuvent \u00eatre observ\u00e9s \u00e0 l&#8217;int\u00e9rieur de la jambe. Cependant, ceux-ci disparaissent compl\u00e8tement quelques semaines apr\u00e8s l&#8217;op\u00e9ration. Bien que le processus de r\u00e9cup\u00e9ration apr\u00e8s les op\u00e9rations esth\u00e9tiques de lifting des jambes varie d&#8217;une personne \u00e0 l&#8217;autre, la r\u00e9cup\u00e9ration a g\u00e9n\u00e9ralement lieu entre 7 et 10 jours. Les premi\u00e8res cicatrices s&#8217;estompent \u00e9galement avec le temps.<\/p>\n<p>Les op\u00e9rations esth\u00e9tiques d&#8217;\u00e9tirement des jambes \u00e9tant effectu\u00e9es directement sur les jambes du patient, il convient de veiller \u00e0 prot\u00e9ger la zone de suture et d&#8217;utiliser un corset pendant quelques semaines apr\u00e8s la chirurgie. L&#8217;adh\u00e9sion compl\u00e8te et r\u00e9guli\u00e8re du patient aux recommandations du m\u00e9decin peut contribuer directement au processus de gu\u00e9rison. En raison de ne pas pr\u00eater attention \u00e0 l&#8217;hygi\u00e8ne de la zone de suture, de ne pas se reposer suffisamment et de faire des mouvements lourds, le patient peut rencontrer des probl\u00e8mes avec la zone de suture.[\/vc_column_text][\/vc_column][\/vc_row]<\/p>\n<\/div>","protected":false},"excerpt":{"rendered":"<p>[vc_row][vc_column][vc_column_text woodmart_inline=&#8221;no&#8221; text_larger=&#8221;no&#8221;]En raison de la perte d&#8217;\u00e9lasticit\u00e9 de la peau et de la diminution du tissu adipeux sous-cutan\u00e9 pour<\/p>\n","protected":false},"author":2,"featured_media":0,"parent":0,"menu_order":0,"comment_status":"closed","ping_status":"closed","template":"","meta":{"footnotes":""},"class_list":["post-8965","page","type-page","status-publish","hentry"],"_links":{"self":[{"href":"https:\/\/www.baysalsaglik.com\/fr\/wp-json\/wp\/v2\/pages\/8965","targetHints":{"allow":["GET"]}}],"collection":[{"href":"https:\/\/www.baysalsaglik.com\/fr\/wp-json\/wp\/v2\/pages"}],"about":[{"href":"https:\/\/www.baysalsaglik.com\/fr\/wp-json\/wp\/v2\/types\/page"}],"author":[{"embeddable":true,"href":"https:\/\/www.baysalsaglik.com\/fr\/wp-json\/wp\/v2\/users\/2"}],"replies":[{"embeddable":true,"href":"https:\/\/www.baysalsaglik.com\/fr\/wp-json\/wp\/v2\/comments?post=8965"}],"version-history":[{"count":0,"href":"https:\/\/www.baysalsaglik.com\/fr\/wp-json\/wp\/v2\/pages\/8965\/revisions"}],"wp:attachment":[{"href":"https:\/\/www.baysalsaglik.com\/fr\/wp-json\/wp\/v2\/media?parent=8965"}],"curies":[{"name":"wp","href":"https:\/\/api.w.org\/{rel}","templated":true}]}}