{"id":8984,"date":"2022-05-26T15:07:17","date_gmt":"2022-05-26T12:07:17","guid":{"rendered":"https:\/\/www.baysalsaglik.com\/greffe-de-cheveux-dhi\/"},"modified":"2022-05-26T21:22:47","modified_gmt":"2022-05-26T18:22:47","slug":"greffe-de-cheveux-dhi","status":"publish","type":"page","link":"https:\/\/www.baysalsaglik.com\/fr\/greffe-de-cheveux-dhi\/","title":{"rendered":"Greffe de cheveux DHI"},"content":{"rendered":"<div class=\"wpb-content-wrapper\"><p>[vc_row][vc_column][vc_column_text woodmart_inline=&#8221;no&#8221; text_larger=&#8221;no&#8221;]La greffe de cheveux DHI est l&#8217;une des options les plus r\u00e9ussies pour les personnes qui ont des cheveux clairsem\u00e9s ou qui perdent leurs cheveux. Dans ce contexte, la technique DHI, qui est une alternative utile pour les particuliers, est accept\u00e9e comme une sous-m\u00e9thode de la technique FUE. Il est \u00e9galement possible de donner des r\u00e9sultats id\u00e9aux car il est similaire \u00e0 la technique FUE. Donc, si vous souhaitez b\u00e9n\u00e9ficier des applications de greffe de cheveux, vous pouvez jeter un \u0153il \u00e0 la m\u00e9thode DHI.<\/p>\n<p><strong>Comment se d\u00e9roule la greffe de cheveux DHI ?<\/strong><\/p>\n<p>Bien que la greffe de cheveux DHI et la technique FUE soient tr\u00e8s similaires, elles visent \u00e0 obtenir un r\u00e9sultat plus r\u00e9ussi avec de petites diff\u00e9rences de proc\u00e9dure. Dans ce contexte, il serait avantageux que le sp\u00e9cialiste qui r\u00e9alisera l&#8217;op\u00e9ration soit tr\u00e8s m\u00e9ticuleux. Eh bien, comment le processus se poursuit-il pour les personnes qui ne sont pas visuellement satisfaites de leurs cheveux en raison de la perte de cheveux&nbsp;?<\/p>\n<p>La planification est effectu\u00e9e \u00e0 la suite des contr\u00f4les pr\u00e9liminaires effectu\u00e9s avant le d\u00e9but du processus de greffe de cheveux. Dans ce contexte, le patient est pr\u00e9par\u00e9 pour le processus et un rendez-vous est pris. Apr\u00e8s avoir planifi\u00e9 le processus de greffe de cheveux DHI, les pr\u00e9paratifs pr\u00e9liminaires ont lieu le jour de l&#8217;op\u00e9ration. L&#8217;op\u00e9ration r\u00e9alis\u00e9e sous anesth\u00e9sie locale garantit que l&#8217;individu ressent le moins de douleur.<\/p>\n<p>Apr\u00e8s le d\u00e9but de l&#8217;op\u00e9ration, contrairement \u00e0 l&#8217;application FUE, la greffe de cheveux est r\u00e9alis\u00e9e sans ouvrir le canal. La greffe de cheveux est r\u00e9alis\u00e9e avec des aiguilles appel\u00e9es Implanter \/ Choi. Gr\u00e2ce \u00e0 ces aiguilles, qui ont une structure fine et cylindrique, une greffe de cheveux parfaite a lieu. Dans l&#8217;application o\u00f9 il n&#8217;y a pas de douleur, il n&#8217;y a pas de coupures ni de cicatrices. De cette fa\u00e7on, des r\u00e9sultats id\u00e9aux sont obtenus.<\/p>\n<p><strong>Choses \u00e0 consid\u00e9rer avant la greffe de cheveux DHI<\/strong><\/p>\n<p>Les techniques DHI et FUE sont tr\u00e8s proches les unes des autres, ainsi que les points \u00e0 consid\u00e9rer avant l&#8217;application sont similaires. Pour cette raison, il est n\u00e9cessaire d&#8217;ouvrir la porte \u00e0 un processus id\u00e9al afin de b\u00e9n\u00e9ficier des solutions li\u00e9es \u00e0 la greffe de cheveux.<\/p>\n<ul>\n<li>Avant l&#8217;op\u00e9ration, les \u00e9l\u00e9ments contenant de la cigarette, de l&#8217;alcool et de la caf\u00e9ine ne doivent pas \u00eatre consomm\u00e9s pendant au moins 1 semaine,<\/li>\n<li>Compte tenu des effets du th\u00e9 vert sur l&#8217;organisme, il est d\u00e9conseill\u00e9 d&#8217;en consommer avant l&#8217;op\u00e9ration.<\/li>\n<li>Les personnes atteintes de diab\u00e8te, d&#8217;hypertension art\u00e9rielle et de maladies cardiaques devraient \u00e9changer des informations avec un sp\u00e9cialiste de la greffe de cheveux,<\/li>\n<li>Il est n\u00e9cessaire d&#8217;utiliser des m\u00e9dicaments qui emp\u00eachent la coagulation du sang et compromettent l&#8217;op\u00e9ration,<\/li>\n<li>Il est n\u00e9cessaire d&#8217;informer le sp\u00e9cialiste de la greffe de cheveux des m\u00e9dicaments qu&#8217;il est obligatoire d&#8217;utiliser en continu,<\/li>\n<li>Les cr\u00e8mes qui provoquent une diff\u00e9renciation permanente ou temporaire du cuir chevelu ne doivent pas \u00eatre utilis\u00e9es,<\/li>\n<li>Des pr\u00e9cautions doivent \u00eatre prises pour s&#8217;assurer que les cheveux sont propres et que des hydratants, des gels ou d&#8217;autres \u00e9l\u00e9ments ne sont pas appliqu\u00e9s,<\/li>\n<li>\u00c9tant donn\u00e9 que les v\u00eatements devront \u00eatre chang\u00e9s apr\u00e8s l&#8217;op\u00e9ration, vous devez choisir des v\u00eatements avec des boutons et des fermetures \u00e0 glissi\u00e8re,<\/li>\n<li>\u00c9tant donn\u00e9 que l&#8217;utilisation d&#8217;une voiture n&#8217;est pas recommand\u00e9e apr\u00e8s le processus de greffe de cheveux, vous devriez venir \u00e0 l&#8217;op\u00e9ration avec un compagnon ou vous devriez pr\u00e9f\u00e9rer un taxi pour le transport.<\/li>\n<\/ul>\n<p>Tous ces d\u00e9tails contribuent au processus de gu\u00e9rison. Pour cette raison, le plus important est d&#8217;acc\u00e9l\u00e9rer le processus en suivant les avertissements et les recommandations.<\/p>\n<p><strong>Choses \u00e0 consid\u00e9rer apr\u00e8s la greffe de cheveux DHI<\/strong><\/p>\n<p>L&#8217;un des probl\u00e8mes les plus importants concernant le processus de greffe de cheveux est d&#8217;\u00eatre prudent apr\u00e8s l&#8217;op\u00e9ration. Parce que si la zone o\u00f9 les cheveux sont transplant\u00e9s n&#8217;est pas prot\u00e9g\u00e9e une fois l&#8217;op\u00e9ration termin\u00e9e, les r\u00e9sultats peuvent ne pas \u00eatre satisfaisants. Voici les choses auxquelles vous devez absolument faire attention apr\u00e8s la greffe de cheveux !<\/p>\n<ul>\n<li>Vous devriez beaucoup vous reposer afin d&#8217;acc\u00e9l\u00e9rer la r\u00e9cup\u00e9ration apr\u00e8s la greffe de cheveux,<\/li>\n<li>Afin de ne pas endommager la zone o\u00f9 la greffe de cheveux est effectu\u00e9e, vous devez faire attention aux chocs,<\/li>\n<li>Compte tenu de l&#8217;effet n\u00e9faste des rayons du soleil, il ne faut pas sortir sans chapeau,<\/li>\n<li>Sachant que la consommation de liquides acc\u00e9l\u00e9rera la r\u00e9cup\u00e9ration, vous devez veiller \u00e0 consommer beaucoup de liquides,<\/li>\n<li>Sachant que les sports lourds vont nuire \u00e0 vos cheveux, vous devez veiller \u00e0 agir,<\/li>\n<li>En cas de douleur, vous devez choisir les m\u00e9dicaments recommand\u00e9s par le sp\u00e9cialiste de la greffe de cheveux.<\/li>\n<\/ul>\n<p>Si vous continuez tout le processus en tenant compte des recommandations et des avertissements du sp\u00e9cialiste de la greffe de cheveux, il sera possible d&#8217;obtenir un r\u00e9sultat plus r\u00e9ussi.[\/vc_column_text][\/vc_column][\/vc_row]<\/p>\n<\/div>","protected":false},"excerpt":{"rendered":"<p>[vc_row][vc_column][vc_column_text woodmart_inline=&#8221;no&#8221; text_larger=&#8221;no&#8221;]La greffe de cheveux DHI est l&#8217;une des options les plus r\u00e9ussies pour les personnes qui ont des<\/p>\n","protected":false},"author":2,"featured_media":0,"parent":0,"menu_order":0,"comment_status":"closed","ping_status":"closed","template":"","meta":{"footnotes":""},"class_list":["post-8984","page","type-page","status-publish","hentry"],"_links":{"self":[{"href":"https:\/\/www.baysalsaglik.com\/fr\/wp-json\/wp\/v2\/pages\/8984","targetHints":{"allow":["GET"]}}],"collection":[{"href":"https:\/\/www.baysalsaglik.com\/fr\/wp-json\/wp\/v2\/pages"}],"about":[{"href":"https:\/\/www.baysalsaglik.com\/fr\/wp-json\/wp\/v2\/types\/page"}],"author":[{"embeddable":true,"href":"https:\/\/www.baysalsaglik.com\/fr\/wp-json\/wp\/v2\/users\/2"}],"replies":[{"embeddable":true,"href":"https:\/\/www.baysalsaglik.com\/fr\/wp-json\/wp\/v2\/comments?post=8984"}],"version-history":[{"count":0,"href":"https:\/\/www.baysalsaglik.com\/fr\/wp-json\/wp\/v2\/pages\/8984\/revisions"}],"wp:attachment":[{"href":"https:\/\/www.baysalsaglik.com\/fr\/wp-json\/wp\/v2\/media?parent=8984"}],"curies":[{"name":"wp","href":"https:\/\/api.w.org\/{rel}","templated":true}]}}