{"id":8985,"date":"2022-05-26T14:46:23","date_gmt":"2022-05-26T11:46:23","guid":{"rendered":"https:\/\/www.baysalsaglik.com\/reduction-mammaire\/"},"modified":"2022-05-26T21:22:53","modified_gmt":"2022-05-26T18:22:53","slug":"reduction-mammaire","status":"publish","type":"page","link":"https:\/\/www.baysalsaglik.com\/fr\/reduction-mammaire\/","title":{"rendered":"R\u00e9duction mammaire"},"content":{"rendered":"<div class=\"wpb-content-wrapper\"><p>[vc_row][vc_column][vc_column_text woodmart_inline=&#8221;no&#8221; text_larger=&#8221;no&#8221;]<strong>R\u00e9duction mammaire<\/strong><\/p>\n<p>L&#8217;op\u00e9ration de r\u00e9duction mammaire est une op\u00e9ration esth\u00e9tique que les individus pratiquent lorsqu&#8217;ils ne sont pas satisfaits de la taille de leurs seins.<\/p>\n<p>Aujourd&#8217;hui, de nombreuses personnes tentent de faire face aux probl\u00e8mes de surpoids caus\u00e9s par une alimentation d\u00e9s\u00e9quilibr\u00e9e et le manque d&#8217;exercice. Cela provoque une hypertrophie mammaire. La proportion de personnes qui n&#8217;essaient de perdre du poids \u00e0 aucune \u00e9tape de leur vie est tr\u00e8s faible. Cependant, les probl\u00e8mes de poids ne sont pas seulement caus\u00e9s par une alimentation d\u00e9s\u00e9quilibr\u00e9e. Certains probl\u00e8mes de poids indiquent que les gens ont un probl\u00e8me de sant\u00e9.<\/p>\n<p>La r\u00e9sistance \u00e0 l&#8217;insuline et les probl\u00e8mes de thyro\u00efde rendent difficile la perte de poids. Les gens ne peuvent pas se d\u00e9barrasser de l&#8217;exc\u00e8s de poids caus\u00e9 par ces probl\u00e8mes. \u00c0 ce stade, nous sommes confront\u00e9s \u00e0 diverses m\u00e9thodes chirurgicales. De plus, les gros seins peuvent \u00eatre dus \u00e0 des facteurs g\u00e9n\u00e9tiques. L&#8217;op\u00e9ration de r\u00e9duction mammaire est l&#8217;une des interventions chirurgicales les plus importantes. L&#8217;op\u00e9ration de r\u00e9duction mammaire est une m\u00e9thode dans laquelle l&#8217;exc\u00e8s de tissu adipeux dans le sein est retir\u00e9 chirurgicalement du corps. Alors, comment se d\u00e9roule la proc\u00e9dure de r\u00e9duction mammaire ?<\/p>\n<p><strong>Comment se d\u00e9roule la r\u00e9duction mammaire ?<\/strong><\/p>\n<p>De nombreuses personnes qui souhaitent postuler pour une op\u00e9ration de r\u00e9duction mammaire cherchent une r\u00e9ponse \u00e0 la question du fonctionnement de cette op\u00e9ration. La chirurgie de r\u00e9duction mammaire peut se faire de diff\u00e9rentes mani\u00e8res.<\/p>\n<p>La premi\u00e8re de ces m\u00e9thodes est la m\u00e9thode classique de liposuccion. Des incisions de 3 \u00e0 4 mm sont faites dans la zone o\u00f9 la liposuccion sera effectu\u00e9e. \u00c0 l&#8217;aide de ces coupes ouvertes, les tissus adipeux en exc\u00e8s dans la r\u00e9gion sont fondus. Une fois la graisse fondue, elle est aspir\u00e9e \u00e0 l&#8217;aide de canules et retir\u00e9e du corps. Apr\u00e8s une liposuccion classique, il restera des cicatrices chirurgicales tr\u00e8s l\u00e9g\u00e8res. La meilleure partie de la m\u00e9thode de liposuccion classique est l&#8217;\u00e9limination imm\u00e9diate de la graisse du corps. Une diff\u00e9rence notable se produit apr\u00e8s la chirurgie.<\/p>\n<p>La liposuccion au laser est une autre m\u00e9thode. L&#8217;exc\u00e8s de graisse dans le sein est fondu avec des rayons laser et la graisse est aspir\u00e9e avec des coupes de 1 \u00e0 2 mm. Il est appliqu\u00e9 dans les cas o\u00f9 le tissu mammaire est extr\u00eamement vivant, non affaiss\u00e9, fissur\u00e9 et flexible. L&#8217;exc\u00e8s de tissu adipeux dans la r\u00e9gion est \u00e9limin\u00e9 par liposuccion au laser. \u00c0 ce stade, l&#8217;affaissement et les cicatrices ne se produisent pas sur les seins.<\/p>\n<p>Une autre m\u00e9thode est la m\u00e9thode d&#8217;op\u00e9ration esth\u00e9tique classique. Les incisions sont faites de la pointe du sein \u00e0 la partie inf\u00e9rieure. L&#8217;exc\u00e8s de tissu adipeux est retir\u00e9 du tissu mammaire ouvert. \u00c9tant donn\u00e9 que l&#8217;affaissement se produit g\u00e9n\u00e9ralement apr\u00e8s ce processus, le processus de levage est \u00e9galement effectu\u00e9 en m\u00eame temps. De cette fa\u00e7on, il est possible pour les individus d&#8217;avoir des seins parfaits.<\/p>\n<p><strong>Processus de gu\u00e9rison apr\u00e8s r\u00e9duction mammaire<\/strong><\/p>\n<p>La r\u00e9duction mammaire est une op\u00e9ration pratiqu\u00e9e sous anesth\u00e9sie g\u00e9n\u00e9rale. Par cons\u00e9quent, le processus de r\u00e9cup\u00e9ration progresse rapidement apr\u00e8s le traitement. Bien que le processus de r\u00e9cup\u00e9ration apr\u00e8s r\u00e9duction varie en fonction de la d\u00e9formation dans la r\u00e9gion et de la m\u00e9thode d&#8217;application, il s&#8217;agit g\u00e9n\u00e9ralement d&#8217;un processus de r\u00e9cup\u00e9ration l\u00e9g\u00e8rement douloureux et rapide. Cependant, le point le plus important qui affectera le processus de r\u00e9cup\u00e9ration apr\u00e8s l&#8217;op\u00e9ration est le corset. Quelle que soit la m\u00e9thode appliqu\u00e9e, les patients doivent porter des corsets. Les corsets permettent au corps de se mettre en forme et d&#8217;\u00e9viter l&#8217;affaissement.<\/p>\n<p>Apr\u00e8s l&#8217;op\u00e9ration, les personnes peuvent ressentir une l\u00e9g\u00e8re douleur, un gonflement et des ecchymoses. Ces sympt\u00f4mes sont tout \u00e0 fait normaux. Vous pouvez utiliser des analg\u00e9siques et des antibiotiques recommand\u00e9s par votre m\u00e9decin pour minimiser votre douleur et votre gonflement. Apr\u00e8s l&#8217;op\u00e9ration, les patients sont habill\u00e9s avec des bandages. Ces pansements doivent \u00eatre renouvel\u00e9s aux intervalles sp\u00e9cifi\u00e9s par votre m\u00e9decin. Bien que le patient puisse reprendre une vie normale imm\u00e9diatement apr\u00e8s la chirurgie, il doit \u00e9viter les mouvements brusques.<\/p>\n<p><strong>Combien de temps dure l&#8217;op\u00e9ration ?<\/strong><\/p>\n<p>La r\u00e9ponse \u00e0 la dur\u00e9e de l&#8217;op\u00e9ration varie d&#8217;une personne \u00e0 l&#8217;autre. Parce que la taille du tissu et la zone \u00e0 pr\u00e9lever du sein changent pendant l&#8217;op\u00e9ration. Cependant, l&#8217;op\u00e9ration dure g\u00e9n\u00e9ralement entre 1 et 3 heures. Cependant, certaines proc\u00e9dures peuvent \u00eatre effectu\u00e9es avec une r\u00e9duction mammaire au fil du temps. Ceux-ci sont r\u00e9pertori\u00e9s comme lifting des seins et modelage du corps. Selon la pr\u00e9f\u00e9rence de la personne, une fois le lifting des seins effectu\u00e9, de la graisse peut \u00eatre inject\u00e9e dans la fesse de la personne ou l&#8217;affaissement du corps peut \u00eatre resserr\u00e9 en fonction du pourcentage de graisse pr\u00e9lev\u00e9 sur la personne.<\/p>\n<p><strong>Questions fr\u00e9quemment pos\u00e9es<\/strong><\/p>\n<p><strong>Qui peut subir une chirurgie de r\u00e9duction mammaire ?<\/strong><\/p>\n<p>La limite d&#8217;\u00e2ge pour l&#8217;op\u00e9ration est de 18 ans. Les personnes qui n&#8217;ont aucun probl\u00e8me de sant\u00e9 peuvent subir une chirurgie de r\u00e9duction mammaire lorsqu&#8217;elles ne sont pas satisfaites de la taille de leurs seins.<\/p>\n<p><strong>Perte de sensation dans les seins ?<\/strong><\/p>\n<p>Il n&#8217;y a pas de perte de sensation dans les seins apr\u00e8s l&#8217;op\u00e9ration.<\/p>\n<p><strong>Le b\u00e9b\u00e9 peut-il \u00eatre allait\u00e9 apr\u00e8s l&#8217;op\u00e9ration ?<\/strong><\/p>\n<p>Pendant l&#8217;op\u00e9ration, un r\u00e9tr\u00e9cissement peut se produire dans les conduits de lait. Cependant, cela n&#8217;affecte pas l&#8217;allaitement.<\/p>\n<p><strong>Y aura-t-il des traces ?<\/strong><\/p>\n<p>Apr\u00e8s l&#8217;op\u00e9ration, diverses ecchymoses et gonflements se produisent dans la r\u00e9gion. Cependant, ces ecchymoses passeront et les cicatrices prendront la couleur de la peau avec le temps.[\/vc_column_text][\/vc_column][\/vc_row]<\/p>\n<\/div>","protected":false},"excerpt":{"rendered":"<p>[vc_row][vc_column][vc_column_text woodmart_inline=&#8221;no&#8221; text_larger=&#8221;no&#8221;]R\u00e9duction mammaire L&#8217;op\u00e9ration de r\u00e9duction mammaire est une op\u00e9ration esth\u00e9tique que les individus pratiquent lorsqu&#8217;ils ne sont pas<\/p>\n","protected":false},"author":2,"featured_media":0,"parent":0,"menu_order":0,"comment_status":"closed","ping_status":"closed","template":"","meta":{"footnotes":""},"class_list":["post-8985","page","type-page","status-publish","hentry"],"_links":{"self":[{"href":"https:\/\/www.baysalsaglik.com\/fr\/wp-json\/wp\/v2\/pages\/8985","targetHints":{"allow":["GET"]}}],"collection":[{"href":"https:\/\/www.baysalsaglik.com\/fr\/wp-json\/wp\/v2\/pages"}],"about":[{"href":"https:\/\/www.baysalsaglik.com\/fr\/wp-json\/wp\/v2\/types\/page"}],"author":[{"embeddable":true,"href":"https:\/\/www.baysalsaglik.com\/fr\/wp-json\/wp\/v2\/users\/2"}],"replies":[{"embeddable":true,"href":"https:\/\/www.baysalsaglik.com\/fr\/wp-json\/wp\/v2\/comments?post=8985"}],"version-history":[{"count":0,"href":"https:\/\/www.baysalsaglik.com\/fr\/wp-json\/wp\/v2\/pages\/8985\/revisions"}],"wp:attachment":[{"href":"https:\/\/www.baysalsaglik.com\/fr\/wp-json\/wp\/v2\/media?parent=8985"}],"curies":[{"name":"wp","href":"https:\/\/api.w.org\/{rel}","templated":true}]}}