{"id":8989,"date":"2022-05-26T15:08:09","date_gmt":"2022-05-26T12:08:09","guid":{"rendered":"https:\/\/www.baysalsaglik.com\/greffe-de-cheveux-saphir\/"},"modified":"2022-05-26T21:22:48","modified_gmt":"2022-05-26T18:22:48","slug":"greffe-de-cheveux-saphir","status":"publish","type":"page","link":"https:\/\/www.baysalsaglik.com\/fr\/greffe-de-cheveux-saphir\/","title":{"rendered":"Greffe de Cheveux Saphir"},"content":{"rendered":"<div class=\"wpb-content-wrapper\"><p>[vc_row][vc_column][vc_column_text woodmart_inline=&#8221;no&#8221; text_larger=&#8221;no&#8221;]La greffe de cheveux en saphir est consid\u00e9r\u00e9e comme l&#8217;une des applications r\u00e9alis\u00e9es \u00e0 l&#8217;aide de la technique FUE. Gr\u00e2ce \u00e0 cette m\u00e9thode, qui est pr\u00e9f\u00e9r\u00e9e par les personnes souffrant de graves chutes de cheveux, il est possible d&#8217;obtenir un r\u00e9sultat visuellement parfait. De plus, vous pouvez avoir des cheveux naturels gr\u00e2ce aux applications pr\u00e9f\u00e9r\u00e9es lors de la greffe de cheveux.<\/p>\n<p><strong>Comment se fait la greffe de cheveux Sapphire?<\/strong><\/p>\n<p>La raison la plus importante pour laquelle la greffe de cheveux en saphir est appel\u00e9e par ce nom est qu&#8217;elle est r\u00e9alis\u00e9e avec un \u00e9quipement \u00e0 pointe en saphir. Le d\u00e9tail le plus important de l&#8217;application en question est d&#8217;obtenir des r\u00e9sultats parfaits en la r\u00e9alisant de mani\u00e8re int\u00e9gr\u00e9e avec la technique FUE.<\/p>\n<p>Les follicules pileux pr\u00e9lev\u00e9s dans la zone donneuse sont transplant\u00e9s dans la zone \u00e0 transplanter en pratiquant des incisions en forme de V \u00e0 l&#8217;aide d&#8217;un \u00e9quipement \u00e0 pointe saphir. \u00c9tant donn\u00e9 que les follicules pileux sont transplant\u00e9s un par un, il est possible d&#8217;obtenir un aspect naturel. Dans ce cadre, des follicules pileux de qualit\u00e9 sont pr\u00e9lev\u00e9s dans la zone donneuse afin de b\u00e9n\u00e9ficier des meilleures options de qualit\u00e9.<\/p>\n<p>Le processus de greffe de cheveux varie entre 6 et 8 heures en fonction de la perte de cheveux sur la t\u00eate du patient. Dans ce contexte, un processus tr\u00e8s similaire a lieu avec la technique FUE. Il est possible de mentionner que les racines produites \u00e0 partir de la pierre de saphir sont tout \u00e0 fait remarquables.<\/p>\n<p><strong>Consid\u00e9rations avant la greffe de cheveux saphir<\/strong><\/p>\n<p>La greffe de cheveux en saphir est tr\u00e8s pr\u00e9cieuse pour que les individus aient des cheveux de meilleure qualit\u00e9. Dans ce contexte, il sera possible d&#8217;obtenir des r\u00e9sultats plus id\u00e9aux gr\u00e2ce aux \u00e9l\u00e9ments \u00e0 prendre en compte avant l&#8217;op\u00e9ration. Ci-dessous, vous devez \u00e9valuer les points \u00e0 consid\u00e9rer dans la greffe de cheveux r\u00e9alis\u00e9e avec la technique du saphir.<\/p>\n<ul>\n<li>La consommation d&#8217;alcool et de cigarettes doit \u00eatre arr\u00eat\u00e9e au moins 1 semaine avant l&#8217;op\u00e9ration afin d&#8217;influencer positivement le processus de gu\u00e9rison,<\/li>\n<li>Vous devez soutenir le processus de gu\u00e9rison en prenant soin de ne pas consommer de boissons contenant de la caf\u00e9ine,<\/li>\n<li>En raison de l&#8217;effet du th\u00e9 vert sur la circulation sanguine et le m\u00e9tabolisme, il ne doit pas \u00eatre consomm\u00e9 avant l&#8217;op\u00e9ration.<\/li>\n<li>Le cuir chevelu ne doit avoir subi aucun traitement,<\/li>\n<li>Avant l&#8217;op\u00e9ration, il est indispensable que les cheveux soient propres et bouch\u00e9s,<\/li>\n<li>Les cr\u00e8mes et les lotions ne sont pas \u00e0 privil\u00e9gier avant l&#8217;op\u00e9ration, car elles tiennent longtemps sur les cheveux.<\/li>\n<li>Puisqu&#8217;il n&#8217;est pas pratique de conduire juste apr\u00e8s l&#8217;op\u00e9ration de greffe de cheveux, vous devez vous rendre \u00e0 l&#8217;op\u00e9ration en taxi ou avec un parent.<\/li>\n<\/ul>\n<p><strong>Consid\u00e9rations avant la greffe de cheveux saphir<\/strong><\/p>\n<p>Les choses auxquelles vous ferez attention apr\u00e8s la greffe de cheveux sont les d\u00e9tails qui favoriseront une meilleure gu\u00e9rison et assureront le succ\u00e8s du processus de greffe de cheveux. Pour cette raison, la prise en compte des d\u00e9tails suivants apr\u00e8s la greffe de cheveux en saphir fournit des r\u00e9sultats plus r\u00e9ussis en g\u00e9n\u00e9ral.<\/p>\n<ul>\n<li>Vous devez vous reposer le plus possible afin de d\u00e9tendre votre cuir chevelu et r\u00e9gler les follicules pileux,<\/li>\n<li>Vous devez essayer de prendre des pr\u00e9cautions contre les chocs et de prot\u00e9ger la zone de plantation,<\/li>\n<li>Il ne faut pas se gratter la t\u00eate et surtout la zone de greffe de cheveux,<\/li>\n<li>Sachant que l&#8217;alcool, le tabagisme et les rapports sexuels peuvent nuire au processus de greffe de cheveux, vous devez \u00e9viter de telles situations,<\/li>\n<li>Vous devez \u00e9viter les sports lourds et faire de courtes promenades conform\u00e9ment aux conseils d&#8217;experts,<\/li>\n<li>Vous devez faire attention \u00e0 dormir dans la bonne position pour que vos cheveux ne touchent rien pendant votre sommeil,<\/li>\n<li>Vous pouvez choisir des analg\u00e9siques recommand\u00e9s par le sp\u00e9cialiste de la douleur,<\/li>\n<li>Vous devez utiliser un chapeau simple pour \u00e9viter l&#8217;exposition directe au soleil.<\/li>\n<\/ul>\n<p><strong>Foire aux questions sur la greffe de cheveux saphir<\/strong><\/p>\n<p>Quelle est la diff\u00e9rence entre la greffe de cheveux saphir et la greffe de cheveux FUE ?<\/p>\n<p>La diff\u00e9rence la plus importante entre les deux m\u00e9thodes est li\u00e9e aux pointes utilis\u00e9es. Des r\u00e9sultats plus r\u00e9ussis sont obtenus dans le processus de greffe de cheveux effectu\u00e9 avec un \u00e9quipement \u00e0 pointe de saphir.<\/p>\n<p>Est-il possible d&#8217;avoir des cheveux naturels avec une greffe de cheveux en saphir ?<\/p>\n<p>\u00c9tant donn\u00e9 que la greffe de cheveux en saphir est r\u00e9alis\u00e9e avec des touches plus fines, des r\u00e9sultats parfaits sont obtenus en termes de naturel.<\/p>\n<p>Est-il naturel d&#8217;avoir une perte de cheveux apr\u00e8s une greffe de cheveux ?<\/p>\n<p>La perte, connue sous le nom de perte de choc, indique que les cheveux repousseront naturellement. Par cons\u00e9quent, les patients ne doivent pas s&#8217;inqui\u00e9ter en cas de d\u00e9versement de choc.<\/p>\n<p>Les personnes atteintes de maladies chroniques peuvent-elles avoir une greffe de cheveux?<\/p>\n<p>Il est possible pour les personnes atteintes de maladies chroniques de b\u00e9n\u00e9ficier de proc\u00e9dures de greffe de cheveux. Cependant, il est n\u00e9cessaire d&#8217;informer le sp\u00e9cialiste de ce probl\u00e8me.[\/vc_column_text][\/vc_column][\/vc_row]<\/p>\n<\/div>","protected":false},"excerpt":{"rendered":"<p>[vc_row][vc_column][vc_column_text woodmart_inline=&#8221;no&#8221; text_larger=&#8221;no&#8221;]La greffe de cheveux en saphir est consid\u00e9r\u00e9e comme l&#8217;une des applications r\u00e9alis\u00e9es \u00e0 l&#8217;aide de la technique<\/p>\n","protected":false},"author":2,"featured_media":0,"parent":0,"menu_order":0,"comment_status":"closed","ping_status":"closed","template":"","meta":{"footnotes":""},"class_list":["post-8989","page","type-page","status-publish","hentry"],"_links":{"self":[{"href":"https:\/\/www.baysalsaglik.com\/fr\/wp-json\/wp\/v2\/pages\/8989","targetHints":{"allow":["GET"]}}],"collection":[{"href":"https:\/\/www.baysalsaglik.com\/fr\/wp-json\/wp\/v2\/pages"}],"about":[{"href":"https:\/\/www.baysalsaglik.com\/fr\/wp-json\/wp\/v2\/types\/page"}],"author":[{"embeddable":true,"href":"https:\/\/www.baysalsaglik.com\/fr\/wp-json\/wp\/v2\/users\/2"}],"replies":[{"embeddable":true,"href":"https:\/\/www.baysalsaglik.com\/fr\/wp-json\/wp\/v2\/comments?post=8989"}],"version-history":[{"count":0,"href":"https:\/\/www.baysalsaglik.com\/fr\/wp-json\/wp\/v2\/pages\/8989\/revisions"}],"wp:attachment":[{"href":"https:\/\/www.baysalsaglik.com\/fr\/wp-json\/wp\/v2\/media?parent=8989"}],"curies":[{"name":"wp","href":"https:\/\/api.w.org\/{rel}","templated":true}]}}