{"id":8992,"date":"2022-05-26T15:03:03","date_gmt":"2022-05-26T12:03:03","guid":{"rendered":"https:\/\/www.baysalsaglik.com\/reconstruction-mammaire\/"},"modified":"2022-05-26T21:22:52","modified_gmt":"2022-05-26T18:22:52","slug":"reconstruction-mammaire","status":"publish","type":"page","link":"https:\/\/www.baysalsaglik.com\/fr\/reconstruction-mammaire\/","title":{"rendered":"Reconstruction mammaire"},"content":{"rendered":"<div class=\"wpb-content-wrapper\"><p>[vc_row][vc_column][vc_column_text woodmart_inline=&#8221;no&#8221; text_larger=&#8221;no&#8221;]<\/p>\n<header>\n<h1>R\u00e9paration mammaire<\/h1>\n<\/header>\n<article>Le cancer du sein est le type de cancer le plus courant chez une femme sur huit&#8230; Bien qu&#8217;il soit possible d&#8217;attraper et de traiter la maladie \u00e0 un stade pr\u00e9coce gr\u00e2ce aux progr\u00e8s de la m\u00e9decine et des projets de sensibilisation sociale, la plupart des femmes se sentent incompl\u00e8tes ou m\u00e9contentes lorsque le sein doit \u00eatre retir\u00e9. La r\u00e9paration (reconstruction) du sein consiste \u00e0 fabriquer un sein similaire avec diff\u00e9rentes m\u00e9thodes au lieu du sein retir\u00e9 apr\u00e8s un cancer. La reconstruction mammaire n\u00e9cessite une approche multidisciplinaire. La reconstruction sans ablation du sein doit \u00eatre incluse dans le traitement imm\u00e9diatement apr\u00e8s le diagnostic de la maladie. En bref, deux moments diff\u00e9rents sont pr\u00e9f\u00e9r\u00e9s comme la reconstruction pr\u00e9coce et la reconstruction tardive. Ce moment peut \u00eatre d\u00e9cid\u00e9 par l&#8217;\u00e9tat g\u00e9n\u00e9ral du patient et le stade du cancer.<\/p>\n<h2>Reconstruction pr\u00e9coce<\/h2>\n<p>En g\u00e9n\u00e9ral, dans les cancers du sein \u00e0 un stade pr\u00e9coce, l&#8217;\u00e9quipe de chirurgie plastique est impliqu\u00e9e dans l&#8217;op\u00e9ration et reconstruit le sein dans la m\u00eame chirurgie o\u00f9 le sein est retir\u00e9. L&#8217;avantage de cette op\u00e9ration est que la patiente n&#8217;a pas \u00e0 subir l&#8217;op\u00e9ration pour la deuxi\u00e8me fois et, plus important encore, le sein est remplac\u00e9 imm\u00e9diatement et la femme ressent moins de perte de membre et de traumatisme psychologique. Dans la m\u00eame chirurgie, les deux tissus canc\u00e9reux sont retir\u00e9s et un nouveau sein est fabriqu\u00e9.<\/p>\n<h2>Reconstruction tardive<\/h2>\n<p>C&#8217;est le cas des reconstructions tardives dans les cas o\u00f9 il est d\u00e9cid\u00e9 d&#8217;effectuer la reconstruction apr\u00e8s ces modes de traitement avec la d\u00e9cision conjointe de l&#8217;oncologue, du chirurgien g\u00e9n\u00e9raliste et des sp\u00e9cialistes de la chirurgie plastique en fonction de la n\u00e9cessit\u00e9 de traitements suppl\u00e9mentaires tels que la chimioth\u00e9rapie et la radioth\u00e9rapie apr\u00e8s la op\u00e9rations. Afin de remplacer le sein perdu, on s&#8217;attend \u00e0 ce que la zone canc\u00e9reuse soit prise sous contr\u00f4le ou qu&#8217;un traitement suppl\u00e9mentaire soit compl\u00e9t\u00e9.<\/p>\n<h2>Processus de chirurgie de r\u00e9paration mammaire<\/h2>\n<p>L&#8217;ablation du sein et la r\u00e9paration du sein sont des domaines d&#8217;expertise compl\u00e8tement distincts. La r\u00e9paration du sein ne doit pas \u00eatre faite par un chirurgien g\u00e9n\u00e9raliste, mais par un sp\u00e9cialiste de la chirurgie esth\u00e9tique et plastique. Les patientes ont le droit de se renseigner sur la fa\u00e7on de r\u00e9parer le sein qui a \u00e9t\u00e9 retir\u00e9 d\u00e8s le premier rendez-vous, et elles doivent en faire la demande.<\/p>\n<p>Les plans sont \u00e9tablis en fonction de l&#8217;\u00e9tat g\u00e9n\u00e9ral du patient, des effets du traitement de radioth\u00e9rapie et de l&#8217;\u00e9tat psychologique du patient. Les options de proth\u00e8se qui peuvent \u00eatre plac\u00e9es de l&#8217;ext\u00e9rieur ou les options d&#8217;op\u00e9ration o\u00f9 le propre tissu du patient est utilis\u00e9 peuvent \u00eatre pr\u00e9f\u00e9r\u00e9es.<\/p>\n<p>Lors de la prise de d\u00e9cision, s&#8217;il existe des dommages vasculaires dus \u00e0 la radioth\u00e9rapie dans le sein pris, la pr\u00e9sence d&#8217;autres maladies telles que le diab\u00e8te, le c\u0153ur et le tabagisme sont prises en consid\u00e9ration. Diff\u00e9rentes parties du dos, de l&#8217;abdomen, des hanches et de l&#8217;int\u00e9rieur des jambes du patient peuvent \u00eatre utilis\u00e9es dans ces chirurgies.<\/p>\n<p>La zone la plus pr\u00e9f\u00e9r\u00e9e dans les chirurgies est l&#8217;abdomen. Chez les femmes qui ont accouch\u00e9 et qui ont de la graisse abdominale et un affaissement, la peau et le tissu adipeux de cette zone peuvent \u00eatre utilis\u00e9s pour la construction mammaire. En effectuant une proc\u00e9dure similaire \u00e0 une abdominoplastie, la patiente peut transf\u00e9rer le tissu adipeux d\u00e9j\u00e0 en exc\u00e8s pour la reconstruction mammaire. Il peut \u00eatre utilis\u00e9 dans des m\u00e9thodes microchirurgicales dans ce transfert. Ainsi, pendant que le sein de la patiente est fabriqu\u00e9, une abdominoplastie est effectu\u00e9e en m\u00eame temps.<\/p>\n<p>\u00c9tant donn\u00e9 que la peau du sein reste intacte dans les reconstructions simultan\u00e9es, une proth\u00e8se peut \u00eatre plac\u00e9e sous le tissu musculaire. Dans les reconstructions tardives, afin de gagner en \u00e9lasticit\u00e9 cutan\u00e9e, des applications d&#8217;expanseurs tissulaires puis des applications de proth\u00e8ses peuvent \u00eatre r\u00e9alis\u00e9es.<\/p>\n<p>Le but de la reconstruction est de r\u00e9parer le tissu perdu aussi \u00e9troitement que possible. La premi\u00e8re \u00e9tape consiste \u00e0 former le sein qui dispara\u00eet sur la paroi thoracique ant\u00e9rieure. Dans la deuxi\u00e8me \u00e9tape, pendant que l&#8217;autre sein est compar\u00e9 \u00e0 ce sein, le mamelon est form\u00e9 sur le sein nouvellement fabriqu\u00e9. Dans l&#8217;\u00e9tape suivante, il est pr\u00e9vu d&#8217;obtenir un aspect brun du mamelon.<\/p>\n<h2>Qui est admissible \u00e0 l&#8217;op\u00e9ration de r\u00e9paration mammaire&nbsp;?<\/h2>\n<p>Toute patiente diagnostiqu\u00e9e d&#8217;un cancer du sein ou subissant une mastectomie peut s&#8217;adresser \u00e0 un chirurgien plasticien pour une reconstruction mammaire avec une chirurgie pr\u00e9vue pour elle, \u00e0 moins qu&#8217;il n&#8217;y ait un obstacle dans les \u00e9valuations. Elle doit \u00eatre r\u00e9alis\u00e9e par un chirurgien plasticien esth\u00e9tique et reconstructeur expert dans le domaine de la reconstruction mammaire.<\/p>\n<p>Il est possible de rencontrer des probl\u00e8mes g\u00e9n\u00e9raux comme toutes les interventions chirurgicales. Le risque est l\u00e9g\u00e8rement accru chez les patients qui fument ou qui ont des probl\u00e8mes syst\u00e9miques tels que le diab\u00e8te ou une maladie cardiaque. Dans les chirurgies o\u00f9 le propre tissu du patient est utilis\u00e9, des troubles circulatoires pouvant survenir dans le tissu transf\u00e9r\u00e9 et une perte partielle ou totale de tissu peuvent survenir, bien que rarement. Pour cette raison, les options secondaires doivent \u00eatre gard\u00e9es en main lors de la planification des chirurgies.<\/p>\n<\/article>\n<p>[\/vc_column_text][\/vc_column][\/vc_row]<\/p>\n<\/div>","protected":false},"excerpt":{"rendered":"<p>[vc_row][vc_column][vc_column_text woodmart_inline=&#8221;no&#8221; text_larger=&#8221;no&#8221;] R\u00e9paration mammaire Le cancer du sein est le type de cancer le plus courant chez une femme<\/p>\n","protected":false},"author":2,"featured_media":0,"parent":0,"menu_order":0,"comment_status":"closed","ping_status":"closed","template":"","meta":{"footnotes":""},"class_list":["post-8992","page","type-page","status-publish","hentry"],"_links":{"self":[{"href":"https:\/\/www.baysalsaglik.com\/fr\/wp-json\/wp\/v2\/pages\/8992","targetHints":{"allow":["GET"]}}],"collection":[{"href":"https:\/\/www.baysalsaglik.com\/fr\/wp-json\/wp\/v2\/pages"}],"about":[{"href":"https:\/\/www.baysalsaglik.com\/fr\/wp-json\/wp\/v2\/types\/page"}],"author":[{"embeddable":true,"href":"https:\/\/www.baysalsaglik.com\/fr\/wp-json\/wp\/v2\/users\/2"}],"replies":[{"embeddable":true,"href":"https:\/\/www.baysalsaglik.com\/fr\/wp-json\/wp\/v2\/comments?post=8992"}],"version-history":[{"count":0,"href":"https:\/\/www.baysalsaglik.com\/fr\/wp-json\/wp\/v2\/pages\/8992\/revisions"}],"wp:attachment":[{"href":"https:\/\/www.baysalsaglik.com\/fr\/wp-json\/wp\/v2\/media?parent=8992"}],"curies":[{"name":"wp","href":"https:\/\/api.w.org\/{rel}","templated":true}]}}