{"id":9016,"date":"2022-05-26T15:01:31","date_gmt":"2022-05-26T12:01:31","guid":{"rendered":"https:\/\/www.baysalsaglik.com\/lifting-des-seins\/"},"modified":"2022-05-26T21:22:50","modified_gmt":"2022-05-26T18:22:50","slug":"lifting-des-seins","status":"publish","type":"page","link":"https:\/\/www.baysalsaglik.com\/fr\/lifting-des-seins\/","title":{"rendered":"Lifting des seins"},"content":{"rendered":"<div class=\"wpb-content-wrapper\"><p>[vc_row][vc_column][vc_column_text woodmart_inline=&#8221;no&#8221; text_larger=&#8221;no&#8221;]<strong>Lifting des seins<\/strong><\/p>\n<p>L&#8217;affaissement des seins est un probl\u00e8me rencontr\u00e9 r\u00e9cemment par de nombreuses personnes. Aujourd&#8217;hui, la plupart des gens ont un probl\u00e8me d&#8217;affaissement des seins ou un probl\u00e8me d&#8217;exc\u00e8s de poids. Il existe \u00e9galement diff\u00e9rentes causes d&#8217;affaissement des seins, qui sont g\u00e9n\u00e9ralement caus\u00e9s par l&#8217;ob\u00e9sit\u00e9. L&#8217;ob\u00e9sit\u00e9 est en fait un probl\u00e8me qui peut \u00eatre r\u00e9solu par l&#8217;alimentation et le sport. Cependant, les personnes atteintes d&#8217;ob\u00e9sit\u00e9 avanc\u00e9e peuvent ne pas \u00eatre en mesure de se d\u00e9barrasser de l&#8217;exc\u00e8s de graisse avec un r\u00e9gime alimentaire et des sports. Dans ce cas, diverses op\u00e9rations sont appliqu\u00e9es pour le probl\u00e8me de l&#8217;ob\u00e9sit\u00e9. Les op\u00e9rations de r\u00e9duction de l&#8217;estomac et de raccourcissement intestinal sont des m\u00e9thodes utilis\u00e9es en chirurgie bariatrique. Apr\u00e8s ces op\u00e9rations de r\u00e9duction de l&#8217;estomac et de raccourcissement intestinal, il se produit un affaissement de la peau. Des m\u00e9thodes esth\u00e9tiques sont utilis\u00e9es pour corriger ces affaissements. L&#8217;un d&#8217;eux est l&#8217;op\u00e9ration de lifting des seins. Cependant, nous pouvons dire que l&#8217;op\u00e9ration en question sera effectu\u00e9e non seulement pour un lifting des seins, mais \u00e9galement pour des raisons telles que l&#8217;allaitement.<\/p>\n<p><strong>Comment<\/strong> <strong>se d\u00e9roule l&#8217;esth\u00e9tique du lifting des seins<\/strong>&nbsp;? <\/p>\n<p>Les applications esth\u00e9tiques appliqu\u00e9es peuvent \u00eatre combin\u00e9es avec un lifting des seins et diff\u00e9rentes op\u00e9rations. Chaque type esth\u00e9tique a diff\u00e9rentes formes d&#8217;application. Ces op\u00e9rations sont g\u00e9n\u00e9ralement r\u00e9alis\u00e9es \u00e0 l&#8217;aide d&#8217;incisions pratiqu\u00e9es dans la zone d\u00e9termin\u00e9e. Gr\u00e2ce \u00e0 ces incisions, l&#8217;exc\u00e8s de peau dans la zone est enlev\u00e9 et la peau est \u00e9tir\u00e9e.<\/p>\n<p>La r\u00e9duction mammaire peut \u00e9galement \u00eatre r\u00e9alis\u00e9e en m\u00eame temps que l&#8217;op\u00e9ration de lifting des seins. Ce processus se fait de deux mani\u00e8res. L&#8217;une est la m\u00e9thode qui est faite avec des incisions classiques et l&#8217;exc\u00e8s de tissu mammaire est enlev\u00e9. L&#8217;autre est la m\u00e9thode de liposuccion. Dans la m\u00e9thode de liposuccion, 2 techniques diff\u00e9rentes sont utilis\u00e9es. Ce sont la liposuccion classique et la liposuccion au laser. Dans la m\u00e9thode de liposuccion classique, la graisse est \u00e9limin\u00e9e \u00e0 l&#8217;aide d&#8217;un aspirateur, tandis que dans la m\u00e9thode de liposuccion au laser, le tissu adipeux est d\u00e9compos\u00e9 et la graisse est retir\u00e9e \u00e0 l&#8217;aide de canules. Apr\u00e8s cette proc\u00e9dure, un lifting des seins est effectu\u00e9.<\/p>\n<p>La m\u00e9thode de lifting des seins la plus couramment utilis\u00e9e, la m\u00e9thode en T invers\u00e9, est r\u00e9alis\u00e9e avec des incisions faites du mamelon \u00e0 la partie inf\u00e9rieure de la poitrine. \u00c0 l&#8217;aide de ces incisions, l&#8217;exc\u00e8s de tissu adipeux est retir\u00e9 du sein.<\/p>\n<p>Le point \u00e0 consid\u00e9rer avant chaque op\u00e9ration est la drogue utilis\u00e9e, cigarettes et alcool. En particulier, les anticoagulants utilis\u00e9s doivent \u00eatre arr\u00eat\u00e9s.<\/p>\n<p>Processus de gu\u00e9rison apr\u00e8s l&#8217; <strong>esth\u00e9tique<\/strong> <strong>du lifting des seins<\/strong><\/p>\n<p>Apr\u00e8s cette op\u00e9ration, vous pourrez rencontrer diverses contusions et \u0153d\u00e8mes. Ces \u0153d\u00e8mes et ecchymoses commenceront \u00e0 diminuer dans environ 1 semaine. De plus, des douleurs peuvent survenir dans la zone d&#8217;op\u00e9ration. Pour ces douleurs et ecchymoses, vous devez utiliser les m\u00e9dicaments recommand\u00e9s par votre m\u00e9decin.<\/p>\n<p><strong>Choses \u00e0 consid\u00e9rer apr\u00e8s une op\u00e9ration de lifting des seins<\/strong><\/p>\n<p>Divers facteurs doivent \u00eatre pris en compte apr\u00e8s une op\u00e9ration de lifting des seins.<\/p>\n<ul>\n<li>La chirurgie de lifting mammaire est d\u00e9termin\u00e9e par la taille du sein et le degr\u00e9 d&#8217;affaissement.<\/li>\n<li>Avec l&#8217;effet de l&#8217;anesth\u00e9sie, il n&#8217;y a pas de douleur apr\u00e8s l&#8217;op\u00e9ration.<\/li>\n<li>La nourriture liquide doit \u00eatre commenc\u00e9e 4 heures apr\u00e8s l&#8217;op\u00e9ration. Si vous pouvez tol\u00e9rer confortablement les aliments liquides, vous pouvez consommer des aliments l\u00e9gers comme le petit-d\u00e9jeuner 6 heures apr\u00e8s la chirurgie.<\/li>\n<li>Il est possible d&#8217;\u00e9liminer la douleur apr\u00e8s la chirurgie avec de simples analg\u00e9siques.<\/li>\n<li>Un soutien-gorge de sport doit \u00eatre port\u00e9 apr\u00e8s l&#8217;op\u00e9ration.<\/li>\n<\/ul>\n<p><strong>Questions fr\u00e9quemment pos\u00e9es<\/strong><\/p>\n<p>Qui peut b\u00e9n\u00e9ficier des op\u00e9rations esth\u00e9tiques de lifting des seins ?<\/p>\n<p>La limite d&#8217;\u00e2ge pour cette op\u00e9ration est de 18 ans. De plus, les femmes qui n&#8217;ont pas de probl\u00e8mes de sant\u00e9 et qui ne sont pas satisfaites de la taille de leurs seins peuvent subir cette op\u00e9ration.<\/p>\n<p>Toutes les op\u00e9rations esth\u00e9tiques de lifting des seins peuvent-elles \u00eatre r\u00e9alis\u00e9es ensemble ?<\/p>\n<p>Le point important ici est l&#8217;\u00e2ge des personnes et le degr\u00e9 de d\u00e9formation des r\u00e9gions. Votre m\u00e9decin d\u00e9cidera quelles op\u00e9rations doivent \u00eatre effectu\u00e9es ensemble. Cependant, il est correct d&#8217;effectuer au maximum 3 op\u00e9rations en m\u00eame temps.<\/p>\n<p>Y aura-t-il des cicatrices dans les op\u00e9rations esth\u00e9tiques de lifting des seins&nbsp;?<\/p>\n<p>G\u00e9n\u00e9ralement, les incisions sont faites sur des parties moins visibles du corps. Cependant, les cicatrices prendront l&#8217;apparence de la couleur de la peau et dispara\u00eetront avec le temps.<\/p>\n<p>Y a-t-il une perte de sensation dans les seins apr\u00e8s l&#8217;op\u00e9ration ?<\/p>\n<p>Non. Vous ne ressentirez aucune perte de sensation apr\u00e8s l&#8217;op\u00e9ration. Cependant, il existe une l\u00e9g\u00e8re possibilit\u00e9 de perte de sensation.<\/p>\n<p>Est-il possible d&#8217;allaiter un b\u00e9b\u00e9 apr\u00e8s l&#8217;op\u00e9ration ?<\/p>\n<p>Pendant l&#8217;op\u00e9ration, un r\u00e9tr\u00e9cissement peut survenir dans l&#8217;allaitement et les conduits de lait. Cependant, cela n&#8217;affecte pas trop l&#8217;allaitement. De plus, cette situation peut \u00eatre l&#8217;inverse chez certaines femmes et divers probl\u00e8mes peuvent survenir dans les canaux d&#8217;allaitement et la fonction d&#8217;allaitement peut ne plus se reproduire.[\/vc_column_text][\/vc_column][\/vc_row]<\/p>\n<\/div>","protected":false},"excerpt":{"rendered":"<p>[vc_row][vc_column][vc_column_text woodmart_inline=&#8221;no&#8221; text_larger=&#8221;no&#8221;]Lifting des seins L&#8217;affaissement des seins est un probl\u00e8me rencontr\u00e9 r\u00e9cemment par de nombreuses personnes. Aujourd&#8217;hui, la plupart<\/p>\n","protected":false},"author":2,"featured_media":0,"parent":0,"menu_order":0,"comment_status":"closed","ping_status":"closed","template":"","meta":{"footnotes":""},"class_list":["post-9016","page","type-page","status-publish","hentry"],"_links":{"self":[{"href":"https:\/\/www.baysalsaglik.com\/fr\/wp-json\/wp\/v2\/pages\/9016","targetHints":{"allow":["GET"]}}],"collection":[{"href":"https:\/\/www.baysalsaglik.com\/fr\/wp-json\/wp\/v2\/pages"}],"about":[{"href":"https:\/\/www.baysalsaglik.com\/fr\/wp-json\/wp\/v2\/types\/page"}],"author":[{"embeddable":true,"href":"https:\/\/www.baysalsaglik.com\/fr\/wp-json\/wp\/v2\/users\/2"}],"replies":[{"embeddable":true,"href":"https:\/\/www.baysalsaglik.com\/fr\/wp-json\/wp\/v2\/comments?post=9016"}],"version-history":[{"count":0,"href":"https:\/\/www.baysalsaglik.com\/fr\/wp-json\/wp\/v2\/pages\/9016\/revisions"}],"wp:attachment":[{"href":"https:\/\/www.baysalsaglik.com\/fr\/wp-json\/wp\/v2\/media?parent=9016"}],"curies":[{"name":"wp","href":"https:\/\/api.w.org\/{rel}","templated":true}]}}