{"id":9336,"date":"2022-05-26T15:18:54","date_gmt":"2022-05-26T12:18:54","guid":{"rendered":"https:\/\/www.baysalsaglik.com\/conception-de-sourire\/"},"modified":"2022-05-26T21:22:46","modified_gmt":"2022-05-26T18:22:46","slug":"conception-de-sourire","status":"publish","type":"page","link":"https:\/\/www.baysalsaglik.com\/fr\/conception-de-sourire\/","title":{"rendered":"Conception de sourire"},"content":{"rendered":"<div class=\"wpb-content-wrapper\"><p>[vc_row][vc_column][vc_column_text woodmart_inline=&#8221;no&#8221; text_larger=&#8221;no&#8221;]<strong>Qu&#8217;est-ce que le Smile Design ?<\/strong><\/p>\n<p>Conception de sourire; Il s&#8217;agit d&#8217;une m\u00e9thode de chirurgie esth\u00e9tique utilis\u00e9e lorsque les personnes ont des probl\u00e8mes de dents, de gencives, de bouche ou de l\u00e8vres. Conception de sourire; Il garantit que les gencives ont un aspect normal, la d\u00e9coloration des dents, les fissures et les fractures sont corrig\u00e9es et les muscles dentaires sont restaur\u00e9s.<\/p>\n<p>Le point le plus important dans l&#8217;esth\u00e9tique de la conception du sourire est que les dents et les gencives sont en harmonie les unes avec les autres. Car cette harmonie est l&#8217;\u00e9l\u00e9ment qui attire le plus l&#8217;attention lors du sourire.<\/p>\n<p>Esth\u00e9tique de conception de sourire; Il couvre de nombreux processus tels que le nettoyage des dents, le blanchiment des dents, la correction gingivale, l&#8217;implant dentaire, la proth\u00e8se, la porcelaine, le placage stratifi\u00e9 et le traitement orthodontique.<\/p>\n<p><strong>Comment se d\u00e9roule l&#8217;op\u00e9ration Smile Design ? <\/strong><\/p>\n<p>Avant l&#8217;op\u00e9ration de conception du sourire, les patients informent notre clinique des proc\u00e9dures qu&#8217;ils souhaitent. Les actes \u00e0 r\u00e9aliser sont d\u00e9cid\u00e9s en fonction des attentes des patients.<\/p>\n<p>S&#8217;il est d\u00e9cid\u00e9 des proc\u00e9dures \u00e0 effectuer lors de l&#8217;op\u00e9ration de conception du sourire, la planification de l&#8217;op\u00e9ration est effectu\u00e9e. Si un traitement orthodontique n&#8217;est pas n\u00e9cessaire lors de l&#8217;op\u00e9ration de conception du sourire, les troubles des gencives sont corrig\u00e9s en premier. Si le patient a des dents manquantes, des proc\u00e9dures d&#8217;implantation sont effectu\u00e9es.<\/p>\n<p>La technique appliqu\u00e9e avec le Smile Design est d\u00e9termin\u00e9e par le m\u00e9decin en fonction du type d&#8217;op\u00e9ration demand\u00e9e par le patient, du nombre et de l&#8217;\u00e2ge du patient. Par exemple, diff\u00e9rentes m\u00e9thodes peuvent \u00eatre pr\u00e9f\u00e9r\u00e9es pour les patientes qui demandent une augmentation mammaire et une abdominoplastie sous la forme de Smile Design.<\/p>\n<p><strong>Que faut-il consid\u00e9rer avant l&#8217;op\u00e9ration Smile Design ?<\/strong><\/p>\n<p>Avant l&#8217;op\u00e9ration de conception du sourire, les anticoagulants ne doivent pas \u00eatre utilis\u00e9s. Les patients doivent informer leur m\u00e9decin des m\u00e9dicaments qu&#8217;ils utilisent r\u00e9guli\u00e8rement et doivent les utiliser ou non conform\u00e9ment aux instructions du m\u00e9decin.<\/p>\n<p>Vous devez arr\u00eater de fumer et de consommer de l&#8217;alcool au moins 1 semaine avant l&#8217;op\u00e9ration Smile Design. Vous ne devez rien manger ni boire jusqu&#8217;\u00e0 6 heures avant l&#8217;op\u00e9ration.<\/p>\n<p>&nbsp;<\/p>\n<p><strong>Processus de gu\u00e9rison apr\u00e8s l&#8217;op\u00e9ration de conception du sourire<\/strong><\/p>\n<p>Le processus de gu\u00e9rison dans les op\u00e9rations Smile Design varie en fonction du type et du nombre d&#8217;esth\u00e9tiques pr\u00e9f\u00e9r\u00e9es par le patient. La douleur qui peut survenir pendant et apr\u00e8s l&#8217;op\u00e9ration sera minimis\u00e9e gr\u00e2ce aux m\u00e9dicaments prescrits par votre m\u00e9decin. Bien que le processus de gu\u00e9rison dans l&#8217;esth\u00e9tique du design du sourire diff\u00e8re d&#8217;une personne \u00e0 l&#8217;autre, cela prend g\u00e9n\u00e9ralement environ 10 \u00e0 14 jours. \u00c0 la fin de ce processus, les dents et la bouche sont compl\u00e8tement gu\u00e9ries.<\/p>\n<p><strong>Que faut-il consid\u00e9rer apr\u00e8s l&#8217;op\u00e9ration Smile Design ?<\/strong><\/p>\n<p><strong>Consommation de liquide<\/strong><\/p>\n<p>L&#8217;eau ne doit pas \u00eatre bue au moins 6 heures apr\u00e8s les op\u00e9rations de Smile Design. Sinon, des vomissements et des maux de dents peuvent survenir.<\/p>\n<p><strong>L&#8217;usage de drogues<\/strong><\/p>\n<p>Apr\u00e8s l&#8217;esth\u00e9tique Smile Design, la douleur surviendra. Vous pouvez minimiser la douleur en utilisant les m\u00e9dicaments recommand\u00e9s par votre m\u00e9decin.<\/p>\n<p><strong>Fumeur<\/strong><\/p>\n<p>Si vous fumez apr\u00e8s une chirurgie plastique, des fuites et des \u00e9clats peuvent se produire dans vos points de suture. Par cons\u00e9quent, vous devez \u00e9viter de fumer.<\/p>\n<p><strong>Consommation de nourriture<\/strong><\/p>\n<p>Il est n\u00e9cessaire de rester \u00e0 l&#8217;\u00e9cart des repas solides jusqu&#8217;au r\u00e9tablissement complet apr\u00e8s l&#8217;esth\u00e9tique de la conception du sourire. Par cons\u00e9quent, il est avantageux de consommer des aliments liquides jusqu&#8217;\u00e0 la r\u00e9cup\u00e9ration.<\/p>\n<p><strong>hygi\u00e8ne<\/strong><\/p>\n<p>Apr\u00e8s toutes les op\u00e9rations esth\u00e9tiques dentaires, il est n\u00e9cessaire de faire attention \u00e0 l&#8217;hygi\u00e8ne bucco-dentaire. Vous devez faire votre hygi\u00e8ne bucco-dentaire conform\u00e9ment aux conseils de votre m\u00e9decin.<\/p>\n<p><strong>Questions fr\u00e9quemment pos\u00e9es<\/strong><\/p>\n<p>L&#8217;op\u00e9ration de conception du sourire est-elle un processus difficile et douloureux ?<\/p>\n<p>Non. Bien que la douleur puisse survenir apr\u00e8s l&#8217;op\u00e9ration, ce processus n&#8217;est pas difficile.<\/p>\n<p>L&#8217;op\u00e9ration de conception du sourire est-elle une proc\u00e9dure fiable ?<\/p>\n<p>Oui. Vous ne rencontrerez aucun probl\u00e8me apr\u00e8s l&#8217;op\u00e9ration de conception du sourire.<\/p>\n<p>L&#8217;op\u00e9ration smile design est-elle permanente ?<\/p>\n<p>Oui. D\u00e9cid\u00e9ment l&#8217;op\u00e9ration smile design est permanente.<\/p>\n<p>L&#8217;op\u00e9ration smile design est-elle risqu\u00e9e ?<\/p>\n<p>Non. Il n&#8217;y a aucun risque pendant l&#8217;op\u00e9ration.[\/vc_column_text][\/vc_column][\/vc_row]<\/p>\n<\/div>","protected":false},"excerpt":{"rendered":"<p>[vc_row][vc_column][vc_column_text woodmart_inline=&#8221;no&#8221; text_larger=&#8221;no&#8221;]Qu&#8217;est-ce que le Smile Design ? Conception de sourire; Il s&#8217;agit d&#8217;une m\u00e9thode de chirurgie esth\u00e9tique utilis\u00e9e lorsque<\/p>\n","protected":false},"author":2,"featured_media":0,"parent":0,"menu_order":0,"comment_status":"closed","ping_status":"closed","template":"","meta":{"footnotes":""},"class_list":["post-9336","page","type-page","status-publish","hentry"],"_links":{"self":[{"href":"https:\/\/www.baysalsaglik.com\/fr\/wp-json\/wp\/v2\/pages\/9336","targetHints":{"allow":["GET"]}}],"collection":[{"href":"https:\/\/www.baysalsaglik.com\/fr\/wp-json\/wp\/v2\/pages"}],"about":[{"href":"https:\/\/www.baysalsaglik.com\/fr\/wp-json\/wp\/v2\/types\/page"}],"author":[{"embeddable":true,"href":"https:\/\/www.baysalsaglik.com\/fr\/wp-json\/wp\/v2\/users\/2"}],"replies":[{"embeddable":true,"href":"https:\/\/www.baysalsaglik.com\/fr\/wp-json\/wp\/v2\/comments?post=9336"}],"version-history":[{"count":0,"href":"https:\/\/www.baysalsaglik.com\/fr\/wp-json\/wp\/v2\/pages\/9336\/revisions"}],"wp:attachment":[{"href":"https:\/\/www.baysalsaglik.com\/fr\/wp-json\/wp\/v2\/media?parent=9336"}],"curies":[{"name":"wp","href":"https:\/\/api.w.org\/{rel}","templated":true}]}}