{"id":9338,"date":"2022-05-26T15:11:33","date_gmt":"2022-05-26T12:11:33","guid":{"rendered":"https:\/\/www.baysalsaglik.com\/pontage-de-lestomac\/"},"modified":"2022-05-26T21:22:52","modified_gmt":"2022-05-26T18:22:52","slug":"pontage-de-lestomac","status":"publish","type":"page","link":"https:\/\/www.baysalsaglik.com\/fr\/pontage-de-lestomac\/","title":{"rendered":"Pontage de l&#8217;estomac"},"content":{"rendered":"<div class=\"wpb-content-wrapper\"><p>[vc_row][vc_column][vc_column_text woodmart_inline=&#8221;no&#8221; text_larger=&#8221;no&#8221;]<strong>Pontage gastrique <\/strong><\/p>\n<p>Cette m\u00e9thode, \u00e9galement connue sous le nom de pontage gastrique laparoscopique, est une chirurgie bariatrique fr\u00e9quemment pratiqu\u00e9e. Il est possible de g\u00e9rer le succ\u00e8s du processus de traitement de l&#8217;ob\u00e9sit\u00e9 avec un pontage gastrique. Alors que le volume est r\u00e9duit avec ladite chirurgie, l&#8217;absorption des nutriments passe par l&#8217;intestin gr\u00eale. Cela provoque le raccourcissement du chemin.<\/p>\n<p>Une grande partie de l&#8217;estomac est retir\u00e9e, laissant environ 30 \u00e0 50 cc au d\u00e9but de l&#8217;estomac. De plus, certains intestins gr\u00eales sont reli\u00e9s \u00e0 l&#8217;estomac. Dans ce sens, il devient possible pour les patients d&#8217;\u00eatre rassasi\u00e9s avec des portions beaucoup plus petites. De plus, l&#8217;absorption d&#8217;une partie importante des aliments riches en calories est emp\u00each\u00e9e.<\/p>\n<p><strong>Comment se d\u00e9roule la chirurgie de pontage gastrique?<\/strong><\/p>\n<p>Le by-pass gastrique est r\u00e9alis\u00e9 par m\u00e9thode laparoscopique. Depuis peu, la chirurgie robotique peut \u00e9galement \u00eatre privil\u00e9gi\u00e9e. Cette op\u00e9ration est r\u00e9alis\u00e9e \u00e0 travers 4 \u00e0 6 trous d&#8217;un diam\u00e8tre de 1 cm. Le by-pass gastrique, qui est connu pour \u00eatre une op\u00e9ration similaire \u00e0 la sleeve gastrectomie, permet de r\u00e9duire l&#8217;estomac. Avec cette op\u00e9ration, environ 95% de l&#8217;estomac est contourn\u00e9.<\/p>\n<p>Avec une m\u00e9thode chirurgicale professionnelle, une partie de l&#8217;estomac, qui est s\u00e9par\u00e9e en deux, est contourn\u00e9e par les intestins \u00e0 12 doigts. Il n&#8217;est pas retir\u00e9 du corps. Cela garantit que les intestins continuent de fonctionner. De cette fa\u00e7on, les aliments consomm\u00e9s sont emp\u00each\u00e9s de passer par les intestins \u00e0 12 doigts. Gr\u00e2ce \u00e0 la chirurgie, on vise \u00e0 se rassasier avec moins de nourriture et \u00e0 assurer l&#8217;absorption d&#8217;une partie des aliments ing\u00e9r\u00e9s.<\/p>\n<p>\u00c0 qui le by-pass gastrique peut-il \u00eatre appliqu\u00e9&nbsp;?<\/p>\n<p>La chirurgie de pontage gastrique est principalement connue sous le nom de chirurgie de l&#8217;ob\u00e9sit\u00e9 morbide. Il est possible d&#8217;appliquer cette chirurgie en cas de maladies accompagnant l&#8217;ob\u00e9sit\u00e9. Cette op\u00e9ration est d&#8217;une grande importance, notamment pour le traitement du diab\u00e8te de type 2.<\/p>\n<p><strong>Apr\u00e8s la chirurgie de pontage gastrique<\/strong><\/p>\n<p>Les patients sont suivis pendant 5 \u00e0 6 jours apr\u00e8s la chirurgie. Apr\u00e8s la sortie, les patients sont contr\u00f4l\u00e9s par des di\u00e9t\u00e9ticiens. Dans ce sens, un plan nutritionnel est r\u00e9alis\u00e9. Au cours de la premi\u00e8re ann\u00e9e suivant l&#8217;op\u00e9ration, outre la chirurgie bariatrique, des sp\u00e9cialistes en psychiatrie, endocrinologie et di\u00e9t\u00e9tique sont suivis.<\/p>\n<p><strong>Quels sont les types de d\u00e9rivation gastrique&nbsp;?<\/strong><\/p>\n<p>Les types de d\u00e9rivation gastrique sont g\u00e9n\u00e9ralement les suivants.<\/p>\n<p>Roux en Y Gastric By-Pass : Pendant l&#8217;op\u00e9ration, l&#8217;estomac est divis\u00e9 en deux, avec un volume de 25-30 cc. Alors que le petit estomac reste dans le corps, la plus grande partie est retir\u00e9e.<\/p>\n<p>Mini Gastric By-Pass : Cette op\u00e9ration permet \u00e0 l&#8217;estomac de prendre la forme d&#8217;un tube \u00e0 l&#8217;aide d&#8217;outils sp\u00e9ciaux d&#8217;agrafeuse. Ensuite, le segment de l&#8217;intestin gr\u00eale est form\u00e9 \u00e0 une distance de 200 cm et sa connexion avec la poche gastrique est assur\u00e9e.<\/p>\n<p>Questions fr\u00e9quemment pos\u00e9es<\/p>\n<p>Est-il possible de rester \u00e0 l&#8217;h\u00f4pital apr\u00e8s une op\u00e9ration de by-pass gastrique ?<\/p>\n<p>Apr\u00e8s l&#8217;op\u00e9ration, les patients doivent g\u00e9n\u00e9ralement rester \u00e0 l&#8217;h\u00f4pital pendant 3 \u00e0 4 jours. Les probl\u00e8mes qui peuvent survenir pendant la p\u00e9riode d&#8217;\u00e9valuation pr\u00e9op\u00e9ratoire et de r\u00e9cup\u00e9ration postop\u00e9ratoire peuvent entra\u00eener une prolongation de cette p\u00e9riode.<\/p>\n<p>Est-il dangereux pour le patient de soulever des objets lourds apr\u00e8s l&#8217;op\u00e9ration ?<\/p>\n<p>Apr\u00e8s avoir quitt\u00e9 l&#8217;h\u00f4pital, les patients doivent restreindre toutes les activit\u00e9s intenses. Surtout pendant les 6 premi\u00e8res semaines, les charges lourdes ne doivent pas \u00eatre soulev\u00e9es.<\/p>\n<p>Quand peut-on utiliser une voiture apr\u00e8s l&#8217;op\u00e9ration ?<\/p>\n<p>Apr\u00e8s l&#8217;op\u00e9ration, les patients ne doivent pas conduire pendant 2 semaines. Cependant, les patients peuvent marcher, prendre une douche ou monter des escaliers.<\/p>\n<p>Combien de temps apr\u00e8s l&#8217;op\u00e9ration pouvez-vous retourner au travail?<\/p>\n<p>Il est possible pour les patients qui ont une vie professionnelle calme et qui travaillent au bureau de reprendre le travail apr\u00e8s 2-3 semaines. Cependant, les patients qui travaillent dans des emplois avec des activit\u00e9s physiques intenses doivent prendre une pause de 6 \u00e0 8 semaines apr\u00e8s l&#8217;op\u00e9ration.<\/p>\n<p>Combien de temps apr\u00e8s la chirurgie est la perte de poids?<\/p>\n<p>La perte de poids devrait se produire progressivement. La perte de poids la plus rapide au cours des 2 premiers mois. 1,5 \u00e0 2 ans doivent \u00eatre attendus pour une perte de poids maximale. On s&#8217;attend \u00e0 ce que les patients perdent 70 \u00e0 80 % de leur exc\u00e8s de poids.[\/vc_column_text][\/vc_column][\/vc_row]<\/p>\n<\/div>","protected":false},"excerpt":{"rendered":"<p>[vc_row][vc_column][vc_column_text woodmart_inline=&#8221;no&#8221; text_larger=&#8221;no&#8221;]Pontage gastrique Cette m\u00e9thode, \u00e9galement connue sous le nom de pontage gastrique laparoscopique, est une chirurgie bariatrique fr\u00e9quemment<\/p>\n","protected":false},"author":2,"featured_media":0,"parent":0,"menu_order":0,"comment_status":"closed","ping_status":"closed","template":"","meta":{"footnotes":""},"class_list":["post-9338","page","type-page","status-publish","hentry"],"_links":{"self":[{"href":"https:\/\/www.baysalsaglik.com\/fr\/wp-json\/wp\/v2\/pages\/9338","targetHints":{"allow":["GET"]}}],"collection":[{"href":"https:\/\/www.baysalsaglik.com\/fr\/wp-json\/wp\/v2\/pages"}],"about":[{"href":"https:\/\/www.baysalsaglik.com\/fr\/wp-json\/wp\/v2\/types\/page"}],"author":[{"embeddable":true,"href":"https:\/\/www.baysalsaglik.com\/fr\/wp-json\/wp\/v2\/users\/2"}],"replies":[{"embeddable":true,"href":"https:\/\/www.baysalsaglik.com\/fr\/wp-json\/wp\/v2\/comments?post=9338"}],"version-history":[{"count":0,"href":"https:\/\/www.baysalsaglik.com\/fr\/wp-json\/wp\/v2\/pages\/9338\/revisions"}],"wp:attachment":[{"href":"https:\/\/www.baysalsaglik.com\/fr\/wp-json\/wp\/v2\/media?parent=9338"}],"curies":[{"name":"wp","href":"https:\/\/api.w.org\/{rel}","templated":true}]}}