{"id":9351,"date":"2022-05-26T15:15:25","date_gmt":"2022-05-26T12:15:25","guid":{"rendered":"https:\/\/www.baysalsaglik.com\/traitement-implantaire\/"},"modified":"2022-05-26T21:22:53","modified_gmt":"2022-05-26T18:22:53","slug":"traitement-implantaire","status":"publish","type":"page","link":"https:\/\/www.baysalsaglik.com\/fr\/traitement-implantaire\/","title":{"rendered":"Traitement implantaire"},"content":{"rendered":"<div class=\"wpb-content-wrapper\"><p>[vc_row][vc_column][vc_column_text woodmart_inline=&#8221;no&#8221; text_larger=&#8221;no&#8221;]Le traitement implantaire est une racine de dent artificielle qui est utilis\u00e9e pour fournir l&#8217;esth\u00e9tique et la fonction des dents manquantes. Les implants, qui ont \u00e9t\u00e9 demand\u00e9s r\u00e9cemment, sont des racines dentaires artificielles extr\u00eamement durables et avantageuses. Les implants, qui sont plac\u00e9s dans la m\u00e2choire des individus et fabriqu\u00e9s dans des mat\u00e9riaux adapt\u00e9s \u00e0 la structure de la dent, sont obtenus \u00e0 partir de titane.<\/p>\n<p>Malgr\u00e9 les vastes possibilit\u00e9s modernes et le succ\u00e8s inconditionnel de la dentisterie, la perte de dents est toujours d&#8217;actualit\u00e9. Nous voulons tous marcher avec confiance dans la vie, et l&#8217;\u00e9tat de nos dents affecte fortement notre confiance en soi. Il y a encore 20 ans, le remplacement d&#8217;une dent perdue ou extraite \u00e9tait r\u00e9alis\u00e9 \u00e0 l&#8217;aide de m\u00e9thodes proth\u00e9tiques limit\u00e9es. Aujourd&#8217;hui, il ne fait aucun doute que l&#8217;implantation est la proth\u00e8se la plus adapt\u00e9e et la plus qualitative parmi toutes les options possibles.<\/p>\n<p>Les implants sont g\u00e9n\u00e9ralement pr\u00e9f\u00e9r\u00e9s pour donner aux individus une sensation de dent naturelle. Cela aide les implants \u00e0 avoir un aspect naturel. Les personnes qui souhaitent faire une demande d&#8217;implant se demandent \u00e0 qui les demandes d&#8217;implant peuvent \u00eatre faites. Alors, \u00e0 qui l&#8217;implant peut-il \u00eatre appliqu\u00e9? Quels sont les avantages de la pose d&#8217;implants ? Examinons-le ensemble.<\/p>\n<p><strong>Qui peut avoir des implants ?<\/strong><\/p>\n<p>Un implant dentaire est recommand\u00e9 en cas de perte de dents due \u00e0 une maladie. De plus, les implants sont \u00e0 privil\u00e9gier apr\u00e8s une perte de dent accidentelle et en cas de perte de dent cong\u00e9nitale. En g\u00e9n\u00e9ral, chaque pi\u00e8ce manquante doit \u00eatre remplac\u00e9e par un implant. Cependant, il est possible de r\u00e9duire leur nombre dans certaines parties de la bouche o\u00f9 les dents sont moins charg\u00e9es.<\/p>\n<p>L&#8217;implant est g\u00e9n\u00e9ralement plac\u00e9 sous anesth\u00e9sie locale et certains, comme la mise en charge imm\u00e9diate, permettent de r\u00e9duire l&#8217;ensemble de la proc\u00e9dure. Les derni\u00e8res avanc\u00e9es en implantologie permettent l&#8217;extraction d&#8217;une dent, la pose de l&#8217;implant et l&#8217;inclusion imm\u00e9diate d&#8217;une proth\u00e8se provisoire, le remplacement in situ de la dent dans la m\u00eame s\u00e9ance.<\/p>\n<p>Les implants assist\u00e9s par ordinateur, CAD-CAM, sont fix\u00e9s beaucoup plus pr\u00e9cis\u00e9ment et sans douleur qu&#8217;avec un scanner auparavant. De plus, la couronne risque moins de se desserrer avec le temps et le r\u00e9sultat est plus esth\u00e9tique.<\/p>\n<p>Avantages de l&#8217;implant<\/p>\n<p>L&#8217;implant offre plusieurs avantages. Ces avantages sont g\u00e9n\u00e9ralement les suivants.<\/p>\n<ul>\n<li>C&#8217;est l&#8217;option la plus s\u00fbre.<\/li>\n<li>Il pr\u00e9serve la fonction sur l&#8217;os. Cela emp\u00eache la perte osseuse.<\/li>\n<li>La sensation de mastication est similaire \u00e0 celle d&#8217;une dent naturelle.<\/li>\n<li>Le soin des implants est similaire aux besoins des autres dents. Vous pouvez entretenir l&#8217;implant en vous brossant les dents r\u00e9guli\u00e8rement.<\/li>\n<li>C&#8217;est beaucoup plus facile quand il s&#8217;agit de maintenir un implant dentaire.<\/li>\n<\/ul>\n<p><strong>Questions fr\u00e9quemment pos\u00e9es<\/strong><\/p>\n<p>Y aura-t-il de la douleur pendant la proc\u00e9dure d&#8217;implantation?<\/p>\n<p>L&#8217;anesth\u00e9sie est appliqu\u00e9e pendant le traitement implantaire. Il n&#8217;y a pas de douleur dans cette direction.<\/p>\n<p>A qui convient l&#8217;implant ?<\/p>\n<p>Une d\u00e9cision peut \u00eatre prise si les individus sont aptes \u00e0 recevoir des implants avec un examen m\u00e9dical.<\/p>\n<p>Faut-il nettoyer les implants ?<\/p>\n<p>Le nettoyage des implants est extr\u00eamement important. Par cons\u00e9quent, oui, l&#8217;implant doit \u00eatre nettoy\u00e9.[\/vc_column_text][\/vc_column][\/vc_row]<\/p>\n<\/div>","protected":false},"excerpt":{"rendered":"<p>[vc_row][vc_column][vc_column_text woodmart_inline=&#8221;no&#8221; text_larger=&#8221;no&#8221;]Le traitement implantaire est une racine de dent artificielle qui est utilis\u00e9e pour fournir l&#8217;esth\u00e9tique et la fonction<\/p>\n","protected":false},"author":2,"featured_media":0,"parent":0,"menu_order":0,"comment_status":"closed","ping_status":"closed","template":"","meta":{"footnotes":""},"class_list":["post-9351","page","type-page","status-publish","hentry"],"_links":{"self":[{"href":"https:\/\/www.baysalsaglik.com\/fr\/wp-json\/wp\/v2\/pages\/9351","targetHints":{"allow":["GET"]}}],"collection":[{"href":"https:\/\/www.baysalsaglik.com\/fr\/wp-json\/wp\/v2\/pages"}],"about":[{"href":"https:\/\/www.baysalsaglik.com\/fr\/wp-json\/wp\/v2\/types\/page"}],"author":[{"embeddable":true,"href":"https:\/\/www.baysalsaglik.com\/fr\/wp-json\/wp\/v2\/users\/2"}],"replies":[{"embeddable":true,"href":"https:\/\/www.baysalsaglik.com\/fr\/wp-json\/wp\/v2\/comments?post=9351"}],"version-history":[{"count":0,"href":"https:\/\/www.baysalsaglik.com\/fr\/wp-json\/wp\/v2\/pages\/9351\/revisions"}],"wp:attachment":[{"href":"https:\/\/www.baysalsaglik.com\/fr\/wp-json\/wp\/v2\/media?parent=9351"}],"curies":[{"name":"wp","href":"https:\/\/api.w.org\/{rel}","templated":true}]}}