{"id":9352,"date":"2022-05-26T15:11:52","date_gmt":"2022-05-26T12:11:52","guid":{"rendered":"https:\/\/www.baysalsaglik.com\/chirurgie-de-lestomac-du-tube\/"},"modified":"2022-05-26T21:22:45","modified_gmt":"2022-05-26T18:22:45","slug":"chirurgie-de-lestomac-du-tube","status":"publish","type":"page","link":"https:\/\/www.baysalsaglik.com\/fr\/chirurgie-de-lestomac-du-tube\/","title":{"rendered":"Chirurgie de l&#8217;estomac du tube"},"content":{"rendered":"<div class=\"wpb-content-wrapper\"><p>[vc_row][vc_column][vc_column_text woodmart_inline=&#8221;no&#8221; text_larger=&#8221;no&#8221;]<strong>Op\u00e9ration d&#8217;estomac de tube<\/strong><\/p>\n<p>La sleeve gastrectomie, \u00e9galement connue sous le nom de sleeve gastrectomie, est une op\u00e9ration de r\u00e9duction de l&#8217;estomac. Dans l&#8217;op\u00e9ration de sleeve gastrectomie, qui est la m\u00e9thode la plus largement utilis\u00e9e en chirurgie bariatrique aujourd&#8217;hui, des trous de 0,5 cm sont ouverts \u00e0 partir de la paroi ant\u00e9rieure de l&#8217;abdomen. Dans cette direction, 80% de l&#8217;estomac est retir\u00e9. Les 20% restants sont appel\u00e9s op\u00e9ration de sleeve gastrectomie car ils ressemblent \u00e0 la forme d&#8217;un tube. Cette intervention est \u00e9galement appel\u00e9e chirurgie laparoscopique ferm\u00e9e.<\/p>\n<p><strong>Comment se d\u00e9roule l&#8217;op\u00e9ration de tube d&#8217;estomac&nbsp;?<\/strong><\/p>\n<p>Cette op\u00e9ration, qui est r\u00e9alis\u00e9e avec la m\u00e9thode laparoscopique, est une technique chirurgicale ferm\u00e9e. Les incisions de 10 cm ne sont pas faites comme dans les chirurgies ouvertes. L&#8217;estomac est pr\u00e9lev\u00e9 sur l&#8217;abdomen avec quelques trous de 0,5 cm. En envoyant une cam\u00e9ra haute r\u00e9solution dans la r\u00e9gion abdominale, le processus de fonctionnement est surveill\u00e9 sur les moniteurs. Cette op\u00e9ration, extr\u00eamement confortable, s&#8217;effectue \u00e9galement sans douleur et rapidement.<\/p>\n<p>L&#8217;op\u00e9ration est r\u00e9alis\u00e9e sous anesth\u00e9sie g\u00e9n\u00e9rale. Il est d&#8217;une importance vitale de contr\u00f4ler le saignement au niveau de la ligne de suture apr\u00e8s l&#8217;op\u00e9ration. Une fois les contr\u00f4les effectu\u00e9s, les tubes envoy\u00e9s lors de la chirurgie sont retir\u00e9s et un syst\u00e8me de drainage est mis en place pour \u00e9liminer l&#8217;exc\u00e8s de sang.<\/p>\n<p><strong>Avantages de la chirurgie de l&#8217;estomac par sonde<\/strong><\/p>\n<p>L&#8217;op\u00e9ration de sleeve gastrectomie pr\u00e9sente divers avantages pour les individus. Ces avantages sont g\u00e9n\u00e9ralement les suivants.<\/p>\n<ul>\n<li>Apr\u00e8s l&#8217;op\u00e9ration, il y a une diminution du volume de l&#8217;estomac. Pour cette raison, les individus deviennent plus rassasi\u00e9s en consommant plus de nourriture. Cela acc\u00e9l\u00e8re la perte de poids. Cependant, il n&#8217;y a pas de restriction alimentaire \u00e0 vie apr\u00e8s la chirurgie.<\/li>\n<li>L&#8217;hormone ghr\u00e9line, appel\u00e9e hormone de la faim, est situ\u00e9e dans la partie de l&#8217;estomac qui est pr\u00e9lev\u00e9e. Cela r\u00e9duit l&#8217;envie de manger.<\/li>\n<li>Les intestins ne sont pas trait\u00e9s. De cette fa\u00e7on, les probl\u00e8mes tels que l&#8217;obstruction, les fuites et les saignements dans les intestins ne sont pas observ\u00e9s.<\/li>\n<li>N\u00e9cessite moins d&#8217;hospitalisation.<\/li>\n<li>Aucune substance ou objet \u00e9tranger n&#8217;est plac\u00e9 dans le corps de quelque mani\u00e8re que ce soit.<\/li>\n<li>Il n&#8217;y a aucune interf\u00e9rence avec l&#8217;absorption gastrique. Par cons\u00e9quent, les carences en min\u00e9raux et en vitamines sont beaucoup moins importantes.<\/li>\n<\/ul>\n<p><strong>Apr\u00e8s la chirurgie de la manche gastrique<\/strong><\/p>\n<p>Il sera extr\u00eamement confortable apr\u00e8s l&#8217;op\u00e9ration. Parce que c&#8217;est une m\u00e9thode de chirurgie ferm\u00e9e. \u00c9tant donn\u00e9 que de petites incisions sont pratiqu\u00e9es, les individus ressentent moins de douleur dans leur corps. Cela entra\u00eene un processus de r\u00e9cup\u00e9ration rapide. Particuliers 1.3.6. et 12. mois sont v\u00e9rifi\u00e9s. Les individus qui perdent en moyenne 20 kg le premier mois devraient perdre 80 % de leur exc\u00e8s de poids au bout d&#8217;un an.<\/p>\n<p><strong>Qui peut \u00eatre appliqu\u00e9 \u00e0 la chirurgie de l&#8217;estomac par tube&nbsp;?<\/strong><\/p>\n<p>Les personnes qui souhaitent perdre du poids avec toute l&#8217;op\u00e9ration de l&#8217;estomac doivent remplir les conditions suivantes.<\/p>\n<ul>\n<li>Les individus doivent avoir un indice de masse corporelle sup\u00e9rieur \u00e0 40.<\/li>\n<li>Les personnes ayant un indice de masse corporelle entre 35 et 40 devraient souffrir de diab\u00e8te de type 2, d&#8217;apn\u00e9e du sommeil et de probl\u00e8mes d&#8217;hypertension dus \u00e0 l&#8217;ob\u00e9sit\u00e9.<\/li>\n<li>Un indice de masse corporelle de 30 et plus est suffisant pour les personnes atteintes d&#8217;un nouveau diab\u00e8te de type 2 et de troubles m\u00e9taboliques dus \u00e0 l&#8217;ob\u00e9sit\u00e9.<\/li>\n<\/ul>\n<p>Questions fr\u00e9quemment pos\u00e9es<\/p>\n<p>Y aura-t-il une cicatrice apr\u00e8s l&#8217;op\u00e9ration ?<\/p>\n<p>La chirurgie est r\u00e9alis\u00e9e avec la m\u00e9thode ferm\u00e9e. Il n&#8217;y a de petites cicatrices d&#8217;incision que dans l&#8217;abdomen. Ces cicatrices disparaissent en quelques mois.<\/p>\n<p>Combien de poids est perdu avec l&#8217;op\u00e9ration d&#8217;estomac de tube ?<\/p>\n<p>On s&#8217;attend \u00e0 ce que les individus perdent 70 \u00e0 80% de leur exc\u00e8s de poids 2 ans apr\u00e8s la chirurgie.<\/p>\n<p>Le poids reprendra-t-il apr\u00e8s la chirurgie&nbsp;?<\/p>\n<p>Les individus peuvent reprendre du poids en raison d&#8217;une alimentation irr\u00e9guli\u00e8re. Ce taux est d&#8217;environ 15 %.<\/p>\n<p>Si vous souhaitez obtenir des informations sur les prix des manchons gastriques et plus encore, contactez-nous.[\/vc_column_text][\/vc_column][\/vc_row]<\/p>\n<\/div>","protected":false},"excerpt":{"rendered":"<p>[vc_row][vc_column][vc_column_text woodmart_inline=&#8221;no&#8221; text_larger=&#8221;no&#8221;]Op\u00e9ration d&#8217;estomac de tube La sleeve gastrectomie, \u00e9galement connue sous le nom de sleeve gastrectomie, est une op\u00e9ration<\/p>\n","protected":false},"author":2,"featured_media":0,"parent":0,"menu_order":0,"comment_status":"closed","ping_status":"closed","template":"","meta":{"footnotes":""},"class_list":["post-9352","page","type-page","status-publish","hentry"],"_links":{"self":[{"href":"https:\/\/www.baysalsaglik.com\/fr\/wp-json\/wp\/v2\/pages\/9352","targetHints":{"allow":["GET"]}}],"collection":[{"href":"https:\/\/www.baysalsaglik.com\/fr\/wp-json\/wp\/v2\/pages"}],"about":[{"href":"https:\/\/www.baysalsaglik.com\/fr\/wp-json\/wp\/v2\/types\/page"}],"author":[{"embeddable":true,"href":"https:\/\/www.baysalsaglik.com\/fr\/wp-json\/wp\/v2\/users\/2"}],"replies":[{"embeddable":true,"href":"https:\/\/www.baysalsaglik.com\/fr\/wp-json\/wp\/v2\/comments?post=9352"}],"version-history":[{"count":0,"href":"https:\/\/www.baysalsaglik.com\/fr\/wp-json\/wp\/v2\/pages\/9352\/revisions"}],"wp:attachment":[{"href":"https:\/\/www.baysalsaglik.com\/fr\/wp-json\/wp\/v2\/media?parent=9352"}],"curies":[{"name":"wp","href":"https:\/\/api.w.org\/{rel}","templated":true}]}}