{"id":9353,"date":"2022-05-26T15:14:09","date_gmt":"2022-05-26T12:14:09","guid":{"rendered":"https:\/\/www.baysalsaglik.com\/ballon-gastrique\/"},"modified":"2022-05-26T21:22:45","modified_gmt":"2022-05-26T18:22:45","slug":"ballon-gastrique","status":"publish","type":"page","link":"https:\/\/www.baysalsaglik.com\/fr\/ballon-gastrique\/","title":{"rendered":"Ballon Gastrique"},"content":{"rendered":"<div class=\"wpb-content-wrapper\"><p>[vc_row][vc_column][vc_column_text woodmart_inline=&#8221;no&#8221; text_larger=&#8221;no&#8221;]Le ballon gastrique est l&#8217;une des m\u00e9thodes les plus fr\u00e9quemment pr\u00e9f\u00e9r\u00e9es par les personnes qui souhaitent perdre du poids et atteindre leur poids corporel id\u00e9al. En ce sens, on peut dire que de nombreuses personnes sont curieuses de l&#8217;application du ballon gastrique. Maintenant, examinons ensemble tous les d\u00e9tails qui doivent \u00eatre connus sur le ballon gastrique.<\/p>\n<p><strong>Qu&#8217;est-ce qu&#8217;un ballon gastrique ?<\/strong><\/p>\n<p>Le placement du ballon gastrique est une proc\u00e9dure ambulatoire qui permet au patient de perdre du poids en peu de temps. L&#8217;op\u00e9ration du ballon gastrique ne n\u00e9cessite pas d&#8217;hospitalisation, elle aide \u00e0 maintenir le r\u00e9gime alimentaire et \u00e0 obtenir de bons r\u00e9sultats. Le ballon rempli de liquide occupe la majeure partie de l&#8217;estomac et laisse peu de place \u00e0 la nourriture. En cons\u00e9quence, la sensation de sati\u00e9t\u00e9 est plus rapide, les portions sont plus petites et le poids diminue progressivement de 10 \u00e0 30 kg.<\/p>\n<p><strong>Indications et contre-indications du ballon gastrique<\/strong><\/p>\n<p>Dans la lutte contre l&#8217;ob\u00e9sit\u00e9, le ballon intra-gastrique est utilis\u00e9 sans traitement chirurgical et en phase de pr\u00e9paration. Afin d&#8217;appliquer un ballon gastrique \u00e0 une personne, l&#8217;indice de masse corporelle est v\u00e9rifi\u00e9. En l&#8217;absence d&#8217;indications pour 2 chirurgies jusqu&#8217;\u00e0 30 kg\/m, un r\u00e9gime est r\u00e9alis\u00e9 afin de perdre du poids \u00e0 l&#8217;aide de divers r\u00e9gimes et sans effet durable.<\/p>\n<p>L&#8217;op\u00e9ration peut \u00eatre r\u00e9alis\u00e9e avec la pr\u00e9sence de 50 kg \/ m 2 , un exc\u00e8s d&#8217;ob\u00e9sit\u00e9 et des pathologies concomitantes pour la pr\u00e9paration pr\u00e9op\u00e9ratoire. Le volume du ballon est de 700 \u00e0 1500 ml et est s\u00e9lectionn\u00e9 individuellement en fonction du poids du patient. L&#8217;op\u00e9ration a des contre-indications minimales. \u00c0 ce stade aigu, les ulc\u00e8res peptiques sont des maladies infectieuses aigu\u00ebs, des troubles mentaux et des affections potentiellement mortelles.<\/p>\n<p><strong>Pr\u00e9paration avant la chirurgie du ballon gastrique<\/strong><\/p>\n<p>La manipulation ne n\u00e9cessite pas de formation particuli\u00e8re, d&#8217;analyse et d&#8217;hospitalisation sous surveillance. La proc\u00e9dure est r\u00e9alis\u00e9e sous anesth\u00e9sie intraveineuse et est classiquement divis\u00e9e en trois \u00e9tapes :<\/p>\n<p>&nbsp;<\/p>\n<ul>\n<li>Pour \u00e9valuer l&#8217;\u00e9tat de l&#8217;estomac, une fibrogastroscopie est effectu\u00e9e.<\/li>\n<li>Un ballon intra-gastrique envelopp\u00e9 dans un tube est ins\u00e9r\u00e9 dans l&#8217;estomac.<\/li>\n<li>Le ballon est rempli d&#8217;une solution jusqu&#8217;\u00e0 un volume pr\u00e9d\u00e9termin\u00e9.<\/li>\n<\/ul>\n<p>Apr\u00e8s manipulation, une l\u00e9g\u00e8re douleur dans le haut de l&#8217;abdomen, des naus\u00e9es et des vomissements peuvent survenir. L&#8217;inconfort dispara\u00eet en 3 \u00e0 5 jours. Le ballon gastrique se retire aussi facilement et rapidement qu&#8217;il est mis en place. Le ballon gastrique est en latex et est totalement inoffensif. En tant que charge, une solution saline de chlorure de sodium est utilis\u00e9e, color\u00e9e au bleu de m\u00e9thyl\u00e8ne, qui modifie la couleur de l&#8217;urine en cas de destruction pr\u00e9matur\u00e9e de la paroi du ballon et indique clairement au patient que le ballon doit \u00eatre retir\u00e9. Un ballon est plac\u00e9 dans l&#8217;estomac pendant une dur\u00e9e de 6 mois, ce qui permet de s&#8217;habituer \u00e0 manger par petites portions.<\/p>\n<p><strong>Quels sont les effets du ballon gastrique ?<\/strong><\/p>\n<p>L&#8217;efficacit\u00e9 du traitement de l&#8217;ob\u00e9sit\u00e9 et de la gestion du poids avec le ballon intra-gastrique d\u00e9pend en grande partie de votre motivation et de votre discipline. Six mois suffisent pour d\u00e9velopper un nouveau r\u00e9gime. Il vous suffit de vous y tenir et de consolider votre succ\u00e8s.<\/p>\n<p><strong>Le ballon gastrique est-il applicable \u00e0 tout le monde ?<\/strong><\/p>\n<p>L&#8217;op\u00e9ration du ballon gastrique peut g\u00e9n\u00e9ralement \u00eatre appliqu\u00e9e aux personnes ayant un indice de masse corporelle compris entre 27 et 35. Dans l&#8217;op\u00e9ration du ballon gastrique, qui est pr\u00e9f\u00e9r\u00e9e par les personnes qui ne souhaitent pas subir d&#8217;op\u00e9rations de chirurgie bariatrique, tout d&#8217;abord, le poids corporel total et l&#8217;indice de masse corporelle des patients doivent \u00eatre calcul\u00e9s. Dans ce sens, il est d\u00e9cid\u00e9 si l&#8217;op\u00e9ration du ballon gastrique peut \u00eatre r\u00e9alis\u00e9e ou non. Il a \u00e9t\u00e9 observ\u00e9 que les patients perdent g\u00e9n\u00e9ralement 20% de leur poids corporel apr\u00e8s l&#8217;op\u00e9ration. Le r\u00f4le du patient est \u00e9galement tr\u00e8s important afin de r\u00e9aliser ces pertes extr\u00eamement \u00e9lev\u00e9es.<\/p>\n<p><strong>Que faut-il consid\u00e9rer apr\u00e8s une op\u00e9ration de ballon gastrique&nbsp;?<\/strong><\/p>\n<p>Apr\u00e8s la chirurgie du ballon gastrique, les patients peuvent ressentir des plaintes telles que des crampes et des naus\u00e9es. Dans ce sens, vous pouvez minimiser les effets de l&#8217;op\u00e9ration en utilisant divers m\u00e9dicaments et m\u00e9thodes que votre m\u00e9decin vous recommandera. \u00c9tant donn\u00e9 que l&#8217;op\u00e9ration du ballon gastrique n&#8217;est pas une op\u00e9ration chirurgicale, il n&#8217;y a pas beaucoup de complications apr\u00e8s l&#8217;op\u00e9ration.[\/vc_column_text][\/vc_column][\/vc_row]<\/p>\n<\/div>","protected":false},"excerpt":{"rendered":"<p>[vc_row][vc_column][vc_column_text woodmart_inline=&#8221;no&#8221; text_larger=&#8221;no&#8221;]Le ballon gastrique est l&#8217;une des m\u00e9thodes les plus fr\u00e9quemment pr\u00e9f\u00e9r\u00e9es par les personnes qui souhaitent perdre du<\/p>\n","protected":false},"author":2,"featured_media":0,"parent":0,"menu_order":0,"comment_status":"closed","ping_status":"closed","template":"","meta":{"footnotes":""},"class_list":["post-9353","page","type-page","status-publish","hentry"],"_links":{"self":[{"href":"https:\/\/www.baysalsaglik.com\/fr\/wp-json\/wp\/v2\/pages\/9353","targetHints":{"allow":["GET"]}}],"collection":[{"href":"https:\/\/www.baysalsaglik.com\/fr\/wp-json\/wp\/v2\/pages"}],"about":[{"href":"https:\/\/www.baysalsaglik.com\/fr\/wp-json\/wp\/v2\/types\/page"}],"author":[{"embeddable":true,"href":"https:\/\/www.baysalsaglik.com\/fr\/wp-json\/wp\/v2\/users\/2"}],"replies":[{"embeddable":true,"href":"https:\/\/www.baysalsaglik.com\/fr\/wp-json\/wp\/v2\/comments?post=9353"}],"version-history":[{"count":0,"href":"https:\/\/www.baysalsaglik.com\/fr\/wp-json\/wp\/v2\/pages\/9353\/revisions"}],"wp:attachment":[{"href":"https:\/\/www.baysalsaglik.com\/fr\/wp-json\/wp\/v2\/media?parent=9353"}],"curies":[{"name":"wp","href":"https:\/\/api.w.org\/{rel}","templated":true}]}}