{"id":9359,"date":"2022-05-26T15:13:19","date_gmt":"2022-05-26T12:13:19","guid":{"rendered":"https:\/\/www.baysalsaglik.com\/mini-derivation-de-lestomac\/"},"modified":"2022-05-26T21:22:50","modified_gmt":"2022-05-26T18:22:50","slug":"mini-derivation-de-lestomac","status":"publish","type":"page","link":"https:\/\/www.baysalsaglik.com\/fr\/mini-derivation-de-lestomac\/","title":{"rendered":"Mini d\u00e9rivation de l&#8217;estomac"},"content":{"rendered":"<div class=\"wpb-content-wrapper\"><p>[vc_row][vc_column][vc_column_text woodmart_inline=&#8221;no&#8221; text_larger=&#8221;no&#8221;]<strong>By-pass mini-gastrite<\/strong><\/p>\n<p>Le mini-bypass gastrique, qui est l&#8217;une des m\u00e9thodes de chirurgie de l&#8217;ob\u00e9sit\u00e9, est \u00e9galement appliqu\u00e9 pour la chirurgie m\u00e9tabolique. On peut dire que cette m\u00e9thode convient aux personnes qui veulent perdre du poids de mani\u00e8re contr\u00f4l\u00e9e et qui veulent se d\u00e9barrasser des maladies caus\u00e9es par le poids. \u00c9tant donn\u00e9 que la p\u00e9riode de r\u00e9cup\u00e9ration apr\u00e8s l&#8217;op\u00e9ration est extr\u00eamement courte, elle est beaucoup plus demand\u00e9e que les autres m\u00e9thodes.<\/p>\n<p>Le mini-bypass gastrique, qui est une alternative \u00e0 la sleeve gastrectomie, donne une sensation de sati\u00e9t\u00e9 constante en r\u00e9duisant le volume de l&#8217;estomac. De cette fa\u00e7on, les patients sont aid\u00e9s \u00e0 contr\u00f4ler leur poids de la meilleure fa\u00e7on possible.<\/p>\n<p><strong>Comment l&#8217;op\u00e9ration de d\u00e9rivation de la mini-gastrite est-elle appliqu\u00e9e&nbsp;?<\/strong><\/p>\n<p>L&#8217;op\u00e9ration de mini-by-pass gastrite signifie la r\u00e9duction du volume de l&#8217;estomac et l&#8217;ablation d&#8217;une partie de l&#8217;intestin gr\u00eale. Pendant l&#8217;op\u00e9ration compl\u00e8tement ferm\u00e9e, aucune grande incision n&#8217;est pratiqu\u00e9e. Elle est r\u00e9alis\u00e9e avec 5-6 incisions de moins de 1 cm. \u00c0 travers les trous pratiqu\u00e9s, des instruments chirurgicaux sont transport\u00e9s dans l&#8217;abdomen. Un tube gastrique est cr\u00e9\u00e9 \u00e0 l&#8217;entr\u00e9e de l&#8217;estomac avec les cam\u00e9ras utilis\u00e9es. Une grande partie de l&#8217;estomac est s\u00e9par\u00e9e de la plus petite partie. Aucun organe n&#8217;est pr\u00e9lev\u00e9 pendant l&#8217;op\u00e9ration. La partie coup\u00e9e de l&#8217;estomac reste dans l&#8217;abdomen et continue \u00e0 produire ses s\u00e9cr\u00e9tions.<\/p>\n<p><strong>\u00c0 qui s&#8217;applique le mini by-pass gastrique ?<\/strong><\/p>\n<p>Le facteur le plus important dans la r\u00e9alisation de cette op\u00e9ration, qui est presque un point de d\u00e9part pour les personnes en surpoids, est l&#8217;histoire du patient. En fonction du r\u00e9gime alimentaire et des ant\u00e9c\u00e9dents de poids du patient, le m\u00e9decin d\u00e9cide s&#8217;il est apte \u00e0 cette op\u00e9ration. Cette op\u00e9ration est recommand\u00e9e pour les personnes ayant un indice de masse corporelle sup\u00e9rieur \u00e0 50 ou celles atteintes de diab\u00e8te de type 2.<\/p>\n<p>Il peut \u00eatre appliqu\u00e9 aux personnes qui sont \u00e0 nouveau ob\u00e8ses morbides en prenant du poids des ann\u00e9es plus tard dans le cadre de la gastrectomie en manchon. L&#8217;op\u00e9ration de l&#8217;estomac tub\u00e9, qui est la premi\u00e8re \u00e9tape d&#8217;une mini-op\u00e9ration de pontage gastrique, a d\u00e9j\u00e0 \u00e9t\u00e9 pratiqu\u00e9e sur ces patients. Seule la deuxi\u00e8me \u00e9tape, la ligature des intestins, sera ajout\u00e9e.<\/p>\n<p><strong>Post-op\u00e9ration<\/strong><\/p>\n<p>Pendant l&#8217;op\u00e9ration, un cath\u00e9ter de 2 \u00e0 3 jours peut \u00eatre plac\u00e9 dans l&#8217;estomac. Ce cath\u00e9ter sera retir\u00e9 apr\u00e8s 2-3 jours. Aucun aliment solide n&#8217;est consomm\u00e9 de quelque mani\u00e8re que ce soit apr\u00e8s l&#8217;op\u00e9ration. Apr\u00e8s le 3\u00e8me jour, la consommation alimentaire commence avec des aliments aqueux. Ensuite, la transition se fait vers la pur\u00e9e et les aliments mous. Des chaussettes sp\u00e9ciales sont port\u00e9es pour les jambes et les pieds afin d&#8217;\u00e9viter les caillots sanguins.<\/p>\n<p><strong>Diff\u00e9rences entre le mini-by-pass de la gastrite et le by-pass de la gastrite<\/strong><\/p>\n<p>Il existe diverses diff\u00e9rences entre le pontage de la gastrite, connu sous le nom de gastrectomie en manchon, et le mini pontage de la gastrite. Les choses \u00e0 savoir sur les deux m\u00e9thodes sont les suivantes :<\/p>\n<ul>\n<li>Dans l&#8217;op\u00e9ration de pontage gastrique, les intestins sont coup\u00e9s et reli\u00e9s \u00e0 l&#8217;estomac et l&#8217;estomac est r\u00e9duit. Dans l&#8217;op\u00e9ration de mini-by-pass gastrite, les intestins sont reli\u00e9s \u00e0 l&#8217;estomac sans coupure.<\/li>\n<li>La chirurgie de la manche gastrique comporte deux points de suture appel\u00e9s anastomose. Cela augmente le risque de complications. Cependant, ces complications sont moins susceptibles de se produire en mini-chirurgie de pontage.<\/li>\n<li>Dans la chirurgie de la sleeve gastrectomie, \u00e0 mesure que l&#8217;estomac se r\u00e9tr\u00e9cit, l&#8217;apport alimentaire diminue et l&#8217;intestin gr\u00eale est coup\u00e9. Par cons\u00e9quent, le processus de perte de poids est plus rapide.<\/li>\n<\/ul>\n<p><strong>Tarifs Mini Gastrite By-Pass<\/strong><\/p>\n<p>Le sujet le plus recherch\u00e9 par les personnes qui souhaitent se d\u00e9barrasser de leur exc\u00e8s de poids est le prix du mini-bypass gastrite. Vous pouvez obtenir des informations d\u00e9taill\u00e9es en communiquant avec notre clinique qui vous offre un soutien professionnel \u00e0 cet \u00e9gard.[\/vc_column_text][\/vc_column][\/vc_row]<\/p>\n<\/div>","protected":false},"excerpt":{"rendered":"<p>[vc_row][vc_column][vc_column_text woodmart_inline=&#8221;no&#8221; text_larger=&#8221;no&#8221;]By-pass mini-gastrite Le mini-bypass gastrique, qui est l&#8217;une des m\u00e9thodes de chirurgie de l&#8217;ob\u00e9sit\u00e9, est \u00e9galement appliqu\u00e9 pour<\/p>\n","protected":false},"author":2,"featured_media":0,"parent":0,"menu_order":0,"comment_status":"closed","ping_status":"closed","template":"","meta":{"footnotes":""},"class_list":["post-9359","page","type-page","status-publish","hentry"],"_links":{"self":[{"href":"https:\/\/www.baysalsaglik.com\/fr\/wp-json\/wp\/v2\/pages\/9359","targetHints":{"allow":["GET"]}}],"collection":[{"href":"https:\/\/www.baysalsaglik.com\/fr\/wp-json\/wp\/v2\/pages"}],"about":[{"href":"https:\/\/www.baysalsaglik.com\/fr\/wp-json\/wp\/v2\/types\/page"}],"author":[{"embeddable":true,"href":"https:\/\/www.baysalsaglik.com\/fr\/wp-json\/wp\/v2\/users\/2"}],"replies":[{"embeddable":true,"href":"https:\/\/www.baysalsaglik.com\/fr\/wp-json\/wp\/v2\/comments?post=9359"}],"version-history":[{"count":0,"href":"https:\/\/www.baysalsaglik.com\/fr\/wp-json\/wp\/v2\/pages\/9359\/revisions"}],"wp:attachment":[{"href":"https:\/\/www.baysalsaglik.com\/fr\/wp-json\/wp\/v2\/media?parent=9359"}],"curies":[{"name":"wp","href":"https:\/\/api.w.org\/{rel}","templated":true}]}}