{"id":9360,"date":"2022-05-26T15:17:46","date_gmt":"2022-05-26T12:17:46","guid":{"rendered":"https:\/\/www.baysalsaglik.com\/blanchissement-dentaire\/"},"modified":"2022-05-26T21:22:45","modified_gmt":"2022-05-26T18:22:45","slug":"blanchissement-dentaire","status":"publish","type":"page","link":"https:\/\/www.baysalsaglik.com\/fr\/blanchissement-dentaire\/","title":{"rendered":"Blanchissement dentaire"},"content":{"rendered":"<div class=\"wpb-content-wrapper\"><p>[vc_row][vc_column][vc_column_text woodmart_inline=&#8221;no&#8221; text_larger=&#8221;no&#8221;]Le blanchiment des dents fait r\u00e9f\u00e9rence au processus de blanchiment des dents qui jaunissent pour diverses raisons. Beaucoup de gens veulent avoir des dents blanches et un beau sourire. Pour cette raison, les dents ont une grande importance esth\u00e9tique. Il est tr\u00e8s important que le processus de blanchiment des dents soit effectu\u00e9 par un m\u00e9decin professionnel et expert.<\/p>\n<p>On retrouve dans la perception esth\u00e9tique des individus que les dents doivent \u00eatre blanches et lisses. \u00c0 ce stade, il est possible d&#8217;obtenir une apparence esth\u00e9tique en effectuant efficacement des proc\u00e9dures de blanchiment des dents.<\/p>\n<p>Les proc\u00e9dures de blanchiment des dents sont pr\u00e9f\u00e9r\u00e9es car le jaunissement se produit dans les dents. Alors, pourquoi les dents jaunissent-elles ? Tous les d\u00e9tails sont les suivants.<\/p>\n<p><strong>Pourquoi les dents jaunissent-elles ?<\/strong><\/p>\n<p>Les dents perdent leur couleur naturelle de 2 fa\u00e7ons. Ceux-ci apparaissent comme une d\u00e9coloration interne et une d\u00e9coloration externe. Les d\u00e9tails de ces changements de couleur sont les suivants.<\/p>\n<p><strong>Changements de couleur extrins\u00e8ques<\/strong><\/p>\n<p>Les colorants alimentaires, le th\u00e9, le caf\u00e9 et le tabagisme provoquent des changements de couleur dans les dents. L&#8217;effet externe sur la surface de la dent provoque un assombrissement et un jaunissement au fil du temps. Dans ce sens, en cas de changements de couleur externes, les techniques qui affectent la surface externe sont pr\u00e9f\u00e9r\u00e9es pour blanchir la couleur des dents.<\/p>\n<p><strong>Changements de couleur intrins\u00e8ques<\/strong><\/p>\n<p>Les changements de couleur intrins\u00e8ques sont li\u00e9s \u00e0 des probl\u00e8mes de sant\u00e9 qui entra\u00eenent une perte de fonction et de tissu dans les tissus \u00e0 l&#8217;int\u00e9rieur de la dent. Les changements de couleur intrins\u00e8ques dus \u00e0 ces raisons se produisent g\u00e9n\u00e9ralement dans l&#8217;enfance pendant le processus de croissance et de d\u00e9veloppement de la dent. La consommation de drogues, les infections, les caries, les traumatismes et les maladies f\u00e9briles peuvent provoquer une d\u00e9coloration interne des dents pendant cette p\u00e9riode. Des techniques de niveau professionnel sont utilis\u00e9es pour le traitement de ces changements de couleur.<\/p>\n<p><strong>Comment blanchir les dents ?<\/strong><\/p>\n<p>Il existe certaines techniques dans les processus professionnels de blanchiment des dents. Les techniques en question sont les suivantes.<\/p>\n<p><strong>M\u00e9thode de blanchiment<\/strong><\/p>\n<p>L&#8217;eau de Javel est appliqu\u00e9e sur la bouche du patient \u00e0 l&#8217;aide d&#8217;une seringue. Au cours de ce processus, du kerbamide, de l&#8217;hydrog\u00e8ne ou du peroxyde sont utilis\u00e9s. Pour que le traitement soit efficace, le patient doit y rester environ 4 ou 5 heures par jour. Cette m\u00e9thode est g\u00e9n\u00e9ralement pr\u00e9f\u00e9r\u00e9e pour les changements de couleur des dents internes.<\/p>\n<p><strong>Application d&#8217;appareil<\/strong><\/p>\n<p>Il y a aussi l&#8217;application des mat\u00e9riaux utilis\u00e9s lors des processus de blanchiment des dents, qui sont enduits d&#8217;un gel et pr\u00e9par\u00e9s sp\u00e9cialement pour la personne. Il n&#8217;est pas n\u00e9cessaire de porter un appareil dentaire pendant 30 minutes \u00e0 1 fois.<\/p>\n<p><strong>Effets secondaires du blanchiment des dents<\/strong><\/p>\n<p>Certains effets secondaires peuvent survenir \u00e0 la suite du blanchiment des dents. Ces effets secondaires sont les suivants.<\/p>\n<p><strong>Sensibilit\u00e9 dentaire<\/strong><\/p>\n<p>La sensibilit\u00e9 dentaire pendant le traitement est l&#8217;effet secondaire le plus fr\u00e9quent chez les patients. C&#8217;est parce que l&#8217;eau de Javel p\u00e9n\u00e8tre dans la dentine \u00e0 travers les pores de l&#8217;\u00e9mail. Avant de vous manifester, vous ne devriez pas paniquer. Il s&#8217;agit d&#8217;un sympt\u00f4me tr\u00e8s courant et temporaire. Par cons\u00e9quent, il diminuera tout seul avec le temps.<\/p>\n<p><strong>Irritation des gencives<\/strong><\/p>\n<p>Pendant le traitement, les gencives peuvent \u00eatre expos\u00e9es \u00e0 l&#8217;effet de l&#8217;agent de blanchiment. Par cons\u00e9quent, il peut \u00eatre sujet \u00e0 une certaine irritation. Il se r\u00e9tablira lorsque le produit ne sera plus en contact avec les tissus mous.<\/p>\n<p><strong>br\u00fblures<\/strong><\/p>\n<p>L&#8217;utilisation de produits en mauvais \u00e9tat ou \u00e0 des concentrations sup\u00e9rieures \u00e0 celles recommand\u00e9es peut br\u00fbler les tissus mous de la bouche, c&#8217;est-\u00e0-dire les l\u00e8vres et les gencives. De plus, cela peut provoquer une \u00e9rosion de l&#8217;\u00e9mail des dents.<\/p>\n<p><strong>R\u00e9actions allergiques<\/strong><\/p>\n<p>Tr\u00e8s rarement, le patient a une r\u00e9action allergique aux composants des agents de blanchiment. Dans ce cas, le processus doit \u00eatre arr\u00eat\u00e9 imm\u00e9diatement.<\/p>\n<p><strong>Efficacit\u00e9 et garantie des r\u00e9sultats du blanchiment des dents<\/strong><\/p>\n<p>Le r\u00e9sultat du blanchiment des dents d\u00e9pend de nombreux facteurs tels que le degr\u00e9 de coloration de l&#8217;\u00e9mail des dents, les habitudes de consommation et l&#8217;hygi\u00e8ne bucco-dentaire. Par cons\u00e9quent, le blanchiment des dents n&#8217;a pas toujours \u00e9t\u00e9 une proc\u00e9dure efficace pour am\u00e9liorer l&#8217;esth\u00e9tique buccale.<\/p>\n<p>Le blanchiment des dents est inefficace pour \u00e9liminer les taches d&#8217;\u00e9mail chez les patients pr\u00e9sentant une coloration \u00e0 la t\u00e9tracycline. Au lieu de cela, le dentiste pr\u00e9f\u00e9rerait un traitement esth\u00e9tique des facettes dentaires.<\/p>\n<p>Fumer a un effet tr\u00e8s n\u00e9gatif sur la couleur de l&#8217;\u00e9mail de vos dents. Pour cette raison, les personnes qui ont l&#8217;habitude de fumer fr\u00e9quemment verront comment les r\u00e9sultats obtenus avec le traitement s&#8217;am\u00e9liorent plus rapidement. De la m\u00eame mani\u00e8re, il ne faut pas oublier que nous devons faire effectuer p\u00e9riodiquement des soins de blanchiment des dents apr\u00e8s avoir suivi de telles proc\u00e9dures.[\/vc_column_text][\/vc_column][\/vc_row]<\/p>\n<\/div>","protected":false},"excerpt":{"rendered":"<p>[vc_row][vc_column][vc_column_text woodmart_inline=&#8221;no&#8221; text_larger=&#8221;no&#8221;]Le blanchiment des dents fait r\u00e9f\u00e9rence au processus de blanchiment des dents qui jaunissent pour diverses raisons. Beaucoup<\/p>\n","protected":false},"author":2,"featured_media":0,"parent":0,"menu_order":0,"comment_status":"closed","ping_status":"closed","template":"","meta":{"footnotes":""},"class_list":["post-9360","page","type-page","status-publish","hentry"],"_links":{"self":[{"href":"https:\/\/www.baysalsaglik.com\/fr\/wp-json\/wp\/v2\/pages\/9360","targetHints":{"allow":["GET"]}}],"collection":[{"href":"https:\/\/www.baysalsaglik.com\/fr\/wp-json\/wp\/v2\/pages"}],"about":[{"href":"https:\/\/www.baysalsaglik.com\/fr\/wp-json\/wp\/v2\/types\/page"}],"author":[{"embeddable":true,"href":"https:\/\/www.baysalsaglik.com\/fr\/wp-json\/wp\/v2\/users\/2"}],"replies":[{"embeddable":true,"href":"https:\/\/www.baysalsaglik.com\/fr\/wp-json\/wp\/v2\/comments?post=9360"}],"version-history":[{"count":0,"href":"https:\/\/www.baysalsaglik.com\/fr\/wp-json\/wp\/v2\/pages\/9360\/revisions"}],"wp:attachment":[{"href":"https:\/\/www.baysalsaglik.com\/fr\/wp-json\/wp\/v2\/media?parent=9360"}],"curies":[{"name":"wp","href":"https:\/\/api.w.org\/{rel}","templated":true}]}}