{"id":9367,"date":"2022-05-26T15:09:01","date_gmt":"2022-05-26T12:09:01","guid":{"rendered":"https:\/\/www.baysalsaglik.com\/greffe-de-cheveux-non-rases\/"},"modified":"2022-05-26T21:22:48","modified_gmt":"2022-05-26T18:22:48","slug":"greffe-de-cheveux-non-rases","status":"publish","type":"page","link":"https:\/\/www.baysalsaglik.com\/fr\/greffe-de-cheveux-non-rases\/","title":{"rendered":"Greffe de cheveux non ras\u00e9s"},"content":{"rendered":"<div class=\"wpb-content-wrapper\"><p>[vc_row][vc_column][vc_column_text woodmart_inline=&#8221;no&#8221; text_larger=&#8221;no&#8221;]<strong>Greffe de cheveux non ras\u00e9s<\/strong><\/p>\n<p>La greffe de cheveux non ras\u00e9s est connue comme l&#8217;une des applications les plus importantes pour les hommes et les femmes qui souhaitent trouver des r\u00e9ponses \u00e0 leurs attentes en mati\u00e8re de beaut\u00e9. Apr\u00e8s une perte de cheveux due \u00e0 diverses raisons, des proc\u00e9dures de greffe de cheveux sans rasage sont appliqu\u00e9es afin de compenser ladite perte. Vous aurez les cheveux de vos r\u00eaves avec cette m\u00e9thode de greffe de cheveux, qui vous permet d&#8217;obtenir un look naturel et des cheveux forts.<\/p>\n<p><strong>Comment se d\u00e9roule la greffe de cheveux sans rasage ?<\/strong><\/p>\n<p>La greffe de cheveux non ras\u00e9e est accept\u00e9e comme s&#8217;appliquant aux applications de greffe de cheveux sans rasage. Il est possible d&#8217;atteindre les solutions les plus appropri\u00e9es avec la technique de greffe de cheveux Sapphire FUE utilis\u00e9e dans ces applications. Cette application, m\u00e9ticuleusement r\u00e9alis\u00e9e par des sp\u00e9cialistes de la greffe de cheveux, commence par l&#8217;application d&#8217;une anesth\u00e9sie locale.<\/p>\n<p>Gr\u00e2ce \u00e0 l&#8217;anesth\u00e9sie locale, les follicules pileux sont pr\u00e9lev\u00e9s dans la r\u00e9gion de la nuque \u00e0 l&#8217;aide d&#8217;aiguilles \u00e0 pointe saphir lors du d\u00e9marrage de la greffe de cheveux. Les follicules pileux collect\u00e9s sont transplant\u00e9s dans la zone chauve \u00e0 l&#8217;aide d&#8217;aiguilles \u00e0 pointe saphir. Des r\u00e9sultats tr\u00e8s r\u00e9ussis sont obtenus en transplantant les follicules pileux pris un par un, un par un.<\/p>\n<p>La greffe de cheveux est r\u00e9alis\u00e9e conform\u00e9ment \u00e0 la direction de croissance naturelle et \u00e0 la structure des cheveux. Gr\u00e2ce \u00e0 cette op\u00e9ration, qui dure en moyenne entre 6 et 8 heures, le patient obtient les cheveux de qualit\u00e9 qu&#8217;il d\u00e9sire.<\/p>\n<p><strong>\u00c0 qui convient la greffe de cheveux sans rasage&nbsp;?<\/strong><\/p>\n<p>Bien que la greffe de cheveux soit consid\u00e9r\u00e9e comme une application id\u00e9ale pour les femmes et les hommes, les bonnes applications apportent la perfection. \u00c0 ce stade, il est essentiel de faire attention \u00e0 qui convient la greffe de cheveux non ras\u00e9s. Si vous faites partie du groupe ci-dessous, vous devez postuler \u00e0 notre clinique et b\u00e9n\u00e9ficier d&#8217;applications de greffe de cheveux non ras\u00e9s.<\/p>\n<ul>\n<li>les femmes qui perdent leurs cheveux,<\/li>\n<li>Si la raret\u00e9 des cheveux n&#8217;est pas trop,<\/li>\n<li>En cas de chute de cheveux r\u00e9gionale,<\/li>\n<li>S&#8217;il y a une perte de cheveux dans la zone du front,<\/li>\n<li>S&#8217;il y a perte de cheveux dans la zone Vartex.<\/li>\n<\/ul>\n<p>En plus de toutes ces situations, il est possible de b\u00e9n\u00e9ficier d&#8217;applications de greffe de cheveux sans rasage selon la d\u00e9cision finale du sp\u00e9cialiste de la greffe de cheveux. Ensuite, afin d&#8217;obtenir les r\u00e9sultats les plus pr\u00e9cis, vous devez vous adresser \u00e0 notre clinique et \u00e9valuer si vous \u00eates apte \u00e0 une greffe de cheveux non ras\u00e9s.<\/p>\n<p><strong>Que faut-il consid\u00e9rer avant une greffe de cheveux non ras\u00e9s&nbsp;?<\/strong><\/p>\n<p>Avant les applications de greffe de cheveux non ras\u00e9es r\u00e9alis\u00e9es \u00e0 l&#8217;aide de la technique FUE, le patient doit \u00eatre tr\u00e8s sensible au processus. Sinon, les proc\u00e9dures de greffe de cheveux ne donneront pas le r\u00e9sultat souhait\u00e9. Dans ce contexte, le patient doit \u00eatre pr\u00e9par\u00e9 au processus de greffe de cheveux sans rasage en tenant compte des d\u00e9tails suivants.<\/p>\n<ul>\n<li>La consommation d&#8217;alcool et de cigarettes doit \u00eatre suspendue avant l&#8217;op\u00e9ration,<\/li>\n<li>Les anticoagulants ne doivent pas \u00eatre utilis\u00e9s et le sp\u00e9cialiste de la greffe de cheveux doit \u00eatre inform\u00e9 des autres m\u00e9dicaments,<\/li>\n<li>Vous devez informer le sp\u00e9cialiste de la greffe de cheveux de votre maladie ou de vos affections actuelles,<\/li>\n<li>Vous devez informer le sp\u00e9cialiste de vos demandes particuli\u00e8res concernant la greffe de cheveux et convenir de tous les d\u00e9tails avant la proc\u00e9dure.<\/li>\n<\/ul>\n<p>En tenant compte de tous ces d\u00e9tails, il est possible d&#8217;obtenir un r\u00e9sultat parfait si vous effectuez une greffe de cheveux sans rasage.<\/p>\n<p><strong>Que faut-il consid\u00e9rer apr\u00e8s une greffe de cheveux sans rasage&nbsp;?<\/strong><\/p>\n<p>De nombreuses autres situations vous attendent apr\u00e8s la greffe de cheveux. Pour cette raison, vous devriez tenir compte des recommandations d&#8217;experts concernant la greffe de cheveux non ras\u00e9s et acc\u00e9l\u00e9rer le processus de gu\u00e9rison. Voici les points importants qui vous attendent apr\u00e8s une greffe de cheveux non ras\u00e9s !<\/p>\n<ul>\n<li>La zone transplant\u00e9e doit \u00eatre prot\u00e9g\u00e9e contre les impacts et autres effets,<\/li>\n<li>Pendant le sommeil, la t\u00eate doit \u00eatre prot\u00e9g\u00e9e contre les chocs et les frottements,<\/li>\n<li>Il faut s&#8217;assurer que la partie de t\u00eate n&#8217;est pas forc\u00e9e en choisissant des v\u00eatements avec des fermetures \u00e9clair ou des boutons,<\/li>\n<li>Les activit\u00e9s sportives lourdes et fatigantes doivent \u00eatre \u00e9vit\u00e9es pendant les 15 jours suivant l&#8217;op\u00e9ration,<\/li>\n<li>Vous devez attendre au moins 48 heures pour la douche et ne pas agir sans vous renseigner aupr\u00e8s du sp\u00e9cialiste de la greffe de cheveux,<\/li>\n<li>Des pr\u00e9cautions doivent \u00eatre prises pour que la zone de greffe de cheveux n&#8217;entre pas en contact direct avec le soleil,<\/li>\n<li>Les analg\u00e9siques doivent \u00eatre utilis\u00e9s sous le contr\u00f4le d&#8217;un sp\u00e9cialiste de la greffe de cheveux.<\/li>\n<\/ul>\n<p>Si vous pr\u00eatez attention \u00e0 tous ces d\u00e9tails, un changement significatif se produira dans les 12 mois. De cette fa\u00e7on, vous aurez vos cheveux naturels.[\/vc_column_text][\/vc_column][\/vc_row]<\/p>\n<\/div>","protected":false},"excerpt":{"rendered":"<p>[vc_row][vc_column][vc_column_text woodmart_inline=&#8221;no&#8221; text_larger=&#8221;no&#8221;]Greffe de cheveux non ras\u00e9s La greffe de cheveux non ras\u00e9s est connue comme l&#8217;une des applications les<\/p>\n","protected":false},"author":2,"featured_media":0,"parent":0,"menu_order":0,"comment_status":"closed","ping_status":"closed","template":"","meta":{"footnotes":""},"class_list":["post-9367","page","type-page","status-publish","hentry"],"_links":{"self":[{"href":"https:\/\/www.baysalsaglik.com\/fr\/wp-json\/wp\/v2\/pages\/9367","targetHints":{"allow":["GET"]}}],"collection":[{"href":"https:\/\/www.baysalsaglik.com\/fr\/wp-json\/wp\/v2\/pages"}],"about":[{"href":"https:\/\/www.baysalsaglik.com\/fr\/wp-json\/wp\/v2\/types\/page"}],"author":[{"embeddable":true,"href":"https:\/\/www.baysalsaglik.com\/fr\/wp-json\/wp\/v2\/users\/2"}],"replies":[{"embeddable":true,"href":"https:\/\/www.baysalsaglik.com\/fr\/wp-json\/wp\/v2\/comments?post=9367"}],"version-history":[{"count":0,"href":"https:\/\/www.baysalsaglik.com\/fr\/wp-json\/wp\/v2\/pages\/9367\/revisions"}],"wp:attachment":[{"href":"https:\/\/www.baysalsaglik.com\/fr\/wp-json\/wp\/v2\/media?parent=9367"}],"curies":[{"name":"wp","href":"https:\/\/api.w.org\/{rel}","templated":true}]}}